{"id":6579,"date":"2024-12-05T12:16:48","date_gmt":"2024-12-05T12:16:48","guid":{"rendered":"https:\/\/www.vadaszboltcsorna.hu\/?post_type=product&#038;p=6579"},"modified":"2024-12-05T12:16:49","modified_gmt":"2024-12-05T12:16:49","slug":"m-090-1914-10-db-os-loszertarto","status":"publish","type":"product","link":"https:\/\/www.vadaszboltcsorna.hu\/index.php\/termek\/m-090-1914-10-db-os-loszertarto\/","title":{"rendered":"M-090-1914 10 db-os L\u0151szertart\u00f3"},"content":{"rendered":"<h2><strong>M-090-1914 10 db-os L\u0151szertart\u00f3<\/strong><\/h2>\n<h4>\u00d6vre is rakhat\u00f3 .<\/h4>\n<h4>Puha nem z\u00f6rg\u0151s anyag.<\/h4>\n<h4>Cipz\u00e1r miatt biztos z\u00e1r\u00f3d\u00e1s.<\/h4>\n<h4>Dekorat\u00edv vad\u00e1szmot\u00edvummal nyomva.<\/h4>\n","protected":false},"excerpt":{"rendered":"<p>M-090-1914 10 db-os L\u0151szertart\u00f3 \u00d6vre is rakhat\u00f3 . Puha nem z\u00f6rg\u0151s anyag. Cipz\u00e1r miatt biztos z\u00e1r\u00f3d\u00e1s. Dekorat\u00edv vad\u00e1szmot\u00edvummal nyomva.<\/p>\n","protected":false},"featured_media":6580,"comment_status":"open","ping_status":"closed","template":"","meta":{"_et_pb_use_builder":"","_et_pb_old_content":"","_et_gb_content_width":"","om_disable_all_campaigns":false},"product_brand":[],"product_cat":[21,169,764],"product_tag":[1564],"class_list":{"0":"post-6579","1":"product","2":"type-product","3":"status-publish","4":"has-post-thumbnail","6":"product_cat-uj","7":"product_cat-vadasz-ajandek","8":"product_cat-vadaszjegy-irat-loszertarto","9":"product_tag-m-090-1914-10-db-os-loszertarto","11":"first","12":"instock","13":"taxable","14":"shipping-taxable","15":"purchasable","16":"product-type-simple"},"_links":{"self":[{"href":"https:\/\/www.vadaszboltcsorna.hu\/index.php\/wp-json\/wp\/v2\/product\/6579","targetHints":{"allow":["GET"]}}],"collection":[{"href":"https:\/\/www.vadaszboltcsorna.hu\/index.php\/wp-json\/wp\/v2\/product"}],"about":[{"href":"https:\/\/www.vadaszboltcsorna.hu\/index.php\/wp-json\/wp\/v2\/types\/product"}],"replies":[{"embeddable":true,"href":"https:\/\/www.vadaszboltcsorna.hu\/index.php\/wp-json\/wp\/v2\/comments?post=6579"}],"wp:featuredmedia":[{"embeddable":true,"href":"https:\/\/www.vadaszboltcsorna.hu\/index.php\/wp-json\/wp\/v2\/media\/6580"}],"wp:attachment":[{"href":"https:\/\/www.vadaszboltcsorna.hu\/index.php\/wp-json\/wp\/v2\/media?parent=6579"}],"wp:term":[{"taxonomy":"product_brand","embeddable":true,"href":"https:\/\/www.vadaszboltcsorna.hu\/index.php\/wp-json\/wp\/v2\/product_brand?post=6579"},{"taxonomy":"product_cat","embeddable":true,"href":"https:\/\/www.vadaszboltcsorna.hu\/index.php\/wp-json\/wp\/v2\/product_cat?post=6579"},{"taxonomy":"product_tag","embeddable":true,"href":"https:\/\/www.vadaszboltcsorna.hu\/index.php\/wp-json\/wp\/v2\/product_tag?post=6579"}],"curies":[{"name":"wp","href":"https:\/\/api.w.org\/{rel}","templated":true}]}}