{"id":6574,"date":"2024-12-05T12:07:52","date_gmt":"2024-12-05T12:07:52","guid":{"rendered":"https:\/\/www.vadaszboltcsorna.hu\/?post_type=product&#038;p=6574"},"modified":"2024-12-05T12:08:21","modified_gmt":"2024-12-05T12:08:21","slug":"dick-eurocut-fenoacel-ovalis-30-cm","status":"publish","type":"product","link":"https:\/\/www.vadaszboltcsorna.hu\/index.php\/termek\/dick-eurocut-fenoacel-ovalis-30-cm\/","title":{"rendered":"DICK EuroCut fen\u0151ac\u00e9l, ov\u00e1lis (30 cm)"},"content":{"rendered":"<h2 class=\"artdet__name line-clamp--3-12 mb-0\" title=\"DICK EuroCut fen\u0151ac\u00e9l, ov\u00e1lis (30 cm) \"><strong>DICK EuroCut fen\u0151ac\u00e9l, ov\u00e1lis (30 cm)<\/strong><\/h2>\n<div id=\"artdet__short-descrition\" class=\"artdet__short-descripton mb-4\">\n<div class=\"read-more is-processed\">\n<div class=\"read-more__content artdet__short-descripton-content text-justify\">\n<h3>K\u00e9sek \u00e9lez\u00e9s\u00e9hez haszn\u00e1lhat\u00f3, ov\u00e1lis kialak\u00edt\u00e1s\u00fa eszk\u00f6z.<\/h3>\n<h3><img loading=\"lazy\" decoding=\"async\" src=\"https:\/\/www.finnshop.hu\/shop_ordered\/74192\/pic\/dick_logo_kicsi.jpg\" alt=\"\" width=\"196\" height=\"85\" \/><\/h3>\n<h3>A k\u00e9sek \u00e9s ac\u00e9lok vil\u00e1g\u00e1ban a Dick m\u00e1rka 1778 \u00f3ta egyet jelent a min\u0151s\u00e9ggel. A Friedrich Dick \u00e1ltal alap\u00edtott c\u00e9g a mai napig csal\u00e1di k\u00e9zben van, \u00edgy a szak\u00e9rtelem mellett az elk\u00f6telezetts\u00e9g \u00e9s hagyom\u00e1ny\u0151rz\u00e9s is garant\u00e1lja a magas sz\u00ednvonalat. Szinte nincs is olyan hentes vagy s\u00e9f, aki ne ismern\u00e9 \u00e9s haszn\u00e1ln\u00e1 a Dick term\u00e9keit.<\/h3>\n<h3>A n\u00e9met precizit\u00e1s \u00e9s szak\u00e9rtelem magasiskol\u00e1j\u00e1t k\u00e9pvisel\u0151 k\u00e9sek a 20. sz\u00e1zadban az eg\u00e9sz vil\u00e1got megh\u00f3d\u00edtott\u00e1k, \u00e9s az ut\u00f3bbi \u00e9vtizedekben m\u00e1r kereskedelmi forgalomban is kaphat\u00f3k! \u00cdgy nem kell nemzetk\u00f6zileg elismert s\u00e9fnek lenn\u00fcnk, hogy szert tegy\u00fcnk a cs\u00facstechnol\u00f3gi\u00e1val k\u00e9sz\u00fclt szuperk\u00e9sek vagy kieg\u00e9sz\u00edt\u0151k egyik\u00e9re.<\/h3>\n<\/div>\n<\/div>\n<\/div>\n","protected":false},"excerpt":{"rendered":"<p>DICK EuroCut fen\u0151ac\u00e9l, ov\u00e1lis (30 cm) K\u00e9sek \u00e9lez\u00e9s\u00e9hez haszn\u00e1lhat\u00f3, ov\u00e1lis kialak\u00edt\u00e1s\u00fa eszk\u00f6z. A k\u00e9sek \u00e9s ac\u00e9lok vil\u00e1g\u00e1ban a Dick m\u00e1rka 1778 \u00f3ta egyet jelent a min\u0151s\u00e9ggel. A Friedrich Dick \u00e1ltal alap\u00edtott c\u00e9g a mai napig csal\u00e1di k\u00e9zben van, \u00edgy a szak\u00e9rtelem mellett az elk\u00f6telezetts\u00e9g \u00e9s hagyom\u00e1ny\u0151rz\u00e9s is garant\u00e1lja a magas sz\u00ednvonalat. Szinte nincs is olyan [&hellip;]<\/p>\n","protected":false},"featured_media":6575,"comment_status":"open","ping_status":"closed","template":"","meta":{"_et_pb_use_builder":"","_et_pb_old_content":"","_et_gb_content_width":"","om_disable_all_campaigns":false},"product_brand":[],"product_cat":[21,1131,166],"product_tag":[1561,1562],"class_list":{"0":"post-6574","1":"product","2":"type-product","3":"status-publish","4":"has-post-thumbnail","6":"product_cat-uj","7":"product_cat-elezo","8":"product_cat-kesek","9":"product_tag-dick-eurocut-fenoacel","10":"product_tag-ovalis-30-cm","12":"first","13":"instock","14":"taxable","15":"shipping-taxable","16":"purchasable","17":"product-type-simple"},"_links":{"self":[{"href":"https:\/\/www.vadaszboltcsorna.hu\/index.php\/wp-json\/wp\/v2\/product\/6574","targetHints":{"allow":["GET"]}}],"collection":[{"href":"https:\/\/www.vadaszboltcsorna.hu\/index.php\/wp-json\/wp\/v2\/product"}],"about":[{"href":"https:\/\/www.vadaszboltcsorna.hu\/index.php\/wp-json\/wp\/v2\/types\/product"}],"replies":[{"embeddable":true,"href":"https:\/\/www.vadaszboltcsorna.hu\/index.php\/wp-json\/wp\/v2\/comments?post=6574"}],"wp:featuredmedia":[{"embeddable":true,"href":"https:\/\/www.vadaszboltcsorna.hu\/index.php\/wp-json\/wp\/v2\/media\/6575"}],"wp:attachment":[{"href":"https:\/\/www.vadaszboltcsorna.hu\/index.php\/wp-json\/wp\/v2\/media?parent=6574"}],"wp:term":[{"taxonomy":"product_brand","embeddable":true,"href":"https:\/\/www.vadaszboltcsorna.hu\/index.php\/wp-json\/wp\/v2\/product_brand?post=6574"},{"taxonomy":"product_cat","embeddable":true,"href":"https:\/\/www.vadaszboltcsorna.hu\/index.php\/wp-json\/wp\/v2\/product_cat?post=6574"},{"taxonomy":"product_tag","embeddable":true,"href":"https:\/\/www.vadaszboltcsorna.hu\/index.php\/wp-json\/wp\/v2\/product_tag?post=6574"}],"curies":[{"name":"wp","href":"https:\/\/api.w.org\/{rel}","templated":true}]}}