{"id":6568,"date":"2024-12-05T12:02:13","date_gmt":"2024-12-05T12:02:13","guid":{"rendered":"https:\/\/www.vadaszboltcsorna.hu\/?post_type=product&#038;p=6568"},"modified":"2024-12-05T12:02:13","modified_gmt":"2024-12-05T12:02:13","slug":"opinel-tradition-carbon-no-09-c-zsebkes-bukk","status":"publish","type":"product","link":"https:\/\/www.vadaszboltcsorna.hu\/index.php\/termek\/opinel-tradition-carbon-no-09-c-zsebkes-bukk\/","title":{"rendered":"OPINEL Tradition Carbon No.09 (C) zsebk\u00e9s, b\u00fckk"},"content":{"rendered":"<h2 class=\"artdet__name line-clamp--3-12 mb-0\" title=\"OPINEL Tradition Carbon No.09 (C) zsebk\u00e9s, b\u00fckk\n\"><strong>OPINEL Tradition Carbon No.09 (C) zsebk\u00e9s, b\u00fckk<\/strong><\/h2>\n<h3>Az OPINEL N<sup>o<\/sup>09 klasszikus megb\u00edzhat\u00f3 \u00e9s robusztus, sokoldal\u00fa k\u00e9s minden ezermester sz\u00e1m\u00e1ra.<\/h3>\n<h3>A\u00a0<strong>12 cm-es (z\u00e1rt \u00e1llapotban)<\/strong>\u00a0k\u00e9s koncentr\u00e1lja az OPINEL \u00f6sszes hagyom\u00e1ny\u00e1t: a legend\u00e1s v\u00e1g\u00e1st \u00e9s robusztuss\u00e1got.<\/h3>\n<h3><strong>9 cm-es peng\u00e9je kiv\u00e1l\u00f3 min\u0151s\u00e9g\u0171 XC90 sz\u00e9nac\u00e9lb\u00f3l, markolata<\/strong>\u00a0pedig<strong>\u00a0b\u00fckkf\u00e1b\u00f3l<\/strong>\u00a0k\u00e9sz\u00fclt.<\/h3>\n<h3>Az OPINEL\u00a0<strong>szabadalmaztatott Virobloc<\/strong>\u00a0rendszere biztos\u00edtja a k\u00e9spenge r\u00f6gz\u00edt\u00e9s\u00e9t nyitott \u00e9s z\u00e1rt \u00e1llapotban egyar\u00e1nt.<\/h3>\n<p><img loading=\"lazy\" decoding=\"async\" class=\"alignnone  wp-image-6572\" src=\"https:\/\/www.vadaszboltcsorna.hu\/wp-content\/uploads\/2024\/12\/O-113090-3-300x300.webp\" alt=\"\" width=\"244\" height=\"244\" \/><\/p>\n<h3><em>Az Opinel sz\u00e9nac\u00e9l magas sz\u00e9ntartalm\u00fa \u00f6tv\u00f6zetlen ac\u00e9l, amely lehet\u0151v\u00e9 teszi, hogy a h\u0151kezel\u00e9si m\u0171velet ut\u00e1n kiv\u00e1l\u00f3 kem\u00e9nys\u00e9get \u00e9rjen el, amely garant\u00e1lja a t\u00f6k\u00e9letes \u00e9ltart\u00e1st, valamint nagy kop\u00e1s\u00e1ll\u00f3s\u00e1got \u00e9s k\u00f6nny\u0171 \u00fajra\u00e9lez\u00e9st. Mivel azonban a\u00a0<strong>sz\u00e9nac\u00e9l csek\u00e9ly m\u00e9rt\u00e9kben \u00e1ll csak ellen a nedvess\u00e9g okozta korr\u00f3zi\u00f3nak, \u00f3vint\u00e9zked\u00e9seket ig\u00e9nyel<\/strong>\u00a0a haszn\u00e1lat sor\u00e1n: ne hagyja a k\u00e9st nedves k\u00f6rnyezetben, k\u00fcl\u00f6n\u00f6sen a mosogat\u00f3g\u00e9pben, haszn\u00e1lat ut\u00e1n t\u00f6r\u00f6lje le a peng\u00e9t olajos ruh\u00e1val, \u00e9s gyakran zs\u00edrozza be a k\u00e9st \u00e9s a z\u00e1rszerkezetet.<\/em><\/h3>\n<div class=\"data__item col-md-6 col-xl-4 data__item-param\">\n<div class=\"data__item-param-inner\">\n<div class=\"row gutters-5 h-100 align-items-center py-2\">\n<div id=\"page_artdet_product_param_title_14843\" class=\"data__item-title col-5\">\n<h4 class=\"artdet__param-title\"><span class=\"param-name\">Penge m\u00e9ret<\/span>\u00a0:<\/h4>\n<\/div>\n<div class=\"artdet__param-value\">9 cm<\/div>\n<\/div>\n<\/div>\n<\/div>\n<div class=\"data__item-param-inner\">\n<div class=\"row gutters-5 h-100 align-items-center py-2\">\n<div id=\"page_artdet_product_param_title_16469\" class=\"data__item-title col-5\">\n<div class=\"artdet__param-title\"><span class=\"param-name\">Teljes hossz<\/span>:<\/div>\n<\/div>\n<div id=\"page_artdet_product_param_value_16469\" class=\"data__item-value col-7\">\n<div class=\"artdet__param-value\">21 cm<\/div>\n<\/div>\n<\/div>\n<\/div>\n<div class=\"data__item-param-inner\">\n<div class=\"row gutters-5 h-100 align-items-center py-2\">\n<div id=\"page_artdet_product_param_title_16470\" class=\"data__item-title col-5\">\n<div class=\"artdet__param-title\"><span class=\"param-name\">Z\u00e1rt hossz<\/span>\u00a0:<\/div>\n<\/div>\n<div id=\"page_artdet_product_param_value_16470\" class=\"data__item-value col-7\">\n<div class=\"artdet__param-value\">12 cm<\/div>\n<\/div>\n<\/div>\n<\/div>\n<div class=\"data__item-param-inner\">\n<div class=\"row gutters-5 h-100 align-items-center py-2\">\n<div id=\"page_artdet_product_param_title_14845\" class=\"data__item-title col-5\">\n<div class=\"artdet__param-title\"><span class=\"param-name\">Nett\u00f3 s\u00faly<\/span>\u00a0:<\/div>\n<\/div>\n<div id=\"page_artdet_product_param_value_14845\" class=\"data__item-value col-7\">\n<div class=\"artdet__param-value\">56,6 g\/db<\/div>\n<\/div>\n<\/div>\n<\/div>\n<div class=\"data__item-param-inner\">\n<div class=\"row gutters-5 h-100 align-items-center py-2\">\n<div id=\"page_artdet_product_param_title_14445\" class=\"data__item-title col-5\">\n<div class=\"artdet__param-title\"><span class=\"param-name\">Penge anyaga<\/span>\u00a0:<\/div>\n<\/div>\n<div id=\"page_artdet_product_param_value_14445\" class=\"data__item-value col-7\">\n<div class=\"artdet__param-value\">sz\u00e9nac\u00e9l<\/div>\n<\/div>\n<\/div>\n<\/div>\n<div class=\"data__item-param-inner\">\n<div class=\"row gutters-5 h-100 align-items-center py-2\">\n<div id=\"page_artdet_product_param_title_15730\" class=\"data__item-title col-5\">\n<div class=\"artdet__param-title\"><span class=\"param-name\">Ac\u00e9l t\u00edpusa<\/span>\u00a0:<\/div>\n<\/div>\n<div id=\"page_artdet_product_param_value_15730\" class=\"data__item-value col-7\">\n<div class=\"artdet__param-value\">XC90<\/div>\n<\/div>\n<\/div>\n<\/div>\n<div class=\"data__item-param-inner\">\n<div class=\"row gutters-5 h-100 align-items-center py-2\">\n<div id=\"page_artdet_product_param_title_15731\" class=\"data__item-title col-5\">\n<div class=\"artdet__param-title\"><span class=\"param-name\">Markolat t\u00edpusa<\/span>\u00a0:<\/div>\n<\/div>\n<div id=\"page_artdet_product_param_value_15731\" class=\"data__item-value col-7\">\n<div class=\"artdet__param-value\">b\u00fckkfa<\/div>\n<\/div>\n<\/div>\n<\/div>\n<div class=\"data__item-param-inner\">\n<div class=\"row gutters-5 h-100 align-items-center py-2\">\n<div id=\"page_artdet_product_param_title_14444\" class=\"data__item-title col-5\">\n<div class=\"artdet__param-title\"><span class=\"param-name\">Ac\u00e9l kem\u00e9nys\u00e9ge<\/span>\u00a0:<\/div>\n<\/div>\n<div id=\"page_artdet_product_param_value_14444\" class=\"data__item-value col-7\">\n<div class=\"artdet__param-value\">57-59 HRC<\/div>\n<\/div>\n<\/div>\n<\/div>\n<div class=\"data__item-param-inner\">\n<div class=\"row gutters-5 h-100 align-items-center py-2\">\n<div id=\"page_artdet_product_param_title_15732\" class=\"data__item-title col-5\">\n<div class=\"artdet__param-title\"><span class=\"param-name\">Tok<\/span>\u00a0:<\/div>\n<\/div>\n<div id=\"page_artdet_product_param_value_15732\" class=\"data__item-value col-7\">\n<div class=\"artdet__param-value\">tok n\u00e9lk\u00fcl<\/div>\n<\/div>\n<\/div>\n<\/div>\n<div class=\"data__item-param-inner\">\n<div class=\"row gutters-5 h-100 align-items-center py-2\">\n<div id=\"page_artdet_product_param_title_14446\" class=\"data__item-title col-5\">\n<div class=\"artdet__param-title\"><span class=\"param-name\">M\u00e1rka<\/span>\u00a0:<\/div>\n<\/div>\n<div id=\"page_artdet_product_param_value_14446\" class=\"data__item-value col-7\">\n<div class=\"artdet__param-value\">Opinel<\/div>\n<\/div>\n<\/div>\n<\/div>\n<div class=\"data__item-param-inner\">\n<div class=\"row gutters-5 h-100 align-items-center py-2\">\n<div id=\"page_artdet_product_param_title_21088\" class=\"data__item-title col-5\">\n<div class=\"artdet__param-title\"><span class=\"param-name\">Sz\u00e1rmaz\u00e1si hely<\/span>\u00a0:<\/div>\n<\/div>\n<div id=\"page_artdet_product_param_value_21088\" class=\"data__item-value col-7\">\n<div class=\"artdet__param-value\">Franciaorsz\u00e1g<\/div>\n<\/div>\n<\/div>\n<\/div>\n<div class=\"data__item-param-inner\">\n<div class=\"row gutters-5 h-100 align-items-center py-2\">\n<div id=\"page_artdet_product_param_title_26219\" class=\"data__item-title col-5\">\n<div class=\"artdet__param-title\"><span class=\"param-name\">J\u00f3t\u00e1ll\u00e1s<\/span>\u00a0:<\/div>\n<\/div>\n<div id=\"page_artdet_product_param_value_26219\" class=\"data__item-value col-7\">\n<div class=\"artdet__param-value\">1 \u00e9v<\/div>\n<\/div>\n<\/div>\n<\/div>\n<div class=\"data__item-param-inner\">\n<div class=\"row gutters-5 h-100 align-items-center py-2\">\n<div id=\"page_artdet_product_param_title_319448\" class=\"data__item-title col-5\">\n<div class=\"artdet__param-title\"><span class=\"param-name\">Sz\u00e9ria<\/span>\u00a0:<\/div>\n<\/div>\n<div id=\"page_artdet_product_param_value_319448\" class=\"data__item-value col-7\">\n<div class=\"artdet__param-value\">Tradition Carbon<\/div>\n<\/div>\n<\/div>\n<\/div>\n<div class=\"data__item-param-inner\">\n<div class=\"row gutters-5 h-100 align-items-center py-2\">\n<div id=\"page_artdet_product_param_title_368265\" class=\"data__item-title col-5\">\n<div class=\"artdet__param-title\"><span class=\"param-name\">EAN<\/span>\u00a0:<\/div>\n<\/div>\n<div id=\"page_artdet_product_param_value_368265\" class=\"data__item-value col-7\">\n<div class=\"artdet__param-value\">3123841130907<\/div>\n<\/div>\n<\/div>\n<\/div>\n<div class=\"data__item-param-inner\">\n<div class=\"row gutters-5 h-100 align-items-center py-2\">\n<div id=\"page_artdet_product_param_title_484119\" class=\"data__item-title col-5\">\n<div class=\"artdet__param-title\"><span class=\"param-name\">Gy\u00e1ri sz\u00e1m<\/span>\u00a0:<\/div>\n<\/div>\n<div id=\"page_artdet_product_param_value_484119\" class=\"data__item-value col-7\">\n<div class=\"artdet__param-value\">113090<\/div>\n<\/div>\n<\/div>\n<\/div>\n<div class=\"data__item col-md-6 col-xl-4 data__item-param\">\n<div class=\"data__item-param-inner\">\n<div class=\"row gutters-5 h-100 align-items-center py-2\">\n<div class=\"artdet__param-title\"><span class=\"param-name\">T\u00edpus<\/span>\u00a0:<\/div>\n<div id=\"page_artdet_product_param_value_2682684\" class=\"data__item-value col-7\">\n<h4 class=\"artdet__param-value\">zsebk\u00e9s<\/h4>\n<\/div>\n<\/div>\n<\/div>\n<\/div>\n","protected":false},"excerpt":{"rendered":"<p>OPINEL Tradition Carbon No.09 (C) zsebk\u00e9s, b\u00fckk Az OPINEL No09 klasszikus megb\u00edzhat\u00f3 \u00e9s robusztus, sokoldal\u00fa k\u00e9s minden ezermester sz\u00e1m\u00e1ra. A\u00a012 cm-es (z\u00e1rt \u00e1llapotban)\u00a0k\u00e9s koncentr\u00e1lja az OPINEL \u00f6sszes hagyom\u00e1ny\u00e1t: a legend\u00e1s v\u00e1g\u00e1st \u00e9s robusztuss\u00e1got. 9 cm-es peng\u00e9je kiv\u00e1l\u00f3 min\u0151s\u00e9g\u0171 XC90 sz\u00e9nac\u00e9lb\u00f3l, markolata\u00a0pedig\u00a0b\u00fckkf\u00e1b\u00f3l\u00a0k\u00e9sz\u00fclt. Az OPINEL\u00a0szabadalmaztatott Virobloc\u00a0rendszere biztos\u00edtja a k\u00e9spenge r\u00f6gz\u00edt\u00e9s\u00e9t nyitott \u00e9s z\u00e1rt \u00e1llapotban egyar\u00e1nt. Az Opinel [&hellip;]<\/p>\n","protected":false},"featured_media":6571,"comment_status":"open","ping_status":"closed","template":"","meta":{"_et_pb_use_builder":"","_et_pb_old_content":"","_et_gb_content_width":"","om_disable_all_campaigns":false},"product_brand":[],"product_cat":[21,166,167],"product_tag":[1560,1559],"class_list":{"0":"post-6568","1":"product","2":"type-product","3":"status-publish","4":"has-post-thumbnail","6":"product_cat-uj","7":"product_cat-kesek","8":"product_cat-zsebkesek","9":"product_tag-bukk","10":"product_tag-opinel-tradition-carbon-no-09-c-zsebkes","12":"first","13":"instock","14":"taxable","15":"shipping-taxable","16":"purchasable","17":"product-type-simple"},"_links":{"self":[{"href":"https:\/\/www.vadaszboltcsorna.hu\/index.php\/wp-json\/wp\/v2\/product\/6568","targetHints":{"allow":["GET"]}}],"collection":[{"href":"https:\/\/www.vadaszboltcsorna.hu\/index.php\/wp-json\/wp\/v2\/product"}],"about":[{"href":"https:\/\/www.vadaszboltcsorna.hu\/index.php\/wp-json\/wp\/v2\/types\/product"}],"replies":[{"embeddable":true,"href":"https:\/\/www.vadaszboltcsorna.hu\/index.php\/wp-json\/wp\/v2\/comments?post=6568"}],"wp:featuredmedia":[{"embeddable":true,"href":"https:\/\/www.vadaszboltcsorna.hu\/index.php\/wp-json\/wp\/v2\/media\/6571"}],"wp:attachment":[{"href":"https:\/\/www.vadaszboltcsorna.hu\/index.php\/wp-json\/wp\/v2\/media?parent=6568"}],"wp:term":[{"taxonomy":"product_brand","embeddable":true,"href":"https:\/\/www.vadaszboltcsorna.hu\/index.php\/wp-json\/wp\/v2\/product_brand?post=6568"},{"taxonomy":"product_cat","embeddable":true,"href":"https:\/\/www.vadaszboltcsorna.hu\/index.php\/wp-json\/wp\/v2\/product_cat?post=6568"},{"taxonomy":"product_tag","embeddable":true,"href":"https:\/\/www.vadaszboltcsorna.hu\/index.php\/wp-json\/wp\/v2\/product_tag?post=6568"}],"curies":[{"name":"wp","href":"https:\/\/api.w.org\/{rel}","templated":true}]}}