{"id":6564,"date":"2024-12-05T11:56:10","date_gmt":"2024-12-05T11:56:10","guid":{"rendered":"https:\/\/www.vadaszboltcsorna.hu\/?post_type=product&#038;p=6564"},"modified":"2024-12-05T11:56:10","modified_gmt":"2024-12-05T11:56:10","slug":"dick-mastergrip-csontfuresz-15-cm-narancssarga","status":"publish","type":"product","link":"https:\/\/www.vadaszboltcsorna.hu\/index.php\/termek\/dick-mastergrip-csontfuresz-15-cm-narancssarga\/","title":{"rendered":"DICK MasterGrip csontf\u0171r\u00e9sz (15 cm) narancss\u00e1rga"},"content":{"rendered":"<h2 class=\"artdet__name line-clamp--3-12 mb-0\" title=\"DICK MasterGrip csontf\u0171r\u00e9sz (15 cm) narancss\u00e1rga\n\"><strong>DICK MasterGrip csontf\u0171r\u00e9sz (15 cm) narancss\u00e1rga<\/strong><\/h2>\n<h3>Speci\u00e1lis kialak\u00edt\u00e1s\u00fa csontf\u0171r\u00e9sz, mely k\u00fcl\u00f6n\u00f6sen nagyobb \u00e9s id\u0151sebb vadakhoz aj\u00e1nlott.<\/h3>\n<p>&nbsp;<\/p>\n<h3><strong>JELLEMZ\u0150K \u00c9S EL\u0150NY\u00d6K<\/strong><\/h3>\n<ul>\n<li>\n<h3>H\u00e1romsz\u00f6g alak\u00fa profifogak, melyek tiszt\u00e1n \u00e9s k\u00e9nyelmesen f\u0171r\u00e9szelnek \u00e9s v\u00e1gnak.<\/h3>\n<\/li>\n<li>\n<h3>A pol\u00edrozott 15 cm-es, er\u0151s penge rozsdamentes ac\u00e9lb\u00f3l k\u00e9sz\u00fclt.<\/h3>\n<\/li>\n<li>\n<h3>A penge hajl\u00edtott v\u00e9ge megakad\u00e1lyozza, hogy a vad bels\u0151 szervei s\u00e9r\u00fcljenek.<\/h3>\n<\/li>\n<li>\n<h3>A felt\u00fcn\u0151, narancss\u00e1rga markolat minden k\u00e9zm\u00e9rethez illeszkedik, jobb- \u00e9s balkezesek egyar\u00e1n haszn\u00e1lhatj\u00e1k.<\/h3>\n<\/li>\n<li>\n<h3>Az ergonomikus markolat form\u00e1ja k\u00f6nny\u0171 \u00e9s f\u00e1rads\u00e1gmentes munk\u00e1t biztos\u00edt.<\/h3>\n<\/li>\n<li>\n<h3>Cs\u00fasz\u00e1smentes tapint\u00e1sa biztons\u00e1gos haszn\u00e1latot tesz lehet\u0151v\u00e9.<\/h3>\n<\/li>\n<li>\n<h3>\u00c9l\u00e9nk narancss\u00e1rga sz\u00edne felt\u00fcn\u0151, \u00edgy megk\u00f6nny\u00edti a f\u0171r\u00e9sz megtal\u00e1l\u00e1s\u00e1t az erd\u0151ben.<\/h3>\n<\/li>\n<\/ul>\n","protected":false},"excerpt":{"rendered":"<p>DICK MasterGrip csontf\u0171r\u00e9sz (15 cm) narancss\u00e1rga Speci\u00e1lis kialak\u00edt\u00e1s\u00fa csontf\u0171r\u00e9sz, mely k\u00fcl\u00f6n\u00f6sen nagyobb \u00e9s id\u0151sebb vadakhoz aj\u00e1nlott. &nbsp; JELLEMZ\u0150K \u00c9S EL\u0150NY\u00d6K H\u00e1romsz\u00f6g alak\u00fa profifogak, melyek tiszt\u00e1n \u00e9s k\u00e9nyelmesen f\u0171r\u00e9szelnek \u00e9s v\u00e1gnak. A pol\u00edrozott 15 cm-es, er\u0151s penge rozsdamentes ac\u00e9lb\u00f3l k\u00e9sz\u00fclt. A penge hajl\u00edtott v\u00e9ge megakad\u00e1lyozza, hogy a vad bels\u0151 szervei s\u00e9r\u00fcljenek. A felt\u00fcn\u0151, narancss\u00e1rga markolat minden [&hellip;]<\/p>\n","protected":false},"featured_media":6566,"comment_status":"open","ping_status":"closed","template":"","meta":{"_et_pb_use_builder":"","_et_pb_old_content":"","_et_gb_content_width":"","om_disable_all_campaigns":false},"product_brand":[],"product_cat":[21,1133,166],"product_tag":[1558],"class_list":{"0":"post-6564","1":"product","2":"type-product","3":"status-publish","4":"has-post-thumbnail","6":"product_cat-uj","7":"product_cat-fureszek","8":"product_cat-kesek","9":"product_tag-dick-mastergrip-csontfuresz-15-cm-narancssarga","11":"first","12":"instock","13":"taxable","14":"shipping-taxable","15":"purchasable","16":"product-type-simple"},"_links":{"self":[{"href":"https:\/\/www.vadaszboltcsorna.hu\/index.php\/wp-json\/wp\/v2\/product\/6564","targetHints":{"allow":["GET"]}}],"collection":[{"href":"https:\/\/www.vadaszboltcsorna.hu\/index.php\/wp-json\/wp\/v2\/product"}],"about":[{"href":"https:\/\/www.vadaszboltcsorna.hu\/index.php\/wp-json\/wp\/v2\/types\/product"}],"replies":[{"embeddable":true,"href":"https:\/\/www.vadaszboltcsorna.hu\/index.php\/wp-json\/wp\/v2\/comments?post=6564"}],"wp:featuredmedia":[{"embeddable":true,"href":"https:\/\/www.vadaszboltcsorna.hu\/index.php\/wp-json\/wp\/v2\/media\/6566"}],"wp:attachment":[{"href":"https:\/\/www.vadaszboltcsorna.hu\/index.php\/wp-json\/wp\/v2\/media?parent=6564"}],"wp:term":[{"taxonomy":"product_brand","embeddable":true,"href":"https:\/\/www.vadaszboltcsorna.hu\/index.php\/wp-json\/wp\/v2\/product_brand?post=6564"},{"taxonomy":"product_cat","embeddable":true,"href":"https:\/\/www.vadaszboltcsorna.hu\/index.php\/wp-json\/wp\/v2\/product_cat?post=6564"},{"taxonomy":"product_tag","embeddable":true,"href":"https:\/\/www.vadaszboltcsorna.hu\/index.php\/wp-json\/wp\/v2\/product_tag?post=6564"}],"curies":[{"name":"wp","href":"https:\/\/api.w.org\/{rel}","templated":true}]}}