{"id":6554,"date":"2024-12-05T11:38:34","date_gmt":"2024-12-05T11:38:34","guid":{"rendered":"https:\/\/www.vadaszboltcsorna.hu\/?post_type=product&#038;p=6554"},"modified":"2024-12-05T11:38:35","modified_gmt":"2024-12-05T11:38:35","slug":"bor-penztarca-szarvas-motivummal","status":"publish","type":"product","link":"https:\/\/www.vadaszboltcsorna.hu\/index.php\/termek\/bor-penztarca-szarvas-motivummal\/","title":{"rendered":"B\u0151r p\u00e9nzt\u00e1rca szarvas mot\u00edvummal"},"content":{"rendered":"<h2><strong>B\u0151r p\u00e9nzt\u00e1rca szarvas mot\u00edvummal<\/strong><\/h2>\n<h2>Giorgio Carelli p\u00e9nzt\u00e1rca<\/h2>\n<h4>-Szarvas d\u00edsz\u00edt\u00e9ssel.<\/h4>\n<h4>-Fekv\u0151 kivitelben.<\/h4>\n<h4>-K\u00fcl\u00f6n zseb az apr\u00f3p\u00e9nznek.<\/h4>\n<h4>-Sok k\u00e1rtyatart\u00f3 zsebbel.<\/h4>\n<h4>-Barna sz\u00ednben.<\/h4>\n<h4>-Val\u00f3di b\u0151r.<\/h4>\n<h4>&#8211; D\u00edszdobozban.<\/h4>\n<h4>B\u0151r p\u00e9nzt\u00e1rca \u0151zbak d\u00edsz\u00edt\u00e9ssel az elej\u00e9n. Praktikus \u00e9s tart\u00f3s aj\u00e1nd\u00e9k nemcsak vad\u00e1szok sz\u00e1m\u00e1ra. Sok praktikus zsebbel .<\/h4>\n<h4>Az \u00e1rak t\u00e1j\u00e9koztat\u00f3 jelleg\u0171ek, az \u00e1rv\u00e1ltoz\u00e1s jog\u00e1t fenntartjuk!<\/h4>\n","protected":false},"excerpt":{"rendered":"<p>B\u0151r p\u00e9nzt\u00e1rca szarvas mot\u00edvummal Giorgio Carelli p\u00e9nzt\u00e1rca -Szarvas d\u00edsz\u00edt\u00e9ssel. -Fekv\u0151 kivitelben. -K\u00fcl\u00f6n zseb az apr\u00f3p\u00e9nznek. -Sok k\u00e1rtyatart\u00f3 zsebbel. -Barna sz\u00ednben. -Val\u00f3di b\u0151r. &#8211; D\u00edszdobozban. B\u0151r p\u00e9nzt\u00e1rca \u0151zbak d\u00edsz\u00edt\u00e9ssel az elej\u00e9n. Praktikus \u00e9s tart\u00f3s aj\u00e1nd\u00e9k nemcsak vad\u00e1szok sz\u00e1m\u00e1ra. Sok praktikus zsebbel . Az \u00e1rak t\u00e1j\u00e9koztat\u00f3 jelleg\u0171ek, az \u00e1rv\u00e1ltoz\u00e1s jog\u00e1t fenntartjuk!<\/p>\n","protected":false},"featured_media":6555,"comment_status":"open","ping_status":"closed","template":"","meta":{"_et_pb_use_builder":"","_et_pb_old_content":"","_et_gb_content_width":"","om_disable_all_campaigns":false},"product_brand":[],"product_cat":[21,758,169],"product_tag":[1555],"class_list":{"0":"post-6554","1":"product","2":"type-product","3":"status-publish","4":"has-post-thumbnail","6":"product_cat-uj","7":"product_cat-penztarca","8":"product_cat-vadasz-ajandek","9":"product_tag-bor-penztarca-szarvas-motivummal","11":"first","12":"instock","13":"taxable","14":"shipping-taxable","15":"purchasable","16":"product-type-simple"},"_links":{"self":[{"href":"https:\/\/www.vadaszboltcsorna.hu\/index.php\/wp-json\/wp\/v2\/product\/6554","targetHints":{"allow":["GET"]}}],"collection":[{"href":"https:\/\/www.vadaszboltcsorna.hu\/index.php\/wp-json\/wp\/v2\/product"}],"about":[{"href":"https:\/\/www.vadaszboltcsorna.hu\/index.php\/wp-json\/wp\/v2\/types\/product"}],"replies":[{"embeddable":true,"href":"https:\/\/www.vadaszboltcsorna.hu\/index.php\/wp-json\/wp\/v2\/comments?post=6554"}],"wp:featuredmedia":[{"embeddable":true,"href":"https:\/\/www.vadaszboltcsorna.hu\/index.php\/wp-json\/wp\/v2\/media\/6555"}],"wp:attachment":[{"href":"https:\/\/www.vadaszboltcsorna.hu\/index.php\/wp-json\/wp\/v2\/media?parent=6554"}],"wp:term":[{"taxonomy":"product_brand","embeddable":true,"href":"https:\/\/www.vadaszboltcsorna.hu\/index.php\/wp-json\/wp\/v2\/product_brand?post=6554"},{"taxonomy":"product_cat","embeddable":true,"href":"https:\/\/www.vadaszboltcsorna.hu\/index.php\/wp-json\/wp\/v2\/product_cat?post=6554"},{"taxonomy":"product_tag","embeddable":true,"href":"https:\/\/www.vadaszboltcsorna.hu\/index.php\/wp-json\/wp\/v2\/product_tag?post=6554"}],"curies":[{"name":"wp","href":"https:\/\/api.w.org\/{rel}","templated":true}]}}