{"id":6541,"date":"2024-12-05T10:39:48","date_gmt":"2024-12-05T10:39:48","guid":{"rendered":"https:\/\/www.vadaszboltcsorna.hu\/?post_type=product&#038;p=6541"},"modified":"2026-03-17T14:53:20","modified_gmt":"2026-03-17T14:53:20","slug":"inuit-himzett-steppelt-melleny-zold","status":"publish","type":"product","link":"https:\/\/www.vadaszboltcsorna.hu\/index.php\/termek\/inuit-himzett-steppelt-melleny-zold\/","title":{"rendered":"INUIT H\u00cdMZETT STEPPELT MELL\u00c9NY Z\u00d6LD"},"content":{"rendered":"<h3 class=\"page-head-title product-page-head-title position-relative\" style=\"text-align: center;\"><strong><span class=\"product-page-product-name\">INUIT H\u00cdMZETT STEPPELT MELL\u00c9NY Z\u00d6LD<\/span><\/strong><\/h3>\n<p>&nbsp;<\/p>\n<h4><em><strong>UTOLS\u00d3 DARABOK KI\u00c1RUS\u00cdT\u00c1SBAN!<\/strong><\/em><\/h4>\n<h5>100% akrilb\u00f3l k\u00e9sz\u00fclt extra k\u00f6nny\u0171 \u00e1tmeneti steppelt mell\u00e9ny<br \/>\nMellr\u00e9szn\u00e9l vadmint\u00e1val h\u00edmezve<br \/>\nAj\u00e1nljuk b\u00e1rmilyen szabadid\u0151s tev\u00e9kenys\u00e9gre, de ak\u00e1r munkv\u00e9gz\u00e9sre is.<\/h5>\n","protected":false},"excerpt":{"rendered":"<p>INUIT H\u00cdMZETT STEPPELT MELL\u00c9NY Z\u00d6LD &nbsp; UTOLS\u00d3 DARABOK KI\u00c1RUS\u00cdT\u00c1SBAN! 100% akrilb\u00f3l k\u00e9sz\u00fclt extra k\u00f6nny\u0171 \u00e1tmeneti steppelt mell\u00e9ny Mellr\u00e9szn\u00e9l vadmint\u00e1val h\u00edmezve Aj\u00e1nljuk b\u00e1rmilyen szabadid\u0151s tev\u00e9kenys\u00e9gre, de ak\u00e1r munkv\u00e9gz\u00e9sre is.<\/p>\n","protected":false},"featured_media":6542,"comment_status":"open","ping_status":"closed","template":"","meta":{"_et_pb_use_builder":"","_et_pb_old_content":"","_et_gb_content_width":"","om_disable_all_campaigns":false},"product_brand":[],"product_cat":[21,607,159],"product_tag":[1120,1552],"class_list":{"0":"post-6541","1":"product","2":"type-product","3":"status-publish","4":"has-post-thumbnail","6":"product_cat-uj","7":"product_cat-melleny-vadasz-ruhazat","8":"product_cat-vadasz-ruhazat","9":"product_tag-akcio","10":"product_tag-inuit-himzett-steppelt-melleny-zold","12":"first","13":"instock","14":"sale","15":"taxable","16":"shipping-taxable","17":"purchasable","18":"product-type-variable"},"_links":{"self":[{"href":"https:\/\/www.vadaszboltcsorna.hu\/index.php\/wp-json\/wp\/v2\/product\/6541","targetHints":{"allow":["GET"]}}],"collection":[{"href":"https:\/\/www.vadaszboltcsorna.hu\/index.php\/wp-json\/wp\/v2\/product"}],"about":[{"href":"https:\/\/www.vadaszboltcsorna.hu\/index.php\/wp-json\/wp\/v2\/types\/product"}],"replies":[{"embeddable":true,"href":"https:\/\/www.vadaszboltcsorna.hu\/index.php\/wp-json\/wp\/v2\/comments?post=6541"}],"wp:featuredmedia":[{"embeddable":true,"href":"https:\/\/www.vadaszboltcsorna.hu\/index.php\/wp-json\/wp\/v2\/media\/6542"}],"wp:attachment":[{"href":"https:\/\/www.vadaszboltcsorna.hu\/index.php\/wp-json\/wp\/v2\/media?parent=6541"}],"wp:term":[{"taxonomy":"product_brand","embeddable":true,"href":"https:\/\/www.vadaszboltcsorna.hu\/index.php\/wp-json\/wp\/v2\/product_brand?post=6541"},{"taxonomy":"product_cat","embeddable":true,"href":"https:\/\/www.vadaszboltcsorna.hu\/index.php\/wp-json\/wp\/v2\/product_cat?post=6541"},{"taxonomy":"product_tag","embeddable":true,"href":"https:\/\/www.vadaszboltcsorna.hu\/index.php\/wp-json\/wp\/v2\/product_tag?post=6541"}],"curies":[{"name":"wp","href":"https:\/\/api.w.org\/{rel}","templated":true}]}}