{"id":6507,"date":"2024-12-03T14:33:37","date_gmt":"2024-12-03T14:33:37","guid":{"rendered":"https:\/\/www.vadaszboltcsorna.hu\/?post_type=product&#038;p=6507"},"modified":"2025-07-28T11:07:44","modified_gmt":"2025-07-28T11:07:44","slug":"victorinox-hunter-piros","status":"publish","type":"product","link":"https:\/\/www.vadaszboltcsorna.hu\/index.php\/termek\/victorinox-hunter-piros\/","title":{"rendered":"Victorinox HUNTER | PIROS"},"content":{"rendered":"<h3 class=\"\" data-start=\"308\" data-end=\"372\"><strong data-start=\"312\" data-end=\"372\">Victorinox Hunter | Piros \u2013 Vad\u00e1sz zsebk\u00e9s 12 funkci\u00f3val<\/strong><\/h3>\n<p class=\"\" data-start=\"374\" data-end=\"385\"><strong data-start=\"374\" data-end=\"385\">Le\u00edr\u00e1s:<\/strong><\/p>\n<p class=\"\" data-start=\"387\" data-end=\"688\">A <strong data-start=\"389\" data-end=\"410\">Victorinox Hunter<\/strong> egy <strong data-start=\"415\" data-end=\"448\">nagym\u00e9ret\u0171, sokoldal\u00fa zsebk\u00e9s<\/strong>, amelyet kifejezetten <strong data-start=\"471\" data-end=\"501\">vad\u00e1szok \u00e9s term\u00e9szetj\u00e1r\u00f3k<\/strong> sz\u00e1m\u00e1ra terveztek. A <strong data-start=\"523\" data-end=\"547\">12 be\u00e9p\u00edtett funkci\u00f3<\/strong> k\u00f6zt szerepel egy k\u00fcl\u00f6nleges, <strong data-start=\"578\" data-end=\"603\">\u00edvelt zsigerel\u0151 penge<\/strong>, amely lehet\u0151v\u00e9 teszi a vad <strong data-start=\"632\" data-end=\"665\">gyors \u00e9s prec\u00edz feldolgoz\u00e1s\u00e1t<\/strong> k\u00f6zvetlen\u00fcl a terepen.<\/p>\n<p class=\"\" data-start=\"690\" data-end=\"849\">Piros markolata <strong data-start=\"706\" data-end=\"733\">\u0151z sziluett d\u00edsz\u00edt\u00e9ssel<\/strong> k\u00e9sz\u00fclt, amely nemcsak st\u00edlusos, hanem j\u00f3l l\u00e1that\u00f3 is a term\u00e9szetben \u2013 \u00edgy <strong data-start=\"809\" data-end=\"830\">k\u00f6nny\u0171 megtal\u00e1lni<\/strong> leejt\u00e9s eset\u00e9n is.<\/p>\n<hr class=\"\" data-start=\"851\" data-end=\"854\" \/>\n<h4 class=\"\" data-start=\"856\" data-end=\"888\"><strong data-start=\"861\" data-end=\"888\">Funkci\u00f3k (12 az 1-ben):<\/strong><\/h4>\n<ol data-start=\"890\" data-end=\"1151\">\n<li class=\"\" data-start=\"890\" data-end=\"919\">\n<p class=\"\" data-start=\"893\" data-end=\"919\">Nagym\u00e9ret\u0171 z\u00e1rhat\u00f3 penge<\/p>\n<\/li>\n<li class=\"\" data-start=\"920\" data-end=\"980\">\n<p class=\"\" data-start=\"923\" data-end=\"980\">Kism\u00e9ret\u0171 zsigerel\u0151 penge (\u00edvelt, lekerek\u00edtett heggyel)<\/p>\n<\/li>\n<li class=\"\" data-start=\"981\" data-end=\"997\">\n<p class=\"\" data-start=\"984\" data-end=\"997\">Palacknyit\u00f3<\/p>\n<\/li>\n<li class=\"\" data-start=\"998\" data-end=\"1015\">\n<p class=\"\" data-start=\"1001\" data-end=\"1015\">Konzervnyit\u00f3<\/p>\n<\/li>\n<li class=\"\" data-start=\"1016\" data-end=\"1039\">\n<p class=\"\" data-start=\"1019\" data-end=\"1039\">5 mm-es csavarh\u00faz\u00f3<\/p>\n<\/li>\n<li class=\"\" data-start=\"1040\" data-end=\"1060\">\n<p class=\"\" data-start=\"1043\" data-end=\"1060\">K\u00e1belcsupasz\u00edt\u00f3<\/p>\n<\/li>\n<li class=\"\" data-start=\"1061\" data-end=\"1074\">\n<p class=\"\" data-start=\"1064\" data-end=\"1074\">Faf\u0171r\u00e9sz<\/p>\n<\/li>\n<li class=\"\" data-start=\"1075\" data-end=\"1093\">\n<p class=\"\" data-start=\"1078\" data-end=\"1093\">Sz\u00far\u00f3-f\u00far\u00f3 \u00e1r<\/p>\n<\/li>\n<li class=\"\" data-start=\"1094\" data-end=\"1107\">\n<p class=\"\" data-start=\"1097\" data-end=\"1107\">Dug\u00f3h\u00faz\u00f3<\/p>\n<\/li>\n<li class=\"\" data-start=\"1108\" data-end=\"1121\">\n<p class=\"\" data-start=\"1112\" data-end=\"1121\">Csipesz<\/p>\n<\/li>\n<li class=\"\" data-start=\"1122\" data-end=\"1135\">\n<p class=\"\" data-start=\"1126\" data-end=\"1135\">Fogv\u00e1j\u00f3<\/p>\n<\/li>\n<li class=\"\" data-start=\"1136\" data-end=\"1151\">\n<p class=\"\" data-start=\"1140\" data-end=\"1151\">Bicskagy\u0171r\u0171<\/p>\n<\/li>\n<\/ol>\n<hr class=\"\" data-start=\"1153\" data-end=\"1156\" \/>\n<h4 class=\"\" data-start=\"1158\" data-end=\"1182\"><strong data-start=\"1163\" data-end=\"1182\">M\u0171szaki adatok:<\/strong><\/h4>\n<ul data-start=\"1184\" data-end=\"1415\">\n<li class=\"\" data-start=\"1184\" data-end=\"1209\">\n<p class=\"\" data-start=\"1186\" data-end=\"1209\"><strong data-start=\"1186\" data-end=\"1201\">Pengehossz:<\/strong> 86 mm<\/p>\n<\/li>\n<li class=\"\" data-start=\"1210\" data-end=\"1239\">\n<p class=\"\" data-start=\"1212\" data-end=\"1239\"><strong data-start=\"1212\" data-end=\"1230\">Markolathossz:<\/strong> 111 mm<\/p>\n<\/li>\n<li class=\"\" data-start=\"1240\" data-end=\"1266\">\n<p class=\"\" data-start=\"1242\" data-end=\"1266\"><strong data-start=\"1242\" data-end=\"1256\">Vastags\u00e1g:<\/strong> 18,5 mm<\/p>\n<\/li>\n<li class=\"\" data-start=\"1267\" data-end=\"1286\">\n<p class=\"\" data-start=\"1269\" data-end=\"1286\"><strong data-start=\"1269\" data-end=\"1278\">S\u00faly:<\/strong> 126 g<\/p>\n<\/li>\n<li class=\"\" data-start=\"1287\" data-end=\"1366\">\n<p class=\"\" data-start=\"1289\" data-end=\"1366\"><strong data-start=\"1289\" data-end=\"1309\">Markolat anyaga:<\/strong> Poliamid (strukt\u00far\u00e1lt, ellen\u00e1ll\u00f3, h\u0151\u00e1ll\u00f3 max. 90\u00b0C-ig)<\/p>\n<\/li>\n<li class=\"\" data-start=\"1367\" data-end=\"1386\">\n<p class=\"\" data-start=\"1369\" data-end=\"1386\"><strong data-start=\"1369\" data-end=\"1378\">Sz\u00edn:<\/strong> piros<\/p>\n<\/li>\n<li class=\"\" data-start=\"1387\" data-end=\"1415\">\n<p class=\"\" data-start=\"1389\" data-end=\"1415\"><strong data-start=\"1389\" data-end=\"1403\">Dekor\u00e1ci\u00f3:<\/strong> \u0151z d\u00edsz\u00edt\u00e9s<\/p>\n<\/li>\n<\/ul>\n<hr class=\"\" data-start=\"1417\" data-end=\"1420\" \/>\n<h4 class=\"\" data-start=\"1422\" data-end=\"1447\"><strong data-start=\"1427\" data-end=\"1447\">Kiemelt el\u0151ny\u00f6k:<\/strong><\/h4>\n<p class=\"\" data-start=\"1449\" data-end=\"1796\">\u2705 <strong data-start=\"1451\" data-end=\"1479\">Kifejezetten vad\u00e1szoknak<\/strong> fejlesztve \u2013 vadonbeli haszn\u00e1latra optimaliz\u00e1lva<br data-start=\"1528\" data-end=\"1531\" \/>\ud83d\udd2a <strong data-start=\"1534\" data-end=\"1563\">Speci\u00e1lis zsigerel\u0151 penge<\/strong> a gyors \u00e9s biztons\u00e1gos vadh\u00fas-el\u0151k\u00e9sz\u00edt\u00e9shez<br data-start=\"1608\" data-end=\"1611\" \/>\ud83c\udf32 <strong data-start=\"1614\" data-end=\"1642\">Er\u0151s, kop\u00e1s\u00e1ll\u00f3 markolat<\/strong> \u2013 tart\u00f3s haszn\u00e1latra tervezve<br data-start=\"1672\" data-end=\"1675\" \/>\ud83c\udf92 <strong data-start=\"1678\" data-end=\"1706\">Kompakt, m\u00e9gis sokoldal\u00fa<\/strong> \u2013 t\u00f6k\u00e9letes t\u00e1rs a h\u00e1tizs\u00e1kban<br data-start=\"1737\" data-end=\"1740\" \/>\ud83d\udd34 <strong data-start=\"1743\" data-end=\"1766\">\u00c9l\u00e9nk sz\u00edn\u0171 kivitel<\/strong>, k\u00f6nny\u0171 \u00e9szrevenni terepen is<\/p>\n<hr class=\"\" data-start=\"1798\" data-end=\"1801\" \/>\n<p class=\"\" data-start=\"1803\" data-end=\"2002\">\ud83d\udccd A term\u00e9k <strong data-start=\"1815\" data-end=\"1839\">el\u00e9rhet\u0151 \u00fczlet\u00fcnkben<\/strong>, vagy megrendelhet\u0151 <strong data-start=\"1860\" data-end=\"1883\">webshopon kereszt\u00fcl<\/strong>.<br data-start=\"1884\" data-end=\"1887\" \/>\ud83c\udf81 Remek aj\u00e1nd\u00e9k vad\u00e1szoknak, t\u00far\u00e1z\u00f3knak, term\u00e9szetj\u00e1r\u00f3knak!<br data-start=\"1947\" data-end=\"1950\" \/>\ud83d\udcde Tov\u00e1bbi inform\u00e1ci\u00f3\u00e9rt fordulj hozz\u00e1nk bizalommal!<\/p>\n<p>&nbsp;<\/p>\n<p>&nbsp;<\/p>\n","protected":false},"excerpt":{"rendered":"<p>Victorinox Hunter | Piros \u2013 Vad\u00e1sz zsebk\u00e9s 12 funkci\u00f3val Le\u00edr\u00e1s: A Victorinox Hunter egy nagym\u00e9ret\u0171, sokoldal\u00fa zsebk\u00e9s, amelyet kifejezetten vad\u00e1szok \u00e9s term\u00e9szetj\u00e1r\u00f3k sz\u00e1m\u00e1ra terveztek. A 12 be\u00e9p\u00edtett funkci\u00f3 k\u00f6zt szerepel egy k\u00fcl\u00f6nleges, \u00edvelt zsigerel\u0151 penge, amely lehet\u0151v\u00e9 teszi a vad gyors \u00e9s prec\u00edz feldolgoz\u00e1s\u00e1t k\u00f6zvetlen\u00fcl a terepen. Piros markolata \u0151z sziluett d\u00edsz\u00edt\u00e9ssel k\u00e9sz\u00fclt, amely nemcsak [&hellip;]<\/p>\n","protected":false},"featured_media":6508,"comment_status":"open","ping_status":"closed","template":"","meta":{"_et_pb_use_builder":"","_et_pb_old_content":"","_et_gb_content_width":"","om_disable_all_campaigns":false},"product_brand":[],"product_cat":[21,166,167],"product_tag":[1545],"class_list":{"0":"post-6507","1":"product","2":"type-product","3":"status-publish","4":"has-post-thumbnail","6":"product_cat-uj","7":"product_cat-kesek","8":"product_cat-zsebkesek","9":"product_tag-victorinox-hunter-piros","11":"first","12":"instock","13":"taxable","14":"shipping-taxable","15":"purchasable","16":"product-type-simple"},"_links":{"self":[{"href":"https:\/\/www.vadaszboltcsorna.hu\/index.php\/wp-json\/wp\/v2\/product\/6507","targetHints":{"allow":["GET"]}}],"collection":[{"href":"https:\/\/www.vadaszboltcsorna.hu\/index.php\/wp-json\/wp\/v2\/product"}],"about":[{"href":"https:\/\/www.vadaszboltcsorna.hu\/index.php\/wp-json\/wp\/v2\/types\/product"}],"replies":[{"embeddable":true,"href":"https:\/\/www.vadaszboltcsorna.hu\/index.php\/wp-json\/wp\/v2\/comments?post=6507"}],"wp:featuredmedia":[{"embeddable":true,"href":"https:\/\/www.vadaszboltcsorna.hu\/index.php\/wp-json\/wp\/v2\/media\/6508"}],"wp:attachment":[{"href":"https:\/\/www.vadaszboltcsorna.hu\/index.php\/wp-json\/wp\/v2\/media?parent=6507"}],"wp:term":[{"taxonomy":"product_brand","embeddable":true,"href":"https:\/\/www.vadaszboltcsorna.hu\/index.php\/wp-json\/wp\/v2\/product_brand?post=6507"},{"taxonomy":"product_cat","embeddable":true,"href":"https:\/\/www.vadaszboltcsorna.hu\/index.php\/wp-json\/wp\/v2\/product_cat?post=6507"},{"taxonomy":"product_tag","embeddable":true,"href":"https:\/\/www.vadaszboltcsorna.hu\/index.php\/wp-json\/wp\/v2\/product_tag?post=6507"}],"curies":[{"name":"wp","href":"https:\/\/api.w.org\/{rel}","templated":true}]}}