{"id":6505,"date":"2024-12-03T14:29:58","date_gmt":"2024-12-03T14:29:58","guid":{"rendered":"https:\/\/www.vadaszboltcsorna.hu\/?post_type=product&#038;p=6505"},"modified":"2025-05-19T08:21:42","modified_gmt":"2025-05-19T08:21:42","slug":"victorinox-sentinel-m3-klippel-kes","status":"publish","type":"product","link":"https:\/\/www.vadaszboltcsorna.hu\/index.php\/termek\/victorinox-sentinel-m3-klippel-kes\/","title":{"rendered":"Victorinox Sentinel M3 klippel k\u00e9s"},"content":{"rendered":"<h2 class=\"flypage-h1\"><strong>Victorinox Sentinel M3 klippel k\u00e9s<\/strong><\/h2>\n<p>&nbsp;<\/p>\n<h4>Zsebk\u00e9s m\u00e9rete 111 mm. 5 funkci\u00f3t tartalmaz.<\/h4>\n<h4><strong>Jellemz\u0151k:<\/strong><\/h4>\n<h4>1. nagy z\u00e1r\u00f3k\u00e9s &#8211; egy k\u00e9zzel<br \/>\n2. kulcstart\u00f3<br \/>\n3. csipeszek<br \/>\n4. fogpiszk\u00e1l\u00f3<br \/>\n5. \u00f6vcsipesz<\/h4>\n","protected":false},"excerpt":{"rendered":"<p>Victorinox Sentinel M3 klippel k\u00e9s &nbsp; Zsebk\u00e9s m\u00e9rete 111 mm. 5 funkci\u00f3t tartalmaz. Jellemz\u0151k: 1. nagy z\u00e1r\u00f3k\u00e9s &#8211; egy k\u00e9zzel 2. kulcstart\u00f3 3. csipeszek 4. fogpiszk\u00e1l\u00f3 5. \u00f6vcsipesz<\/p>\n","protected":false},"featured_media":6506,"comment_status":"open","ping_status":"closed","template":"","meta":{"_et_pb_use_builder":"","_et_pb_old_content":"","_et_gb_content_width":"","om_disable_all_campaigns":false},"product_brand":[],"product_cat":[21,166,167],"product_tag":[1544],"class_list":{"0":"post-6505","1":"product","2":"type-product","3":"status-publish","4":"has-post-thumbnail","6":"product_cat-uj","7":"product_cat-kesek","8":"product_cat-zsebkesek","9":"product_tag-victorinox-sentinel-m3-klippel-kes","11":"first","12":"instock","13":"taxable","14":"shipping-taxable","15":"purchasable","16":"product-type-simple"},"_links":{"self":[{"href":"https:\/\/www.vadaszboltcsorna.hu\/index.php\/wp-json\/wp\/v2\/product\/6505","targetHints":{"allow":["GET"]}}],"collection":[{"href":"https:\/\/www.vadaszboltcsorna.hu\/index.php\/wp-json\/wp\/v2\/product"}],"about":[{"href":"https:\/\/www.vadaszboltcsorna.hu\/index.php\/wp-json\/wp\/v2\/types\/product"}],"replies":[{"embeddable":true,"href":"https:\/\/www.vadaszboltcsorna.hu\/index.php\/wp-json\/wp\/v2\/comments?post=6505"}],"wp:featuredmedia":[{"embeddable":true,"href":"https:\/\/www.vadaszboltcsorna.hu\/index.php\/wp-json\/wp\/v2\/media\/6506"}],"wp:attachment":[{"href":"https:\/\/www.vadaszboltcsorna.hu\/index.php\/wp-json\/wp\/v2\/media?parent=6505"}],"wp:term":[{"taxonomy":"product_brand","embeddable":true,"href":"https:\/\/www.vadaszboltcsorna.hu\/index.php\/wp-json\/wp\/v2\/product_brand?post=6505"},{"taxonomy":"product_cat","embeddable":true,"href":"https:\/\/www.vadaszboltcsorna.hu\/index.php\/wp-json\/wp\/v2\/product_cat?post=6505"},{"taxonomy":"product_tag","embeddable":true,"href":"https:\/\/www.vadaszboltcsorna.hu\/index.php\/wp-json\/wp\/v2\/product_tag?post=6505"}],"curies":[{"name":"wp","href":"https:\/\/api.w.org\/{rel}","templated":true}]}}