{"id":6502,"date":"2024-12-03T13:13:14","date_gmt":"2024-12-03T13:13:14","guid":{"rendered":"https:\/\/www.vadaszboltcsorna.hu\/?post_type=product&#038;p=6502"},"modified":"2026-01-13T12:02:18","modified_gmt":"2026-01-13T12:02:18","slug":"victorinox-hunter-green-vadasz-zold-svajci-bicska","status":"publish","type":"product","link":"https:\/\/www.vadaszboltcsorna.hu\/index.php\/termek\/victorinox-hunter-green-vadasz-zold-svajci-bicska\/","title":{"rendered":"VICTORINOX HUNTER GREEN &#8211; VAD\u00c1SZ, Z\u00d6LD SV\u00c1JCI BICSKA"},"content":{"rendered":"<h2>VICTORINOX HUNTER GREEN &#8211; VAD\u00c1SZ, Z\u00d6LD SV\u00c1JCI BICSKA<\/h2>\n<p>&nbsp;<\/p>\n<h4><strong>Le\u00edr\u00e1s:<\/strong>Funkci\u00f3lista:<br \/>\n* r\u00f6gz\u00edtett nagy k\u00e9spenge<br \/>\n* dug\u00f3h\u00faz\u00f3<br \/>\n* faf\u0171r\u00e9sz<br \/>\n* s\u00f6r \u00e9s \u00fcvegnyit\u00f3<br \/>\n* konzervnyit\u00f3<br \/>\n* csavarh\u00faz\u00f3<br \/>\n* k\u00e1belcsupasz\u00edt\u00f3<br \/>\n* zsigerel\u0151 penge<br \/>\n* sz\u00far\u00f3-f\u00far\u00f3 \u00e1r. b\u0151rlyukaszt\u00f3 \u00e1r<br \/>\n* bicskagy\u0171r\u0171<br \/>\n* szem\u00f6ld\u00f6kcsipesz \u00e9s egy\u00e9b c\u00e9lokra is csipesz<br \/>\n* fogv\u00e1j\u00f3<\/h4>\n","protected":false},"excerpt":{"rendered":"<p>VICTORINOX HUNTER GREEN &#8211; VAD\u00c1SZ, Z\u00d6LD SV\u00c1JCI BICSKA &nbsp; Le\u00edr\u00e1s:Funkci\u00f3lista: * r\u00f6gz\u00edtett nagy k\u00e9spenge * dug\u00f3h\u00faz\u00f3 * faf\u0171r\u00e9sz * s\u00f6r \u00e9s \u00fcvegnyit\u00f3 * konzervnyit\u00f3 * csavarh\u00faz\u00f3 * k\u00e1belcsupasz\u00edt\u00f3 * zsigerel\u0151 penge * sz\u00far\u00f3-f\u00far\u00f3 \u00e1r. b\u0151rlyukaszt\u00f3 \u00e1r * bicskagy\u0171r\u0171 * szem\u00f6ld\u00f6kcsipesz \u00e9s egy\u00e9b c\u00e9lokra is csipesz * fogv\u00e1j\u00f3<\/p>\n","protected":false},"featured_media":6503,"comment_status":"open","ping_status":"closed","template":"","meta":{"_et_pb_use_builder":"","_et_pb_old_content":"","_et_gb_content_width":"","om_disable_all_campaigns":false},"product_brand":[],"product_cat":[21,166,167],"product_tag":[1542,1543],"class_list":{"0":"post-6502","1":"product","2":"type-product","3":"status-publish","4":"has-post-thumbnail","6":"product_cat-uj","7":"product_cat-kesek","8":"product_cat-zsebkesek","9":"product_tag-victorinox-hunter-green-vadasz","10":"product_tag-zold-svajci-bicska","12":"first","13":"instock","14":"taxable","15":"shipping-taxable","16":"purchasable","17":"product-type-simple"},"_links":{"self":[{"href":"https:\/\/www.vadaszboltcsorna.hu\/index.php\/wp-json\/wp\/v2\/product\/6502","targetHints":{"allow":["GET"]}}],"collection":[{"href":"https:\/\/www.vadaszboltcsorna.hu\/index.php\/wp-json\/wp\/v2\/product"}],"about":[{"href":"https:\/\/www.vadaszboltcsorna.hu\/index.php\/wp-json\/wp\/v2\/types\/product"}],"replies":[{"embeddable":true,"href":"https:\/\/www.vadaszboltcsorna.hu\/index.php\/wp-json\/wp\/v2\/comments?post=6502"}],"wp:featuredmedia":[{"embeddable":true,"href":"https:\/\/www.vadaszboltcsorna.hu\/index.php\/wp-json\/wp\/v2\/media\/6503"}],"wp:attachment":[{"href":"https:\/\/www.vadaszboltcsorna.hu\/index.php\/wp-json\/wp\/v2\/media?parent=6502"}],"wp:term":[{"taxonomy":"product_brand","embeddable":true,"href":"https:\/\/www.vadaszboltcsorna.hu\/index.php\/wp-json\/wp\/v2\/product_brand?post=6502"},{"taxonomy":"product_cat","embeddable":true,"href":"https:\/\/www.vadaszboltcsorna.hu\/index.php\/wp-json\/wp\/v2\/product_cat?post=6502"},{"taxonomy":"product_tag","embeddable":true,"href":"https:\/\/www.vadaszboltcsorna.hu\/index.php\/wp-json\/wp\/v2\/product_tag?post=6502"}],"curies":[{"name":"wp","href":"https:\/\/api.w.org\/{rel}","templated":true}]}}