{"id":6495,"date":"2024-12-03T13:05:12","date_gmt":"2024-12-03T13:05:12","guid":{"rendered":"https:\/\/www.vadaszboltcsorna.hu\/?post_type=product&#038;p=6495"},"modified":"2024-12-03T13:05:12","modified_gmt":"2024-12-03T13:05:12","slug":"victorinox-swiss-army-hunter-pro-zsebkes-egykezes-nyitassal","status":"publish","type":"product","link":"https:\/\/www.vadaszboltcsorna.hu\/index.php\/termek\/victorinox-swiss-army-hunter-pro-zsebkes-egykezes-nyitassal\/","title":{"rendered":"VICTORINOX Swiss Army Hunter Pro zsebk\u00e9s, egykezes nyit\u00e1ssal"},"content":{"rendered":"<h2 class=\"artdet__name line-clamp--3-12 mb-0\" title=\"  VICTORINOX Swiss Army Hunter Pro zsebk\u00e9s, egykezes nyit\u00e1ssal, narancs\n\">VICTORINOX Swiss Army Hunter Pro zsebk\u00e9s, egykezes nyit\u00e1ssal<\/h2>\n<h4>Nagy m\u00e9ret\u0171 Victorinox Swiss Army zsebk\u00e9s vad\u00e1szathoz, narancss\u00e1rga markolattal, m\u0171b\u0151r tokkal.<\/h4>\n","protected":false},"excerpt":{"rendered":"<p>VICTORINOX Swiss Army Hunter Pro zsebk\u00e9s, egykezes nyit\u00e1ssal Nagy m\u00e9ret\u0171 Victorinox Swiss Army zsebk\u00e9s vad\u00e1szathoz, narancss\u00e1rga markolattal, m\u0171b\u0151r tokkal.<\/p>\n","protected":false},"featured_media":6497,"comment_status":"open","ping_status":"closed","template":"","meta":{"_et_pb_use_builder":"","_et_pb_old_content":"","_et_gb_content_width":"","om_disable_all_campaigns":false},"product_brand":[],"product_cat":[21,166,168],"product_tag":[1540],"class_list":{"0":"post-6495","1":"product","2":"type-product","3":"status-publish","4":"has-post-thumbnail","6":"product_cat-uj","7":"product_cat-kesek","8":"product_cat-torok","9":"product_tag-victorinox-swiss-army-hunter-pro-zsebkes","11":"first","12":"instock","13":"taxable","14":"shipping-taxable","15":"purchasable","16":"product-type-simple"},"_links":{"self":[{"href":"https:\/\/www.vadaszboltcsorna.hu\/index.php\/wp-json\/wp\/v2\/product\/6495","targetHints":{"allow":["GET"]}}],"collection":[{"href":"https:\/\/www.vadaszboltcsorna.hu\/index.php\/wp-json\/wp\/v2\/product"}],"about":[{"href":"https:\/\/www.vadaszboltcsorna.hu\/index.php\/wp-json\/wp\/v2\/types\/product"}],"replies":[{"embeddable":true,"href":"https:\/\/www.vadaszboltcsorna.hu\/index.php\/wp-json\/wp\/v2\/comments?post=6495"}],"wp:featuredmedia":[{"embeddable":true,"href":"https:\/\/www.vadaszboltcsorna.hu\/index.php\/wp-json\/wp\/v2\/media\/6497"}],"wp:attachment":[{"href":"https:\/\/www.vadaszboltcsorna.hu\/index.php\/wp-json\/wp\/v2\/media?parent=6495"}],"wp:term":[{"taxonomy":"product_brand","embeddable":true,"href":"https:\/\/www.vadaszboltcsorna.hu\/index.php\/wp-json\/wp\/v2\/product_brand?post=6495"},{"taxonomy":"product_cat","embeddable":true,"href":"https:\/\/www.vadaszboltcsorna.hu\/index.php\/wp-json\/wp\/v2\/product_cat?post=6495"},{"taxonomy":"product_tag","embeddable":true,"href":"https:\/\/www.vadaszboltcsorna.hu\/index.php\/wp-json\/wp\/v2\/product_tag?post=6495"}],"curies":[{"name":"wp","href":"https:\/\/api.w.org\/{rel}","templated":true}]}}