{"id":6493,"date":"2024-12-03T13:01:42","date_gmt":"2024-12-03T13:01:42","guid":{"rendered":"https:\/\/www.vadaszboltcsorna.hu\/?post_type=product&#038;p=6493"},"modified":"2025-05-19T08:18:37","modified_gmt":"2025-05-19T08:18:37","slug":"kes-victorinox-0-8413-3-sentinel","status":"publish","type":"product","link":"https:\/\/www.vadaszboltcsorna.hu\/index.php\/termek\/kes-victorinox-0-8413-3-sentinel\/","title":{"rendered":"K\u00e9s Victorinox 0.8413.3 Sentinel"},"content":{"rendered":"<h2 class=\"flypage-h1\"><strong>K\u00e9s Victorinox 0.8413.3 Sentinel<\/strong><\/h2>\n<p>&nbsp;<\/p>\n<h4><strong>Victorinox 0.8413.3 A Sentinel zsebk\u00e9s tartalmazza:<\/strong><\/h4>\n<h4>1. nagy z\u00e1r\u00f3 penge<\/h4>\n<h4>2. rozsdamentes ac\u00e9l kulcstart\u00f3<\/h4>\n<h4>3. csipeszek<\/h4>\n<h4>4. fogpiszk\u00e1l\u00f3<\/h4>\n<h4><\/h4>\n<h4>&#8211;\u00a0Penge\u00a0sima<\/h4>\n<h4>&#8211; M\u0171anyag matt\u00a0fejp\u00e1nt<\/h4>\n<h4>&#8211;\u00a0Nyit\u00e1s\u00a0k\u00e9tkezes<\/h4>\n<h4>&#8211;\u00a0Funkci\u00f3k sz\u00e1ma\u00a04<\/h4>\n<h4>&#8211;\u00a0Biztos\u00edt\u00e9k\u00a0a k\u00e9stestben<\/h4>\n<h4>&#8211;\u00a0K\u00e9s m\u00e9rete\u00a0111 mm<\/h4>\n","protected":false},"excerpt":{"rendered":"<p>K\u00e9s Victorinox 0.8413.3 Sentinel &nbsp; Victorinox 0.8413.3 A Sentinel zsebk\u00e9s tartalmazza: 1. nagy z\u00e1r\u00f3 penge 2. rozsdamentes ac\u00e9l kulcstart\u00f3 3. csipeszek 4. fogpiszk\u00e1l\u00f3 &#8211;\u00a0Penge\u00a0sima &#8211; M\u0171anyag matt\u00a0fejp\u00e1nt &#8211;\u00a0Nyit\u00e1s\u00a0k\u00e9tkezes &#8211;\u00a0Funkci\u00f3k sz\u00e1ma\u00a04 &#8211;\u00a0Biztos\u00edt\u00e9k\u00a0a k\u00e9stestben &#8211;\u00a0K\u00e9s m\u00e9rete\u00a0111 mm<\/p>\n","protected":false},"featured_media":6494,"comment_status":"open","ping_status":"closed","template":"","meta":{"_et_pb_use_builder":"","_et_pb_old_content":"","_et_gb_content_width":"","om_disable_all_campaigns":false},"product_brand":[],"product_cat":[21,166,167],"product_tag":[1539],"class_list":{"0":"post-6493","1":"product","2":"type-product","3":"status-publish","4":"has-post-thumbnail","6":"product_cat-uj","7":"product_cat-kesek","8":"product_cat-zsebkesek","9":"product_tag-kes-victorinox-0-8413-3-sentinel","11":"first","12":"instock","13":"taxable","14":"shipping-taxable","15":"purchasable","16":"product-type-simple"},"_links":{"self":[{"href":"https:\/\/www.vadaszboltcsorna.hu\/index.php\/wp-json\/wp\/v2\/product\/6493","targetHints":{"allow":["GET"]}}],"collection":[{"href":"https:\/\/www.vadaszboltcsorna.hu\/index.php\/wp-json\/wp\/v2\/product"}],"about":[{"href":"https:\/\/www.vadaszboltcsorna.hu\/index.php\/wp-json\/wp\/v2\/types\/product"}],"replies":[{"embeddable":true,"href":"https:\/\/www.vadaszboltcsorna.hu\/index.php\/wp-json\/wp\/v2\/comments?post=6493"}],"wp:featuredmedia":[{"embeddable":true,"href":"https:\/\/www.vadaszboltcsorna.hu\/index.php\/wp-json\/wp\/v2\/media\/6494"}],"wp:attachment":[{"href":"https:\/\/www.vadaszboltcsorna.hu\/index.php\/wp-json\/wp\/v2\/media?parent=6493"}],"wp:term":[{"taxonomy":"product_brand","embeddable":true,"href":"https:\/\/www.vadaszboltcsorna.hu\/index.php\/wp-json\/wp\/v2\/product_brand?post=6493"},{"taxonomy":"product_cat","embeddable":true,"href":"https:\/\/www.vadaszboltcsorna.hu\/index.php\/wp-json\/wp\/v2\/product_cat?post=6493"},{"taxonomy":"product_tag","embeddable":true,"href":"https:\/\/www.vadaszboltcsorna.hu\/index.php\/wp-json\/wp\/v2\/product_tag?post=6493"}],"curies":[{"name":"wp","href":"https:\/\/api.w.org\/{rel}","templated":true}]}}