{"id":6486,"date":"2024-12-03T12:45:39","date_gmt":"2024-12-03T12:45:39","guid":{"rendered":"https:\/\/www.vadaszboltcsorna.hu\/?post_type=product&#038;p=6486"},"modified":"2024-12-03T12:45:40","modified_gmt":"2024-12-03T12:45:40","slug":"gerber-szikraveto","status":"publish","type":"product","link":"https:\/\/www.vadaszboltcsorna.hu\/index.php\/termek\/gerber-szikraveto\/","title":{"rendered":"GERBER szikravet\u0151"},"content":{"rendered":"<h1 class=\"artdet__name line-clamp--3-12 mb-0\" title=\"GERBER szikravet\u0151\n\"><strong>GERBER szikravet\u0151<\/strong><\/h1>\n<p>&nbsp;<\/p>\n<h3>A Gerber szikravet\u0151 egy kompakt, k\u00f6nnyen magunkn\u00e1l hordhat\u00f3 eszk\u00f6z legyen sz\u00f3 kempingez\u00e9sr\u0151l vagy t\u00far\u00e1z\u00e1sr\u00f3l.<\/h3>\n<h3>Be\u00e9p\u00edtett, v\u00edz\u00e1ll\u00f3 t\u00e1rol\u00f3j\u00e1ba egy kis vatta gomb\u00f3cot magunkkal hordva b\u00e1rmikor, k\u00f6nnyed\u00e9n gy\u00fajthatunk t\u00fczet.<\/h3>\n<h3>Ferroc\u00e9rium r\u00fadja seg\u00edts\u00e9g\u00e9vel k\u00f6nny\u0171 \u00e9s egyszer\u0171 a haszn\u00e1lata.<\/h3>\n<p><strong>FUNKCI\u00d3K:<\/strong><\/p>\n<table>\n<tbody>\n<tr>\n<td>\n<h3>1.\u00a0Ferroc\u00e9rium r\u00fad<\/h3>\n<\/td>\n<td>\n<h3>4. V\u00e9szjelz\u0151 s\u00edp &#8211; 100 decibel<\/h3>\n<\/td>\n<\/tr>\n<tr>\n<td>\n<h3>2. V\u00edz\u00e1ll\u00f3 tok<\/h3>\n<\/td>\n<td>\n<h3>5.\u00a0Tart\u00f3zsin\u00f3r<\/h3>\n<\/td>\n<\/tr>\n<tr>\n<td>\n<h3>3. Tart\u00f3s \u00fct\u0151szerkezet<\/h3>\n<\/td>\n<\/tr>\n<\/tbody>\n<\/table>\n","protected":false},"excerpt":{"rendered":"<p>GERBER szikravet\u0151 &nbsp; A Gerber szikravet\u0151 egy kompakt, k\u00f6nnyen magunkn\u00e1l hordhat\u00f3 eszk\u00f6z legyen sz\u00f3 kempingez\u00e9sr\u0151l vagy t\u00far\u00e1z\u00e1sr\u00f3l. Be\u00e9p\u00edtett, v\u00edz\u00e1ll\u00f3 t\u00e1rol\u00f3j\u00e1ba egy kis vatta gomb\u00f3cot magunkkal hordva b\u00e1rmikor, k\u00f6nnyed\u00e9n gy\u00fajthatunk t\u00fczet. Ferroc\u00e9rium r\u00fadja seg\u00edts\u00e9g\u00e9vel k\u00f6nny\u0171 \u00e9s egyszer\u0171 a haszn\u00e1lata. FUNKCI\u00d3K: 1.\u00a0Ferroc\u00e9rium r\u00fad 4. V\u00e9szjelz\u0151 s\u00edp &#8211; 100 decibel 2. V\u00edz\u00e1ll\u00f3 tok 5.\u00a0Tart\u00f3zsin\u00f3r 3. Tart\u00f3s \u00fct\u0151szerkezet<\/p>\n","protected":false},"featured_media":6487,"comment_status":"open","ping_status":"closed","template":"","meta":{"_et_pb_use_builder":"","_et_pb_old_content":"","_et_gb_content_width":"","om_disable_all_campaigns":false},"product_brand":[],"product_cat":[21,166],"product_tag":[1537],"class_list":{"0":"post-6486","1":"product","2":"type-product","3":"status-publish","4":"has-post-thumbnail","6":"product_cat-uj","7":"product_cat-kesek","8":"product_tag-gerber-szikraveto","10":"first","11":"instock","12":"taxable","13":"shipping-taxable","14":"purchasable","15":"product-type-simple"},"_links":{"self":[{"href":"https:\/\/www.vadaszboltcsorna.hu\/index.php\/wp-json\/wp\/v2\/product\/6486","targetHints":{"allow":["GET"]}}],"collection":[{"href":"https:\/\/www.vadaszboltcsorna.hu\/index.php\/wp-json\/wp\/v2\/product"}],"about":[{"href":"https:\/\/www.vadaszboltcsorna.hu\/index.php\/wp-json\/wp\/v2\/types\/product"}],"replies":[{"embeddable":true,"href":"https:\/\/www.vadaszboltcsorna.hu\/index.php\/wp-json\/wp\/v2\/comments?post=6486"}],"wp:featuredmedia":[{"embeddable":true,"href":"https:\/\/www.vadaszboltcsorna.hu\/index.php\/wp-json\/wp\/v2\/media\/6487"}],"wp:attachment":[{"href":"https:\/\/www.vadaszboltcsorna.hu\/index.php\/wp-json\/wp\/v2\/media?parent=6486"}],"wp:term":[{"taxonomy":"product_brand","embeddable":true,"href":"https:\/\/www.vadaszboltcsorna.hu\/index.php\/wp-json\/wp\/v2\/product_brand?post=6486"},{"taxonomy":"product_cat","embeddable":true,"href":"https:\/\/www.vadaszboltcsorna.hu\/index.php\/wp-json\/wp\/v2\/product_cat?post=6486"},{"taxonomy":"product_tag","embeddable":true,"href":"https:\/\/www.vadaszboltcsorna.hu\/index.php\/wp-json\/wp\/v2\/product_tag?post=6486"}],"curies":[{"name":"wp","href":"https:\/\/api.w.org\/{rel}","templated":true}]}}