{"id":6466,"date":"2024-12-03T09:30:40","date_gmt":"2024-12-03T09:30:40","guid":{"rendered":"https:\/\/www.vadaszboltcsorna.hu\/?post_type=product&#038;p=6466"},"modified":"2024-12-03T09:34:32","modified_gmt":"2024-12-03T09:34:32","slug":"cerva-siret-esovedo-oltony-poliuretan-bevonattal","status":"publish","type":"product","link":"https:\/\/www.vadaszboltcsorna.hu\/index.php\/termek\/cerva-siret-esovedo-oltony-poliuretan-bevonattal\/","title":{"rendered":"Cerva Siret es\u0151v\u00e9d\u0151 \u00f6lt\u00f6ny poliuret\u00e1n bevonattal"},"content":{"rendered":"<h2 style=\"text-align: center;\"><strong>Cerva Siret es\u0151v\u00e9d\u0151 \u00f6lt\u00f6ny poliuret\u00e1n bevonattal<\/strong><\/h2>\n<p>&nbsp;<\/p>\n<h3><strong>Le\u00edr\u00e1s:<\/strong>Cerva Siret es\u0151v\u00e9d\u0151 \u00f6lt\u00f6ny poliuret\u00e1n bevonattal<\/h3>\n<h3>k\u00e9t r\u00e9szb\u0151l \u00e1ll\u00f3 es\u0151v\u00e9d\u0151 \u00f6lt\u00f6ny<br \/>\ngall\u00e9rba rejtett kapucni<br \/>\nrugalmas derek\u00fa nadr\u00e1g<br \/>\nnem ropog\u00f3 sz\u00f6vet<br \/>\nkett\u0151 sz\u00e9les el\u00fcls\u0151 zseb hajt\u00f3k\u00e1val v\u00e9dve a v\u00edz bejut\u00e1s\u00e1t\u00f3l<br \/>\naz ujj\u00e1n patenttal \u00e1ll\u00edthat\u00f3<\/h3>\n","protected":false},"excerpt":{"rendered":"<p>Cerva Siret es\u0151v\u00e9d\u0151 \u00f6lt\u00f6ny poliuret\u00e1n bevonattal &nbsp; Le\u00edr\u00e1s:Cerva Siret es\u0151v\u00e9d\u0151 \u00f6lt\u00f6ny poliuret\u00e1n bevonattal k\u00e9t r\u00e9szb\u0151l \u00e1ll\u00f3 es\u0151v\u00e9d\u0151 \u00f6lt\u00f6ny gall\u00e9rba rejtett kapucni rugalmas derek\u00fa nadr\u00e1g nem ropog\u00f3 sz\u00f6vet kett\u0151 sz\u00e9les el\u00fcls\u0151 zseb hajt\u00f3k\u00e1val v\u00e9dve a v\u00edz bejut\u00e1s\u00e1t\u00f3l az ujj\u00e1n patenttal \u00e1ll\u00edthat\u00f3<\/p>\n","protected":false},"featured_media":6467,"comment_status":"open","ping_status":"closed","template":"","meta":{"_et_pb_use_builder":"","_et_pb_old_content":"","_et_gb_content_width":"","om_disable_all_campaigns":false},"product_brand":[],"product_cat":[21,1533,159],"product_tag":[1534],"class_list":{"0":"post-6466","1":"product","2":"type-product","3":"status-publish","4":"has-post-thumbnail","6":"product_cat-uj","7":"product_cat-esoruhazat","8":"product_cat-vadasz-ruhazat","9":"product_tag-cerva-siret-esovedo-oltony-poliuretan-bevonattal","11":"first","12":"instock","13":"taxable","14":"shipping-taxable","15":"purchasable","16":"product-type-variable"},"_links":{"self":[{"href":"https:\/\/www.vadaszboltcsorna.hu\/index.php\/wp-json\/wp\/v2\/product\/6466","targetHints":{"allow":["GET"]}}],"collection":[{"href":"https:\/\/www.vadaszboltcsorna.hu\/index.php\/wp-json\/wp\/v2\/product"}],"about":[{"href":"https:\/\/www.vadaszboltcsorna.hu\/index.php\/wp-json\/wp\/v2\/types\/product"}],"replies":[{"embeddable":true,"href":"https:\/\/www.vadaszboltcsorna.hu\/index.php\/wp-json\/wp\/v2\/comments?post=6466"}],"wp:featuredmedia":[{"embeddable":true,"href":"https:\/\/www.vadaszboltcsorna.hu\/index.php\/wp-json\/wp\/v2\/media\/6467"}],"wp:attachment":[{"href":"https:\/\/www.vadaszboltcsorna.hu\/index.php\/wp-json\/wp\/v2\/media?parent=6466"}],"wp:term":[{"taxonomy":"product_brand","embeddable":true,"href":"https:\/\/www.vadaszboltcsorna.hu\/index.php\/wp-json\/wp\/v2\/product_brand?post=6466"},{"taxonomy":"product_cat","embeddable":true,"href":"https:\/\/www.vadaszboltcsorna.hu\/index.php\/wp-json\/wp\/v2\/product_cat?post=6466"},{"taxonomy":"product_tag","embeddable":true,"href":"https:\/\/www.vadaszboltcsorna.hu\/index.php\/wp-json\/wp\/v2\/product_tag?post=6466"}],"curies":[{"name":"wp","href":"https:\/\/api.w.org\/{rel}","templated":true}]}}