{"id":6435,"date":"2024-12-02T10:54:20","date_gmt":"2024-12-02T10:54:20","guid":{"rendered":"https:\/\/www.vadaszboltcsorna.hu\/?post_type=product&#038;p=6435"},"modified":"2025-04-14T10:30:42","modified_gmt":"2025-04-14T10:30:42","slug":"pinewood-hunters-terry-wool-zokni-1172","status":"publish","type":"product","link":"https:\/\/www.vadaszboltcsorna.hu\/index.php\/termek\/pinewood-hunters-terry-wool-zokni-1172\/","title":{"rendered":"Pinewood\u00ae Hunters Terry Wool zokni 1172"},"content":{"rendered":"<h2 style=\"text-align: center;\"><strong>Pinewood\u00ae Hunters Terry Wool zokni 1172<\/strong><\/h2>\n<p>&nbsp;<\/p>\n<h4>Vastag, meleg zokni gyapj\u00fakever\u00e9kb\u0151l, Climayarn\u00ae technol\u00f3gi\u00e1val, amely elvezeti a nedvess\u00e9get, megakad\u00e1lyozza a t\u00falmeleged\u00e9st \u00e9s gyorsan sz\u00e1rad. Frott\u00edr konstrukci\u00f3val \u00e9s neh\u00e9z teljes p\u00e1rn\u00e1zattal k\u00e9sz\u00fcltek, amely h\u0151szigetel\u0151, biztos\u00edtva, hogy a zokni melegen tartsa a l\u00e1b\u00e1t m\u00e9g alacsony h\u0151m\u00e9rs\u00e9kleten is. Az \u00edv meger\u0151s\u00edtett az extra t\u00e1mogat\u00e1s \u00e9s a jobb illeszked\u00e9s \u00e9rdek\u00e9ben. A mandzsetta mellett a zokninak k\u00e9t bord\u00e1s r\u00e9sze is van, amelyek a hely\u00fck\u00f6n tartj\u00e1k \u00e9s megakad\u00e1lyozz\u00e1k a lecs\u00fasz\u00e1st.<\/h4>\n","protected":false},"excerpt":{"rendered":"<p>Pinewood\u00ae Hunters Terry Wool zokni 1172 &nbsp; Vastag, meleg zokni gyapj\u00fakever\u00e9kb\u0151l, Climayarn\u00ae technol\u00f3gi\u00e1val, amely elvezeti a nedvess\u00e9get, megakad\u00e1lyozza a t\u00falmeleged\u00e9st \u00e9s gyorsan sz\u00e1rad. Frott\u00edr konstrukci\u00f3val \u00e9s neh\u00e9z teljes p\u00e1rn\u00e1zattal k\u00e9sz\u00fcltek, amely h\u0151szigetel\u0151, biztos\u00edtva, hogy a zokni melegen tartsa a l\u00e1b\u00e1t m\u00e9g alacsony h\u0151m\u00e9rs\u00e9kleten is. Az \u00edv meger\u0151s\u00edtett az extra t\u00e1mogat\u00e1s \u00e9s a jobb illeszked\u00e9s \u00e9rdek\u00e9ben. [&hellip;]<\/p>\n","protected":false},"featured_media":6436,"comment_status":"open","ping_status":"closed","template":"","meta":{"_et_pb_use_builder":"","_et_pb_old_content":"","_et_gb_content_width":"","om_disable_all_campaigns":false},"product_brand":[],"product_cat":[21,771,159],"product_tag":[],"class_list":{"0":"post-6435","1":"product","2":"type-product","3":"status-publish","4":"has-post-thumbnail","6":"product_cat-uj","7":"product_cat-sapka-sal-kesztyu-zokni","8":"product_cat-vadasz-ruhazat","10":"first","11":"instock","12":"taxable","13":"shipping-taxable","14":"purchasable","15":"product-type-variable"},"_links":{"self":[{"href":"https:\/\/www.vadaszboltcsorna.hu\/index.php\/wp-json\/wp\/v2\/product\/6435","targetHints":{"allow":["GET"]}}],"collection":[{"href":"https:\/\/www.vadaszboltcsorna.hu\/index.php\/wp-json\/wp\/v2\/product"}],"about":[{"href":"https:\/\/www.vadaszboltcsorna.hu\/index.php\/wp-json\/wp\/v2\/types\/product"}],"replies":[{"embeddable":true,"href":"https:\/\/www.vadaszboltcsorna.hu\/index.php\/wp-json\/wp\/v2\/comments?post=6435"}],"wp:featuredmedia":[{"embeddable":true,"href":"https:\/\/www.vadaszboltcsorna.hu\/index.php\/wp-json\/wp\/v2\/media\/6436"}],"wp:attachment":[{"href":"https:\/\/www.vadaszboltcsorna.hu\/index.php\/wp-json\/wp\/v2\/media?parent=6435"}],"wp:term":[{"taxonomy":"product_brand","embeddable":true,"href":"https:\/\/www.vadaszboltcsorna.hu\/index.php\/wp-json\/wp\/v2\/product_brand?post=6435"},{"taxonomy":"product_cat","embeddable":true,"href":"https:\/\/www.vadaszboltcsorna.hu\/index.php\/wp-json\/wp\/v2\/product_cat?post=6435"},{"taxonomy":"product_tag","embeddable":true,"href":"https:\/\/www.vadaszboltcsorna.hu\/index.php\/wp-json\/wp\/v2\/product_tag?post=6435"}],"curies":[{"name":"wp","href":"https:\/\/api.w.org\/{rel}","templated":true}]}}