{"id":6434,"date":"2024-12-02T12:48:23","date_gmt":"2024-12-02T12:48:23","guid":{"rendered":"https:\/\/www.vadaszboltcsorna.hu\/?post_type=product&#038;p=6434"},"modified":"2024-12-02T12:48:23","modified_gmt":"2024-12-02T12:48:23","slug":"wk0508-ragcsalo-es-nyestriaszto-autoba","status":"publish","type":"product","link":"https:\/\/www.vadaszboltcsorna.hu\/index.php\/termek\/wk0508-ragcsalo-es-nyestriaszto-autoba\/","title":{"rendered":"WK0508 R\u00e1gcs\u00e1l\u00f3 \u00e9s nyestriaszt\u00f3 aut\u00f3ba"},"content":{"rendered":"<h2 class=\"artdet__name line-clamp--3-12 mb-0\" style=\"text-align: center;\" title=\"WK0508 R\u00e1gcs\u00e1l\u00f3 \u00e9s nyestriaszt\u00f3 aut\u00f3ba\n\"><strong>WK0508 R\u00e1gcs\u00e1l\u00f3 \u00e9s nyestriaszt\u00f3 aut\u00f3ba<\/strong><\/h2>\n<p>&nbsp;<\/p>\n<div id=\"UbLBQgAluW\" class=\"newclass3\" data-insert-id=\"UbLBQgAluW\">\n<ul data-insert-id=\"UbLBQgAluW\">\n<li data-insert-id=\"UbLBQgAluW\">\n<h3><b data-insert-id=\"UbLBQgAluW\">Ultrahangos v\u00e9delem<\/b>\u00a0r\u00e1gcs\u00e1l\u00f3k ellen, aut\u00f3 \u00e9s lak\u00f3kocsi sz\u00e1m\u00e1ra<\/h3>\n<\/li>\n<li data-insert-id=\"UbLBQgAluW\">\n<h3>F\u00fcggetlen laborat\u00f3riumok \u00e1ltal\u00a0<b data-insert-id=\"UbLBQgAluW\">igazolt hat\u00e9konys\u00e1g<\/b>\u00a0\u00e9s megb\u00edzhat\u00f3s\u00e1g<\/h3>\n<\/li>\n<li data-insert-id=\"UbLBQgAluW\">\n<h3>Automatikusan\u00a0<b data-insert-id=\"UbLBQgAluW\">kikapcsol<\/b>, ha a j\u00e1rm\u0171 motorja elindul<\/h3>\n<\/li>\n<\/ul>\n<\/div>\n<h3>WK0508 R\u00e1gcs\u00e1l\u00f3 \u00e9s nyestriaszt\u00f3 k\u00e9sz\u00fcl\u00e9k a r\u00e1gcs\u00e1l\u00f3k k\u00e1rokoz\u00e1sa ellen v\u00e9di aut\u00f3j\u00e1t, lak\u00f3kocsij\u00e1t, f\u0171ny\u00edr\u00f3j\u00e1t, traktorj\u00e1t, motorj\u00e1t.<\/h3>\n<h3>V\u00e9di a vezet\u00e9keket \u00e9s a cs\u00f6veket. Hat\u00e9konys\u00e1g\u00e1t f\u00fcggetlen laborat\u00f3riumok tesztelt\u00e9k \u00e9s igazolt\u00e1k.<\/h3>\n<h4><strong>Hat\u00e9konys\u00e1g:<\/strong><\/h4>\n<h4>Az ultrahang megzavarja a r\u00e1gcs\u00e1l\u00f3k hall\u00e1s\u00e1t, amelynek hat\u00e1s\u00e1ra stresszes \u00e1llapotba ker\u00fclnek. Mivel nem tudj\u00e1k beazonos\u00edtani a vesz\u00e9lyforr\u00e1st, nem \u00e9rzik magukat biztons\u00e1gban, \u00e9s elhagyj\u00e1k a j\u00e1rm\u0171vet.<\/h4>\n<h4>A kibocs\u00e1tott ultrahang frekvenci\u00e1ja id\u0151nk\u00e9nt v\u00e1ltozik, \u00edgy az \u00e1llat nem tud hozz\u00e1szokni.<\/h4>\n<h4><strong><em>Haszn\u00e1lati utas\u00edt\u00e1s<\/em><\/strong>:<\/h4>\n<h4><strong>Elhelyez\u00e9s:<\/strong><\/h4>\n<h4>A berendez\u00e9st a motorh\u00e1ztet\u0151 al\u00e1 helyezz\u00fck el. Ker\u00fclj\u00fck a magas h\u0151m\u00e9rs\u00e9klet\u0171 helyeket.<\/h4>\n<h4>Csatlakoztassa a feh\u00e9r csatlakoz\u00f3t a r\u00e1gcs\u00e1l\u00f3riaszt\u00f3 csatlakoz\u00f3ny\u00edl\u00e1s\u00e1ba.<\/h4>\n<h4>A piros vezet\u00e9ket csatlakoztassa az aut\u00f3 aksij\u00e1nak pozit\u00edv kapocs\u00e1hoz.<\/h4>\n<h4>A fekete vezet\u00e9ket csatlakoztassa az aksi negat\u00edv kapocs\u00e1hoz.<\/h4>\n<h4>A mell\u00e9kelt gyorsk\u00f6t\u0151z\u0151k seg\u00edts\u00e9g\u00e9vel biztons\u00e1gosan r\u00f6gz\u00edteni tudja a k\u00e9sz\u00fcl\u00e9ket a motort\u00e9rhez.<\/h4>\n<h4><strong>M\u0171k\u00f6d\u00e9s:<\/strong><\/h4>\n<h4>Bekapcsol\u00e1s ON\/OFF gombbal! 4db LED jelz\u0151f\u00e9ny 2 mp-ig villog. A k\u00f6z\u00e9pen tal\u00e1lhat\u00f3 jelz\u0151f\u00e9ny 10 mp-ig gyorsan pirosan villog. A berendez\u00e9s m\u0171k\u00f6dik!<\/h4>\n<h4><strong>\u00dczemm\u00f3dok<\/strong>:<\/h4>\n<h4>120 mp-es: v\u00e1ltoz\u00f3 ultrahang \u00e9s villog\u00e1s Frekvencia: 25-55 kHz k\u00f6z\u00f6tt v\u00e1ltakozik.<\/h4>\n<h4>180 mp-es: v\u00e1ltoz\u00f3 ultrahang \u00e9s villog\u00e1s.<\/h4>\n<h4>Aut\u00f3 beindul, a k\u00e9sz\u00fcl\u00e9k kikapcsol.<\/h4>\n<h4><strong>J\u00e1rm\u0171 biztons\u00e1ga:<\/strong><\/h4>\n<h4>A berendez\u00e9s\u00a0nem befoly\u00e1solja a j\u00e1rm\u0171 m\u0171k\u00f6d\u00e9s\u00e9t. Az akkumul\u00e1tort kis m\u00e9rt\u00e9kben fogyasztja. Akkor m\u0171k\u00f6dik, ha a j\u00e1rm\u0171 motorja \u00e1ll! A j\u00e1rm\u0171 elindul, a k\u00e9sz\u00fcl\u00e9k automatikusan lekapcsol, k\u00e9szenl\u00e9ti \u00fczemm\u00f3dra v\u00e1lt.<\/h4>\n<h4>Akkumul\u00e1tor: Ha az akkumul\u00e1tor fesz\u00fclts\u00e9ge 10,5 V al\u00e1 cs\u00f6kken, a r\u00e1gcs\u00e1l\u00f3riaszt\u00f3 automatikusan kikapcsol az aksi v\u00e9delm\u00e9nek \u00e9rdek\u00e9ben!<\/h4>\n<h4><strong>M\u0171szaki adatok<\/strong>:<\/h4>\n<h4>Teljes\u00edtm\u00e9ny: 12V-24V DC (egyen\u00e1ram)<\/h4>\n<h4>Fogyaszt\u00e1s: 0,6W-1,2W<\/h4>\n<h4>Frekvencia: 25kHz-55 kHz k\u00f6z\u00f6tt v\u00e1ltakozik.<\/h4>\n","protected":false},"excerpt":{"rendered":"<p>WK0508 R\u00e1gcs\u00e1l\u00f3 \u00e9s nyestriaszt\u00f3 aut\u00f3ba &nbsp; Ultrahangos v\u00e9delem\u00a0r\u00e1gcs\u00e1l\u00f3k ellen, aut\u00f3 \u00e9s lak\u00f3kocsi sz\u00e1m\u00e1ra F\u00fcggetlen laborat\u00f3riumok \u00e1ltal\u00a0igazolt hat\u00e9konys\u00e1g\u00a0\u00e9s megb\u00edzhat\u00f3s\u00e1g Automatikusan\u00a0kikapcsol, ha a j\u00e1rm\u0171 motorja elindul WK0508 R\u00e1gcs\u00e1l\u00f3 \u00e9s nyestriaszt\u00f3 k\u00e9sz\u00fcl\u00e9k a r\u00e1gcs\u00e1l\u00f3k k\u00e1rokoz\u00e1sa ellen v\u00e9di aut\u00f3j\u00e1t, lak\u00f3kocsij\u00e1t, f\u0171ny\u00edr\u00f3j\u00e1t, traktorj\u00e1t, motorj\u00e1t. V\u00e9di a vezet\u00e9keket \u00e9s a cs\u00f6veket. Hat\u00e9konys\u00e1g\u00e1t f\u00fcggetlen laborat\u00f3riumok tesztelt\u00e9k \u00e9s igazolt\u00e1k. Hat\u00e9konys\u00e1g: Az ultrahang megzavarja [&hellip;]<\/p>\n","protected":false},"featured_media":6455,"comment_status":"open","ping_status":"closed","template":"","meta":{"_et_pb_use_builder":"","_et_pb_old_content":"","_et_gb_content_width":"","om_disable_all_campaigns":false},"product_brand":[],"product_cat":[21,657],"product_tag":[1530],"class_list":{"0":"post-6434","1":"product","2":"type-product","3":"status-publish","4":"has-post-thumbnail","6":"product_cat-uj","7":"product_cat-vadriasztokvadkamera","8":"product_tag-wk0508-ragcsalo-es-nyestriaszto-autoba","10":"first","11":"instock","12":"taxable","13":"shipping-taxable","14":"purchasable","15":"product-type-simple"},"_links":{"self":[{"href":"https:\/\/www.vadaszboltcsorna.hu\/index.php\/wp-json\/wp\/v2\/product\/6434","targetHints":{"allow":["GET"]}}],"collection":[{"href":"https:\/\/www.vadaszboltcsorna.hu\/index.php\/wp-json\/wp\/v2\/product"}],"about":[{"href":"https:\/\/www.vadaszboltcsorna.hu\/index.php\/wp-json\/wp\/v2\/types\/product"}],"replies":[{"embeddable":true,"href":"https:\/\/www.vadaszboltcsorna.hu\/index.php\/wp-json\/wp\/v2\/comments?post=6434"}],"wp:featuredmedia":[{"embeddable":true,"href":"https:\/\/www.vadaszboltcsorna.hu\/index.php\/wp-json\/wp\/v2\/media\/6455"}],"wp:attachment":[{"href":"https:\/\/www.vadaszboltcsorna.hu\/index.php\/wp-json\/wp\/v2\/media?parent=6434"}],"wp:term":[{"taxonomy":"product_brand","embeddable":true,"href":"https:\/\/www.vadaszboltcsorna.hu\/index.php\/wp-json\/wp\/v2\/product_brand?post=6434"},{"taxonomy":"product_cat","embeddable":true,"href":"https:\/\/www.vadaszboltcsorna.hu\/index.php\/wp-json\/wp\/v2\/product_cat?post=6434"},{"taxonomy":"product_tag","embeddable":true,"href":"https:\/\/www.vadaszboltcsorna.hu\/index.php\/wp-json\/wp\/v2\/product_tag?post=6434"}],"curies":[{"name":"wp","href":"https:\/\/api.w.org\/{rel}","templated":true}]}}