{"id":6428,"date":"2024-12-02T10:41:19","date_gmt":"2024-12-02T10:41:19","guid":{"rendered":"https:\/\/www.vadaszboltcsorna.hu\/?post_type=product&#038;p=6428"},"modified":"2024-12-02T10:41:22","modified_gmt":"2024-12-02T10:41:22","slug":"thermo-vadasz-terdzokni","status":"publish","type":"product","link":"https:\/\/www.vadaszboltcsorna.hu\/index.php\/termek\/thermo-vadasz-terdzokni\/","title":{"rendered":"Thermo vad\u00e1sz t\u00e9rdzokni"},"content":{"rendered":"<h2 class=\"text-left text-dark mb-2\" style=\"text-align: center;\"><strong>Thermo vad\u00e1sz t\u00e9rdzokni<\/strong><\/h2>\n<h3>Hubertus thermo vad\u00e1sz t\u00e9rdzokni. Vastag, puha zokni akril fonalb\u00f3l, szarvas mint\u00e1val. Magyar term\u00e9k.<\/h3>\n<h3>\u00d6sszet\u00e9tel:\u00a083% gyapj\u00fa akril, 14% poliamid, 3% elaszt\u00e1n<\/h3>\n","protected":false},"excerpt":{"rendered":"<p>Thermo vad\u00e1sz t\u00e9rdzokni Hubertus thermo vad\u00e1sz t\u00e9rdzokni. Vastag, puha zokni akril fonalb\u00f3l, szarvas mint\u00e1val. Magyar term\u00e9k. \u00d6sszet\u00e9tel:\u00a083% gyapj\u00fa akril, 14% poliamid, 3% elaszt\u00e1n<\/p>\n","protected":false},"featured_media":6430,"comment_status":"open","ping_status":"closed","template":"","meta":{"_et_pb_use_builder":"","_et_pb_old_content":"","_et_gb_content_width":"","om_disable_all_campaigns":false},"product_brand":[],"product_cat":[21,771,159],"product_tag":[1525],"class_list":{"0":"post-6428","1":"product","2":"type-product","3":"status-publish","4":"has-post-thumbnail","6":"product_cat-uj","7":"product_cat-sapka-sal-kesztyu-zokni","8":"product_cat-vadasz-ruhazat","9":"product_tag-thermo-vadasz-terdzokni","11":"first","12":"instock","13":"taxable","14":"shipping-taxable","15":"purchasable","16":"product-type-variable"},"_links":{"self":[{"href":"https:\/\/www.vadaszboltcsorna.hu\/index.php\/wp-json\/wp\/v2\/product\/6428","targetHints":{"allow":["GET"]}}],"collection":[{"href":"https:\/\/www.vadaszboltcsorna.hu\/index.php\/wp-json\/wp\/v2\/product"}],"about":[{"href":"https:\/\/www.vadaszboltcsorna.hu\/index.php\/wp-json\/wp\/v2\/types\/product"}],"replies":[{"embeddable":true,"href":"https:\/\/www.vadaszboltcsorna.hu\/index.php\/wp-json\/wp\/v2\/comments?post=6428"}],"wp:featuredmedia":[{"embeddable":true,"href":"https:\/\/www.vadaszboltcsorna.hu\/index.php\/wp-json\/wp\/v2\/media\/6430"}],"wp:attachment":[{"href":"https:\/\/www.vadaszboltcsorna.hu\/index.php\/wp-json\/wp\/v2\/media?parent=6428"}],"wp:term":[{"taxonomy":"product_brand","embeddable":true,"href":"https:\/\/www.vadaszboltcsorna.hu\/index.php\/wp-json\/wp\/v2\/product_brand?post=6428"},{"taxonomy":"product_cat","embeddable":true,"href":"https:\/\/www.vadaszboltcsorna.hu\/index.php\/wp-json\/wp\/v2\/product_cat?post=6428"},{"taxonomy":"product_tag","embeddable":true,"href":"https:\/\/www.vadaszboltcsorna.hu\/index.php\/wp-json\/wp\/v2\/product_tag?post=6428"}],"curies":[{"name":"wp","href":"https:\/\/api.w.org\/{rel}","templated":true}]}}