{"id":6426,"date":"2024-12-02T10:36:59","date_gmt":"2024-12-02T10:36:59","guid":{"rendered":"https:\/\/www.vadaszboltcsorna.hu\/?post_type=product&#038;p=6426"},"modified":"2024-12-02T10:43:54","modified_gmt":"2024-12-02T10:43:54","slug":"thermo-vadasz-bokazokni-rovid","status":"publish","type":"product","link":"https:\/\/www.vadaszboltcsorna.hu\/index.php\/termek\/thermo-vadasz-bokazokni-rovid\/","title":{"rendered":"Thermo vad\u00e1sz bokazokni r\u00f6vid"},"content":{"rendered":"<h2 style=\"text-align: center;\"><strong>Thermo vad\u00e1sz bokazokni r\u00f6vid<\/strong><\/h2>\n<p>&nbsp;<\/p>\n<h4>Hubertus thermo akril bokazokni szarvas mint\u00e1val. Vastag, puha zokni vad\u00e1szoknak. Magyar term\u00e9k.<\/h4>\n<h4>\u00d6sszet\u00e9tel:\u00a083% gyapj\u00fa akril, 14% poliamid, 3% elaszt\u00e1n<\/h4>\n","protected":false},"excerpt":{"rendered":"<p>Thermo vad\u00e1sz bokazokni r\u00f6vid &nbsp; Hubertus thermo akril bokazokni szarvas mint\u00e1val. Vastag, puha zokni vad\u00e1szoknak. Magyar term\u00e9k. \u00d6sszet\u00e9tel:\u00a083% gyapj\u00fa akril, 14% poliamid, 3% elaszt\u00e1n<\/p>\n","protected":false},"featured_media":6427,"comment_status":"open","ping_status":"closed","template":"","meta":{"_et_pb_use_builder":"","_et_pb_old_content":"","_et_gb_content_width":"","om_disable_all_campaigns":false},"product_brand":[],"product_cat":[21,771,159],"product_tag":[1521],"class_list":{"0":"post-6426","1":"product","2":"type-product","3":"status-publish","4":"has-post-thumbnail","6":"product_cat-uj","7":"product_cat-sapka-sal-kesztyu-zokni","8":"product_cat-vadasz-ruhazat","9":"product_tag-thermo-vadasz-bokazokni-rovid","11":"first","12":"instock","13":"taxable","14":"shipping-taxable","15":"purchasable","16":"product-type-variable"},"_links":{"self":[{"href":"https:\/\/www.vadaszboltcsorna.hu\/index.php\/wp-json\/wp\/v2\/product\/6426","targetHints":{"allow":["GET"]}}],"collection":[{"href":"https:\/\/www.vadaszboltcsorna.hu\/index.php\/wp-json\/wp\/v2\/product"}],"about":[{"href":"https:\/\/www.vadaszboltcsorna.hu\/index.php\/wp-json\/wp\/v2\/types\/product"}],"replies":[{"embeddable":true,"href":"https:\/\/www.vadaszboltcsorna.hu\/index.php\/wp-json\/wp\/v2\/comments?post=6426"}],"wp:featuredmedia":[{"embeddable":true,"href":"https:\/\/www.vadaszboltcsorna.hu\/index.php\/wp-json\/wp\/v2\/media\/6427"}],"wp:attachment":[{"href":"https:\/\/www.vadaszboltcsorna.hu\/index.php\/wp-json\/wp\/v2\/media?parent=6426"}],"wp:term":[{"taxonomy":"product_brand","embeddable":true,"href":"https:\/\/www.vadaszboltcsorna.hu\/index.php\/wp-json\/wp\/v2\/product_brand?post=6426"},{"taxonomy":"product_cat","embeddable":true,"href":"https:\/\/www.vadaszboltcsorna.hu\/index.php\/wp-json\/wp\/v2\/product_cat?post=6426"},{"taxonomy":"product_tag","embeddable":true,"href":"https:\/\/www.vadaszboltcsorna.hu\/index.php\/wp-json\/wp\/v2\/product_tag?post=6426"}],"curies":[{"name":"wp","href":"https:\/\/api.w.org\/{rel}","templated":true}]}}