{"id":6422,"date":"2024-12-02T10:23:50","date_gmt":"2024-12-02T10:23:50","guid":{"rendered":"https:\/\/www.vadaszboltcsorna.hu\/?post_type=product&#038;p=6422"},"modified":"2024-12-02T10:23:51","modified_gmt":"2024-12-02T10:23:51","slug":"victorinox-ketoldalu-ceruza-keselezo","status":"publish","type":"product","link":"https:\/\/www.vadaszboltcsorna.hu\/index.php\/termek\/victorinox-ketoldalu-ceruza-keselezo\/","title":{"rendered":"VICTORINOX k\u00e9toldal\u00fa ceruza k\u00e9s\u00e9lez\u0151"},"content":{"rendered":"<h2 class=\"artdet__name line-clamp--3-12 mb-0\" style=\"text-align: center;\" title=\"VICTORINOX k\u00e9toldal\u00fa ceruza k\u00e9s\u00e9lez\u0151\n\"><strong>VICTORINOX k\u00e9toldal\u00fa ceruza k\u00e9s\u00e9lez\u0151<\/strong><\/h2>\n<p>&nbsp;<\/p>\n<h4>Kis m\u00e9ret\u0171, k\u00e9t funkci\u00f3s zseb\u00e9lez\u0151, mely alkalmas sima \u00e9l\u0171 k\u00e9sek egyszer\u0171 \u00e9s gyors \u00e9lez\u00e9s\u00e9re.<\/h4>\n<h4>Eleg\u00e1ns megold\u00e1ssal gondoskodhat k\u00e9sei \u00e9less\u00e9g\u00e9r\u0151l a fen\u0151k\u0151 \u00e9s ker\u00e1mia bet\u00e9t seg\u00edts\u00e9g\u00e9vel.<\/h4>\n<h4>Hossza: 230 mm, sz\u00e9less\u00e9ge: 18 mm<\/h4>\n","protected":false},"excerpt":{"rendered":"<p>VICTORINOX k\u00e9toldal\u00fa ceruza k\u00e9s\u00e9lez\u0151 &nbsp; Kis m\u00e9ret\u0171, k\u00e9t funkci\u00f3s zseb\u00e9lez\u0151, mely alkalmas sima \u00e9l\u0171 k\u00e9sek egyszer\u0171 \u00e9s gyors \u00e9lez\u00e9s\u00e9re. Eleg\u00e1ns megold\u00e1ssal gondoskodhat k\u00e9sei \u00e9less\u00e9g\u00e9r\u0151l a fen\u0151k\u0151 \u00e9s ker\u00e1mia bet\u00e9t seg\u00edts\u00e9g\u00e9vel. Hossza: 230 mm, sz\u00e9less\u00e9ge: 18 mm<\/p>\n","protected":false},"featured_media":6423,"comment_status":"open","ping_status":"closed","template":"","meta":{"_et_pb_use_builder":"","_et_pb_old_content":"","_et_gb_content_width":"","om_disable_all_campaigns":false},"product_brand":[],"product_cat":[21,1131,166],"product_tag":[1520],"class_list":{"0":"post-6422","1":"product","2":"type-product","3":"status-publish","4":"has-post-thumbnail","6":"product_cat-uj","7":"product_cat-elezo","8":"product_cat-kesek","9":"product_tag-victorinox-ketoldalu-ceruza-keselezo","11":"first","12":"instock","13":"taxable","14":"shipping-taxable","15":"purchasable","16":"product-type-simple"},"_links":{"self":[{"href":"https:\/\/www.vadaszboltcsorna.hu\/index.php\/wp-json\/wp\/v2\/product\/6422","targetHints":{"allow":["GET"]}}],"collection":[{"href":"https:\/\/www.vadaszboltcsorna.hu\/index.php\/wp-json\/wp\/v2\/product"}],"about":[{"href":"https:\/\/www.vadaszboltcsorna.hu\/index.php\/wp-json\/wp\/v2\/types\/product"}],"replies":[{"embeddable":true,"href":"https:\/\/www.vadaszboltcsorna.hu\/index.php\/wp-json\/wp\/v2\/comments?post=6422"}],"wp:featuredmedia":[{"embeddable":true,"href":"https:\/\/www.vadaszboltcsorna.hu\/index.php\/wp-json\/wp\/v2\/media\/6423"}],"wp:attachment":[{"href":"https:\/\/www.vadaszboltcsorna.hu\/index.php\/wp-json\/wp\/v2\/media?parent=6422"}],"wp:term":[{"taxonomy":"product_brand","embeddable":true,"href":"https:\/\/www.vadaszboltcsorna.hu\/index.php\/wp-json\/wp\/v2\/product_brand?post=6422"},{"taxonomy":"product_cat","embeddable":true,"href":"https:\/\/www.vadaszboltcsorna.hu\/index.php\/wp-json\/wp\/v2\/product_cat?post=6422"},{"taxonomy":"product_tag","embeddable":true,"href":"https:\/\/www.vadaszboltcsorna.hu\/index.php\/wp-json\/wp\/v2\/product_tag?post=6422"}],"curies":[{"name":"wp","href":"https:\/\/api.w.org\/{rel}","templated":true}]}}