{"id":6419,"date":"2024-12-02T10:17:50","date_gmt":"2024-12-02T10:17:50","guid":{"rendered":"https:\/\/www.vadaszboltcsorna.hu\/?post_type=product&#038;p=6419"},"modified":"2024-12-02T10:17:50","modified_gmt":"2024-12-02T10:17:50","slug":"rp-outdoor-kamasli-elolnyilo","status":"publish","type":"product","link":"https:\/\/www.vadaszboltcsorna.hu\/index.php\/termek\/rp-outdoor-kamasli-elolnyilo\/","title":{"rendered":"RP Outdoor Kam\u00e1sli El\u00f6lny\u00edl\u00f3"},"content":{"rendered":"<div class=\"brand_logo\"><a title=\"RP Outdoor\" href=\"https:\/\/www.dockyard.hu\/rp-outdoor\" target=\"_blank\" rel=\"noopener\"><img loading=\"lazy\" decoding=\"async\" class=\"\" src=\"https:\/\/www.dockyard.hu\/upload_files\/products_parameters\/rpoutdoor.webp\" alt=\"RP Outdoor\" width=\"78\" height=\"63\" \/><\/a><\/div>\n<h2><strong>RP Outdoor Kam\u00e1sli El\u00f6lny\u00edl\u00f3<\/strong><\/h2>\n<h4 class=\"block_title info-toggler\">Term\u00e9kle\u00edr\u00e1s<\/h4>\n<div id=\"toggle-content-2\" class=\"block_content toggle-content\">\n<div class=\"toggler-text\">\n<h4>Az RP Outdoor Kam\u00e1sli El\u00f6lny\u00edl\u00f3-46 Nylon unisex t\u00farakam\u00e1slit a cipz\u00e1ras \u00e9s t\u00e9p\u0151z\u00e1ras neopr\u00e9n heveder seg\u00edts\u00e9g\u00e9vel egyszer\u0171en megfelel\u0151 m\u00e9ret\u0171re \u00e1ll\u00edthatod. Nagyon k\u00f6nny\u0171, tart\u00f3s anyagszerkezete kiv\u00e1l\u00f3 szell\u0151z\u0151 k\u00e9pess\u00e9gekkel rendelkezik, melynek k\u00f6sz\u00f6nhet\u0151en a kam\u00e1slit eg\u00e9sz \u00e9vben komfortosan haszn\u00e1lhatod. Gum\u00edrozott szeg\u00e9lye t\u00f6k\u00e9letesen illeszkedik l\u00e1baidra, megakad\u00e1lyozva a nemk\u00edv\u00e1natos t\u00f6rmel\u00e9kek, apr\u00f3 \u00e1gak, \u00e9s kavicsok cip\u0151dbe jut\u00e1s\u00e1t. A kam\u00e1sli tart\u00f3san v\u00edzhatlan, emellett biztos\u00edtja a p\u00e1ra b\u0151rfel\u00fcletr\u0151l val\u00f3 elvezet\u00e9s\u00e9t, ez\u00e1ltal t\u00e1mogatva test\u00fcnk term\u00e9szetes h\u0151szab\u00e1lyz\u00f3 folyamatait intenz\u00edv testmozg\u00e1s eset\u00e9n is, valamint megg\u00e1tolja a hideg sz\u00e9l \u00e1tf\u00faj\u00e1s\u00e1t, minden k\u00f6r\u00fclm\u00e9nyek k\u00f6zt megfelel\u0151 h\u0151m\u00e9rs\u00e9kleten tartva l\u00e1baink. T\u00f6mege 0,25 kg.<\/h4>\n<h4 class=\"sub_title\">R\u00e9szletek:<\/h4>\n<ul>\n<li>\n<h4>neopr\u00e9n heveder<\/h4>\n<\/li>\n<li>\n<h4>cipz\u00e1ros \u00e9s t\u00e9p\u0151z\u00e1ras illeszt\u00e9s<\/h4>\n<\/li>\n<\/ul>\n<h4 class=\"sub_title\">Sz\u00edn:<\/h4>\n<ul>\n<li>\n<h4>z\u00f6ld<\/h4>\n<\/li>\n<\/ul>\n<h4 class=\"sub_title\">T\u00f6meg:<\/h4>\n<ul>\n<li>\n<h4>0.25 Kg<\/h4>\n<\/li>\n<\/ul>\n<div class=\"sub_title\"><\/div>\n<\/div>\n<\/div>\n<div class=\"title\">\n<p>&nbsp;<\/p>\n<\/div>\n","protected":false},"excerpt":{"rendered":"<p>RP Outdoor Kam\u00e1sli El\u00f6lny\u00edl\u00f3 Term\u00e9kle\u00edr\u00e1s Az RP Outdoor Kam\u00e1sli El\u00f6lny\u00edl\u00f3-46 Nylon unisex t\u00farakam\u00e1slit a cipz\u00e1ras \u00e9s t\u00e9p\u0151z\u00e1ras neopr\u00e9n heveder seg\u00edts\u00e9g\u00e9vel egyszer\u0171en megfelel\u0151 m\u00e9ret\u0171re \u00e1ll\u00edthatod. Nagyon k\u00f6nny\u0171, tart\u00f3s anyagszerkezete kiv\u00e1l\u00f3 szell\u0151z\u0151 k\u00e9pess\u00e9gekkel rendelkezik, melynek k\u00f6sz\u00f6nhet\u0151en a kam\u00e1slit eg\u00e9sz \u00e9vben komfortosan haszn\u00e1lhatod. Gum\u00edrozott szeg\u00e9lye t\u00f6k\u00e9letesen illeszkedik l\u00e1baidra, megakad\u00e1lyozva a nemk\u00edv\u00e1natos t\u00f6rmel\u00e9kek, apr\u00f3 \u00e1gak, \u00e9s kavicsok cip\u0151dbe jut\u00e1s\u00e1t. [&hellip;]<\/p>\n","protected":false},"featured_media":6420,"comment_status":"open","ping_status":"closed","template":"","meta":{"_et_pb_use_builder":"","_et_pb_old_content":"","_et_gb_content_width":"","om_disable_all_campaigns":false},"product_brand":[],"product_cat":[21,733,160],"product_tag":[1519],"class_list":{"0":"post-6419","1":"product","2":"type-product","3":"status-publish","4":"has-post-thumbnail","6":"product_cat-uj","7":"product_cat-kamasli","8":"product_cat-labbelik","9":"product_tag-kamasli-elolnyilo","11":"first","12":"instock","13":"taxable","14":"shipping-taxable","15":"purchasable","16":"product-type-simple"},"_links":{"self":[{"href":"https:\/\/www.vadaszboltcsorna.hu\/index.php\/wp-json\/wp\/v2\/product\/6419","targetHints":{"allow":["GET"]}}],"collection":[{"href":"https:\/\/www.vadaszboltcsorna.hu\/index.php\/wp-json\/wp\/v2\/product"}],"about":[{"href":"https:\/\/www.vadaszboltcsorna.hu\/index.php\/wp-json\/wp\/v2\/types\/product"}],"replies":[{"embeddable":true,"href":"https:\/\/www.vadaszboltcsorna.hu\/index.php\/wp-json\/wp\/v2\/comments?post=6419"}],"wp:featuredmedia":[{"embeddable":true,"href":"https:\/\/www.vadaszboltcsorna.hu\/index.php\/wp-json\/wp\/v2\/media\/6420"}],"wp:attachment":[{"href":"https:\/\/www.vadaszboltcsorna.hu\/index.php\/wp-json\/wp\/v2\/media?parent=6419"}],"wp:term":[{"taxonomy":"product_brand","embeddable":true,"href":"https:\/\/www.vadaszboltcsorna.hu\/index.php\/wp-json\/wp\/v2\/product_brand?post=6419"},{"taxonomy":"product_cat","embeddable":true,"href":"https:\/\/www.vadaszboltcsorna.hu\/index.php\/wp-json\/wp\/v2\/product_cat?post=6419"},{"taxonomy":"product_tag","embeddable":true,"href":"https:\/\/www.vadaszboltcsorna.hu\/index.php\/wp-json\/wp\/v2\/product_tag?post=6419"}],"curies":[{"name":"wp","href":"https:\/\/api.w.org\/{rel}","templated":true}]}}