{"id":6417,"date":"2024-12-02T10:03:27","date_gmt":"2024-12-02T10:03:27","guid":{"rendered":"https:\/\/www.vadaszboltcsorna.hu\/?post_type=product&#038;p=6417"},"modified":"2024-12-02T10:03:28","modified_gmt":"2024-12-02T10:03:28","slug":"autochem-355-nyestvedelem-400-ml","status":"publish","type":"product","link":"https:\/\/www.vadaszboltcsorna.hu\/index.php\/termek\/autochem-355-nyestvedelem-400-ml\/","title":{"rendered":"Autochem 355 &#8211; Nyestv\u00e9delem (400 ml)"},"content":{"rendered":"<h2 style=\"text-align: center;\"><strong>Autochem 355 &#8211; Nyestv\u00e9delem (400 ml)<\/strong><\/h2>\n<p>&nbsp;<\/p>\n<h3>Az autochem\u00a0nyestv\u00e9delem hosszantart\u00f3 v\u00e9delmet k\u00edn\u00e1l a nyest \u00e9s egy\u00e9b r\u00e1gcs\u00e1l\u00f3k ellen az \u00e1ltaluk kedvelt aut\u00f3alkatr\u00e9szekn\u00e9l, mint pl. elektromos vezet\u00e9k, a gy\u00fajt\u00f3 k\u00e1bel, a f\u00e9k \u00e9s h\u0171t\u0151v\u00edz t\u00f6ml\u0151k, az \u00e9ksz\u00edjak, illetve a leng\u00e9scsillap\u00edt\u00e1si \u00e9s vez\u00e9rl\u00e9si rendszer burkolatain\u00e1l. Az autochem nyestv\u00e9delem a k\u00fcl\u00f6nleges nyest elleni anyagon k\u00edv\u00fcl korr\u00f3zi\u00f3v\u00e9delmi \u00f6sszetev\u0151t tartalmaz a motorblokk, meghajt\u00e1si- \u00e9s felf\u00fcggeszt\u00e9si szerkezetek v\u00e9delm\u00e9re. F\u00e9l\u00e9vente vagy minden motormos\u00e1s vagy als\u00f3mos\u00e1s ut\u00e1n alkalmazzuk. Eg\u00e9szs\u00e9gre \u00e1rtalmatlan illat,- \u00e9s \u00edz anyag\u00e1n kereszt\u00fcl v\u00e9d, hosszantart\u00f3 t\u00f6bbsz\u00f6ri es\u0151z\u00e9s is.<br \/>\nHaszn\u00e1lat: Haszn\u00e1lat el\u0151tt felr\u00e1zand\u00f3! Csak hideg g\u00e9pj\u00e1rm\u0171n\u00e9l<\/h3>\n<p>&nbsp;<\/p>\n","protected":false},"excerpt":{"rendered":"<p>Autochem 355 &#8211; Nyestv\u00e9delem (400 ml) &nbsp; Az autochem\u00a0nyestv\u00e9delem hosszantart\u00f3 v\u00e9delmet k\u00edn\u00e1l a nyest \u00e9s egy\u00e9b r\u00e1gcs\u00e1l\u00f3k ellen az \u00e1ltaluk kedvelt aut\u00f3alkatr\u00e9szekn\u00e9l, mint pl. elektromos vezet\u00e9k, a gy\u00fajt\u00f3 k\u00e1bel, a f\u00e9k \u00e9s h\u0171t\u0151v\u00edz t\u00f6ml\u0151k, az \u00e9ksz\u00edjak, illetve a leng\u00e9scsillap\u00edt\u00e1si \u00e9s vez\u00e9rl\u00e9si rendszer burkolatain\u00e1l. Az autochem nyestv\u00e9delem a k\u00fcl\u00f6nleges nyest elleni anyagon k\u00edv\u00fcl korr\u00f3zi\u00f3v\u00e9delmi \u00f6sszetev\u0151t tartalmaz [&hellip;]<\/p>\n","protected":false},"featured_media":6418,"comment_status":"open","ping_status":"closed","template":"","meta":{"_et_pb_use_builder":"","_et_pb_old_content":"","_et_gb_content_width":"","om_disable_all_campaigns":false},"product_brand":[],"product_cat":[21,657],"product_tag":[1518],"class_list":{"0":"post-6417","1":"product","2":"type-product","3":"status-publish","4":"has-post-thumbnail","6":"product_cat-uj","7":"product_cat-vadriasztokvadkamera","8":"product_tag-autochem-355-nyestvedelem-400-ml","10":"first","11":"instock","12":"taxable","13":"shipping-taxable","14":"purchasable","15":"product-type-simple"},"_links":{"self":[{"href":"https:\/\/www.vadaszboltcsorna.hu\/index.php\/wp-json\/wp\/v2\/product\/6417","targetHints":{"allow":["GET"]}}],"collection":[{"href":"https:\/\/www.vadaszboltcsorna.hu\/index.php\/wp-json\/wp\/v2\/product"}],"about":[{"href":"https:\/\/www.vadaszboltcsorna.hu\/index.php\/wp-json\/wp\/v2\/types\/product"}],"replies":[{"embeddable":true,"href":"https:\/\/www.vadaszboltcsorna.hu\/index.php\/wp-json\/wp\/v2\/comments?post=6417"}],"wp:featuredmedia":[{"embeddable":true,"href":"https:\/\/www.vadaszboltcsorna.hu\/index.php\/wp-json\/wp\/v2\/media\/6418"}],"wp:attachment":[{"href":"https:\/\/www.vadaszboltcsorna.hu\/index.php\/wp-json\/wp\/v2\/media?parent=6417"}],"wp:term":[{"taxonomy":"product_brand","embeddable":true,"href":"https:\/\/www.vadaszboltcsorna.hu\/index.php\/wp-json\/wp\/v2\/product_brand?post=6417"},{"taxonomy":"product_cat","embeddable":true,"href":"https:\/\/www.vadaszboltcsorna.hu\/index.php\/wp-json\/wp\/v2\/product_cat?post=6417"},{"taxonomy":"product_tag","embeddable":true,"href":"https:\/\/www.vadaszboltcsorna.hu\/index.php\/wp-json\/wp\/v2\/product_tag?post=6417"}],"curies":[{"name":"wp","href":"https:\/\/api.w.org\/{rel}","templated":true}]}}