{"id":6411,"date":"2024-12-02T09:35:31","date_gmt":"2024-12-02T09:35:31","guid":{"rendered":"https:\/\/www.vadaszboltcsorna.hu\/?post_type=product&#038;p=6411"},"modified":"2025-06-24T10:50:37","modified_gmt":"2025-06-24T10:50:37","slug":"ballistol-balsin-tusolaj-vorosbarna-50ml","status":"publish","type":"product","link":"https:\/\/www.vadaszboltcsorna.hu\/index.php\/termek\/ballistol-balsin-tusolaj-vorosbarna-50ml\/","title":{"rendered":"Ballistol Balsin tusolaj v\u00f6r\u00f6sbarna 50ml"},"content":{"rendered":"<h2 style=\"text-align: center;\"><strong>Ballistol Balsin tusolaj v\u00f6r\u00f6sbarna 50ml<\/strong><\/h2>\n<h3><b>Term\u00e9k le\u00edr\u00e1s<\/b><\/h3>\n<h3 class=\"termek-leiras\">A Ballistol Balsin tusolaj regener\u00e1lja, impregn\u00e1lja \u00e9s konzerv\u00e1lja a puskatust \u00e9s egy\u00e9b term\u00e9szetes f\u00e1b\u00f3l k\u00e9sz\u00fclt term\u00e9keket. V\u00edztasz\u00edt\u00f3v\u00e1 teszi \u00e9s megv\u00e9di azokat a korhad\u00e1st\u00f3l, pen\u00e9szed\u00e9st\u0151l \u00e9s a v\u00edzfoltokt\u00f3l. Aj\u00e1nlott nat\u00far (KIT szettek) agyaz\u00e1sokhoz vagy ak\u00e1r megl\u00e9v\u0151 p\u00e1colt fel\u00fcletekre is. Nat\u00far fel\u00fcletre ak\u00e1r 20-30 r\u00e9teget is fel kell vinni, am\u00edg a fa sz\u00e9pen feltel\u00edt\u0151dik \u00e9s kikem\u00e9nyedik.<\/h3>\n","protected":false},"excerpt":{"rendered":"<p>Ballistol Balsin tusolaj v\u00f6r\u00f6sbarna 50ml Term\u00e9k le\u00edr\u00e1s A Ballistol Balsin tusolaj regener\u00e1lja, impregn\u00e1lja \u00e9s konzerv\u00e1lja a puskatust \u00e9s egy\u00e9b term\u00e9szetes f\u00e1b\u00f3l k\u00e9sz\u00fclt term\u00e9keket. V\u00edztasz\u00edt\u00f3v\u00e1 teszi \u00e9s megv\u00e9di azokat a korhad\u00e1st\u00f3l, pen\u00e9szed\u00e9st\u0151l \u00e9s a v\u00edzfoltokt\u00f3l. Aj\u00e1nlott nat\u00far (KIT szettek) agyaz\u00e1sokhoz vagy ak\u00e1r megl\u00e9v\u0151 p\u00e1colt fel\u00fcletekre is. Nat\u00far fel\u00fcletre ak\u00e1r 20-30 r\u00e9teget is fel kell vinni, am\u00edg [&hellip;]<\/p>\n","protected":false},"featured_media":6413,"comment_status":"open","ping_status":"closed","template":"","meta":{"_et_pb_use_builder":"","_et_pb_old_content":"","_et_gb_content_width":"","om_disable_all_campaigns":false},"product_brand":[],"product_cat":[21,487,486],"product_tag":[1515],"class_list":{"0":"post-6411","1":"product","2":"type-product","3":"status-publish","4":"has-post-thumbnail","6":"product_cat-uj","7":"product_cat-belovo-pad-fegyverolaj","8":"product_cat-fegyverkiegeszitok","9":"product_tag-ballistol-balsin-tusolaj-vorosbarna-50ml","11":"first","12":"instock","13":"taxable","14":"shipping-taxable","15":"purchasable","16":"product-type-simple"},"_links":{"self":[{"href":"https:\/\/www.vadaszboltcsorna.hu\/index.php\/wp-json\/wp\/v2\/product\/6411","targetHints":{"allow":["GET"]}}],"collection":[{"href":"https:\/\/www.vadaszboltcsorna.hu\/index.php\/wp-json\/wp\/v2\/product"}],"about":[{"href":"https:\/\/www.vadaszboltcsorna.hu\/index.php\/wp-json\/wp\/v2\/types\/product"}],"replies":[{"embeddable":true,"href":"https:\/\/www.vadaszboltcsorna.hu\/index.php\/wp-json\/wp\/v2\/comments?post=6411"}],"wp:featuredmedia":[{"embeddable":true,"href":"https:\/\/www.vadaszboltcsorna.hu\/index.php\/wp-json\/wp\/v2\/media\/6413"}],"wp:attachment":[{"href":"https:\/\/www.vadaszboltcsorna.hu\/index.php\/wp-json\/wp\/v2\/media?parent=6411"}],"wp:term":[{"taxonomy":"product_brand","embeddable":true,"href":"https:\/\/www.vadaszboltcsorna.hu\/index.php\/wp-json\/wp\/v2\/product_brand?post=6411"},{"taxonomy":"product_cat","embeddable":true,"href":"https:\/\/www.vadaszboltcsorna.hu\/index.php\/wp-json\/wp\/v2\/product_cat?post=6411"},{"taxonomy":"product_tag","embeddable":true,"href":"https:\/\/www.vadaszboltcsorna.hu\/index.php\/wp-json\/wp\/v2\/product_tag?post=6411"}],"curies":[{"name":"wp","href":"https:\/\/api.w.org\/{rel}","templated":true}]}}