{"id":6409,"date":"2024-12-02T09:33:52","date_gmt":"2024-12-02T09:33:52","guid":{"rendered":"https:\/\/www.vadaszboltcsorna.hu\/?post_type=product&#038;p=6409"},"modified":"2025-06-24T10:49:10","modified_gmt":"2025-06-24T10:49:10","slug":"ballistol-balsin-tusolaj-atlatszo-50ml","status":"publish","type":"product","link":"https:\/\/www.vadaszboltcsorna.hu\/index.php\/termek\/ballistol-balsin-tusolaj-atlatszo-50ml\/","title":{"rendered":"Ballistol Balsin tusolaj \u00e1tl\u00e1tsz\u00f3 50ml"},"content":{"rendered":"<h2 style=\"text-align: center;\"><strong>Ballistol Balsin tusolaj \u00e1tl\u00e1tsz\u00f3 50ml<\/strong><\/h2>\n<p>&nbsp;<\/p>\n<h3 class=\"\" data-start=\"214\" data-end=\"254\"><strong data-start=\"218\" data-end=\"254\">Ballistol Balsin Tusolaj \u2013 50 ml<\/strong><\/h3>\n<p class=\"\" data-start=\"256\" data-end=\"267\"><strong data-start=\"256\" data-end=\"267\">Le\u00edr\u00e1s:<\/strong><\/p>\n<p class=\"\" data-start=\"269\" data-end=\"566\">A <strong data-start=\"271\" data-end=\"299\">Ballistol Balsin tusolaj<\/strong> kifejezetten <strong data-start=\"313\" data-end=\"360\">puskatustok \u00e9s m\u00e1s term\u00e9szetes fa fel\u00fcletek<\/strong> \u00e1pol\u00e1s\u00e1ra, konzerv\u00e1l\u00e1s\u00e1ra \u00e9s regener\u00e1l\u00e1s\u00e1ra k\u00e9sz\u00fclt. Ez a magas min\u0151s\u00e9g\u0171 olaj <strong data-start=\"439\" data-end=\"475\">m\u00e9lyen besz\u00edv\u00f3dik a fa p\u00f3rusaiba<\/strong>, ahol tart\u00f3s v\u00e9delmet biztos\u00edt a <strong data-start=\"509\" data-end=\"566\">nedvess\u00e9g, korhad\u00e1s, pen\u00e9szesed\u00e9s \u00e9s v\u00edzfoltok ellen.<\/strong><\/p>\n<p class=\"\" data-start=\"568\" data-end=\"763\">Ide\u00e1lis v\u00e1laszt\u00e1s <strong data-start=\"586\" data-end=\"634\">nat\u00far, kezeletlen (KIT szettek) agyaz\u00e1sokhoz<\/strong>, de kiv\u00e1l\u00f3an haszn\u00e1lhat\u00f3 <strong data-start=\"660\" data-end=\"713\">m\u00e1r megl\u00e9v\u0151, p\u00e1colt vagy lakkozott fel\u00fcleteken is<\/strong> a fa \u00fajj\u00e1\u00e9leszt\u00e9s\u00e9re \u00e9s f\u00e9ny\u00e9nek felfriss\u00edt\u00e9s\u00e9re.<\/p>\n<hr class=\"\" data-start=\"765\" data-end=\"768\" \/>\n<h4 class=\"\" data-start=\"770\" data-end=\"794\"><strong data-start=\"775\" data-end=\"794\">F\u0151bb jellemz\u0151k:<\/strong><\/h4>\n<ul data-start=\"796\" data-end=\"1063\">\n<li class=\"\" data-start=\"796\" data-end=\"819\">\n<p class=\"\" data-start=\"798\" data-end=\"819\"><strong data-start=\"798\" data-end=\"811\">Tartalom:<\/strong> 50 ml<\/p>\n<\/li>\n<li class=\"\" data-start=\"820\" data-end=\"893\">\n<p class=\"\" data-start=\"822\" data-end=\"893\"><strong data-start=\"822\" data-end=\"839\">Felhaszn\u00e1l\u00e1s:<\/strong> puskatustok, faagyz\u00e1sok, egy\u00e9b fa fel\u00fcletek \u00e1pol\u00e1sa<\/p>\n<\/li>\n<li class=\"\" data-start=\"894\" data-end=\"949\">\n<p class=\"\" data-start=\"896\" data-end=\"949\"><strong data-start=\"896\" data-end=\"909\">Funkci\u00f3k:<\/strong> impregn\u00e1l\u00e1s, konzerv\u00e1l\u00e1s, regener\u00e1l\u00e1s<\/p>\n<\/li>\n<li class=\"\" data-start=\"950\" data-end=\"1012\">\n<p class=\"\" data-start=\"952\" data-end=\"1012\"><strong data-start=\"952\" data-end=\"964\">V\u00e9delem:<\/strong> v\u00edz, pen\u00e9sz, korhad\u00e1s \u00e9s szennyez\u0151d\u00e9sek ellen<\/p>\n<\/li>\n<li class=\"\" data-start=\"1013\" data-end=\"1063\">\n<p class=\"\" data-start=\"1015\" data-end=\"1063\"><strong data-start=\"1015\" data-end=\"1028\">Alkalmas:<\/strong> nat\u00far \u00e9s p\u00e1colt fa fel\u00fcletekhez is<\/p>\n<\/li>\n<\/ul>\n<hr class=\"\" data-start=\"1065\" data-end=\"1068\" \/>\n<h4 class=\"\" data-start=\"1070\" data-end=\"1099\"><strong data-start=\"1075\" data-end=\"1099\">Haszn\u00e1lati javaslat:<\/strong><\/h4>\n<ul data-start=\"1101\" data-end=\"1390\">\n<li class=\"\" data-start=\"1101\" data-end=\"1235\">\n<p class=\"\" data-start=\"1103\" data-end=\"1235\"><strong data-start=\"1103\" data-end=\"1123\">Nat\u00far fa eset\u00e9n:<\/strong> ak\u00e1r <strong data-start=\"1129\" data-end=\"1151\">20\u201330 v\u00e9kony r\u00e9teg<\/strong> felvitele aj\u00e1nlott, am\u00edg a fa teljesen tel\u00edt\u0151dik \u00e9s kem\u00e9ny, f\u00e9nyes fel\u00fcletet kap.<\/p>\n<\/li>\n<li class=\"\" data-start=\"1236\" data-end=\"1313\">\n<p class=\"\" data-start=\"1238\" data-end=\"1313\"><strong data-start=\"1238\" data-end=\"1259\">P\u00e1colt fel\u00fcleten:<\/strong> elegend\u0151 n\u00e9h\u00e1ny r\u00e9teg a friss\u00edt\u00e9shez \u00e9s v\u00e9delemhez.<\/p>\n<\/li>\n<li class=\"\" data-start=\"1314\" data-end=\"1390\">\n<p class=\"\" data-start=\"1316\" data-end=\"1390\"><strong data-start=\"1316\" data-end=\"1335\">Felvitel m\u00f3dja:<\/strong> puha ronggyal vagy ecsettel, egyenletes mozdulatokkal.<\/p>\n<\/li>\n<\/ul>\n<hr class=\"\" data-start=\"1392\" data-end=\"1395\" \/>\n<h4 class=\"\" data-start=\"1397\" data-end=\"1422\"><strong data-start=\"1402\" data-end=\"1422\">Kiemelt el\u0151ny\u00f6k:<\/strong><\/h4>\n<p class=\"\" data-start=\"1424\" data-end=\"1756\">\u2705 <strong data-start=\"1426\" data-end=\"1456\">V\u00edzleperget\u0151 r\u00e9teget k\u00e9pez<\/strong><br data-start=\"1456\" data-end=\"1459\" \/>\ud83c\udf3f <strong data-start=\"1462\" data-end=\"1516\">Term\u00e9szetes hat\u00f3anyagokkal k\u00e9sz\u00fclt, k\u00f6rnyezetbar\u00e1t<\/strong><br data-start=\"1516\" data-end=\"1519\" \/>\ud83d\udee1\ufe0f <strong data-start=\"1523\" data-end=\"1595\">Megv\u00e9di a f\u00e1t a k\u00fcls\u0151 behat\u00e1sokt\u00f3l \u00e9s hosszabb \u00e9lettartamot biztos\u00edt<\/strong><br data-start=\"1595\" data-end=\"1598\" \/>\ud83d\udca7 <strong data-start=\"1601\" data-end=\"1631\">Nem z\u00e1rja le a fa p\u00f3rusait<\/strong>, lehet\u0151v\u00e9 teszi a fa term\u00e9szetes \u201el\u00e9legz\u00e9s\u00e9t\u201d<br data-start=\"1677\" data-end=\"1680\" \/>\ud83c\udfaf <strong data-start=\"1683\" data-end=\"1756\">Prec\u00edzi\u00f3s fa\u00e1pol\u00e1s \u2013 vad\u00e1szok \u00e9s ig\u00e9nyes fegyvertulajdonosok kedvence<\/strong><\/p>\n<hr class=\"\" data-start=\"1758\" data-end=\"1761\" \/>\n<p class=\"\" data-start=\"1763\" data-end=\"1897\">\ud83d\udccd A term\u00e9k el\u00e9rhet\u0151 \u00fczlet\u00fcnkben, vagy megrendelhet\u0151 webshopon kereszt\u00fcl.<br data-start=\"1836\" data-end=\"1839\" \/>\ud83d\udcde B\u0151vebb inform\u00e1ci\u00f3\u00e9rt keresd munkat\u00e1rsainkat bizalommal!<\/p>\n<p data-start=\"1763\" data-end=\"1897\">Az \u00e1rv\u00e1ltoz\u00e1s jog\u00e1t fenntarjuk!<\/p>\n<h3 class=\"termek-leiras\"><\/h3>\n","protected":false},"excerpt":{"rendered":"<p>Ballistol Balsin tusolaj \u00e1tl\u00e1tsz\u00f3 50ml &nbsp; Ballistol Balsin Tusolaj \u2013 50 ml Le\u00edr\u00e1s: A Ballistol Balsin tusolaj kifejezetten puskatustok \u00e9s m\u00e1s term\u00e9szetes fa fel\u00fcletek \u00e1pol\u00e1s\u00e1ra, konzerv\u00e1l\u00e1s\u00e1ra \u00e9s regener\u00e1l\u00e1s\u00e1ra k\u00e9sz\u00fclt. Ez a magas min\u0151s\u00e9g\u0171 olaj m\u00e9lyen besz\u00edv\u00f3dik a fa p\u00f3rusaiba, ahol tart\u00f3s v\u00e9delmet biztos\u00edt a nedvess\u00e9g, korhad\u00e1s, pen\u00e9szesed\u00e9s \u00e9s v\u00edzfoltok ellen. Ide\u00e1lis v\u00e1laszt\u00e1s nat\u00far, kezeletlen (KIT [&hellip;]<\/p>\n","protected":false},"featured_media":6410,"comment_status":"open","ping_status":"closed","template":"","meta":{"_et_pb_use_builder":"","_et_pb_old_content":"","_et_gb_content_width":"","om_disable_all_campaigns":false},"product_brand":[],"product_cat":[21,487,486],"product_tag":[1514],"class_list":{"0":"post-6409","1":"product","2":"type-product","3":"status-publish","4":"has-post-thumbnail","6":"product_cat-uj","7":"product_cat-belovo-pad-fegyverolaj","8":"product_cat-fegyverkiegeszitok","9":"product_tag-ballistol-balsin-tusolaj-atlatszo-50ml","11":"first","12":"instock","13":"taxable","14":"shipping-taxable","15":"purchasable","16":"product-type-simple"},"_links":{"self":[{"href":"https:\/\/www.vadaszboltcsorna.hu\/index.php\/wp-json\/wp\/v2\/product\/6409","targetHints":{"allow":["GET"]}}],"collection":[{"href":"https:\/\/www.vadaszboltcsorna.hu\/index.php\/wp-json\/wp\/v2\/product"}],"about":[{"href":"https:\/\/www.vadaszboltcsorna.hu\/index.php\/wp-json\/wp\/v2\/types\/product"}],"replies":[{"embeddable":true,"href":"https:\/\/www.vadaszboltcsorna.hu\/index.php\/wp-json\/wp\/v2\/comments?post=6409"}],"wp:featuredmedia":[{"embeddable":true,"href":"https:\/\/www.vadaszboltcsorna.hu\/index.php\/wp-json\/wp\/v2\/media\/6410"}],"wp:attachment":[{"href":"https:\/\/www.vadaszboltcsorna.hu\/index.php\/wp-json\/wp\/v2\/media?parent=6409"}],"wp:term":[{"taxonomy":"product_brand","embeddable":true,"href":"https:\/\/www.vadaszboltcsorna.hu\/index.php\/wp-json\/wp\/v2\/product_brand?post=6409"},{"taxonomy":"product_cat","embeddable":true,"href":"https:\/\/www.vadaszboltcsorna.hu\/index.php\/wp-json\/wp\/v2\/product_cat?post=6409"},{"taxonomy":"product_tag","embeddable":true,"href":"https:\/\/www.vadaszboltcsorna.hu\/index.php\/wp-json\/wp\/v2\/product_tag?post=6409"}],"curies":[{"name":"wp","href":"https:\/\/api.w.org\/{rel}","templated":true}]}}