{"id":6403,"date":"2024-12-02T09:17:07","date_gmt":"2024-12-02T09:17:07","guid":{"rendered":"https:\/\/www.vadaszboltcsorna.hu\/?post_type=product&#038;p=6403"},"modified":"2026-01-13T10:28:16","modified_gmt":"2026-01-13T10:28:16","slug":"ballistol-klever-hidegbarnito-kekito-klever-50-ml","status":"publish","type":"product","link":"https:\/\/www.vadaszboltcsorna.hu\/index.php\/termek\/ballistol-klever-hidegbarnito-kekito-klever-50-ml\/","title":{"rendered":"Ballistol Klever hidegbarn\u00edt\u00f3 \/ k\u00e9k\u00edt\u0151 Klever 50 ml"},"content":{"rendered":"<h2 style=\"text-align: center;\">Ballistol Klever hidegbarn\u00edt\u00f3 \/ k\u00e9k\u00edt\u0151 Klever 50 ml<\/h2>\n<p>&nbsp;<\/p>\n<h3><b>Term\u00e9k le\u00edr\u00e1s<\/b><\/h3>\n<h3 class=\"termek-leiras\">Ballistol KLEVER hidegbarn\u00edt\u00f3 folyad\u00e9k<br \/>\nJellemz\u0151k:<br \/>\n&#8211; F\u00e9m fel\u00fcletek barn\u00edt\u00e1s\u00e1nak\/k\u00e9k\u00edt\u00e9s\u00e9nek helyre\u00e1ll\u00edt\u00e1s\u00e1ra<br \/>\n&#8211; Nagyobb egybef\u00fcgg\u0151 f\u00e9mfel\u00fcletekre is aj\u00e1nlott<br \/>\n&#8211; Ide\u00e1lis s\u00e9r\u00fclt barn\u00edtott fel\u00fcletekre is<br \/>\n&#8211; J\u00f3 fed\u0151k\u00e9pess\u00e9g\u0171<br \/>\n&#8211; Kop\u00e1s\u00e1ll\u00f3 \u00e9s tart\u00f3s<br \/>\n&#8211; 3% kr\u00f3mot tartalmaz<br \/>\n&#8211; M\u00e9ly fekete k\u00e9kre barn\u00edtja a f\u00e9mfel\u00fcletet<\/h3>\n","protected":false},"excerpt":{"rendered":"<p>Ballistol Klever hidegbarn\u00edt\u00f3 \/ k\u00e9k\u00edt\u0151 Klever 50 ml &nbsp; Term\u00e9k le\u00edr\u00e1s Ballistol KLEVER hidegbarn\u00edt\u00f3 folyad\u00e9k Jellemz\u0151k: &#8211; F\u00e9m fel\u00fcletek barn\u00edt\u00e1s\u00e1nak\/k\u00e9k\u00edt\u00e9s\u00e9nek helyre\u00e1ll\u00edt\u00e1s\u00e1ra &#8211; Nagyobb egybef\u00fcgg\u0151 f\u00e9mfel\u00fcletekre is aj\u00e1nlott &#8211; Ide\u00e1lis s\u00e9r\u00fclt barn\u00edtott fel\u00fcletekre is &#8211; J\u00f3 fed\u0151k\u00e9pess\u00e9g\u0171 &#8211; Kop\u00e1s\u00e1ll\u00f3 \u00e9s tart\u00f3s &#8211; 3% kr\u00f3mot tartalmaz &#8211; M\u00e9ly fekete k\u00e9kre barn\u00edtja a f\u00e9mfel\u00fcletet<\/p>\n","protected":false},"featured_media":6404,"comment_status":"open","ping_status":"closed","template":"","meta":{"_et_pb_use_builder":"","_et_pb_old_content":"","_et_gb_content_width":"","om_disable_all_campaigns":false},"product_brand":[],"product_cat":[21,487,486],"product_tag":[1512],"class_list":{"0":"post-6403","1":"product","2":"type-product","3":"status-publish","4":"has-post-thumbnail","6":"product_cat-uj","7":"product_cat-belovo-pad-fegyverolaj","8":"product_cat-fegyverkiegeszitok","9":"product_tag-ballistol-klever-hidegbarnito-kekito-klever-50-ml","11":"first","12":"instock","13":"taxable","14":"shipping-taxable","15":"purchasable","16":"product-type-simple"},"_links":{"self":[{"href":"https:\/\/www.vadaszboltcsorna.hu\/index.php\/wp-json\/wp\/v2\/product\/6403","targetHints":{"allow":["GET"]}}],"collection":[{"href":"https:\/\/www.vadaszboltcsorna.hu\/index.php\/wp-json\/wp\/v2\/product"}],"about":[{"href":"https:\/\/www.vadaszboltcsorna.hu\/index.php\/wp-json\/wp\/v2\/types\/product"}],"replies":[{"embeddable":true,"href":"https:\/\/www.vadaszboltcsorna.hu\/index.php\/wp-json\/wp\/v2\/comments?post=6403"}],"wp:featuredmedia":[{"embeddable":true,"href":"https:\/\/www.vadaszboltcsorna.hu\/index.php\/wp-json\/wp\/v2\/media\/6404"}],"wp:attachment":[{"href":"https:\/\/www.vadaszboltcsorna.hu\/index.php\/wp-json\/wp\/v2\/media?parent=6403"}],"wp:term":[{"taxonomy":"product_brand","embeddable":true,"href":"https:\/\/www.vadaszboltcsorna.hu\/index.php\/wp-json\/wp\/v2\/product_brand?post=6403"},{"taxonomy":"product_cat","embeddable":true,"href":"https:\/\/www.vadaszboltcsorna.hu\/index.php\/wp-json\/wp\/v2\/product_cat?post=6403"},{"taxonomy":"product_tag","embeddable":true,"href":"https:\/\/www.vadaszboltcsorna.hu\/index.php\/wp-json\/wp\/v2\/product_tag?post=6403"}],"curies":[{"name":"wp","href":"https:\/\/api.w.org\/{rel}","templated":true}]}}