{"id":6388,"date":"2024-12-02T08:26:34","date_gmt":"2024-12-02T08:26:34","guid":{"rendered":"https:\/\/www.vadaszboltcsorna.hu\/?post_type=product&#038;p=6388"},"modified":"2025-04-08T09:37:42","modified_gmt":"2025-04-08T09:37:42","slug":"tetra-gun-provise-tisztito-allvany","status":"publish","type":"product","link":"https:\/\/www.vadaszboltcsorna.hu\/index.php\/termek\/tetra-gun-provise-tisztito-allvany\/","title":{"rendered":"TETRA GUN ProVise\u2122 tiszt\u00edt\u00f3 \u00e1llv\u00e1ny"},"content":{"rendered":"<h1 class=\"title\" style=\"text-align: center;\"><strong>TETRA GUN ProVise\u2122 tiszt\u00edt\u00f3 \u00e1llv\u00e1ny<\/strong><\/h1>\n<p>&nbsp;<\/p>\n<h3>(A term\u00e9k a tiszt\u00edt\u00f3 term\u00e9kek n\u00e9lk\u00fcl ker\u00fcl kisz\u00e1ll\u00edt\u00e1sra, azok csak dekor\u00e1ci\u00f3k)<\/h3>\n<p>&nbsp;<\/p>\n<p>&nbsp;<\/p>\n","protected":false},"excerpt":{"rendered":"<h1 class=\"title\" style=\"text-align: center;\"><strong>TETRA GUN ProVise\u2122 tiszt\u00edt\u00f3 \u00e1llv\u00e1ny<\/strong><\/h1>\n","protected":false},"featured_media":6389,"comment_status":"open","ping_status":"closed","template":"","meta":{"_et_pb_use_builder":"","_et_pb_old_content":"","_et_gb_content_width":"","om_disable_all_campaigns":false},"product_brand":[],"product_cat":[21,487,486],"product_tag":[1506],"class_list":{"0":"post-6388","1":"product","2":"type-product","3":"status-publish","4":"has-post-thumbnail","6":"product_cat-uj","7":"product_cat-belovo-pad-fegyverolaj","8":"product_cat-fegyverkiegeszitok","9":"product_tag-tetra-gun-provise-tisztito-allvany","11":"first","12":"instock","13":"taxable","14":"shipping-taxable","15":"purchasable","16":"product-type-simple"},"_links":{"self":[{"href":"https:\/\/www.vadaszboltcsorna.hu\/index.php\/wp-json\/wp\/v2\/product\/6388","targetHints":{"allow":["GET"]}}],"collection":[{"href":"https:\/\/www.vadaszboltcsorna.hu\/index.php\/wp-json\/wp\/v2\/product"}],"about":[{"href":"https:\/\/www.vadaszboltcsorna.hu\/index.php\/wp-json\/wp\/v2\/types\/product"}],"replies":[{"embeddable":true,"href":"https:\/\/www.vadaszboltcsorna.hu\/index.php\/wp-json\/wp\/v2\/comments?post=6388"}],"wp:featuredmedia":[{"embeddable":true,"href":"https:\/\/www.vadaszboltcsorna.hu\/index.php\/wp-json\/wp\/v2\/media\/6389"}],"wp:attachment":[{"href":"https:\/\/www.vadaszboltcsorna.hu\/index.php\/wp-json\/wp\/v2\/media?parent=6388"}],"wp:term":[{"taxonomy":"product_brand","embeddable":true,"href":"https:\/\/www.vadaszboltcsorna.hu\/index.php\/wp-json\/wp\/v2\/product_brand?post=6388"},{"taxonomy":"product_cat","embeddable":true,"href":"https:\/\/www.vadaszboltcsorna.hu\/index.php\/wp-json\/wp\/v2\/product_cat?post=6388"},{"taxonomy":"product_tag","embeddable":true,"href":"https:\/\/www.vadaszboltcsorna.hu\/index.php\/wp-json\/wp\/v2\/product_tag?post=6388"}],"curies":[{"name":"wp","href":"https:\/\/api.w.org\/{rel}","templated":true}]}}