{"id":6380,"date":"2024-12-02T08:18:24","date_gmt":"2024-12-02T08:18:24","guid":{"rendered":"https:\/\/www.vadaszboltcsorna.hu\/?post_type=product&#038;p=6380"},"modified":"2026-04-23T10:01:28","modified_gmt":"2026-04-23T10:01:28","slug":"walker-and-hawkes-winchester-waxos-melleny-barna","status":"publish","type":"product","link":"https:\/\/www.vadaszboltcsorna.hu\/index.php\/termek\/walker-and-hawkes-winchester-waxos-melleny-barna\/","title":{"rendered":"Walker and Hawkes \u2013 Winchester waxos mell\u00e9ny \u2013 BARNA"},"content":{"rendered":"<h2 class=\"product_title entry-title elementor-heading-title elementor-size-default\" style=\"text-align: center;\"><strong>Walker and Hawkes \u2013 Winchester waxos mell\u00e9ny \u2013 BARNA<\/strong><\/h2>\n<p>&nbsp;<\/p>\n<h3>A bels\u0151 b\u00e9l\u00e9s 100% pamut, kock\u00e1s mint\u00e1val.<\/h3>\n<h3>A k\u00fcls\u0151 fel\u00fclet neh\u00e9zs\u00faly\u00fa, 100% waxos pamutb\u00f3l k\u00e9sz\u00fclt, \u00edgy ez a mell\u00e9ny v\u00edz- \u00e9s sz\u00e9l\u00e1ll\u00f3.<\/h3>\n<h3>Tov\u00e1bbi jellemz\u0151k k\u00f6z\u00e9 tartozik a 2 k\u00e9zmeleg\u00edt\u0151 zseb, 2 el\u00fcls\u0151 zseb, k\u00e9tir\u00e1ny\u00fa, nagy teherb\u00edr\u00e1s\u00fa cipz\u00e1r patentos sz\u00e9lv\u00e9d\u0151 takar\u00e1ssal, kordb\u00e1rsony gall\u00e9r, 1 bels\u0151 zseb. A legmagasabb sz\u00ednvonal\u00fa vid\u00e9ki \u00e9s derbi ruh\u00e1zat gy\u00e1rt\u00f3ja \u00e1ltal k\u00e9sz\u00edtett term\u00e9k.<\/h3>\n<p>&nbsp;<\/p>\n<p>&nbsp;<\/p>\n","protected":false},"excerpt":{"rendered":"<p>Walker and Hawkes \u2013 Winchester waxos mell\u00e9ny \u2013 BARNA &nbsp; A bels\u0151 b\u00e9l\u00e9s 100% pamut, kock\u00e1s mint\u00e1val. A k\u00fcls\u0151 fel\u00fclet neh\u00e9zs\u00faly\u00fa, 100% waxos pamutb\u00f3l k\u00e9sz\u00fclt, \u00edgy ez a mell\u00e9ny v\u00edz- \u00e9s sz\u00e9l\u00e1ll\u00f3. Tov\u00e1bbi jellemz\u0151k k\u00f6z\u00e9 tartozik a 2 k\u00e9zmeleg\u00edt\u0151 zseb, 2 el\u00fcls\u0151 zseb, k\u00e9tir\u00e1ny\u00fa, nagy teherb\u00edr\u00e1s\u00fa cipz\u00e1r patentos sz\u00e9lv\u00e9d\u0151 takar\u00e1ssal, kordb\u00e1rsony gall\u00e9r, 1 bels\u0151 zseb. [&hellip;]<\/p>\n","protected":false},"featured_media":6384,"comment_status":"open","ping_status":"closed","template":"","meta":{"_et_pb_use_builder":"","_et_pb_old_content":"","_et_gb_content_width":"","om_disable_all_campaigns":false},"product_brand":[],"product_cat":[21,607,159],"product_tag":[1505],"class_list":{"0":"post-6380","1":"product","2":"type-product","3":"status-publish","4":"has-post-thumbnail","6":"product_cat-uj","7":"product_cat-melleny-vadasz-ruhazat","8":"product_cat-vadasz-ruhazat","9":"product_tag-walker-and-hawkes-winchester-waxos-melleny-barna","11":"first","12":"instock","13":"sale","14":"taxable","15":"shipping-taxable","16":"purchasable","17":"product-type-variable"},"_links":{"self":[{"href":"https:\/\/www.vadaszboltcsorna.hu\/index.php\/wp-json\/wp\/v2\/product\/6380","targetHints":{"allow":["GET"]}}],"collection":[{"href":"https:\/\/www.vadaszboltcsorna.hu\/index.php\/wp-json\/wp\/v2\/product"}],"about":[{"href":"https:\/\/www.vadaszboltcsorna.hu\/index.php\/wp-json\/wp\/v2\/types\/product"}],"replies":[{"embeddable":true,"href":"https:\/\/www.vadaszboltcsorna.hu\/index.php\/wp-json\/wp\/v2\/comments?post=6380"}],"wp:featuredmedia":[{"embeddable":true,"href":"https:\/\/www.vadaszboltcsorna.hu\/index.php\/wp-json\/wp\/v2\/media\/6384"}],"wp:attachment":[{"href":"https:\/\/www.vadaszboltcsorna.hu\/index.php\/wp-json\/wp\/v2\/media?parent=6380"}],"wp:term":[{"taxonomy":"product_brand","embeddable":true,"href":"https:\/\/www.vadaszboltcsorna.hu\/index.php\/wp-json\/wp\/v2\/product_brand?post=6380"},{"taxonomy":"product_cat","embeddable":true,"href":"https:\/\/www.vadaszboltcsorna.hu\/index.php\/wp-json\/wp\/v2\/product_cat?post=6380"},{"taxonomy":"product_tag","embeddable":true,"href":"https:\/\/www.vadaszboltcsorna.hu\/index.php\/wp-json\/wp\/v2\/product_tag?post=6380"}],"curies":[{"name":"wp","href":"https:\/\/api.w.org\/{rel}","templated":true}]}}