{"id":6367,"date":"2024-12-02T07:36:11","date_gmt":"2024-12-02T07:36:11","guid":{"rendered":"https:\/\/www.vadaszboltcsorna.hu\/?post_type=product&#038;p=6367"},"modified":"2024-12-02T07:48:29","modified_gmt":"2024-12-02T07:48:29","slug":"akah-onfelfujo-lesparna","status":"publish","type":"product","link":"https:\/\/www.vadaszboltcsorna.hu\/index.php\/termek\/akah-onfelfujo-lesparna\/","title":{"rendered":"AKAH \u00f6nfelf\u00faj\u00f3 lesp\u00e1rna"},"content":{"rendered":"<h2 id=\"title\" style=\"text-align: center;\"><strong>AKAH \u00f6nfelf\u00faj\u00f3 lesp\u00e1rna<\/strong><\/h2>\n<p>&nbsp;<\/p>\n<h3>AKAH \u00f6nfelf\u00faj\u00f3 lesp\u00e1rna<\/h3>\n<ul>\n<li>\n<h3>Praktikus \u00f6nfelf\u00faj\u00f3 lesp\u00e1rna<\/h3>\n<\/li>\n<li>\n<h3>Puha tapint\u00e1s\u00fa anyag<\/h3>\n<\/li>\n<li>\n<h3>Hordt\u00e1sk\u00e1val<\/h3>\n<\/li>\n<li>\n<h3>Nem csak vad\u00e1szoknak, fesztiv\u00e1lokra, szabadt\u00e9ri sz\u00ednh\u00e1zakba is aj\u00e1nljuk!<\/h3>\n<\/li>\n<\/ul>\n<h3>M\u00e9ret: 40 x 30 cm<\/h3>\n","protected":false},"excerpt":{"rendered":"<p>AKAH \u00f6nfelf\u00faj\u00f3 lesp\u00e1rna &nbsp; AKAH \u00f6nfelf\u00faj\u00f3 lesp\u00e1rna Praktikus \u00f6nfelf\u00faj\u00f3 lesp\u00e1rna Puha tapint\u00e1s\u00fa anyag Hordt\u00e1sk\u00e1val Nem csak vad\u00e1szoknak, fesztiv\u00e1lokra, szabadt\u00e9ri sz\u00ednh\u00e1zakba is aj\u00e1nljuk! M\u00e9ret: 40 x 30 cm<\/p>\n","protected":false},"featured_media":6368,"comment_status":"open","ping_status":"closed","template":"","meta":{"_et_pb_use_builder":"","_et_pb_old_content":"","_et_gb_content_width":"","om_disable_all_campaigns":false},"product_brand":[],"product_cat":[21,728,722],"product_tag":[1503],"class_list":{"0":"post-6367","1":"product","2":"type-product","3":"status-publish","4":"has-post-thumbnail","6":"product_cat-uj","7":"product_cat-lesparna","8":"product_cat-vadasz-felszereles","9":"product_tag-akah-onfelfujo-lesparna","11":"first","12":"instock","13":"sale","14":"taxable","15":"shipping-taxable","16":"purchasable","17":"product-type-simple"},"_links":{"self":[{"href":"https:\/\/www.vadaszboltcsorna.hu\/index.php\/wp-json\/wp\/v2\/product\/6367","targetHints":{"allow":["GET"]}}],"collection":[{"href":"https:\/\/www.vadaszboltcsorna.hu\/index.php\/wp-json\/wp\/v2\/product"}],"about":[{"href":"https:\/\/www.vadaszboltcsorna.hu\/index.php\/wp-json\/wp\/v2\/types\/product"}],"replies":[{"embeddable":true,"href":"https:\/\/www.vadaszboltcsorna.hu\/index.php\/wp-json\/wp\/v2\/comments?post=6367"}],"wp:featuredmedia":[{"embeddable":true,"href":"https:\/\/www.vadaszboltcsorna.hu\/index.php\/wp-json\/wp\/v2\/media\/6368"}],"wp:attachment":[{"href":"https:\/\/www.vadaszboltcsorna.hu\/index.php\/wp-json\/wp\/v2\/media?parent=6367"}],"wp:term":[{"taxonomy":"product_brand","embeddable":true,"href":"https:\/\/www.vadaszboltcsorna.hu\/index.php\/wp-json\/wp\/v2\/product_brand?post=6367"},{"taxonomy":"product_cat","embeddable":true,"href":"https:\/\/www.vadaszboltcsorna.hu\/index.php\/wp-json\/wp\/v2\/product_cat?post=6367"},{"taxonomy":"product_tag","embeddable":true,"href":"https:\/\/www.vadaszboltcsorna.hu\/index.php\/wp-json\/wp\/v2\/product_tag?post=6367"}],"curies":[{"name":"wp","href":"https:\/\/api.w.org\/{rel}","templated":true}]}}