{"id":6364,"date":"2024-12-02T07:30:27","date_gmt":"2024-12-02T07:30:27","guid":{"rendered":"https:\/\/www.vadaszboltcsorna.hu\/?post_type=product&#038;p=6364"},"modified":"2024-12-02T07:30:27","modified_gmt":"2024-12-02T07:30:27","slug":"6639-376-deerhunter-arcmaszk","status":"publish","type":"product","link":"https:\/\/www.vadaszboltcsorna.hu\/index.php\/termek\/6639-376-deerhunter-arcmaszk\/","title":{"rendered":"6639-376 \/ Deerhunter arcmaszk"},"content":{"rendered":"<h2 style=\"text-align: center;\"><strong>6639-376 \/ Deerhunter arcmaszk<\/strong><\/h2>\n<p>&nbsp;<\/p>\n<h3>Az Excape arcmaszk sztreccs anyagb\u00f3l k\u00e9sz\u00fclt, amely maxim\u00e1lis k\u00e9nyelmet ny\u00fajt, m\u00edg a kialak\u00edt\u00e1s mag\u00e1ban foglal egy sz\u00e1jny\u00edl\u00e1st, amely l\u00e9tfontoss\u00e1g\u00fa a vad\u00e1sz sz\u00e1m\u00e1ra ahhoz, hogy a vad\u00e1szat sor\u00e1n telefon\u00e1lhasson.. Az arcmaszk gyorsan sz\u00e1rad\u00f3 anyagb\u00f3l k\u00e9sz\u00fclt, antimikrobi\u00e1lis SILVADUR\u2122 kezel\u00e9ssel, amely hat\u00e9konyan szab\u00e1lyozza a szagokat.<\/h3>\n","protected":false},"excerpt":{"rendered":"<p>6639-376 \/ Deerhunter arcmaszk &nbsp; Az Excape arcmaszk sztreccs anyagb\u00f3l k\u00e9sz\u00fclt, amely maxim\u00e1lis k\u00e9nyelmet ny\u00fajt, m\u00edg a kialak\u00edt\u00e1s mag\u00e1ban foglal egy sz\u00e1jny\u00edl\u00e1st, amely l\u00e9tfontoss\u00e1g\u00fa a vad\u00e1sz sz\u00e1m\u00e1ra ahhoz, hogy a vad\u00e1szat sor\u00e1n telefon\u00e1lhasson.. Az arcmaszk gyorsan sz\u00e1rad\u00f3 anyagb\u00f3l k\u00e9sz\u00fclt, antimikrobi\u00e1lis SILVADUR\u2122 kezel\u00e9ssel, amely hat\u00e9konyan szab\u00e1lyozza a szagokat.<\/p>\n","protected":false},"featured_media":6365,"comment_status":"open","ping_status":"closed","template":"","meta":{"_et_pb_use_builder":"","_et_pb_old_content":"","_et_gb_content_width":"","om_disable_all_campaigns":false},"product_brand":[],"product_cat":[21,771,159],"product_tag":[1502],"class_list":{"0":"post-6364","1":"product","2":"type-product","3":"status-publish","4":"has-post-thumbnail","6":"product_cat-uj","7":"product_cat-sapka-sal-kesztyu-zokni","8":"product_cat-vadasz-ruhazat","9":"product_tag-6639-376-deerhunter-arcmaszk","11":"first","12":"instock","13":"sale","14":"taxable","15":"shipping-taxable","16":"purchasable","17":"product-type-simple"},"_links":{"self":[{"href":"https:\/\/www.vadaszboltcsorna.hu\/index.php\/wp-json\/wp\/v2\/product\/6364","targetHints":{"allow":["GET"]}}],"collection":[{"href":"https:\/\/www.vadaszboltcsorna.hu\/index.php\/wp-json\/wp\/v2\/product"}],"about":[{"href":"https:\/\/www.vadaszboltcsorna.hu\/index.php\/wp-json\/wp\/v2\/types\/product"}],"replies":[{"embeddable":true,"href":"https:\/\/www.vadaszboltcsorna.hu\/index.php\/wp-json\/wp\/v2\/comments?post=6364"}],"wp:featuredmedia":[{"embeddable":true,"href":"https:\/\/www.vadaszboltcsorna.hu\/index.php\/wp-json\/wp\/v2\/media\/6365"}],"wp:attachment":[{"href":"https:\/\/www.vadaszboltcsorna.hu\/index.php\/wp-json\/wp\/v2\/media?parent=6364"}],"wp:term":[{"taxonomy":"product_brand","embeddable":true,"href":"https:\/\/www.vadaszboltcsorna.hu\/index.php\/wp-json\/wp\/v2\/product_brand?post=6364"},{"taxonomy":"product_cat","embeddable":true,"href":"https:\/\/www.vadaszboltcsorna.hu\/index.php\/wp-json\/wp\/v2\/product_cat?post=6364"},{"taxonomy":"product_tag","embeddable":true,"href":"https:\/\/www.vadaszboltcsorna.hu\/index.php\/wp-json\/wp\/v2\/product_tag?post=6364"}],"curies":[{"name":"wp","href":"https:\/\/api.w.org\/{rel}","templated":true}]}}