{"id":6356,"date":"2024-11-28T11:57:48","date_gmt":"2024-11-28T11:57:48","guid":{"rendered":"https:\/\/www.vadaszboltcsorna.hu\/?post_type=product&#038;p=6356"},"modified":"2024-11-28T11:57:49","modified_gmt":"2024-11-28T11:57:49","slug":"verney-carron-presly-polar-kabat-barna-szinu","status":"publish","type":"product","link":"https:\/\/www.vadaszboltcsorna.hu\/index.php\/termek\/verney-carron-presly-polar-kabat-barna-szinu\/","title":{"rendered":"Verney-Carron Presly POL\u00c1R kab\u00e1t barna sz\u00edn\u0171"},"content":{"rendered":"<h2 class=\"page-head-title product-page-head-title position-relative\" style=\"text-align: center;\"><strong><span class=\"product-page-product-name\">Verney-Carron Presly POL\u00c1R kab\u00e1t barna sz\u00edn\u0171<\/span><\/strong><\/h2>\n<p>&nbsp;<\/p>\n<h3>Verney-Carron\u00a0PRESLY vastag, kellemes tapint\u00e1s\u00fa pol\u00e1r kab\u00e1t. Barna sz\u00edn\u0171.<\/h3>\n<ul>\n<li>\n<h3>450g\/m2 anyags\u0171r\u0171s\u00e9g<\/h3>\n<\/li>\n<li>\n<h3>steppelt v\u00e1ll, illetve k\u00f6ny\u00f6kfolt<\/h3>\n<\/li>\n<li>\n<h3>praktikus cipz\u00e1ros mellzseb \u00e9s k\u00e9t oldals\u00f3 zseb<\/h3>\n<\/li>\n<li>\n<h3>sz\u00edne: barna<\/h3>\n<\/li>\n<li>\n<h3>sz\u00e1rmaz\u00e1si orsz\u00e1g: Franciaorsz\u00e1g<\/h3>\n<\/li>\n<\/ul>\n","protected":false},"excerpt":{"rendered":"<p>Verney-Carron Presly POL\u00c1R kab\u00e1t barna sz\u00edn\u0171 &nbsp; Verney-Carron\u00a0PRESLY vastag, kellemes tapint\u00e1s\u00fa pol\u00e1r kab\u00e1t. Barna sz\u00edn\u0171. 450g\/m2 anyags\u0171r\u0171s\u00e9g steppelt v\u00e1ll, illetve k\u00f6ny\u00f6kfolt praktikus cipz\u00e1ros mellzseb \u00e9s k\u00e9t oldals\u00f3 zseb sz\u00edne: barna sz\u00e1rmaz\u00e1si orsz\u00e1g: Franciaorsz\u00e1g<\/p>\n","protected":false},"featured_media":6358,"comment_status":"open","ping_status":"closed","template":"","meta":{"_et_pb_use_builder":"","_et_pb_old_content":"","_et_gb_content_width":"","om_disable_all_campaigns":false},"product_brand":[],"product_cat":[21,553,159],"product_tag":[1501],"class_list":{"0":"post-6356","1":"product","2":"type-product","3":"status-publish","4":"has-post-thumbnail","6":"product_cat-uj","7":"product_cat-kabat","8":"product_cat-vadasz-ruhazat","9":"product_tag-verney-carron-presly-polar-kabat-barna-szinu","11":"first","12":"instock","13":"taxable","14":"shipping-taxable","15":"purchasable","16":"product-type-variable"},"_links":{"self":[{"href":"https:\/\/www.vadaszboltcsorna.hu\/index.php\/wp-json\/wp\/v2\/product\/6356","targetHints":{"allow":["GET"]}}],"collection":[{"href":"https:\/\/www.vadaszboltcsorna.hu\/index.php\/wp-json\/wp\/v2\/product"}],"about":[{"href":"https:\/\/www.vadaszboltcsorna.hu\/index.php\/wp-json\/wp\/v2\/types\/product"}],"replies":[{"embeddable":true,"href":"https:\/\/www.vadaszboltcsorna.hu\/index.php\/wp-json\/wp\/v2\/comments?post=6356"}],"wp:featuredmedia":[{"embeddable":true,"href":"https:\/\/www.vadaszboltcsorna.hu\/index.php\/wp-json\/wp\/v2\/media\/6358"}],"wp:attachment":[{"href":"https:\/\/www.vadaszboltcsorna.hu\/index.php\/wp-json\/wp\/v2\/media?parent=6356"}],"wp:term":[{"taxonomy":"product_brand","embeddable":true,"href":"https:\/\/www.vadaszboltcsorna.hu\/index.php\/wp-json\/wp\/v2\/product_brand?post=6356"},{"taxonomy":"product_cat","embeddable":true,"href":"https:\/\/www.vadaszboltcsorna.hu\/index.php\/wp-json\/wp\/v2\/product_cat?post=6356"},{"taxonomy":"product_tag","embeddable":true,"href":"https:\/\/www.vadaszboltcsorna.hu\/index.php\/wp-json\/wp\/v2\/product_tag?post=6356"}],"curies":[{"name":"wp","href":"https:\/\/api.w.org\/{rel}","templated":true}]}}