{"id":6333,"date":"2024-11-28T10:34:52","date_gmt":"2024-11-28T10:34:52","guid":{"rendered":"https:\/\/www.vadaszboltcsorna.hu\/?post_type=product&#038;p=6333"},"modified":"2024-11-28T10:34:53","modified_gmt":"2024-11-28T10:34:53","slug":"hart-montaraz-v-exkluziv-melleny","status":"publish","type":"product","link":"https:\/\/www.vadaszboltcsorna.hu\/index.php\/termek\/hart-montaraz-v-exkluziv-melleny\/","title":{"rendered":"HART MONTARAZ-V Exkluz\u00edv Mell\u00e9ny"},"content":{"rendered":"<h2 class=\"product_title entry-title elementor-heading-title elementor-size-default\" style=\"text-align: center;\"><strong><span style=\"vertical-align: inherit;\"><span style=\"vertical-align: inherit;\">HART MONTARAZ-V Exkluz\u00edv Mell\u00e9ny<\/span><\/span><\/strong><\/h2>\n<p>&nbsp;<\/p>\n<h4>Eleg\u00e1ns \u00e9s rendk\u00edv\u00fcl k\u00f6nny\u0171 kivitelben k\u00e9sz\u00fclt, meleg b\u00e9lelt mell\u00e9ny. A k\u00fcl\u00f6nleges szigetel\u0151 funkci\u00f3val ell\u00e1tott anyaga l\u00e1gy tapint\u00e1s\u00fa \u00e9s teljesen csendes mozg\u00e1s k\u00f6zben.<\/h4>\n<h4>Le\u00edr\u00e1s: Kifinomult \u00e9s pehelyk\u00f6nny\u0171 design, melegen tart\u00f3 b\u00e9lel\u00e9ssel. Az egyed\u00fcl\u00e1ll\u00f3 szigetel\u0151 technol\u00f3gi\u00e1val ell\u00e1tott anyag l\u00e1gy tapint\u00e1s\u00fa \u00e9s teljesen csendes.<\/h4>\n<h4>Technol\u00f3gia:<\/h4>\n<h4><strong>HDI140<\/strong>\u00a0Az HDI technol\u00f3gia (Magas S\u0171r\u0171s\u00e9g\u0171 Szigetel\u00e9s) meg\u0151rzi a test h\u0151j\u00e9t, an\u00e9lk\u00fcl, hogy elz\u00e1rna a fizikai aktivit\u00e1s sor\u00e1n keletkez\u0151 nedvess\u00e9get. A magas s\u0171r\u0171s\u00e9g\u0171 szintetikus mikrosz\u00e1lak kiv\u00e1l\u00f3 szigetel\u00e9st ny\u00fajtanak, an\u00e9lk\u00fcl hogy n\u00f6veln\u00e9k a ruha s\u00faly\u00e1t. Ezek a mikrosz\u00e1lak a meleg leveg\u0151 molekul\u00e1kat elz\u00e1rva, term\u00e9szetes v\u00e9delmet k\u00e9peznek az alacsony h\u0151m\u00e9rs\u00e9kletekkel szemben. Ezzel meg\u0151rizve a test\u00fcnk \u00e1ltal termelt h\u0151t. Ez a rendszer nedves k\u00f6r\u00fclm\u00e9nyek k\u00f6z\u00f6tt is meg\u0151rzi szigetel\u00e9si k\u00e9pess\u00e9g\u00e9t, k\u00f6sz\u00f6nhet\u0151en alacsony folyad\u00e9kfelsz\u00edv\u00f3d\u00e1si tulajdons\u00e1g\u00e1nak. Mindez hozz\u00e1j\u00e1rul a mell\u00e9ny gyors sz\u00e1rad\u00e1s\u00e1hoz.<\/h4>\n<h4>\u00d6sszet\u00e9tel:<\/h4>\n<ul>\n<li>\n<h4>Fels\u0151: 100% Poli\u00e9szter.<\/h4>\n<\/li>\n<li>\n<h4>T\u00f6m\u00e9s: 100% Poli\u00e9szter.<\/h4>\n<\/li>\n<li>\n<h4>B\u00e9l\u00e9s: 100% Poli\u00e9szter.<\/h4>\n<\/li>\n<\/ul>\n","protected":false},"excerpt":{"rendered":"<p>HART MONTARAZ-V Exkluz\u00edv Mell\u00e9ny &nbsp; Eleg\u00e1ns \u00e9s rendk\u00edv\u00fcl k\u00f6nny\u0171 kivitelben k\u00e9sz\u00fclt, meleg b\u00e9lelt mell\u00e9ny. A k\u00fcl\u00f6nleges szigetel\u0151 funkci\u00f3val ell\u00e1tott anyaga l\u00e1gy tapint\u00e1s\u00fa \u00e9s teljesen csendes mozg\u00e1s k\u00f6zben. Le\u00edr\u00e1s: Kifinomult \u00e9s pehelyk\u00f6nny\u0171 design, melegen tart\u00f3 b\u00e9lel\u00e9ssel. Az egyed\u00fcl\u00e1ll\u00f3 szigetel\u0151 technol\u00f3gi\u00e1val ell\u00e1tott anyag l\u00e1gy tapint\u00e1s\u00fa \u00e9s teljesen csendes. Technol\u00f3gia: HDI140\u00a0Az HDI technol\u00f3gia (Magas S\u0171r\u0171s\u00e9g\u0171 Szigetel\u00e9s) meg\u0151rzi a [&hellip;]<\/p>\n","protected":false},"featured_media":6334,"comment_status":"open","ping_status":"closed","template":"","meta":{"_et_pb_use_builder":"","_et_pb_old_content":"","_et_gb_content_width":"","om_disable_all_campaigns":false},"product_brand":[],"product_cat":[21,607,159],"product_tag":[1497],"class_list":{"0":"post-6333","1":"product","2":"type-product","3":"status-publish","4":"has-post-thumbnail","6":"product_cat-uj","7":"product_cat-melleny-vadasz-ruhazat","8":"product_cat-vadasz-ruhazat","9":"product_tag-hart-montaraz-v-exkluziv-melleny","11":"first","12":"instock","13":"taxable","14":"shipping-taxable","15":"purchasable","16":"product-type-variable"},"_links":{"self":[{"href":"https:\/\/www.vadaszboltcsorna.hu\/index.php\/wp-json\/wp\/v2\/product\/6333","targetHints":{"allow":["GET"]}}],"collection":[{"href":"https:\/\/www.vadaszboltcsorna.hu\/index.php\/wp-json\/wp\/v2\/product"}],"about":[{"href":"https:\/\/www.vadaszboltcsorna.hu\/index.php\/wp-json\/wp\/v2\/types\/product"}],"replies":[{"embeddable":true,"href":"https:\/\/www.vadaszboltcsorna.hu\/index.php\/wp-json\/wp\/v2\/comments?post=6333"}],"wp:featuredmedia":[{"embeddable":true,"href":"https:\/\/www.vadaszboltcsorna.hu\/index.php\/wp-json\/wp\/v2\/media\/6334"}],"wp:attachment":[{"href":"https:\/\/www.vadaszboltcsorna.hu\/index.php\/wp-json\/wp\/v2\/media?parent=6333"}],"wp:term":[{"taxonomy":"product_brand","embeddable":true,"href":"https:\/\/www.vadaszboltcsorna.hu\/index.php\/wp-json\/wp\/v2\/product_brand?post=6333"},{"taxonomy":"product_cat","embeddable":true,"href":"https:\/\/www.vadaszboltcsorna.hu\/index.php\/wp-json\/wp\/v2\/product_cat?post=6333"},{"taxonomy":"product_tag","embeddable":true,"href":"https:\/\/www.vadaszboltcsorna.hu\/index.php\/wp-json\/wp\/v2\/product_tag?post=6333"}],"curies":[{"name":"wp","href":"https:\/\/api.w.org\/{rel}","templated":true}]}}