{"id":6317,"date":"2024-11-28T08:40:44","date_gmt":"2024-11-28T08:40:44","guid":{"rendered":"https:\/\/www.vadaszboltcsorna.hu\/?post_type=product&#038;p=6317"},"modified":"2024-11-28T08:40:44","modified_gmt":"2024-11-28T08:40:44","slug":"grisport-horgasz-turabakancs-14503-d10g-40","status":"publish","type":"product","link":"https:\/\/www.vadaszboltcsorna.hu\/index.php\/termek\/grisport-horgasz-turabakancs-14503-d10g-40\/","title":{"rendered":"Grisport horg\u00e1sz-t\u00farabakancs 14503 D10G 40"},"content":{"rendered":"<h1 style=\"text-align: center;\">Grisport horg\u00e1sz ,vad\u00e1sz-t\u00farabakancs 14503 D10G<\/h1>\n<p>&nbsp;<\/p>\n<p>GRITEX\u00ae<br \/>\nEz a cip\u0151 az eredeti Gritex\u00ae m\u00e9rs\u00e9kelten viz\u00e1ll\u00f3 v\u00e9d\u0151b\u00e9l\u00e9ssel van ell\u00e1tva. Az anyag szerkezete ellen\u00e1ll a v\u00edznek, es\u0151nek, a h\u00f3nak \u00e9s a hidegnek. Garant\u00e1lja a meleg l\u00e1bakat a leghidegebb \u00e9s es\u0151sebb napokon is.<br \/>\nA l\u00e1b k\u00e9nyelm\u00e9t szolg\u00e1l\u00f3 Gritex\u00ae b\u00e9l\u00e9s kiz\u00e1r\u00f3lag a Grisportn\u00e1l.<\/p>\n<div id=\"page_artdet_product_type_2750558\" class=\"page_artdet_product_type_item\">\n<div class=\"page_artdet_product_type_title\">Fels\u0151r\u00e9sz:<\/div>\n<div class=\"page_artdet_product_type_value clearfix\">\n<div class=\"page_artdet_product_type_element page_artdet_product_type_element_enum page_artdet_product_type_element_aktiv bg_color_dark2 border_1 page_artdet_product_type_element_parent\" data-sku=\"Grisport_horgasz-turabakancs_14503_D10G_40\"><a class=\"text_normal\" aria-label=\"Marhab\u0151r \u00e9s gy\u00f6ngyv\u00e1szon\"><span class=\"text_color_white\">Marhab\u0151r \u00e9s gy\u00f6ngyv\u00e1szon<\/span><\/a><\/div>\n<\/div>\n<\/div>\n<div id=\"page_artdet_product_type_2768777\" class=\"page_artdet_product_type_item\">\n<div class=\"page_artdet_product_type_title\">V\u00edz\u00e1ll\u00f3s\u00e1g:<\/div>\n<div class=\"page_artdet_product_type_value clearfix\">\n<div class=\"page_artdet_product_type_element page_artdet_product_type_element_text page_artdet_product_type_element_aktiv bg_color_dark2 border_1 page_artdet_product_type_element_parent\" data-sku=\"Grisport_horgasz-turabakancs_14503_D10G_40\"><a class=\"text_normal\" aria-label=\"M\u00e9rs\u00e9kelten v\u00edz\u00e1ll\u00f3\"><span class=\"text_color_white\">M\u00e9rs\u00e9kelten v\u00edz\u00e1ll\u00f3<\/span><\/a><\/div>\n<\/div>\n<\/div>\n<div id=\"page_artdet_product_type_2768779\" class=\"page_artdet_product_type_item\">\n<div class=\"page_artdet_product_type_title\">Talp:<\/div>\n<div class=\"page_artdet_product_type_value clearfix\">\n<div class=\"page_artdet_product_type_element page_artdet_product_type_element_text page_artdet_product_type_element_aktiv bg_color_dark2 border_1 page_artdet_product_type_element_parent\" data-sku=\"Grisport_horgasz-turabakancs_14503_D10G_40\"><a class=\"text_normal\" aria-label=\"K\u00f6nny\u0171 terep\"><span class=\"text_color_white\">K\u00f6nny\u0171 terep<\/span><\/a><\/div>\n<\/div>\n<\/div>\n<div id=\"page_artdet_product_type_2768793\" class=\"page_artdet_product_type_item\">\n<div class=\"page_artdet_product_type_title\">Sz\u00e1r magass\u00e1g:<\/div>\n<div class=\"page_artdet_product_type_value clearfix\">\n<div class=\"page_artdet_product_type_element page_artdet_product_type_element_text page_artdet_product_type_element_aktiv bg_color_dark2 border_1 page_artdet_product_type_element_parent\" data-sku=\"Grisport_horgasz-turabakancs_14503_D10G_40\"><a class=\"text_normal\" aria-label=\"K\u00f6zepes sz\u00e1r\"><span class=\"text_color_white\">K\u00f6zepes sz\u00e1r<\/span><\/a><\/div>\n<\/div>\n<\/div>\n<div id=\"page_artdet_product_type_2768796\" class=\"page_artdet_product_type_item\">\n<div class=\"page_artdet_product_type_title\">Modell t\u00edpusa:<\/div>\n<div class=\"page_artdet_product_type_value clearfix\">\n<div class=\"page_artdet_product_type_element page_artdet_product_type_element_text page_artdet_product_type_element_aktiv bg_color_dark2 border_1 page_artdet_product_type_element_parent\" data-sku=\"Grisport_horgasz-turabakancs_14503_D10G_40\"><a class=\"text_normal\" aria-label=\"Modern fazon \"><span class=\"text_color_white\">Modern fazon<\/span><\/a><\/div>\n<\/div>\n<\/div>\n","protected":false},"excerpt":{"rendered":"<p>Grisport horg\u00e1sz ,vad\u00e1sz-t\u00farabakancs 14503 D10G &nbsp; GRITEX\u00ae Ez a cip\u0151 az eredeti Gritex\u00ae m\u00e9rs\u00e9kelten viz\u00e1ll\u00f3 v\u00e9d\u0151b\u00e9l\u00e9ssel van ell\u00e1tva. Az anyag szerkezete ellen\u00e1ll a v\u00edznek, es\u0151nek, a h\u00f3nak \u00e9s a hidegnek. Garant\u00e1lja a meleg l\u00e1bakat a leghidegebb \u00e9s es\u0151sebb napokon is. A l\u00e1b k\u00e9nyelm\u00e9t szolg\u00e1l\u00f3 Gritex\u00ae b\u00e9l\u00e9s kiz\u00e1r\u00f3lag a Grisportn\u00e1l. Fels\u0151r\u00e9sz: Marhab\u0151r \u00e9s gy\u00f6ngyv\u00e1szon V\u00edz\u00e1ll\u00f3s\u00e1g: M\u00e9rs\u00e9kelten [&hellip;]<\/p>\n","protected":false},"featured_media":6320,"comment_status":"open","ping_status":"closed","template":"","meta":{"_et_pb_use_builder":"","_et_pb_old_content":"","_et_gb_content_width":"","om_disable_all_campaigns":false},"product_brand":[],"product_cat":[21,163,160],"product_tag":[1494],"class_list":{"0":"post-6317","1":"product","2":"type-product","3":"status-publish","4":"has-post-thumbnail","6":"product_cat-uj","7":"product_cat-bakancs","8":"product_cat-labbelik","9":"product_tag-grisport-horgasz-turabakancs-14503-d10g","11":"first","12":"instock","13":"sale","14":"taxable","15":"shipping-taxable","16":"purchasable","17":"product-type-variable"},"_links":{"self":[{"href":"https:\/\/www.vadaszboltcsorna.hu\/index.php\/wp-json\/wp\/v2\/product\/6317","targetHints":{"allow":["GET"]}}],"collection":[{"href":"https:\/\/www.vadaszboltcsorna.hu\/index.php\/wp-json\/wp\/v2\/product"}],"about":[{"href":"https:\/\/www.vadaszboltcsorna.hu\/index.php\/wp-json\/wp\/v2\/types\/product"}],"replies":[{"embeddable":true,"href":"https:\/\/www.vadaszboltcsorna.hu\/index.php\/wp-json\/wp\/v2\/comments?post=6317"}],"wp:featuredmedia":[{"embeddable":true,"href":"https:\/\/www.vadaszboltcsorna.hu\/index.php\/wp-json\/wp\/v2\/media\/6320"}],"wp:attachment":[{"href":"https:\/\/www.vadaszboltcsorna.hu\/index.php\/wp-json\/wp\/v2\/media?parent=6317"}],"wp:term":[{"taxonomy":"product_brand","embeddable":true,"href":"https:\/\/www.vadaszboltcsorna.hu\/index.php\/wp-json\/wp\/v2\/product_brand?post=6317"},{"taxonomy":"product_cat","embeddable":true,"href":"https:\/\/www.vadaszboltcsorna.hu\/index.php\/wp-json\/wp\/v2\/product_cat?post=6317"},{"taxonomy":"product_tag","embeddable":true,"href":"https:\/\/www.vadaszboltcsorna.hu\/index.php\/wp-json\/wp\/v2\/product_tag?post=6317"}],"curies":[{"name":"wp","href":"https:\/\/api.w.org\/{rel}","templated":true}]}}