{"id":6301,"date":"2024-11-18T08:16:13","date_gmt":"2024-11-18T08:16:13","guid":{"rendered":"https:\/\/www.vadaszboltcsorna.hu\/?post_type=product&#038;p=6301"},"modified":"2024-12-04T08:33:02","modified_gmt":"2024-12-04T08:33:02","slug":"4-az-1-ben-futheto-uloparna-powerbank-tartoval","status":"publish","type":"product","link":"https:\/\/www.vadaszboltcsorna.hu\/index.php\/termek\/4-az-1-ben-futheto-uloparna-powerbank-tartoval\/","title":{"rendered":"4 az 1-ben f\u0171thet\u0151 \u00fcl\u0151p\u00e1rna powerbank tart\u00f3val"},"content":{"rendered":"<h2 style=\"text-align: center;\">4 az 1-ben f\u0171thet\u0151 \u00fcl\u0151p\u00e1rna powerbank tart\u00f3val<\/h2>\n<p>&nbsp;<\/p>\n<h4><strong>Le\u00edr\u00e1s:<\/strong><\/h4>\n<h4>Igyekezt\u00fcnk a legjobban haszn\u00e1lhat\u00f3 \u00fcl\u0151p\u00e1rn\u00e1t megalkotni, ami mindenhol meg\u00e1llja a hely\u00e9t. \u00dagy alak\u00edtottuk ki, hogy USB t\u00f6lt\u0151r\u0151l lehessen \u00fczemeltetni. Ez\u00e1ltal a maxim\u00e1lis teljes\u00edtm\u00e9nyt tudjuk kihozni az \u00fcl\u0151p\u00e1rn\u00e1b\u00f3l. A p\u00e1rna k\u00e9t gumival rendelkezik, ezek seg\u00edts\u00e9g\u00e9vel a derekunkra is r\u00e1tehetj\u00fck, vagy a kocsi h\u00e1tt\u00e1ml\u00e1j\u00e1ra. Mivel t\u00f6lt\u0151r\u0151l m\u0171k\u00f6dtethet\u0151, m\u00e9g a kutyafekhely al\u00e1 is rakhat\u00f3. Plusz h\u0151szigetel\u00e9ssel is ell\u00e1ttuk.<\/h4>\n<h4>Ezzel a f\u0171thet\u0151 \u00fcl\u0151p\u00e1rn\u00e1val m\u00e9g fagyos \u00e9s nedves id\u0151ben is kellemes melegen, sz\u00e1razon \u00e9s k\u00e9nyelmesen fog \u00fclni. Teljesen mindegy, hogy \u00f6n vad\u00e1sz \u00e9s a magaslesen \u00fcl, vagy egy stadionban egy focimeccset n\u00e9z, horg\u00e1szbottal a kez\u00e9ben egy cs\u00f3nakban, vagy csak ki szeretne \u00fclni egy parkba t\u00e9len.<\/h4>\n<h4>A f\u0171thet\u0151 \u00fcl\u0151p\u00e1rna optim\u00e1lis k\u00e9nyelmet biztos\u00edt a puha p\u00e1rn\u00e1zott fel\u00fcletnek k\u00f6sz\u00f6nhet\u0151en \u00e9s a f\u0171t\u00f6tt \u00fcl\u0151r\u00e9sz gondoskodik arr\u00f3l, hogy ne f\u00e1zzon semmilyen k\u00f6r\u00fclm\u00e9nyek k\u00f6z\u00f6tt sem. A k\u00fcls\u0151 anyag nem engedi \u00e1t a nedvess\u00e9get! Ugyanis, amikor hideg fel\u00fcletre \u00fcl\u00fcnk es\u00e9lye van annak, hogy h\u00fagy\u00fati fert\u0151z\u00e9st kapjunk. Ez\u00e9rt fontos, hogy ezt megel\u0151zz\u00fck a f\u0171thet\u0151 \u00fcl\u0151p\u00e1rn\u00e1val.<br \/>\nSoha t\u00f6bbet ne \u00fclj\u00f6n hidegre!<\/h4>\n<h4>3 fokozatban szab\u00e1lyozhat\u00f3 h\u0151m\u00e9rs\u00e9klet.<br \/>\nMegakad\u00e1lyozza a megf\u00e1z\u00e1st.<br \/>\nHelyettes\u00edti a puha \u00fcl\u0151p\u00e1rn\u00e1t.<br \/>\nRendk\u00edv\u00fcl praktikus.<br \/>\nT\u00f6k\u00e9letes h\u0151eloszt\u00e1s<br \/>\nStrapab\u00edr\u00f3 anyagb\u00f3l k\u00e9sz\u00fclt.<br \/>\nAz \u00fcl\u0151p\u00e1rna alja egy speci\u00e1lis anyagb\u00f3l k\u00e9sz\u00fclt, ami nem ereszti \u00e1t a vizet.<br \/>\nA term\u00e9ken a Z-shops log\u00f3ja is l\u00e1that\u00f3!<br \/>\npowerbank-tart\u00f3 zsebbel<br \/>\n\u00fcl\u0151fel\u00fclet m\u00e9rete: 35 x 44 cm<\/h4>\n<h4>*Powerbank nem tartozik a term\u00e9khez!<\/h4>\n","protected":false},"excerpt":{"rendered":"<p>4 az 1-ben f\u0171thet\u0151 \u00fcl\u0151p\u00e1rna powerbank tart\u00f3val &nbsp; Le\u00edr\u00e1s: Igyekezt\u00fcnk a legjobban haszn\u00e1lhat\u00f3 \u00fcl\u0151p\u00e1rn\u00e1t megalkotni, ami mindenhol meg\u00e1llja a hely\u00e9t. \u00dagy alak\u00edtottuk ki, hogy USB t\u00f6lt\u0151r\u0151l lehessen \u00fczemeltetni. Ez\u00e1ltal a maxim\u00e1lis teljes\u00edtm\u00e9nyt tudjuk kihozni az \u00fcl\u0151p\u00e1rn\u00e1b\u00f3l. A p\u00e1rna k\u00e9t gumival rendelkezik, ezek seg\u00edts\u00e9g\u00e9vel a derekunkra is r\u00e1tehetj\u00fck, vagy a kocsi h\u00e1tt\u00e1ml\u00e1j\u00e1ra. Mivel t\u00f6lt\u0151r\u0151l m\u0171k\u00f6dtethet\u0151, m\u00e9g [&hellip;]<\/p>\n","protected":false},"featured_media":6302,"comment_status":"open","ping_status":"closed","template":"","meta":{"_et_pb_use_builder":"","_et_pb_old_content":"","_et_gb_content_width":"","om_disable_all_campaigns":false},"product_brand":[],"product_cat":[21,728,722],"product_tag":[949],"class_list":{"0":"post-6301","1":"product","2":"type-product","3":"status-publish","4":"has-post-thumbnail","6":"product_cat-uj","7":"product_cat-lesparna","8":"product_cat-vadasz-felszereles","9":"product_tag-4-az-1-ben-futheto-uloparna-powerbank-tartoval","11":"first","12":"outofstock","13":"taxable","14":"shipping-taxable","15":"purchasable","16":"product-type-simple"},"_links":{"self":[{"href":"https:\/\/www.vadaszboltcsorna.hu\/index.php\/wp-json\/wp\/v2\/product\/6301","targetHints":{"allow":["GET"]}}],"collection":[{"href":"https:\/\/www.vadaszboltcsorna.hu\/index.php\/wp-json\/wp\/v2\/product"}],"about":[{"href":"https:\/\/www.vadaszboltcsorna.hu\/index.php\/wp-json\/wp\/v2\/types\/product"}],"replies":[{"embeddable":true,"href":"https:\/\/www.vadaszboltcsorna.hu\/index.php\/wp-json\/wp\/v2\/comments?post=6301"}],"wp:featuredmedia":[{"embeddable":true,"href":"https:\/\/www.vadaszboltcsorna.hu\/index.php\/wp-json\/wp\/v2\/media\/6302"}],"wp:attachment":[{"href":"https:\/\/www.vadaszboltcsorna.hu\/index.php\/wp-json\/wp\/v2\/media?parent=6301"}],"wp:term":[{"taxonomy":"product_brand","embeddable":true,"href":"https:\/\/www.vadaszboltcsorna.hu\/index.php\/wp-json\/wp\/v2\/product_brand?post=6301"},{"taxonomy":"product_cat","embeddable":true,"href":"https:\/\/www.vadaszboltcsorna.hu\/index.php\/wp-json\/wp\/v2\/product_cat?post=6301"},{"taxonomy":"product_tag","embeddable":true,"href":"https:\/\/www.vadaszboltcsorna.hu\/index.php\/wp-json\/wp\/v2\/product_tag?post=6301"}],"curies":[{"name":"wp","href":"https:\/\/api.w.org\/{rel}","templated":true}]}}