{"id":63,"date":"2021-04-12T09:37:36","date_gmt":"2021-04-12T09:37:36","guid":{"rendered":"http:\/\/www.vadaszboltcsorna.hu\/?post_type=product&#038;p=63"},"modified":"2026-05-07T20:22:36","modified_gmt":"2026-05-07T20:22:36","slug":"delta-titanium-8x56-roh-tavcso","status":"publish","type":"product","link":"https:\/\/www.vadaszboltcsorna.hu\/index.php\/termek\/delta-titanium-8x56-roh-tavcso\/","title":{"rendered":"Delta Titanium 8&#215;56 ROH t\u00e1vcs\u0151"},"content":{"rendered":"<h1>Delta Titanium 8&#215;56 ROH t\u00e1vcs\u0151<\/h1>\n<h4>A legt\u00f6bb vad\u00e1sz \u00f6r\u00f6mmel fogja majd kez\u00e9ben ezt az \u00faj Delta Titanium t\u00e1vcs\u00f6vet. A 8&#215;56 ROH tet\u0151\u00e9lprizm\u00e1s modell kisebb, mint a hagyom\u00e1nyos Delta Titanium 8&#215;56-os t\u00e1vcs\u0151. A m\u00e9ret \u00e9s s\u00faly cs\u00f6kkent\u00e9se megold\u00e1st jelent azok sz\u00e1m\u00e1ra, akik egy\u00e9bk\u00e9nt az el\u0151z\u0151 modell optik\u00e1j\u00e1ban nem tal\u00e1ltak kifog\u00e1solnival\u00f3t.A mostani tet\u0151\u00e9lprimz\u00e1s modell optikai teljes\u00edtm\u00e9ny\u00e9ben nagyon hasonl\u00f3 a porr\u00f3prizm\u00e1s v\u00e1ltozathoz.<\/h4>\n<h4>A term\u00e9k a Lengyelorsz\u00e1gban megrendezett Good Design Competition-on (J\u00f3 Design Versenyen) az els\u0151k k\u00f6z\u00f6tt volt. De nemcsak a lengyelek ismert\u00e9k el ezt a modellt. A n\u00e9met DEVA int\u00e9zm\u00e9ny meger\u0151s\u00edtette, hogy a t\u00e1vcs\u0151 f\u00e9ny\u00e1tereszt\u00e9se kiv\u00e1l\u00f3, \u00edgy \u00e9jszakai, hajnali \u00e9s nappali megfigyel\u00e9sre egyar\u00e1nt haszn\u00e1lhat\u00f3 \u00e9s j\u00f3l teljes\u00edt, hiszen egy \u00e9les \u00e9s torz\u00edt\u00e1s mented k\u00e9pet ad. \u00a0A 8x-os nagy\u00edt\u00e1s \u00e9s az 56 mm-es \u00e1tm\u00e9r\u0151 is ezt tan\u00fas\u00edtja.A l\u00e1t\u00f3mez\u0151 tekintet\u00e9ben is csak pozit\u00edvumokat \u00e9szlelhet\u00fcnk, a 119 m-es l\u00e1t\u00f3mez\u0151 \u00e9s az 1.45 m-es k\u00f6zel f\u00f3kusz ebben a kateg\u00f3ri\u00e1ban kimagasl\u00f3 \u00e9rt\u00e9k.\u00c9less\u00e9g\u00e1ll\u00edt\u00f3ja prec\u00edz, sim\u00e1n j\u00e1r, \u00edgy nagyon k\u00f6nnyen kezelhet\u0151.<\/h4>\n<h4>M\u00e9reteinek (165 mm hossz\u00fa, 140 mm sz\u00e9les \u00e9s 70 mm magas) \u00e9s s\u00faly\u00e1nak\u00a0 k\u00f6sz\u00f6nhet\u0151en kompakt \u00e9s kellemes fog\u00e1s\u00fa, igaz\u00e1n k\u00e9zhez \u00e1ll\u00f3 t\u00e1vcs\u0151. Vitathatatlan, hogy a Delta Titanium 8&#215;56 ROH m\u00e9reteiben, kivitelez\u00e9s\u00e9ben \u00e9s az \u00e1r-\u00e9rt\u00e9k ar\u00e1nyban is t\u00f6k\u00e9letess\u00e9gre t\u00f6rekszik.A Delta Titanium 8&#215;56 ROH v\u00edz\u00e1ll\u00f3 \u00e9s nitrog\u00e9n t\u00f6lt\u00e9ssel rendelkezik, mely a bels\u0151 \u00fcvegfel\u00fcleteket v\u00e9di a p\u00e1r\u00e1sod\u00e1st\u00f3l \u00e9s es\u0151ben is haszn\u00e1lhat\u00f3.<\/h4>\n<h4>A t\u00e1vcs\u0151h\u00f6z egy kem\u00e9ny \u00e9s praktikus hordt\u00e1ska, valamint egy k\u00e9nyelmes nyakp\u00e1nt is j\u00e1r. A term\u00e9k t\u00e1vcs\u0151re r\u00f6gz\u00edtett objekt\u00edvsapk\u00e1kkal rendelkezik.<\/h4>\n<h4>A\u00a0t\u00e1vcs\u0151 min\u0151s\u00e9gi benyom\u00e1st kelt, massz\u00edv, m\u00e9gis k\u00f6nny\u0171 s\u00faly\u00fa (990g), \u00e9s kellemes fog\u00e1s\u00fa. \u00d6r\u00f6m k\u00e9zben tartani. A\u00a0szemkagyl\u00f3 is szem\u00fcnkh\u00f6z \u00e1ll\u00edthat\u00f3. Az objekt\u00edvsapka a t\u00e1vcs\u0151re r\u00f6gz\u00edtve van, \u00edgy azt nem hagyjuk el egy gyors lev\u00e9tel k\u00f6zben. K\u00e9nyelmes a nyakp\u00e1ntja is \u00e9s a tok is min\u0151s\u00e9gi, kem\u00e9ny\u00edtett, bel\u00fcl b\u00e9lelt er\u0151s, eszt\u00e9tikus formatok.<\/h4>\n<h4>A\u00a0t\u00e1vcs\u0151 term\u00e9szetesen v\u00edz\u00e1ll\u00f3 \u00e9s nitrog\u00e9nnel t\u00f6lt\u00f6tt, \u00edgy ellen\u00e1ll az es\u0151nek \u00e9s a bels\u0151 \u00fcvegfel\u00fcletek sem p\u00e1r\u00e1sodhatnak be.<\/h4>\n<h4>Term\u00e9k jellemz\u0151k:<\/h4>\n<ul>\n<li>\n<h4>Nagy\u00edt\u00e1s: 8&#215;56<\/h4>\n<\/li>\n<li>\n<h4>L\u00e1t\u00f3mez\u0151: 119m\/1000m<\/h4>\n<\/li>\n<li>\n<h4>K\u00f6zelpont: 1,45 m<\/h4>\n<\/li>\n<li>\n<h4>L\u00e1t\u00f3sz\u00f6g: 6,8 fok<\/h4>\n<\/li>\n<li>\n<h4>Szemlencse \u00e1tm\u00e9r\u0151: 24 mm<\/h4>\n<\/li>\n<li>\n<h4>Kil\u00e9p\u0151 pupilla: 7 mm<\/h4>\n<\/li>\n<li>\n<h4>Sz\u00fcrk\u00fcleti \u00e9rt\u00e9k: 21,2<\/h4>\n<\/li>\n<li>\n<h4>Geometriai f\u00e9nyer\u0151: 49<\/h4>\n<\/li>\n<li>\n<h4>T\u00f6meg: 990g<\/h4>\n<\/li>\n<\/ul>\n<h4><\/h4>\n<h4>A Delt\u00e1t\u00f3l megszokottan ez a modell is <strong>10 \u00e9v garanci\u00e1s<\/strong>!<\/h4>\n<h4>Az \u00e1rak t\u00e1j\u00e9koztat\u00f3 jelleg\u0171ek,az \u00e1rv\u00e1ltoz\u00e1s jog\u00e1t fenntartjuk!<\/h4>\n","protected":false},"excerpt":{"rendered":"<p>https:\/\/www.youtube.com\/watch?v=mFhcoRpfp3U<\/p>\n","protected":false},"featured_media":64,"comment_status":"open","ping_status":"closed","template":"","meta":{"_et_pb_use_builder":"","_et_pb_old_content":"","_et_gb_content_width":"","om_disable_all_campaigns":false},"product_brand":[],"product_cat":[21,427,65],"product_tag":[73,74,67,70],"class_list":{"0":"post-63","1":"product","2":"type-product","3":"status-publish","4":"has-post-thumbnail","6":"product_cat-uj","7":"product_cat-delta-keresotavcso","8":"product_cat-keresotavcso","9":"product_tag-delta","10":"product_tag-delta-titanium-8x56-roh","11":"product_tag-keresotavcso","12":"product_tag-vadaszat","14":"first","15":"instock","16":"taxable","17":"shipping-taxable","18":"purchasable","19":"product-type-simple"},"_links":{"self":[{"href":"https:\/\/www.vadaszboltcsorna.hu\/index.php\/wp-json\/wp\/v2\/product\/63","targetHints":{"allow":["GET"]}}],"collection":[{"href":"https:\/\/www.vadaszboltcsorna.hu\/index.php\/wp-json\/wp\/v2\/product"}],"about":[{"href":"https:\/\/www.vadaszboltcsorna.hu\/index.php\/wp-json\/wp\/v2\/types\/product"}],"replies":[{"embeddable":true,"href":"https:\/\/www.vadaszboltcsorna.hu\/index.php\/wp-json\/wp\/v2\/comments?post=63"}],"wp:featuredmedia":[{"embeddable":true,"href":"https:\/\/www.vadaszboltcsorna.hu\/index.php\/wp-json\/wp\/v2\/media\/64"}],"wp:attachment":[{"href":"https:\/\/www.vadaszboltcsorna.hu\/index.php\/wp-json\/wp\/v2\/media?parent=63"}],"wp:term":[{"taxonomy":"product_brand","embeddable":true,"href":"https:\/\/www.vadaszboltcsorna.hu\/index.php\/wp-json\/wp\/v2\/product_brand?post=63"},{"taxonomy":"product_cat","embeddable":true,"href":"https:\/\/www.vadaszboltcsorna.hu\/index.php\/wp-json\/wp\/v2\/product_cat?post=63"},{"taxonomy":"product_tag","embeddable":true,"href":"https:\/\/www.vadaszboltcsorna.hu\/index.php\/wp-json\/wp\/v2\/product_tag?post=63"}],"curies":[{"name":"wp","href":"https:\/\/api.w.org\/{rel}","templated":true}]}}