{"id":6273,"date":"2024-11-04T11:32:38","date_gmt":"2024-11-04T11:32:38","guid":{"rendered":"https:\/\/www.vadaszboltcsorna.hu\/?post_type=product&#038;p=6273"},"modified":"2024-11-04T11:36:28","modified_gmt":"2024-11-04T11:36:28","slug":"pard-leopard-640-hokamera-hokamera-35-mm-es-lencsevel-es-lezeres-tavolsagmerovel","status":"publish","type":"product","link":"https:\/\/www.vadaszboltcsorna.hu\/index.php\/termek\/pard-leopard-640-hokamera-hokamera-35-mm-es-lencsevel-es-lezeres-tavolsagmerovel\/","title":{"rendered":"PARD Leopard 640 h\u0151kamera \/ h\u0151kamera 35 mm-es lencs\u00e9vel \u00e9s l\u00e9zeres t\u00e1vols\u00e1gm\u00e9r\u0151vel"},"content":{"rendered":"<h1 class=\"fn product-title\" style=\"text-align: center;\">PARD Leopard 640 h\u0151kamera \/ h\u0151kamera 35 mm-es lencs\u00e9vel \u00e9s l\u00e9zeres t\u00e1vols\u00e1gm\u00e9r\u0151vel<\/h1>\n<p>&nbsp;<\/p>\n<p><strong>T\u00edpus: LE6-35\/LRF<\/strong><\/p>\n<ul>\n<li>Nagyon k\u00f6nny\u0171 \u00e9s kompakt h\u0151kamera (360 g) be\u00e9p\u00edtett l\u00e9zeres t\u00e1vols\u00e1gm\u00e9r\u0151vel<\/li>\n<li>A h\u0151k\u00e9p\u00e9rz\u00e9kel\u0151 felbont\u00e1sa 640 x 512 px, 12 \u00b5m oszt\u00e1s \u00e9s NETD &lt; 20 mK<\/li>\n<li>OLED kijelz\u0151 1920 x 1080 pixeles felbont\u00e1ssal<\/li>\n<li>H\u0151forr\u00e1sok \u00e9szlel\u00e9se kb. 1800 m<\/li>\n<li>WLAN, k\u00e9p \u00e9s vide\u00f3 r\u00f6gz\u00edt\u00e9si funkci\u00f3 (SD k\u00e1rtya max. 128GB)<\/li>\n<li>M\u0171k\u00f6d\u00e9s norm\u00e1l 18650-es elemekkel<\/li>\n<\/ul>\n<div class=\"desc\">\n<p><strong>A berendez\u00e9s jellemz\u0151i<\/strong><\/p>\n<p><img loading=\"lazy\" decoding=\"async\" class=\"\" title=\"Nano-Beschichtung\" src=\"https:\/\/professor-optik.de\/mediafiles\/Bilder\/icon_Nano_g.png\" alt=\"Nano bevonat\" width=\"76\" height=\"76\" \/><img loading=\"lazy\" decoding=\"async\" class=\"\" title=\"vollverg\u00fctete Linsen\" src=\"https:\/\/professor-optik.de\/mediafiles\/Bilder\/icon_FMC_g.png\" alt=\"vollverg\u00fctete Linsen\" width=\"75\" height=\"75\" \/><img loading=\"lazy\" decoding=\"async\" class=\"\" title=\"IP Schutzklasse: IP66\" src=\"https:\/\/professor-optik.de\/mediafiles\/Bilder\/icon_IP67-68_g.png\" alt=\"IP Schutzklasse: IP66\" width=\"76\" height=\"76\" \/><img loading=\"lazy\" decoding=\"async\" class=\"\" title=\"Ger\u00e4t verf\u00fcgt \u00fcber USB-Anschluss\" src=\"https:\/\/professor-optik.de\/mediafiles\/Bilder\/icon_USB_g.png\" alt=\"Ger\u00e4t verf\u00fcgt \u00fcber USB-Anschluss\" width=\"77\" height=\"77\" \/><img loading=\"lazy\" decoding=\"async\" class=\"\" title=\"Ger\u00e4t verf\u00fcgt \u00fcber WiFi-Funktion\" src=\"https:\/\/professor-optik.de\/mediafiles\/Bilder\/icon_WiFi_g.png\" alt=\"Ger\u00e4t verf\u00fcgt \u00fcber WiFi-Funktion\" width=\"73\" height=\"73\" \/><img loading=\"lazy\" decoding=\"async\" class=\"\" title=\"Integrierter Speicher f\u00fcr Bilder und Videos\" src=\"https:\/\/professor-optik.de\/mediafiles\/Bilder\/icon_Record_g.png\" alt=\"Integrierter Speicher f\u00fcr Bilder und Videos\" width=\"75\" height=\"75\" \/><img loading=\"lazy\" decoding=\"async\" class=\"\" title=\"Bild\u00fcbertragung 50 Hz (Bildfrequenz)\" src=\"https:\/\/professor-optik.de\/mediafiles\/Bilder\/icon_50Hz_g.png\" alt=\"Bild\u00fcbertragung 50 Hz (Bildfrequenz)\" width=\"74\" height=\"74\" \/><\/p>\n<p><strong>Term\u00e9kinform\u00e1ci\u00f3<\/strong><br \/>\nA Pard leg\u00fajabb h\u0151kamer\u00e1s k\u00e9zi eszk\u00f6ze, a Leopard 640 LRF, minden vad\u00e1szati \u200b\u200big\u00e9nyt kiel\u00e9g\u00edt. A praktikus \u00e9s robusztus gy\u00e1rt\u00e1s\u00fa monokul\u00e1r t\u00f6k\u00e9letesen illeszkedik a k\u00e9zbe. A Leopard 640 egy \u00faj, nagy felbont\u00e1s\u00fa VOx \u00e9rz\u00e9kel\u0151n (640 x 512 pixel) alapul, \u00e9rz\u00e9kenys\u00e9ge &lt;20 mK. A h\u0151k\u00e9p egy OLED kijelz\u0151n jelenik meg, 1920 x 1080 pixeles felbont\u00e1ssal. Az 50 Hertz-es friss\u00edt\u00e9si frekvenci\u00e1val \u00e9s a 35 mm-es objekt\u00edvvel p\u00e1ros\u00edtva nagyon harmonikus \u00e9s \u00e9les h\u0151k\u00e9pet kapunk. A k\u00e9p manu\u00e1lisan f\u00f3kusz\u00e1lhat\u00f3.<\/p>\n<p>A Leopard rendelkezik az \u00f6sszes szok\u00e1sos funkci\u00f3val. P\u00e9ld\u00e1ul rendelkezik WiFi-vel, amellyel \u00e9l\u0151 k\u00e9pet tov\u00e1bb\u00edthat a mobileszk\u00f6z\u00e9re. F\u00e9nyk\u00e9p \u00e9s vide\u00f3 r\u00f6gz\u00edt\u00e9si funkci\u00f3val rendelkezik. Felv\u00e9teleit k\u00fcls\u0151 SD-k\u00e1rty\u00e1ra (max. 128 GB) mentheti \u00e9s \u00e9rheti el. A k\u00e9pet 6 k\u00fcl\u00f6nb\u00f6z\u0151 k\u00e9pm\u00f3dban \u00e9s 3 k\u00fcl\u00f6nb\u00f6z\u0151 mot\u00edvumprogramban is megjelen\u00edtheti, amelyek k\u00f6z\u00f6tt tetsz\u00e9s szerint v\u00e1lthat. A h\u0151kamera be\u00e9p\u00edtett l\u00e9zeres t\u00e1vols\u00e1gm\u00e9r\u0151vel is rendelkezik. A t\u00e1vols\u00e1gm\u00e9r\u0151 seg\u00edts\u00e9g\u00e9vel m\u00e1sodperceken bel\u00fcl pontosan meghat\u00e1rozhatja a c\u00e9lpont t\u00e1vols\u00e1g\u00e1t (hat\u00f3t\u00e1vols\u00e1ga: 1000 m). Ez jelent\u0151sen cs\u00f6kkenti a kihagyott felv\u00e9telek kock\u00e1zat\u00e1t.<\/p>\n<p>A h\u0151kamer\u00e1t egy cser\u00e9lhet\u0151 18650-es l\u00edtium-ion akkumul\u00e1tor t\u00e1pl\u00e1lja, amely ak\u00e1r 6 \u00f3r\u00e1s folyamatos haszn\u00e1latot tesz lehet\u0151v\u00e9. A k\u00e9sz\u00fcl\u00e9k USB-C-n kereszt\u00fcl t\u00f6lthet\u0151, ez\u00e9rt power bankkal is haszn\u00e1lhat\u00f3.<\/p>\n<p><img loading=\"lazy\" decoding=\"async\" class=\"wp-image-6275 aligncenter\" src=\"https:\/\/www.vadaszboltcsorna.hu\/wp-content\/uploads\/2024\/11\/pard-leopard-640-thermal-imaging-d-300x300.jpg\" alt=\"\" width=\"229\" height=\"229\" \/><\/p>\n<p><strong>a sz\u00e1ll\u00edt\u00e1s tartalmazza:<\/strong><\/p>\n<ul>\n<li>H\u0151kamera &#8211; PARD Leopard 640 LRF 35 mm-es objekt\u00edvvel<\/li>\n<li>1x 18650 akkumul\u00e1tor<\/li>\n<li>T\u00e1ska<\/li>\n<li>USB k\u00e1bel<\/li>\n<li>Haszn\u00e1lati \u00fatmutat\u00f3<\/li>\n<\/ul>\n<\/div>\n<hr \/>\n<div class=\"product-attributes\">\n<div class=\"table-responsive\">\n<table class=\"table table-striped table-bordered\" style=\"height: 608px; width: 420px;\">\n<tbody>\n<tr class=\"attr-characteristic\" style=\"height: 23px;\">\n<td class=\"attr-label word-break\" style=\"height: 23px; width: 252.697px;\">objekt\u00edvlencse \u00e1tm\u00e9r\u0151je (mm):<\/td>\n<td class=\"attr-value\" style=\"height: 23px; width: 154.433px;\"><span class=\"value\"><a class=\"label label-primary\" href=\"https:\/\/professor-optiken.de\/35_3\" target=\"_blank\" rel=\"noopener\">35<\/a><\/span><\/td>\n<\/tr>\n<tr class=\"attr-characteristic\" style=\"height: 23px;\">\n<td class=\"attr-label word-break\" style=\"height: 23px; width: 252.697px;\">t\u00edpus:<\/td>\n<td class=\"attr-value\" style=\"height: 23px; width: 154.433px;\"><span class=\"value\"><a class=\"label label-primary\" href=\"https:\/\/professor-optiken.de\/handheld\" target=\"_blank\" rel=\"noopener\">k\u00e9zi<\/a><\/span><\/td>\n<\/tr>\n<tr class=\"attr-characteristic\" style=\"height: 23px;\">\n<td class=\"attr-label word-break\" style=\"height: 23px; width: 252.697px;\">detektor felbont\u00e1s \/ pixel:<\/td>\n<td class=\"attr-value\" style=\"height: 23px; width: 154.433px;\"><span class=\"value\"><a class=\"label label-primary\" href=\"https:\/\/professor-optiken.de\/640-x-512_1\" target=\"_blank\" rel=\"noopener\">640 x 512<\/a><\/span><\/td>\n<\/tr>\n<tr class=\"attr-characteristic\" style=\"height: 10px;\">\n<td class=\"attr-label word-break\" style=\"height: 10px; width: 252.697px;\"><\/td>\n<td class=\"attr-value\" style=\"height: 10px; width: 154.433px;\"><\/td>\n<\/tr>\n<tr class=\"attr-characteristic\" style=\"height: 23px;\">\n<td class=\"attr-label word-break\" style=\"height: 23px; width: 252.697px;\"><\/td>\n<td class=\"attr-value\" style=\"height: 23px; width: 154.433px;\"><\/td>\n<\/tr>\n<tr class=\"attr-characteristic\" style=\"height: 23px;\">\n<td class=\"attr-label word-break\" style=\"height: 23px; width: 252.697px;\">optikai nagy\u00edt\u00e1s:<\/td>\n<td class=\"attr-value\" style=\"height: 23px; width: 154.433px;\"><span class=\"value\"><a class=\"label label-primary\" href=\"https:\/\/professor-optiken.de\/22x_1\" target=\"_blank\" rel=\"noopener\">2,2x<\/a><\/span><\/td>\n<\/tr>\n<tr class=\"attr-characteristic\" style=\"height: 23px;\">\n<td class=\"attr-label word-break\" style=\"height: 23px; width: 252.697px;\">pixeloszt\u00e1s (\u00b5m):<\/td>\n<td class=\"attr-value\" style=\"height: 23px; width: 154.433px;\"><span class=\"value\"><a class=\"label label-primary\" href=\"https:\/\/professor-optiken.de\/12_1\" target=\"_blank\" rel=\"noopener\">12<\/a><\/span><\/td>\n<\/tr>\n<tr class=\"attr-characteristic\" style=\"height: 23px;\">\n<td class=\"attr-label word-break\" style=\"height: 23px; width: 252.697px;\">NETD (@ 25 \u00b0C):<\/td>\n<td class=\"attr-value\" style=\"height: 23px; width: 154.433px;\"><span class=\"value\"><a class=\"label label-primary\" href=\"https:\/\/professor-optiken.de\/-20-mK_1\" target=\"_blank\" rel=\"noopener\">&lt; 20 mK<\/a><\/span><\/td>\n<\/tr>\n<tr class=\"attr-characteristic\" style=\"height: 23px;\">\n<td class=\"attr-label word-break\" style=\"height: 23px; width: 252.697px;\">digit\u00e1lis zoom:<\/td>\n<td class=\"attr-value\" style=\"height: 23px; width: 154.433px;\"><span class=\"value\"><a class=\"label label-primary\" href=\"https:\/\/professor-optiken.de\/2x-4x-6x-8x_1\" target=\"_blank\" rel=\"noopener\">2x &#8211; 4x &#8211; 6x &#8211; 8x<\/a><\/span><\/td>\n<\/tr>\n<tr class=\"attr-characteristic\" style=\"height: 23px;\">\n<td class=\"attr-label word-break\" style=\"height: 23px; width: 252.697px;\">k\u00e9pkockasebess\u00e9g (Hz):<\/td>\n<td class=\"attr-value\" style=\"height: 23px; width: 154.433px;\"><span class=\"value\"><a class=\"label label-primary\" href=\"https:\/\/professor-optiken.de\/50_3\" target=\"_blank\" rel=\"noopener\">50<\/a><\/span><\/td>\n<\/tr>\n<tr class=\"attr-characteristic\" style=\"height: 23px;\">\n<td class=\"attr-label word-break\" style=\"height: 23px; width: 252.697px;\">felbont\u00e1s \/ pixel:<\/td>\n<td class=\"attr-value\" style=\"height: 23px; width: 154.433px;\"><span class=\"value\"><a class=\"label label-primary\" href=\"https:\/\/professor-optiken.de\/1920-x-1080-OLED_1\" target=\"_blank\" rel=\"noopener\">1,920 x 1,080 (OLED)<\/a><\/span><\/td>\n<\/tr>\n<tr class=\"attr-characteristic\" style=\"height: 23px;\">\n<td class=\"attr-label word-break\" style=\"height: 23px; width: 252.697px;\">f\u00f3kusz:<\/td>\n<td class=\"attr-value\" style=\"height: 23px; width: 154.433px;\"><span class=\"value\"><a class=\"label label-primary\" href=\"https:\/\/professor-optiken.de\/manual\" target=\"_blank\" rel=\"noopener\">k\u00e9zik\u00f6nyv<\/a><\/span><\/td>\n<\/tr>\n<tr class=\"attr-characteristic\" style=\"height: 23px;\">\n<td class=\"attr-label word-break\" style=\"height: 23px; width: 252.697px;\">red\u0151ny:<\/td>\n<td class=\"attr-value\" style=\"height: 23px; width: 154.433px;\"><span class=\"value\"><a class=\"label label-primary\" href=\"https:\/\/professor-optiken.de\/auto-manual\" target=\"_blank\" rel=\"noopener\">automata \u00e9s manu\u00e1lis<\/a><\/span><\/td>\n<\/tr>\n<tr class=\"attr-characteristic\" style=\"height: 23px;\">\n<td class=\"attr-label word-break\" style=\"height: 23px; width: 252.697px;\">vide\u00f3 \u00e1tvitel:<\/td>\n<td class=\"attr-value\" style=\"height: 23px; width: 154.433px;\"><span class=\"value\"><a class=\"label label-primary\" href=\"https:\/\/professor-optiken.de\/WLAN-or-USB\" target=\"_blank\" rel=\"noopener\">WLAN vagy USB<\/a><\/span><\/td>\n<\/tr>\n<tr class=\"attr-characteristic\" style=\"height: 23px;\">\n<td class=\"attr-label word-break\" style=\"height: 23px; width: 252.697px;\">l\u00e1t\u00f3mez\u0151 (sz\u00e9less\u00e9g x magass\u00e1g):<\/td>\n<td class=\"attr-value\" style=\"height: 23px; width: 154.433px;\"><span class=\"value\"><a class=\"label label-primary\" href=\"https:\/\/professor-optiken.de\/125-x-10_1\" target=\"_blank\" rel=\"noopener\">12,5\u00b0 x 10\u00b0<\/a><\/span><\/td>\n<\/tr>\n<tr class=\"attr-characteristic\" style=\"height: 23px;\">\n<td class=\"attr-label word-break\" style=\"height: 23px; width: 252.697px;\">\u00e9szlel\u00e9s (m):<\/td>\n<td class=\"attr-value\" style=\"height: 23px; width: 154.433px;\"><span class=\"value\"><a class=\"label label-primary\" href=\"https:\/\/professor-optiken.de\/1800_3\" target=\"_blank\" rel=\"noopener\">1.800<\/a><\/span><\/td>\n<\/tr>\n<tr class=\"attr-characteristic\" style=\"height: 23px;\">\n<td class=\"attr-label word-break\" style=\"height: 23px; width: 252.697px;\">\u00e9rz\u00e9kel\u00e9si tartom\u00e1ny (m):<\/td>\n<td class=\"attr-value\" style=\"height: 23px; width: 154.433px;\"><span class=\"value\"><a class=\"label label-primary\" href=\"https:\/\/professor-optiken.de\/600_1\" target=\"_blank\" rel=\"noopener\">600<\/a><\/span><\/td>\n<\/tr>\n<tr class=\"attr-characteristic\" style=\"height: 23px;\">\n<td class=\"attr-label word-break\" style=\"height: 23px; width: 252.697px;\">azonos\u00edt\u00e1s (m):<\/td>\n<td class=\"attr-value\" style=\"height: 23px; width: 154.433px;\"><span class=\"value\"><a class=\"label label-primary\" href=\"https:\/\/professor-optiken.de\/300_5\" target=\"_blank\" rel=\"noopener\">300<\/a><\/span><\/td>\n<\/tr>\n<tr class=\"attr-characteristic\" style=\"height: 23px;\">\n<td class=\"attr-label word-break\" style=\"height: 23px; width: 252.697px;\">t\u00e1vols\u00e1gm\u00e9r\u0151:<\/td>\n<td class=\"attr-value\" style=\"height: 23px; width: 154.433px;\"><span class=\"value\"><a class=\"label label-primary\" href=\"https:\/\/professor-optiken.de\/laser-rangefinder\" target=\"_blank\" rel=\"noopener\">l\u00e9zert\u00e1vm\u00e9r\u0151<\/a><\/span><\/td>\n<\/tr>\n<tr class=\"attr-characteristic\" style=\"height: 23px;\">\n<td class=\"attr-label word-break\" style=\"height: 23px; width: 252.697px;\">WiFi \u00e1tvitel:<\/td>\n<td class=\"attr-value\" style=\"height: 23px; width: 154.433px;\"><span class=\"value\"><a class=\"label label-primary\" href=\"https:\/\/professor-optiken.de\/yes_2\" target=\"_blank\" rel=\"noopener\">igen<\/a><\/span><\/td>\n<\/tr>\n<tr class=\"attr-characteristic\" style=\"height: 23px;\">\n<td class=\"attr-label word-break\" style=\"height: 23px; width: 252.697px;\">akkumul\u00e1tor \u00fczemid\u0151 folyamatos \u00fczemben:<\/td>\n<td class=\"attr-value\" style=\"height: 23px; width: 154.433px;\"><span class=\"value\"><a class=\"label label-primary\" href=\"https:\/\/professor-optiken.de\/until-6-hrs\" target=\"_blank\" rel=\"noopener\">6 \u00f3r\u00e1ig<\/a><\/span><\/td>\n<\/tr>\n<tr class=\"attr-characteristic\" style=\"height: 23px;\">\n<td class=\"attr-label word-break\" style=\"height: 23px; width: 252.697px;\">akkumul\u00e1tor:<\/td>\n<td class=\"attr-value\" style=\"height: 23px; width: 154.433px;\"><span class=\"value\"><a class=\"label label-primary\" href=\"https:\/\/professor-optiken.de\/1x-18650-battery_1\" target=\"_blank\" rel=\"noopener\">1x 18650-es akkumul\u00e1tor<\/a><\/span><\/td>\n<\/tr>\n<tr class=\"attr-characteristic\" style=\"height: 23px;\">\n<td class=\"attr-label word-break\" style=\"height: 23px; width: 252.697px;\">IP v\u00e9detts\u00e9gi oszt\u00e1ly:<\/td>\n<td class=\"attr-value\" style=\"height: 23px; width: 154.433px;\"><span class=\"value\"><a class=\"label label-primary\" href=\"https:\/\/professor-optiken.de\/IP67_1\" target=\"_blank\" rel=\"noopener\">IP67<\/a><\/span><\/td>\n<\/tr>\n<tr class=\"attr-characteristic\" style=\"height: 23px;\">\n<td class=\"attr-label word-break\" style=\"height: 23px; width: 252.697px;\">m\u00e9retek (hxszxh) mm-ben:<\/td>\n<td class=\"attr-value\" style=\"height: 23px; width: 154.433px;\"><span class=\"value\"><a class=\"label label-primary\" href=\"https:\/\/professor-optiken.de\/169-x-58-x-48_1\" target=\"_blank\" rel=\"noopener\">169 x 58 x 48<\/a><\/span><\/td>\n<\/tr>\n<tr class=\"attr-characteristic\" style=\"height: 23px;\">\n<td class=\"attr-label word-break\" style=\"height: 23px; width: 252.697px;\">s\u00faly (g):<\/td>\n<td class=\"attr-value\" style=\"height: 23px; width: 154.433px;\"><span class=\"value\"><a class=\"label label-primary\" href=\"https:\/\/professor-optiken.de\/360_1\" target=\"_blank\" rel=\"noopener\">360<\/a><\/span><\/td>\n<\/tr>\n<tr class=\"attr-weight\" style=\"height: 23px;\">\n<td class=\"attr-label word-break\" style=\"height: 23px; width: 252.697px;\">A term\u00e9k s\u00falya:<\/td>\n<td class=\"attr-value weight-unit weight-unit-article\" style=\"height: 23px; width: 154.433px;\">0,40\u00a0kg<\/td>\n<\/tr>\n<tr class=\"attr-contents\" style=\"height: 23px;\">\n<td class=\"attr-label word-break\" style=\"height: 23px; width: 252.697px;\">Tartalom:<\/td>\n<td class=\"attr-value\" style=\"height: 23px; width: 154.433px;\">1,00 Darab<\/td>\n<\/tr>\n<\/tbody>\n<\/table>\n<\/div>\n<\/div>\n","protected":false},"excerpt":{"rendered":"<p>PARD Leopard 640 h\u0151kamera \/ h\u0151kamera 35 mm-es lencs\u00e9vel \u00e9s l\u00e9zeres t\u00e1vols\u00e1gm\u00e9r\u0151vel &nbsp; T\u00edpus: LE6-35\/LRF Nagyon k\u00f6nny\u0171 \u00e9s kompakt h\u0151kamera (360 g) be\u00e9p\u00edtett l\u00e9zeres t\u00e1vols\u00e1gm\u00e9r\u0151vel A h\u0151k\u00e9p\u00e9rz\u00e9kel\u0151 felbont\u00e1sa 640 x 512 px, 12 \u00b5m oszt\u00e1s \u00e9s NETD &lt; 20 mK OLED kijelz\u0151 1920 x 1080 pixeles felbont\u00e1ssal H\u0151forr\u00e1sok \u00e9szlel\u00e9se kb. 1800 m WLAN, k\u00e9p \u00e9s [&hellip;]<\/p>\n","protected":false},"featured_media":6278,"comment_status":"open","ping_status":"closed","template":"","meta":{"_et_pb_use_builder":"","_et_pb_old_content":"","_et_gb_content_width":"","om_disable_all_campaigns":false},"product_brand":[],"product_cat":[21,447,448],"product_tag":[528,1490],"class_list":{"0":"post-6273","1":"product","2":"type-product","3":"status-publish","4":"has-post-thumbnail","6":"product_cat-uj","7":"product_cat-hokamera","8":"product_cat-kereso-hokamera","9":"product_tag-hokamera","10":"product_tag-pard-leopard-640-hokamera-hokamera-35-mm-es-lencsevel-es-lezeres-tavolsagmerovel","12":"first","13":"instock","14":"sale","15":"taxable","16":"shipping-taxable","17":"purchasable","18":"product-type-simple"},"_links":{"self":[{"href":"https:\/\/www.vadaszboltcsorna.hu\/index.php\/wp-json\/wp\/v2\/product\/6273","targetHints":{"allow":["GET"]}}],"collection":[{"href":"https:\/\/www.vadaszboltcsorna.hu\/index.php\/wp-json\/wp\/v2\/product"}],"about":[{"href":"https:\/\/www.vadaszboltcsorna.hu\/index.php\/wp-json\/wp\/v2\/types\/product"}],"replies":[{"embeddable":true,"href":"https:\/\/www.vadaszboltcsorna.hu\/index.php\/wp-json\/wp\/v2\/comments?post=6273"}],"wp:featuredmedia":[{"embeddable":true,"href":"https:\/\/www.vadaszboltcsorna.hu\/index.php\/wp-json\/wp\/v2\/media\/6278"}],"wp:attachment":[{"href":"https:\/\/www.vadaszboltcsorna.hu\/index.php\/wp-json\/wp\/v2\/media?parent=6273"}],"wp:term":[{"taxonomy":"product_brand","embeddable":true,"href":"https:\/\/www.vadaszboltcsorna.hu\/index.php\/wp-json\/wp\/v2\/product_brand?post=6273"},{"taxonomy":"product_cat","embeddable":true,"href":"https:\/\/www.vadaszboltcsorna.hu\/index.php\/wp-json\/wp\/v2\/product_cat?post=6273"},{"taxonomy":"product_tag","embeddable":true,"href":"https:\/\/www.vadaszboltcsorna.hu\/index.php\/wp-json\/wp\/v2\/product_tag?post=6273"}],"curies":[{"name":"wp","href":"https:\/\/api.w.org\/{rel}","templated":true}]}}