{"id":6203,"date":"2024-10-01T11:33:32","date_gmt":"2024-10-01T11:33:32","guid":{"rendered":"https:\/\/www.vadaszboltcsorna.hu\/?post_type=product&#038;p=6203"},"modified":"2026-03-28T15:29:10","modified_gmt":"2026-03-28T15:29:10","slug":"tom-collins-cipzaros-pulover-418000-3932","status":"publish","type":"product","link":"https:\/\/www.vadaszboltcsorna.hu\/index.php\/termek\/tom-collins-cipzaros-pulover-418000-3932\/","title":{"rendered":"Tom Collins cipz\u00e1ros pul\u00f3ver 418000-3932"},"content":{"rendered":"<h2 style=\"text-align: center;\"><strong>Tom Collins cipz\u00e1ros pul\u00f3ver 418000-3932<\/strong><\/h2>\n<p>&nbsp;<\/p>\n<h3 style=\"text-align: center;\">Kiv\u00e1l\u00f3 min\u0151s\u00e9g\u0171 pamutb\u00f3l k\u00e9sz\u00fclt puha, v\u00e9gig cipz\u00e1ros pul\u00f3ver kapucnival.<\/h3>\n","protected":false},"excerpt":{"rendered":"<p>Tom Collins cipz\u00e1ros pul\u00f3ver 418000-3932 &nbsp; Kiv\u00e1l\u00f3 min\u0151s\u00e9g\u0171 pamutb\u00f3l k\u00e9sz\u00fclt puha, v\u00e9gig cipz\u00e1ros pul\u00f3ver kapucnival.<\/p>\n","protected":false},"featured_media":6206,"comment_status":"open","ping_status":"closed","template":"","meta":{"_et_pb_use_builder":"","_et_pb_old_content":"","_et_gb_content_width":"","om_disable_all_campaigns":false},"product_brand":[],"product_cat":[21,596,159],"product_tag":[1484],"class_list":{"0":"post-6203","1":"product","2":"type-product","3":"status-publish","4":"has-post-thumbnail","6":"product_cat-uj","7":"product_cat-pulover","8":"product_cat-vadasz-ruhazat","9":"product_tag-tom-collins-cipzaros-pulover-418000-3932","11":"first","12":"instock","13":"taxable","14":"shipping-taxable","15":"purchasable","16":"product-type-variable"},"_links":{"self":[{"href":"https:\/\/www.vadaszboltcsorna.hu\/index.php\/wp-json\/wp\/v2\/product\/6203","targetHints":{"allow":["GET"]}}],"collection":[{"href":"https:\/\/www.vadaszboltcsorna.hu\/index.php\/wp-json\/wp\/v2\/product"}],"about":[{"href":"https:\/\/www.vadaszboltcsorna.hu\/index.php\/wp-json\/wp\/v2\/types\/product"}],"replies":[{"embeddable":true,"href":"https:\/\/www.vadaszboltcsorna.hu\/index.php\/wp-json\/wp\/v2\/comments?post=6203"}],"wp:featuredmedia":[{"embeddable":true,"href":"https:\/\/www.vadaszboltcsorna.hu\/index.php\/wp-json\/wp\/v2\/media\/6206"}],"wp:attachment":[{"href":"https:\/\/www.vadaszboltcsorna.hu\/index.php\/wp-json\/wp\/v2\/media?parent=6203"}],"wp:term":[{"taxonomy":"product_brand","embeddable":true,"href":"https:\/\/www.vadaszboltcsorna.hu\/index.php\/wp-json\/wp\/v2\/product_brand?post=6203"},{"taxonomy":"product_cat","embeddable":true,"href":"https:\/\/www.vadaszboltcsorna.hu\/index.php\/wp-json\/wp\/v2\/product_cat?post=6203"},{"taxonomy":"product_tag","embeddable":true,"href":"https:\/\/www.vadaszboltcsorna.hu\/index.php\/wp-json\/wp\/v2\/product_tag?post=6203"}],"curies":[{"name":"wp","href":"https:\/\/api.w.org\/{rel}","templated":true}]}}