{"id":6198,"date":"2024-09-27T11:19:08","date_gmt":"2024-09-27T11:19:08","guid":{"rendered":"https:\/\/www.vadaszboltcsorna.hu\/?post_type=product&#038;p=6198"},"modified":"2024-09-27T11:19:57","modified_gmt":"2024-09-27T11:19:57","slug":"denler-kozepresz-hosszitott-atn-x-sight-4k","status":"publish","type":"product","link":"https:\/\/www.vadaszboltcsorna.hu\/index.php\/termek\/denler-kozepresz-hosszitott-atn-x-sight-4k\/","title":{"rendered":"Dentler k\u00f6z\u00e9pr\u00e9sz hossz\u00edtott ATN X-Sight 4K"},"content":{"rendered":"<h2 style=\"text-align: left;\"><strong>Dentler k\u00f6z\u00e9pr\u00e9sz hossz\u00edtott ATN X-Sight 4K<\/strong><\/h2>\n","protected":false},"excerpt":{"rendered":"<p>Dentler k\u00f6z\u00e9pr\u00e9sz hossz\u00edtott ATN X-Sight 4K<\/p>\n","protected":false},"featured_media":6199,"comment_status":"open","ping_status":"closed","template":"","meta":{"_et_pb_use_builder":"","_et_pb_old_content":"","_et_gb_content_width":"","om_disable_all_campaigns":false},"product_brand":[],"product_cat":[21,374,655],"product_tag":[1483],"class_list":{"0":"post-6198","1":"product","2":"type-product","3":"status-publish","4":"has-post-thumbnail","6":"product_cat-uj","7":"product_cat-dentler-szerelek","8":"product_cat-szereleksin","9":"product_tag-denler-kozepresz-hosszitott-atn-x-sight-4k","11":"first","12":"instock","13":"sale","14":"taxable","15":"shipping-taxable","16":"purchasable","17":"product-type-simple"},"_links":{"self":[{"href":"https:\/\/www.vadaszboltcsorna.hu\/index.php\/wp-json\/wp\/v2\/product\/6198","targetHints":{"allow":["GET"]}}],"collection":[{"href":"https:\/\/www.vadaszboltcsorna.hu\/index.php\/wp-json\/wp\/v2\/product"}],"about":[{"href":"https:\/\/www.vadaszboltcsorna.hu\/index.php\/wp-json\/wp\/v2\/types\/product"}],"replies":[{"embeddable":true,"href":"https:\/\/www.vadaszboltcsorna.hu\/index.php\/wp-json\/wp\/v2\/comments?post=6198"}],"wp:featuredmedia":[{"embeddable":true,"href":"https:\/\/www.vadaszboltcsorna.hu\/index.php\/wp-json\/wp\/v2\/media\/6199"}],"wp:attachment":[{"href":"https:\/\/www.vadaszboltcsorna.hu\/index.php\/wp-json\/wp\/v2\/media?parent=6198"}],"wp:term":[{"taxonomy":"product_brand","embeddable":true,"href":"https:\/\/www.vadaszboltcsorna.hu\/index.php\/wp-json\/wp\/v2\/product_brand?post=6198"},{"taxonomy":"product_cat","embeddable":true,"href":"https:\/\/www.vadaszboltcsorna.hu\/index.php\/wp-json\/wp\/v2\/product_cat?post=6198"},{"taxonomy":"product_tag","embeddable":true,"href":"https:\/\/www.vadaszboltcsorna.hu\/index.php\/wp-json\/wp\/v2\/product_tag?post=6198"}],"curies":[{"name":"wp","href":"https:\/\/api.w.org\/{rel}","templated":true}]}}