{"id":6168,"date":"2024-09-18T13:23:53","date_gmt":"2024-09-18T13:23:53","guid":{"rendered":"https:\/\/www.vadaszboltcsorna.hu\/?post_type=product&#038;p=6168"},"modified":"2026-01-26T07:37:56","modified_gmt":"2026-01-26T07:37:56","slug":"deerhunter-futheto-alaoltozet-nadrag-7187-999","status":"publish","type":"product","link":"https:\/\/www.vadaszboltcsorna.hu\/index.php\/termek\/deerhunter-futheto-alaoltozet-nadrag-7187-999\/","title":{"rendered":"Deerhunter f\u0171thet\u0151 al\u00e1\u00f6lt\u00f6zet nadr\u00e1g 7187\/999"},"content":{"rendered":"<h2 style=\"text-align: center;\"><strong>Deerhunter f\u0171thet\u0151 al\u00e1\u00f6lt\u00f6zet nadr\u00e1g 7187\/999<\/strong><\/h2>\n<ul>\n<li>\n<h3>Integr\u00e1lt f\u0171t\u0151rendszer<\/h3>\n<\/li>\n<li>\n<h3>BE\/KI gomb<\/h3>\n<\/li>\n<li>\n<h3>H\u00e1rom h\u0151fokozat<\/h3>\n<\/li>\n<li>\n<h3>F\u0171t\u0151elemek a combokon<\/h3>\n<\/li>\n<li>\n<h3>Mos\u00f3g\u00e9pben moshat\u00f3 a mell\u00e9kelt mos\u00f3zs\u00e1kkal<\/h3>\n<\/li>\n<li>\n<h3>Zseb a powerbank sz\u00e1m\u00e1ra<\/h3>\n<\/li>\n<li>\n<h3>Powerbank nem tartoz\u00e9k<\/h3>\n<\/li>\n<li>\n<h3>5.000 mAh-s powerbank haszn\u00e1lat\u00e1t javasoljuk<\/h3>\n<\/li>\n<li>\n<h3>H\u00f6lgyek sz\u00e1m\u00e1ra is alkalmas<\/h3>\n<\/li>\n<\/ul>\n<h3>Ha a t\u00e9li hideg m\u00e9ly\u00e9n \u00fclsz egy magaslesben, vagy p\u00e9zsmatulokra vad\u00e1szol Gr\u00f6nlandon, a Deerhunter f\u0171thet\u0151 leggings, h\u00e1rom h\u0151fokozattal, t\u00f6k\u00e9letes alapot ny\u00fajt az eg\u00e9sz napos k\u00e9nyelemhez a kih\u00edv\u00e1st jelent\u0151 \u00e9ghajlatokban. Az integr\u00e1lt f\u0171t\u0151rendszer egy f\u0171t\u0151elemet tartalmaz a comb el\u00fcls\u0151 r\u00e9sz\u00e9n, \u00e9s egy k\u00f6nnyen hozz\u00e1f\u00e9rhet\u0151 zsebben tal\u00e1lhat\u00f3 BE\/KI gombbal van ell\u00e1tva. Ezek a leggings-ek mos\u00f3g\u00e9pben moshat\u00f3k, puh\u00e1k tapint\u00e1sra, \u00e9s a b\u0151r\u00f6n is k\u00e9nyelmes viseletet biztos\u00edtanak. Miut\u00e1n egyszer kipr\u00f3b\u00e1lod \u0151ket, minden t\u00e9li szabadt\u00e9ri kalandodra ezeket fogod v\u00e1lasztani. Ezek a leggings-ek uniszex kivitel\u0171ek.<\/h3>\n","protected":false},"excerpt":{"rendered":"<p>Deerhunter f\u0171thet\u0151 al\u00e1\u00f6lt\u00f6zet nadr\u00e1g 7187\/999 Integr\u00e1lt f\u0171t\u0151rendszer BE\/KI gomb H\u00e1rom h\u0151fokozat F\u0171t\u0151elemek a combokon Mos\u00f3g\u00e9pben moshat\u00f3 a mell\u00e9kelt mos\u00f3zs\u00e1kkal Zseb a powerbank sz\u00e1m\u00e1ra Powerbank nem tartoz\u00e9k 5.000 mAh-s powerbank haszn\u00e1lat\u00e1t javasoljuk H\u00f6lgyek sz\u00e1m\u00e1ra is alkalmas Ha a t\u00e9li hideg m\u00e9ly\u00e9n \u00fclsz egy magaslesben, vagy p\u00e9zsmatulokra vad\u00e1szol Gr\u00f6nlandon, a Deerhunter f\u0171thet\u0151 leggings, h\u00e1rom h\u0151fokozattal, t\u00f6k\u00e9letes alapot [&hellip;]<\/p>\n","protected":false},"featured_media":6172,"comment_status":"open","ping_status":"closed","template":"","meta":{"_et_pb_use_builder":"","_et_pb_old_content":"","_et_gb_content_width":"","om_disable_all_campaigns":false},"product_brand":[],"product_cat":[21,602,159],"product_tag":[1475],"class_list":{"0":"post-6168","1":"product","2":"type-product","3":"status-publish","4":"has-post-thumbnail","6":"product_cat-uj","7":"product_cat-futheto-ruhazat","8":"product_cat-vadasz-ruhazat","9":"product_tag-deerhunter-futheto-alaoltozet-nadrag-7187-999","11":"first","12":"instock","13":"sale","14":"taxable","15":"shipping-taxable","16":"purchasable","17":"product-type-variable"},"_links":{"self":[{"href":"https:\/\/www.vadaszboltcsorna.hu\/index.php\/wp-json\/wp\/v2\/product\/6168","targetHints":{"allow":["GET"]}}],"collection":[{"href":"https:\/\/www.vadaszboltcsorna.hu\/index.php\/wp-json\/wp\/v2\/product"}],"about":[{"href":"https:\/\/www.vadaszboltcsorna.hu\/index.php\/wp-json\/wp\/v2\/types\/product"}],"replies":[{"embeddable":true,"href":"https:\/\/www.vadaszboltcsorna.hu\/index.php\/wp-json\/wp\/v2\/comments?post=6168"}],"wp:featuredmedia":[{"embeddable":true,"href":"https:\/\/www.vadaszboltcsorna.hu\/index.php\/wp-json\/wp\/v2\/media\/6172"}],"wp:attachment":[{"href":"https:\/\/www.vadaszboltcsorna.hu\/index.php\/wp-json\/wp\/v2\/media?parent=6168"}],"wp:term":[{"taxonomy":"product_brand","embeddable":true,"href":"https:\/\/www.vadaszboltcsorna.hu\/index.php\/wp-json\/wp\/v2\/product_brand?post=6168"},{"taxonomy":"product_cat","embeddable":true,"href":"https:\/\/www.vadaszboltcsorna.hu\/index.php\/wp-json\/wp\/v2\/product_cat?post=6168"},{"taxonomy":"product_tag","embeddable":true,"href":"https:\/\/www.vadaszboltcsorna.hu\/index.php\/wp-json\/wp\/v2\/product_tag?post=6168"}],"curies":[{"name":"wp","href":"https:\/\/api.w.org\/{rel}","templated":true}]}}