{"id":6161,"date":"2024-09-18T13:14:10","date_gmt":"2024-09-18T13:14:10","guid":{"rendered":"https:\/\/www.vadaszboltcsorna.hu\/?post_type=product&#038;p=6161"},"modified":"2026-01-26T07:35:51","modified_gmt":"2026-01-26T07:35:51","slug":"deerhunter-cipzaras-nyaku-futheto-alaoltozet-7186-999","status":"publish","type":"product","link":"https:\/\/www.vadaszboltcsorna.hu\/index.php\/termek\/deerhunter-cipzaras-nyaku-futheto-alaoltozet-7186-999\/","title":{"rendered":"Deerhunter Cipz\u00e1ras nyak\u00fa f\u0171thet\u0151 al\u00e1\u00f6lt\u00f6zet. 7186\/999"},"content":{"rendered":"<h2 style=\"text-align: center;\"><strong>Deerhunter Cipz\u00e1ras nyak\u00fa f\u0171thet\u0151 al\u00e1\u00f6lt\u00f6zet. 7186\/999<\/strong><\/h2>\n<p>&nbsp;<\/p>\n<ul>\n<li>\n<h3>Cipz\u00e1ras nyak<\/h3>\n<\/li>\n<li>\n<h3>Integr\u00e1lt f\u0171t\u0151rendszer<\/h3>\n<\/li>\n<li>\n<h3>BE\/KI gomb<\/h3>\n<\/li>\n<li>\n<h3>H\u00e1rom f\u0171t\u00e9si fokozat<\/h3>\n<\/li>\n<li>\n<h3>K\u00e9t f\u0171t\u0151elem a h\u00e1ton<\/h3>\n<\/li>\n<li>\n<h3>Mos\u00f3g\u00e9pben moshat\u00f3 a mell\u00e9kelt mos\u00f3zs\u00e1kkal<\/h3>\n<\/li>\n<li>\n<h3>Zseb a powerbank sz\u00e1m\u00e1ra<\/h3>\n<\/li>\n<li>\n<h3>Powerbank nem tartoz\u00e9k<\/h3>\n<\/li>\n<li>\n<h3>5.000 mAh-s powerbank haszn\u00e1lat\u00e1t javasoljuk<\/h3>\n<\/li>\n<li>\n<h3>H\u00f6lgyek sz\u00e1m\u00e1ra is alkalmas<\/h3>\n<\/li>\n<\/ul>\n<h3>A Deerhunter f\u0171thet\u0151 al\u00e1\u00f6lt\u00f6zetet egy \u00fajrat\u00f6lthet\u0151 powerbank m\u0171k\u00f6dteti, amely h\u00e1rom h\u0151fokozatot biztos\u00edt az eg\u00e9sz napos k\u00e9nyelem \u00e9rdek\u00e9ben, b\u00e1rmilyen id\u0151j\u00e1r\u00e1s eset\u00e9n. Az integr\u00e1lt f\u0171t\u0151rendszer k\u00e9t f\u0171t\u0151elemet tartalmaz a h\u00e1ton, ahol legink\u00e1bb \u00e9rezz\u00fck a hideget. A f\u0171thet\u0151 al\u00e1\u00f6lt\u00f6zet cipz\u00e1ras nyakkal rendelkezik, puha tapint\u00e1s\u00fa \u00e9s k\u00e9nyelmes viselet a b\u0151r\u00f6n, r\u00e1ad\u00e1sul mos\u00f3g\u00e9pben is moshat\u00f3.<\/h3>\n","protected":false},"excerpt":{"rendered":"<p>Deerhunter Cipz\u00e1ras nyak\u00fa f\u0171thet\u0151 al\u00e1\u00f6lt\u00f6zet. 7186\/999 &nbsp; Cipz\u00e1ras nyak Integr\u00e1lt f\u0171t\u0151rendszer BE\/KI gomb H\u00e1rom f\u0171t\u00e9si fokozat K\u00e9t f\u0171t\u0151elem a h\u00e1ton Mos\u00f3g\u00e9pben moshat\u00f3 a mell\u00e9kelt mos\u00f3zs\u00e1kkal Zseb a powerbank sz\u00e1m\u00e1ra Powerbank nem tartoz\u00e9k 5.000 mAh-s powerbank haszn\u00e1lat\u00e1t javasoljuk H\u00f6lgyek sz\u00e1m\u00e1ra is alkalmas A Deerhunter f\u0171thet\u0151 al\u00e1\u00f6lt\u00f6zetet egy \u00fajrat\u00f6lthet\u0151 powerbank m\u0171k\u00f6dteti, amely h\u00e1rom h\u0151fokozatot biztos\u00edt az eg\u00e9sz [&hellip;]<\/p>\n","protected":false},"featured_media":6165,"comment_status":"open","ping_status":"closed","template":"","meta":{"_et_pb_use_builder":"","_et_pb_old_content":"","_et_gb_content_width":"","om_disable_all_campaigns":false},"product_brand":[],"product_cat":[21,602,159],"product_tag":[1474],"class_list":{"0":"post-6161","1":"product","2":"type-product","3":"status-publish","4":"has-post-thumbnail","6":"product_cat-uj","7":"product_cat-futheto-ruhazat","8":"product_cat-vadasz-ruhazat","9":"product_tag-deerhunter-cipzaras-nyaku-futheto-alaoltozet-7186-999","11":"first","12":"instock","13":"taxable","14":"shipping-taxable","15":"purchasable","16":"product-type-variable"},"_links":{"self":[{"href":"https:\/\/www.vadaszboltcsorna.hu\/index.php\/wp-json\/wp\/v2\/product\/6161","targetHints":{"allow":["GET"]}}],"collection":[{"href":"https:\/\/www.vadaszboltcsorna.hu\/index.php\/wp-json\/wp\/v2\/product"}],"about":[{"href":"https:\/\/www.vadaszboltcsorna.hu\/index.php\/wp-json\/wp\/v2\/types\/product"}],"replies":[{"embeddable":true,"href":"https:\/\/www.vadaszboltcsorna.hu\/index.php\/wp-json\/wp\/v2\/comments?post=6161"}],"wp:featuredmedia":[{"embeddable":true,"href":"https:\/\/www.vadaszboltcsorna.hu\/index.php\/wp-json\/wp\/v2\/media\/6165"}],"wp:attachment":[{"href":"https:\/\/www.vadaszboltcsorna.hu\/index.php\/wp-json\/wp\/v2\/media?parent=6161"}],"wp:term":[{"taxonomy":"product_brand","embeddable":true,"href":"https:\/\/www.vadaszboltcsorna.hu\/index.php\/wp-json\/wp\/v2\/product_brand?post=6161"},{"taxonomy":"product_cat","embeddable":true,"href":"https:\/\/www.vadaszboltcsorna.hu\/index.php\/wp-json\/wp\/v2\/product_cat?post=6161"},{"taxonomy":"product_tag","embeddable":true,"href":"https:\/\/www.vadaszboltcsorna.hu\/index.php\/wp-json\/wp\/v2\/product_tag?post=6161"}],"curies":[{"name":"wp","href":"https:\/\/api.w.org\/{rel}","templated":true}]}}