{"id":6130,"date":"2024-09-18T06:46:18","date_gmt":"2024-09-18T06:46:18","guid":{"rendered":"https:\/\/www.vadaszboltcsorna.hu\/?post_type=product&#038;p=6130"},"modified":"2024-09-18T06:46:19","modified_gmt":"2024-09-18T06:46:19","slug":"therm-futott-talpbetet-vezetekes","status":"publish","type":"product","link":"https:\/\/www.vadaszboltcsorna.hu\/index.php\/termek\/therm-futott-talpbetet-vezetekes\/","title":{"rendered":"THERM F\u0171t\u00f6tt talpbet\u00e9t vezet\u00e9kes"},"content":{"rendered":"<h2 class=\"product_title entry-title elementor-heading-title elementor-size-default\" style=\"text-align: center;\"><strong>THERM F\u0171t\u00f6tt talpbet\u00e9t vezet\u00e9kes<\/strong><\/h2>\n<p>&nbsp;<\/p>\n<h3>Delphin THERM \u2013 Az ide\u00e1lis megold\u00e1s a hideg t\u00e9li napokra, amely garant\u00e1ltan melegen tartja a l\u00e1b\u00e1t, m\u00e9g a legzordabb id\u0151j\u00e1r\u00e1si k\u00f6r\u00fclm\u00e9nyek k\u00f6z\u00f6tt is!<\/h3>\n<h3>Ez az elektromos f\u0171t\u00f6tt talpbet\u00e9t t\u00f6k\u00e9letes v\u00e1laszt\u00e1s mindenkinek, aki sok id\u0151t t\u00f6lt a szabadban t\u00e9len, legyen sz\u00f3 vad\u00e1szatr\u00f3l, t\u00far\u00e1z\u00e1sr\u00f3l vagy ak\u00e1r h\u00e9tk\u00f6znapi haszn\u00e1latr\u00f3l. Az univerz\u00e1lis, 40-46-os m\u00e9ret r\u00e9v\u00e9n szinte b\u00e1rmilyen cip\u0151h\u00f6z illeszkedik.<\/h3>\n<h3>Egyszer\u0171en csatlakoztassa a talpbet\u00e9tet USB-n kereszt\u00fcl egy power bankhoz vagy m\u00e1s \u00e1ramforr\u00e1shoz, \u00e9s \u00e9lvezze a kellemes meleget, amely ak\u00e1r 40-45 \u00b0C-ig is felmeleg\u00edti a cip\u0151je belsej\u00e9t. Figyelem: a k\u00f6zvetlen h\u00e1l\u00f3zati csatlakoz\u00e1st nem javasoljuk! Miut\u00e1n elt\u00e1vol\u00edtja az \u00e1ramforr\u00e1st, a talpbet\u00e9t lassan kih\u0171l, biztos\u00edtva a hosszabb ideig tart\u00f3 k\u00e9nyelmet.<\/h3>\n<h3>A Delphin THERM talpbet\u00e9t k\u00fcl\u00f6n\u00f6sen hasznos, ha hosszabb ideig egy helyben kell maradnia a hidegben, p\u00e9ld\u00e1ul t\u00e9li vad\u00e1szat sor\u00e1n. Az extra k\u00e9nyelem \u00e9rdek\u00e9ben a talpbet\u00e9tek rendk\u00edv\u00fcl puha anyagb\u00f3l k\u00e9sz\u00fcltek.<\/h3>\n<h3>Fontos tudnival\u00f3k:<\/h3>\n<h3>A talpbet\u00e9tek nem \u00e9rintkezhetnek v\u00edzzel.<br \/>\n\u00c1ramforr\u00e1sra csatlakoztatott \u00e1llapotban mindig \u00f3vatosan kezelje.<br \/>\nSoha ne hagyja a talpbet\u00e9teket fel\u00fcgyelet n\u00e9lk\u00fcl csatlakoztatva.<br \/>\nHa b\u00e1rmilyen s\u00e9r\u00fcl\u00e9st tapasztal a term\u00e9ken, azonnal hagyja abba a haszn\u00e1lat\u00e1t!<\/h3>\n<h3>Ne hagyja, hogy a hideg elvegye a term\u00e9szetj\u00e1r\u00e1s \u00f6r\u00f6m\u00e9t! A Delphin THERM f\u0171t\u00f6tt talpbet\u00e9ttel a l\u00e1bai mindig melegek maradnak, \u00edgy \u00d6n teljes m\u00e9rt\u00e9kben \u00e9lvezheti a szabadban t\u00f6lt\u00f6tt id\u0151t.<\/h3>\n<h3>Technikai adatok:<\/h3>\n<h3>M\u00e9ret: 40-46<br \/>\nMaxim\u00e1lis h\u0151m\u00e9rs\u00e9klet: 40-45 \u00b0C<br \/>\nT\u00f6lt\u00e9s: USB<\/h3>\n<h3>Tegye m\u00e9g \u00e9lvezetesebb\u00e9 a hideg \u00e9vszakot a Delphin THERM talpbet\u00e9ttel!<\/h3>\n<p><iframe loading=\"lazy\" title=\"Delphin THERM\" width=\"1080\" height=\"608\" src=\"https:\/\/www.youtube.com\/embed\/OOI8yK97mqI?feature=oembed\"  allow=\"accelerometer; autoplay; clipboard-write; encrypted-media; gyroscope; picture-in-picture; web-share\" referrerpolicy=\"strict-origin-when-cross-origin\" allowfullscreen><\/iframe><\/p>\n","protected":false},"excerpt":{"rendered":"<p>THERM F\u0171t\u00f6tt talpbet\u00e9t vezet\u00e9kes &nbsp; Delphin THERM \u2013 Az ide\u00e1lis megold\u00e1s a hideg t\u00e9li napokra, amely garant\u00e1ltan melegen tartja a l\u00e1b\u00e1t, m\u00e9g a legzordabb id\u0151j\u00e1r\u00e1si k\u00f6r\u00fclm\u00e9nyek k\u00f6z\u00f6tt is! Ez az elektromos f\u0171t\u00f6tt talpbet\u00e9t t\u00f6k\u00e9letes v\u00e1laszt\u00e1s mindenkinek, aki sok id\u0151t t\u00f6lt a szabadban t\u00e9len, legyen sz\u00f3 vad\u00e1szatr\u00f3l, t\u00far\u00e1z\u00e1sr\u00f3l vagy ak\u00e1r h\u00e9tk\u00f6znapi haszn\u00e1latr\u00f3l. Az univerz\u00e1lis, 40-46-os m\u00e9ret [&hellip;]<\/p>\n","protected":false},"featured_media":6133,"comment_status":"open","ping_status":"closed","template":"","meta":{"_et_pb_use_builder":"","_et_pb_old_content":"","_et_gb_content_width":"","om_disable_all_campaigns":false},"product_brand":[],"product_cat":[21,602,159],"product_tag":[1468],"class_list":{"0":"post-6130","1":"product","2":"type-product","3":"status-publish","4":"has-post-thumbnail","6":"product_cat-uj","7":"product_cat-futheto-ruhazat","8":"product_cat-vadasz-ruhazat","9":"product_tag-therm-futott-talpbetet-vezetekes","11":"first","12":"instock","13":"sale","14":"taxable","15":"shipping-taxable","16":"purchasable","17":"product-type-simple"},"_links":{"self":[{"href":"https:\/\/www.vadaszboltcsorna.hu\/index.php\/wp-json\/wp\/v2\/product\/6130","targetHints":{"allow":["GET"]}}],"collection":[{"href":"https:\/\/www.vadaszboltcsorna.hu\/index.php\/wp-json\/wp\/v2\/product"}],"about":[{"href":"https:\/\/www.vadaszboltcsorna.hu\/index.php\/wp-json\/wp\/v2\/types\/product"}],"replies":[{"embeddable":true,"href":"https:\/\/www.vadaszboltcsorna.hu\/index.php\/wp-json\/wp\/v2\/comments?post=6130"}],"wp:featuredmedia":[{"embeddable":true,"href":"https:\/\/www.vadaszboltcsorna.hu\/index.php\/wp-json\/wp\/v2\/media\/6133"}],"wp:attachment":[{"href":"https:\/\/www.vadaszboltcsorna.hu\/index.php\/wp-json\/wp\/v2\/media?parent=6130"}],"wp:term":[{"taxonomy":"product_brand","embeddable":true,"href":"https:\/\/www.vadaszboltcsorna.hu\/index.php\/wp-json\/wp\/v2\/product_brand?post=6130"},{"taxonomy":"product_cat","embeddable":true,"href":"https:\/\/www.vadaszboltcsorna.hu\/index.php\/wp-json\/wp\/v2\/product_cat?post=6130"},{"taxonomy":"product_tag","embeddable":true,"href":"https:\/\/www.vadaszboltcsorna.hu\/index.php\/wp-json\/wp\/v2\/product_tag?post=6130"}],"curies":[{"name":"wp","href":"https:\/\/api.w.org\/{rel}","templated":true}]}}