{"id":612,"date":"2021-04-28T12:49:31","date_gmt":"2021-04-28T12:49:31","guid":{"rendered":"http:\/\/www.vadaszboltcsorna.hu\/?post_type=product&#038;p=612"},"modified":"2025-05-27T11:24:33","modified_gmt":"2025-05-27T11:24:33","slug":"cz-457-17hmr-golyos-puska","status":"publish","type":"product","link":"https:\/\/www.vadaszboltcsorna.hu\/index.php\/termek\/cz-457-17hmr-golyos-puska\/","title":{"rendered":"CZ 457 American .17HMR goly\u00f3s puska"},"content":{"rendered":"<h1>CZ 457 American .17HMR goly\u00f3s puska<\/h1>\n<h4>Egy klasszikus amerikai sport- \u00e9s vad\u00e1szfegyverek mint\u00e1j\u00e1ra k\u00e9sz\u00fclt peremgy\u00fajt\u00e1sos puska.<\/h4>\n<h4>A lakozott amerikai st\u00edlus\u00fa tust kiv\u00e1l\u00f3 min\u0151s\u00e9g\u0171 di\u00f3f\u00e1b\u00f3l gy\u00e1rtott\u00e1k \u00e9s a markolat als\u00f3 r\u00e9sz\u00e9re a Fleur-de-Lis mot\u00edvum ker\u00fclt grav\u00edroz\u00e1sra.<\/h4>\n<h4>A v\u00e9kony fal\u00fa, hidegen kov\u00e1csolt cs\u0151 hossza 630 mm , ir\u00e1nyz\u00e9k n\u00e9lk\u00fcl kaphat\u00f3.<\/h4>\n<h4>5-\u00f6s kivehet\u0151 t\u00e1r.<\/h4>\n<h4>A le\u00edr\u00e1sban szerepl\u0151 adatok t\u00e1j\u00e9koztat\u00f3 jelleg\u0171ek, t\u00edpusonk\u00e9nt v\u00e1ltozhat!<br \/>\nKaliberekr\u0151l \u00e9s egy\u00e9b inform\u00e1ci\u00f3kr\u00f3l k\u00e9rj\u00fck \u00e9rdekl\u0151dj\u00f6n!<\/h4>\n<h4><strong>A fegyvert\u00f6rv\u00e9ny \u00e9rtelm\u00e9ben, fegyvert, l\u0151szert kiz\u00e1r\u00f3lag szem\u00e9lyesen,az \u00fczletben fegyvertart\u00e1si enged\u00e9ly birtok\u00e1ban lehet v\u00e1s\u00e1rolni!<\/strong><br \/>\n<strong>A webshopban megrendelt fegyverek NEM ker\u00fclnek kisz\u00e1ll\u00edt\u00e1sra!\u00a0 Tov\u00e1bbi inform\u00e1ci\u00f3\u00e9rt l\u00e1togasson el boltunkba!<\/strong><\/h4>\n<h4><strong>AKTU\u00c1LIS \u00c1RAINKR\u00d3L \u00c9RDEKL\u0150DJ\u00d6N!<\/strong><\/h4>\n<h4>Az \u00e1rak t\u00e1j\u00e9koztat\u00f3 jelleg\u0171ek nem min\u0151s\u00fcl hivatalos aj\u00e1nlat t\u00e9telnek!<br \/>\nAz \u00e1rv\u00e1ltoz\u00e1s jog\u00e1t fenntartjuk!<\/h4>\n<p>&nbsp;<\/p>\n<p>&nbsp;<\/p>\n<p>&nbsp;<\/p>\n<p>&nbsp;<\/p>\n","protected":false},"excerpt":{"rendered":"<h2>CZ 457 American .17HMR goly\u00f3s puska<\/h2>\n<p>https:\/\/www.youtube.com\/watch?v=pKInI2l6nKg<\/p>\n","protected":false},"featured_media":613,"comment_status":"open","ping_status":"closed","template":"","meta":{"_et_pb_use_builder":"","_et_pb_old_content":"","_et_gb_content_width":"","om_disable_all_campaigns":false},"product_brand":[],"product_cat":[21,28,16,1826],"product_tag":[697,190,191,70,49],"class_list":{"0":"post-612","1":"product","2":"type-product","3":"status-publish","4":"has-post-thumbnail","6":"product_cat-uj","7":"product_cat-cz","8":"product_cat-fegyver","9":"product_cat-uj-golyos-fegyver","10":"product_tag-cz-457-american-17hmr-golyos-puska","11":"product_tag-cz-puska","12":"product_tag-golyosfegyver","13":"product_tag-vadaszat","14":"product_tag-vadaszpuska","16":"first","17":"instock","18":"taxable","19":"shipping-taxable","20":"product-type-simple"},"_links":{"self":[{"href":"https:\/\/www.vadaszboltcsorna.hu\/index.php\/wp-json\/wp\/v2\/product\/612","targetHints":{"allow":["GET"]}}],"collection":[{"href":"https:\/\/www.vadaszboltcsorna.hu\/index.php\/wp-json\/wp\/v2\/product"}],"about":[{"href":"https:\/\/www.vadaszboltcsorna.hu\/index.php\/wp-json\/wp\/v2\/types\/product"}],"replies":[{"embeddable":true,"href":"https:\/\/www.vadaszboltcsorna.hu\/index.php\/wp-json\/wp\/v2\/comments?post=612"}],"wp:featuredmedia":[{"embeddable":true,"href":"https:\/\/www.vadaszboltcsorna.hu\/index.php\/wp-json\/wp\/v2\/media\/613"}],"wp:attachment":[{"href":"https:\/\/www.vadaszboltcsorna.hu\/index.php\/wp-json\/wp\/v2\/media?parent=612"}],"wp:term":[{"taxonomy":"product_brand","embeddable":true,"href":"https:\/\/www.vadaszboltcsorna.hu\/index.php\/wp-json\/wp\/v2\/product_brand?post=612"},{"taxonomy":"product_cat","embeddable":true,"href":"https:\/\/www.vadaszboltcsorna.hu\/index.php\/wp-json\/wp\/v2\/product_cat?post=612"},{"taxonomy":"product_tag","embeddable":true,"href":"https:\/\/www.vadaszboltcsorna.hu\/index.php\/wp-json\/wp\/v2\/product_tag?post=612"}],"curies":[{"name":"wp","href":"https:\/\/api.w.org\/{rel}","templated":true}]}}