{"id":6109,"date":"2024-09-12T10:08:08","date_gmt":"2024-09-12T10:08:08","guid":{"rendered":"https:\/\/www.vadaszboltcsorna.hu\/?post_type=product&#038;p=6109"},"modified":"2025-04-14T10:19:46","modified_gmt":"2025-04-14T10:19:46","slug":"pinewood-prestwick-exclusive-shirt-ws-noi-ing-3428-838","status":"publish","type":"product","link":"https:\/\/www.vadaszboltcsorna.hu\/index.php\/termek\/pinewood-prestwick-exclusive-shirt-ws-noi-ing-3428-838\/","title":{"rendered":"Pinewood\u00ae Prestwick Exclusive Shirt W&#8217;s N\u0151i ing (3428\/838)"},"content":{"rendered":"<h2 style=\"text-align: center;\"><strong>Pinewood\u00ae Prestwick Exclusive Shirt W&#8217;s N\u0151i ing (3428\/838)<\/strong><\/h2>\n<p>&nbsp;<\/p>\n<h3 style=\"text-align: center;\">Exkluz\u00edv \u00e9s tart\u00f3s flanel ing n\u0151ies szab\u00e1ssal, gy\u00f6ny\u00f6r\u0171 sz\u00ednekben. Patentgombos z\u00e1r\u00f3d\u00e1s. Mellzsebek hajt\u00f3k\u00e1val \u00e9s egy cipz\u00e1ros biztons\u00e1gi zsebbel. Az imit\u00e1lt vel\u00far r\u00e9szletek exkluz\u00edv \u00e9rz\u00e9st k\u00f6lcs\u00f6n\u00f6znek. T\u00f6k\u00e9letes vad\u00e1szathoz \u00e9s szabadt\u00e9ri tev\u00e9kenys\u00e9gekhez.<\/h3>\n","protected":false},"excerpt":{"rendered":"<p>Pinewood\u00ae Prestwick Exclusive Shirt W&#8217;s N\u0151i ing (3428\/838)<\/p>\n","protected":false},"featured_media":6112,"comment_status":"open","ping_status":"closed","template":"","meta":{"_et_pb_use_builder":"","_et_pb_old_content":"","_et_gb_content_width":"","om_disable_all_campaigns":false},"product_brand":[],"product_cat":[21,651,159],"product_tag":[1465],"class_list":{"0":"post-6109","1":"product","2":"type-product","3":"status-publish","4":"has-post-thumbnail","6":"product_cat-uj","7":"product_cat-ing","8":"product_cat-vadasz-ruhazat","9":"product_tag-pinewood-prestwick-exclusive-shirt-ws-noi-ing-3428-838","11":"first","12":"instock","13":"taxable","14":"shipping-taxable","15":"purchasable","16":"product-type-variable"},"_links":{"self":[{"href":"https:\/\/www.vadaszboltcsorna.hu\/index.php\/wp-json\/wp\/v2\/product\/6109","targetHints":{"allow":["GET"]}}],"collection":[{"href":"https:\/\/www.vadaszboltcsorna.hu\/index.php\/wp-json\/wp\/v2\/product"}],"about":[{"href":"https:\/\/www.vadaszboltcsorna.hu\/index.php\/wp-json\/wp\/v2\/types\/product"}],"replies":[{"embeddable":true,"href":"https:\/\/www.vadaszboltcsorna.hu\/index.php\/wp-json\/wp\/v2\/comments?post=6109"}],"wp:featuredmedia":[{"embeddable":true,"href":"https:\/\/www.vadaszboltcsorna.hu\/index.php\/wp-json\/wp\/v2\/media\/6112"}],"wp:attachment":[{"href":"https:\/\/www.vadaszboltcsorna.hu\/index.php\/wp-json\/wp\/v2\/media?parent=6109"}],"wp:term":[{"taxonomy":"product_brand","embeddable":true,"href":"https:\/\/www.vadaszboltcsorna.hu\/index.php\/wp-json\/wp\/v2\/product_brand?post=6109"},{"taxonomy":"product_cat","embeddable":true,"href":"https:\/\/www.vadaszboltcsorna.hu\/index.php\/wp-json\/wp\/v2\/product_cat?post=6109"},{"taxonomy":"product_tag","embeddable":true,"href":"https:\/\/www.vadaszboltcsorna.hu\/index.php\/wp-json\/wp\/v2\/product_tag?post=6109"}],"curies":[{"name":"wp","href":"https:\/\/api.w.org\/{rel}","templated":true}]}}