{"id":6037,"date":"2024-08-26T10:49:34","date_gmt":"2024-08-26T10:49:34","guid":{"rendered":"https:\/\/www.vadaszboltcsorna.hu\/?post_type=product&#038;p=6037"},"modified":"2025-05-21T10:50:11","modified_gmt":"2025-05-21T10:50:11","slug":"pulsar-merger-lrf-xp35-kompakt-es-eroteljes-ketszemes-hokamera-tavolsagmerovel","status":"publish","type":"product","link":"https:\/\/www.vadaszboltcsorna.hu\/index.php\/termek\/pulsar-merger-lrf-xp35-kompakt-es-eroteljes-ketszemes-hokamera-tavolsagmerovel\/","title":{"rendered":"Pulsar Merger LRF XP35: Kompakt \u00e9s Er\u0151teljes K\u00e9tszemes H\u0151kamera T\u00e1vols\u00e1gm\u00e9r\u0151vel"},"content":{"rendered":"<h2 class=\"product_title entry-title elementor-heading-title elementor-size-default\" style=\"text-align: center;\"><strong>Pulsar Merger LRF XP35: Kompakt \u00e9s Er\u0151teljes K\u00e9tszemes H\u0151kamera T\u00e1vols\u00e1gm\u00e9r\u0151vel<\/strong><\/h2>\n<p>&nbsp;<\/p>\n<p><strong>\u00c9rezze \u00e1t a k\u00e9tszemes h\u0151kamera haszn\u00e1lat\u00e1t az eg\u00e9szs\u00e9gesebb l\u00e1t\u00e1s\u00e9rt<\/strong><\/p>\n<p>A Pulsar a 2024-es IWA OutdoorClassics rendezv\u00e9nyen mutatta be leg\u00fajabb h\u0151k\u00e9palkot\u00f3 binokul\u00e1rj\u00e1t, a Merger LRF XP35-\u00f6t. Ez a modell a legkompaktabb binokul\u00e1r a Pulsar k\u00edn\u00e1lat\u00e1ban, amely a kateg\u00f3ri\u00e1j\u00e1ban a legsz\u00e9lesebb l\u00e1t\u00f3mez\u0151t \u00e9s rendk\u00edv\u00fcl \u00e9rz\u00e9keny h\u0151szenzort k\u00edn\u00e1l. A Merger LRF XP35 kib\u0151v\u00edti a Merger binokul\u00e1rok sor\u00e1t, amelyeket eur\u00f3pai min\u0151s\u00e9g, ergon\u00f3mia \u00e9s megfigyel\u00e9si k\u00e9nyelem jellemez.<\/p>\n<p><strong>H\u0151kamera teljes\u00edtm\u00e9ny Pulsar m\u00f3dra!<\/strong><\/p>\n<p><img loading=\"lazy\" decoding=\"async\" class=\" wp-image-6038 aligncenter\" src=\"https:\/\/www.vadaszboltcsorna.hu\/wp-content\/uploads\/2024\/08\/Pulsar-merger-xp35-5-300x228.png\" alt=\"\" width=\"457\" height=\"347\" \/><\/p>\n<h1 style=\"text-align: center;\"><strong>Klasszikus diz\u00e1jn. Kompakt m\u00e9ret.<\/strong><\/h1>\n<p><img loading=\"lazy\" decoding=\"async\" class=\" wp-image-6039 aligncenter\" src=\"https:\/\/www.vadaszboltcsorna.hu\/wp-content\/uploads\/2024\/08\/Pulsar-merger-xp35-2-300x210.png\" alt=\"\" width=\"538\" height=\"377\" \/><\/p>\n<p style=\"text-align: center;\">A Merger LRF XP35 modellek a nappali t\u00e1vcs\u00f6vek klasszikus diz\u00e1jnj\u00e1val rendelkeznek. A 35 mm-es modell kompaktabb form\u00e1tumot k\u00edn\u00e1l, ezek a h\u0151kamera t\u00e1vcs\u00f6vek k\u00e9nyelmesen elf\u00e9rnek a k\u00e9zben, vonz\u00f3 k\u00fcls\u0151 eszt\u00e9tik\u00e1t \u00e9s k\u00e9nyelmes fog\u00e1st biztos\u00edtva. A Merger LRF XP35 kompromisszumok n\u00e9lk\u00fcli teljes\u00edtm\u00e9nyt ny\u00fajt a l\u00e1t\u00f3mez\u0151 \u00e9s a k\u00e9pmin\u0151s\u00e9g tekintet\u00e9ben.<\/p>\n<p><iframe loading=\"lazy\" title=\"Pulsar Merger LRF XP35 | Thermal Binoculars | Trailer\" width=\"1080\" height=\"608\" src=\"https:\/\/www.youtube.com\/embed\/YwDwMpN243k?feature=oembed\"  allow=\"accelerometer; autoplay; clipboard-write; encrypted-media; gyroscope; picture-in-picture; web-share\" referrerpolicy=\"strict-origin-when-cross-origin\" allowfullscreen><\/iframe><\/p>\n<p>&nbsp;<\/p>\n<h1 style=\"text-align: center;\">Magas \u00e9rz\u00e9kenys\u00e9g\u0171 Eur\u00f3pai gy\u00e1rtm\u00e1ny\u00fa 640\u00d7480 h\u0151kamera szenzor, NETD kevesebb mint 25 mK \u00e9rt\u00e9kkel<\/h1>\n<div class=\"woocommerce-product-details__short-description\">\n<p>Egy magas \u00e9rz\u00e9kenys\u00e9g\u0171, eur\u00f3pai h\u0151kamera szenzor &lt; 25 mK NETD \u00e9rt\u00e9kkel r\u00f6gz\u00edti a minim\u00e1lis h\u0151m\u00e9rs\u00e9klet-k\u00fcl\u00f6nbs\u00e9geket alacsony h\u0151m\u00e9rs\u00e9klet-k\u00fcl\u00f6nbs\u00e9g\u0171 k\u00f6r\u00fclm\u00e9nyek k\u00f6z\u00f6tt, valamint es\u0151 vagy k\u00f6d eset\u00e9n. A 640\u00d7480 pixeles felbont\u00e1s biztos\u00edtja a c\u00e9lpont megb\u00edzhat\u00f3 azonos\u00edt\u00e1s\u00e1t, a vad fontos anat\u00f3miai jellemz\u0151inek magas sz\u00ednvonal\u00fa megjelen\u00edt\u00e9s\u00e9t, valamint a k\u00f6rnyez\u0151 t\u00e1j apr\u00f3 r\u00e9szleteinek megjelen\u00edt\u00e9s\u00e9t.<\/p>\n<h1>A legsz\u00e9lesebb l\u00e1t\u00f3mez\u0151 a h\u0151kamera t\u00e1vcs\u00f6vek kateg\u00f3ri\u00e1j\u00e1ban 17,8\u00b0<\/h1>\n<p>&nbsp;<\/p>\n<p>A 640\u00d7480\/17 \u00b5m szenzor a Merger LRF modellk\u00edn\u00e1latban a legsz\u00e9lesebb, 17,8 fokos l\u00e1t\u00f3mez\u0151t k\u00edn\u00e1lja. A sz\u00e9les l\u00e1t\u00f3mez\u0151 egyszer\u0171s\u00edti a p\u00e1szt\u00e1z\u00e1st \u00e9s \u00e9szlel\u00e9st, mik\u00f6zben minimaliz\u00e1lja a k\u00e9p remeg\u00e9s\u00e9nek hat\u00e1sait \u00e9s n\u00f6veli a helyzetfelismer\u00e9st. A kiv\u00e1l\u00f3 k\u00e9pmin\u0151s\u00e9g alap nagy\u00edt\u00e1son, kombin\u00e1lva a sz\u00e9les l\u00e1t\u00f3mez\u0151vel, jav\u00edtja a k\u00e9nyelmet.<\/p>\n<h1>Be\u00e9p\u00edtett prec\u00edz l\u00e9zeres t\u00e1vm\u00e9r\u0151. M\u00e9r\u00e9s ak\u00e1r 1000m-ig<\/h1>\n<\/div>\n<h4>Be\u00e9p\u00edtett L\u00e9zeres T\u00e1vols\u00e1gm\u00e9r\u0151<\/h4>\n<p>Az \u00faj modell be\u00e9p\u00edtett l\u00e9zeres t\u00e1vols\u00e1gm\u00e9r\u0151vel rendelkezik, amely ak\u00e1r 1 km-es t\u00e1vols\u00e1got is m\u00e9r. A binokul\u00e1r \u00e9szlel\u00e9si t\u00e1vols\u00e1ga ak\u00e1r 1350 m\u00e9ter, \u00edgy gyorsan \u00e9s hibamentesen felm\u00e9rhetj\u00fck a helyzetet. A Merger LRF XP35 minden Merger modellhez hasonl\u00f3an kett\u0151s akkumul\u00e1tor rendszerrel m\u0171k\u00f6dik \u2013 egy bels\u0151 \u00e9s egy cser\u00e9lhet\u0151 akkumul\u00e1torral \u2013 ak\u00e1r 9 \u00f3r\u00e1s folyamatos \u00fczemid\u0151t biztos\u00edtva.<\/p>\n<p><img loading=\"lazy\" decoding=\"async\" class=\"alignnone size-medium wp-image-6040 aligncenter\" src=\"https:\/\/www.vadaszboltcsorna.hu\/wp-content\/uploads\/2024\/08\/Pulsar-merger-xp35-4-300x188.png\" alt=\"\" width=\"300\" height=\"188\" \/><\/p>\n<p>A Pulsar Merger LRF XP35 t\u00e1vcs\u00f6vek optikai kialak\u00edt\u00e1sa figyelembe veszi az emberi l\u00e1t\u00e1s term\u00e9szet\u00e9t. Term\u00e9szetes, hogy egy szem\u00e9ly k\u00e9t vizu\u00e1lis csatorn\u00e1n kereszt\u00fcl egyszerre kap vizu\u00e1lis inform\u00e1ci\u00f3kat. K\u00e9t szemmel t\u00f6rt\u00e9n\u0151 megfigyel\u00e9s kev\u00e9sb\u00e9 f\u00e1raszt\u00f3, mint egy szemmel. Ez jobb \u00e9szlel\u00e9st jelent a kicsi vagy gyenge objektumok eset\u00e9ben, \u00e9s jobb teljes\u00edtm\u00e9nyt alacsony kontraszt\u00fa helyzetekben, mint hasonl\u00f3 technikai szint\u0171 monokul\u00e1ris h\u0151kamera eszk\u00f6z\u00f6k eset\u00e9ben. A Merger LRF t\u00e1vcs\u00f6vek pupillat\u00e1vols\u00e1ga 62 \u00e9s 74 mm k\u00f6z\u00f6tt \u00e1ll\u00edthat\u00f3 a felhaszn\u00e1l\u00f3 egyedi jellemz\u0151inek megfelel\u0151en.<\/p>\n<h1>Be\u00e9p\u00edtett f\u00e9nyk\u00e9p- \u00e9s vide\u00f3r\u00f6gz\u00edt\u0151 16 GB bels\u0151 mem\u00f3ri\u00e1val<\/h1>\n<p><strong>A Pulsar Merger LRF XP35 be\u00e9p\u00edtett vide\u00f3r\u00f6gz\u00edt\u0151vel rendelkezik. A Merger LRF bels\u0151 mem\u00f3ri\u00e1ja \u00f3r\u00e1nyi vide\u00f3t \u00e9s t\u00f6bb t\u00edzezer f\u00e9nyk\u00e9pet tud t\u00e1rolni. Egy gombnyom\u00e1s elegend\u0151 egy \u00e9rdekes jelenet lef\u00e9nyk\u00e9pez\u00e9s\u00e9hez vagy a vide\u00f3 r\u00f6gz\u00edt\u00e9s\u00e9nek megkezd\u00e9s\u00e9hez. A f\u00e1jlok let\u00f6lt\u00e9se egyszer\u0171 USB Type-C vagy mobilalkalmaz\u00e1s seg\u00edts\u00e9g\u00e9vel.<\/strong><\/p>\n<h1>Stream Vision 2. Wi-Fi integr\u00e1ci\u00f3 iOS \u00e9s Android eszk\u00f6z\u00f6kkel<\/h1>\n<p>&nbsp;<\/p>\n<p><strong>A be\u00e9p\u00edtett Wi-Fi \u00f6sszekapcsolja a Merger LRF-et az Android \u00e9s iOS okostelefonokkal a Stream Vision 2 mobilalkalmaz\u00e1s seg\u00edts\u00e9g\u00e9vel. Ez sz\u00e1mos lehet\u0151s\u00e9get nyit meg, bele\u00e9rtve a vezet\u00e9k n\u00e9lk\u00fcli eszk\u00f6z szoftverfriss\u00edt\u00e9seit, a val\u00f3s idej\u0171 k\u00e9p\u00e1tvitelt az eszk\u00f6zr\u0151l az okostelefon k\u00e9perny\u0151j\u00e9re, a k\u00f6z\u00f6ss\u00e9gi m\u00e9di\u00e1ban val\u00f3 k\u00f6zz\u00e9t\u00e9telt a k\u00e9sz\u00fcl\u00e9kkel r\u00f6gz\u00edtett f\u00e9nyk\u00e9pek \u00e9s vide\u00f3k eset\u00e9n, vagy az \u00fczenetk\u00fcld\u0151kbe val\u00f3 \u00e1tvitel\u00e9t, az eszk\u00f6z digit\u00e1lis funkci\u00f3inak t\u00e1voli vez\u00e9rl\u00e9s\u00e9t \u00e9s a legfrissebb h\u00edrek el\u00e9r\u00e9s\u00e9t a Pulsar-t\u00f3l. Tov\u00e1bb\u00e1, a regisztr\u00e1lt felhaszn\u00e1l\u00f3k 16 GB felh\u0151alap\u00fa t\u00e1rhelyet kapnak a k\u00e9sz\u00fcl\u00e9kkel r\u00f6gz\u00edtett f\u00e9nyk\u00e9pek \u00e9s vide\u00f3k sz\u00e1m\u00e1ra.<\/strong><\/p>\n<h1>Tov\u00e1bbi funkci\u00f3k<\/h1>\n<p><strong>3 szint\u0171 \u00e9rz\u00e9kenys\u00e9gn\u00f6vel\u00e9s<\/strong><\/p>\n<p>A jeler\u0151s\u00edt\u00e9s szintj\u00e9nek kiv\u00e1laszt\u00e1sa, \u00faj sz\u0171r\u0151algoritmusokkal kombin\u00e1lva, finom f\u00e9nyer\u0151 \u00e9s kontraszt be\u00e1ll\u00edt\u00e1sokkal nagyszer\u0171 lehet\u0151s\u00e9geket k\u00edn\u00e1l a vad\u00e1sznak hossz\u00fa t\u00e1v\u00fa megfigyel\u00e9shez v\u00e1ltozatos id\u0151j\u00e1r\u00e1si \u00e9s h\u0151m\u00e9rs\u00e9kleti k\u00f6r\u00fclm\u00e9nyek k\u00f6z\u00f6tt. Az er\u0151s\u00edt\u00e9s be\u00e1ll\u00edt\u00e1sa seg\u00edt meghat\u00e1rozni az \u00e1llat jellemz\u0151it, ak\u00e1r az agancsr\u00f3l \u00e9s biztos\u00edtja az objektumok \u00e9s a h\u00e1tt\u00e9r tiszta megjelen\u00edt\u00e9s\u00e9t a l\u00e1t\u00f3mez\u0151ben.<\/p>\n<p><strong>Massz\u00edv magn\u00e9zium \u00f6tv\u00f6zet h\u00e1z<\/strong><\/p>\n<p>A Pulsar Merger LRF XP35 -A Merger LRF tart\u00f3s, gyakori kem\u00e9ny haszn\u00e1latra lett tervezve. A magn\u00e9zium \u00f6tv\u00f6zet h\u00e1z k\u00f6nny\u0171 \u00e9s er\u0151s egyben. A h\u00e1z megb\u00edzhat\u00f3an v\u00e9di a h\u0151k\u00e9palkot\u00f3 eszk\u00f6z bels\u0151 komponenseit az \u00fct\u00e9sekt\u0151l, lees\u00e9sekt\u0151l, nedvess\u00e9gt\u0151l, h\u0151t\u0151l vagy hidegt\u0151l. Ugyanakkor a f\u00e9mh\u00e1z hat\u00e9konyan elvezeti az elektronik\u00e1b\u00f3l sz\u00e1rmaz\u00f3 h\u0151t, \u00e9s n\u00f6veli az eszk\u00f6z m\u0171k\u00f6d\u00e9s\u00e9nek k\u00f6vetkezetess\u00e9g\u00e9t hossz\u00fa t\u00e1v\u00fa megfigyel\u00e9s sor\u00e1n.<\/p>\n<p><strong>Dupla akkumul\u00e1torrendszer<\/strong><\/p>\n<p>Ak\u00e1r 9 \u00f3ra folyamatos m\u0171k\u00f6d\u00e9s A Merger LRF-et k\u00e9t \u00fajrat\u00f6lthet\u0151 akkumul\u00e1torral m\u0171k\u00f6dik: egy be\u00e9p\u00edtett 4 Ah kapacit\u00e1s\u00fa, a m\u00e1sik cser\u00e9lhet\u0151 3,2 Ah kapacit\u00e1s\u00fa. Egyetlen t\u00f6lt\u00e9s ak\u00e1r 9 \u00f3ra akkumul\u00e1tor-\u00e9lettartamot biztos\u00edt. A cser\u00e9lhet\u0151 akkumul\u00e1tor test\u00e9n tal\u00e1lhat\u00f3 dombor\u00edt\u00e1s az akkumul\u00e1tor pontos poz\u00edci\u00f3j\u00e1nak meghat\u00e1roz\u00e1s\u00e1hoz lehet\u0151v\u00e9 teszi az \u00fcres akkumul\u00e1tor gyors \u00e9s magabiztos cser\u00e9j\u00e9t \u00fajra teljes s\u00f6t\u00e9tben, tapint\u00e1s alapj\u00e1n.<\/p>\n<p><strong>IPX7 v\u00edz\u00e1ll\u00f3s\u00e1gi besorol\u00e1s<\/strong><\/p>\n<p>Az IPX7 v\u00edz\u00e1ll\u00f3s\u00e1gi besorol\u00e1s biztos\u00edtja a v\u00e9delmet az er\u0151s es\u0151z\u00e9ssel, h\u00f3val vagy m\u00e1s csapad\u00e9kkal szemben. Az egys\u00e9g hib\u00e1tlanul m\u0171k\u00f6dik, m\u00e9g akkor is, ha legfeljebb 1 m\u00e9ter m\u00e9lys\u00e9gben, ak\u00e1r 30 percig v\u00edzbe mer\u00edtik.<\/p>\n<p><strong>Sz\u00e9les m\u0171k\u00f6d\u00e9si h\u0151m\u00e9rs\u00e9klet-tartom\u00e1ny (-25 -t\u00f3l +50\u00b0C-ig)<\/strong><\/p>\n<p>A Merger LRF h\u00e1za, t\u00e1pegys\u00e9ge, optik\u00e1ja \u00e9s elektronik\u00e1ja \u00fagy van kialak\u00edtva, hogy sz\u00e9les h\u0151m\u00e9rs\u00e9klet-tartom\u00e1nyban haszn\u00e1lhat\u00f3 legyen. A Merger biztos\u00edtja a megb\u00edzhat\u00f3 \u00e9s hat\u00e9kony teljes\u00edtm\u00e9nyt ak\u00e1r -25\u00b0C-os fagyban is.<\/p>\n<p><strong>Magas kontraszt\u00fa HD AMOLED kijelz\u0151<\/strong><\/p>\n<p>Mik\u00f6zben a Merger HD AMOLED kijelz\u0151i \u00e9les, gazdag kontraszt\u00fa, \u00e9l\u00e9nk sz\u00edn\u0171 l\u00e1t\u00f3mez\u0151t ny\u00fajtanak, az AMOLED technol\u00f3gia hib\u00e1tlan, folyamatos, nagy felbont\u00e1s\u00fa k\u00e9pet \u00e9s energiatakar\u00e9koss\u00e1got biztos\u00edt.<\/p>\n<p><strong>8 sz\u00ednpaletta kiv\u00e1laszt\u00e1sa<\/strong><\/p>\n<p>A 8 sz\u00ednpaletta k\u00f6z\u00fcl val\u00f3 v\u00e1laszt\u00e1s lehet\u0151v\u00e9 teszi a felhaszn\u00e1l\u00f3 sz\u00e1m\u00e1ra, hogy hat\u00e9konyabban megfigyelje l\u00e1t\u00f3mezej\u00e9t, optimaliz\u00e1lva az eszk\u00f6zt a speci\u00e1lis feladatokhoz \u00e9s reag\u00e1lva a megfigyel\u00e9si k\u00f6r\u00fclm\u00e9nyek v\u00e1ltoz\u00e1saira. A White Hot, Black Hot \u00e9s Red Hot az objektumok \u00e9szlel\u00e9s\u00e9re optim\u00e1lis, a Rainbow \u00e9s Ultramarine n\u00f6veli a felismer\u00e9si \u00e9s azonos\u00edt\u00e1si es\u00e9lyeket. A Red Monochrome, Sepia \u00e9s Violet legink\u00e1bb az \u00e9jszakai hossz\u00fa megfigyel\u00e9sre alkalmasak.<\/p>\n<p><strong>K\u00f6zels\u00e9g\u00e9rz\u00e9kel\u0151 vad\u00e1szatra tervezve<\/strong><\/p>\n<p>A s\u00f6t\u00e9tben val\u00f3 megfigyel\u00e9s rejt\u0151zk\u00f6d\u00e9st ig\u00e9nyel, hogy a vad ne \u00e9rezz\u00e9k jelenl\u00e9t\u00fcnket. A k\u00e9szenl\u00e9ti \u00fczemm\u00f3dba kapcsol\u00e1s a Kijelz\u0151 Kikapcsol\u00e1s funkci\u00f3val egy szok\u00e1sos m\u00f3dja a szemlencs\u00e9k h\u00e1tt\u00e9rvil\u00e1g\u00edt\u00e1s\u00e1nak megel\u0151z\u00e9s\u00e9re. Ennek a feladatnak az egyszer\u0171s\u00edt\u00e9se \u00e9rdek\u00e9ben a Pulsar Merger LRF XP35 be\u00e9p\u00edtett k\u00f6zels\u00e9g\u00e9rz\u00e9kel\u0151vel rendelkezik.<\/p>\n<p>Ez egyfajta kijelz\u0151kapcsol\u00f3k\u00e9nt m\u0171k\u00f6dik a h\u00e1tt\u00e9rvil\u00e1g\u00edt\u00e1s expoz\u00edci\u00f3j\u00e1nak megakad\u00e1lyoz\u00e1s\u00e1ra a s\u00f6t\u00e9tben. Amikor a k\u00e9sz\u00fcl\u00e9ket elt\u00e1vol\u00edtj\u00e1k a szemekt\u0151l, a k\u00f6zels\u00e9g\u00e9rz\u00e9kel\u0151 mindk\u00e9t kijelz\u0151t kikapcsolja, \u00e9s amikor a k\u00e9sz\u00fcl\u00e9ket k\u00f6zelebb hozz\u00e1k, mindk\u00e9t kijelz\u0151 bekapcsol, kiv\u00e1l\u00f3 k\u00e9pmin\u0151s\u00e9get biztos\u00edtva.<\/p>\n<h3>Specifik\u00e1ci\u00f3k<\/h3>\n<p><strong>MERGER LRF XP35<\/strong><\/p>\n<ul>\n<li>Szenzor: 640\u00d7480 17 \u00b5m (NETD &lt;25 mK)<\/li>\n<li>Objekt\u00edv lencse: F35\/1.0<\/li>\n<li>Nagy\u00edt\u00e1s: 2-16x<\/li>\n<li>L\u00e1t\u00f3mez\u0151: 17.8\u00d713.3\u00b0 \/ 31.3\u00d723.4 m @ 100 m<\/li>\n<li>\u00c9szlel\u00e9si t\u00e1vols\u00e1g: 1350 m<\/li>\n<li>Interpupill\u00e1ris t\u00e1vols\u00e1g \u00e1ll\u00edt\u00e1sa: 63-74 mm<\/li>\n<li>Kijelz\u0151: AMOLED, 1024\u00d7768 pixeles felbont\u00e1s<\/li>\n<li>Vide\u00f3 \/ fot\u00f3 felbont\u00e1s: 1024\u00d7768<\/li>\n<li>Bels\u0151 mem\u00f3ria: 16 GB<\/li>\n<li>Vezet\u00e9k n\u00e9lk\u00fcli kapcsolat: Wi-Fi, IEEE 802.11 b\/g\/n\/ac (WPA)<\/li>\n<li>V\u00edz\u00e1ll\u00f3s\u00e1g: IPX7<\/li>\n<li>\u00dczemih\u0151m\u00e9rs\u00e9klet-tartom\u00e1ny: -25 \u2013 +50\u00b0C<\/li>\n<li>Energiaell\u00e1t\u00e1s: Kett\u0151s Li-Ion akkumul\u00e1tor rendszer, 9 \u00f3r\u00e1s \u00fczemid\u0151<\/li>\n<li>H\u00e1z anyaga: Magn\u00e9zium \u00f6tv\u00f6zet<\/li>\n<li>M\u00e9retek: 165x133x68 mm<\/li>\n<li>S\u00faly: 0.83 kg (akkumul\u00e1torokkal egy\u00fctt)<\/li>\n<\/ul>\n<p>A Merger LRF XP35 a h\u0151kamera \u00faj m\u00e9rc\u00e9je, amely kompakt m\u00e9ret\u00e9vel, kiv\u00e1l\u00f3 k\u00e9pmin\u0151s\u00e9g\u00e9vel \u00e9s sz\u00e9les l\u00e1t\u00f3mezej\u00e9vel emeli a vad\u00e1szati \u00e9lm\u00e9nyt. Az innovat\u00edv funkci\u00f3k \u00e9s a pr\u00e9mium min\u0151s\u00e9g\u0171 kivitelez\u00e9s teszi a Merger LRF XP35-\u00f6t a Pulsar egyik legjobb v\u00e1laszt\u00e1s.<\/p>\n<p>&nbsp;<\/p>\n<p><iframe loading=\"lazy\" title=\"Pulsar Merger LRF XP35 | Thermal imaging binoculars | Preview\" width=\"1080\" height=\"608\" src=\"https:\/\/www.youtube.com\/embed\/xWt6hoTfbOA?feature=oembed\"  allow=\"accelerometer; autoplay; clipboard-write; encrypted-media; gyroscope; picture-in-picture; web-share\" referrerpolicy=\"strict-origin-when-cross-origin\" allowfullscreen><\/iframe><\/p>\n","protected":false},"excerpt":{"rendered":"<p>Pulsar Merger LRF XP35: Kompakt \u00e9s Er\u0151teljes K\u00e9tszemes H\u0151kamera T\u00e1vols\u00e1gm\u00e9r\u0151vel &nbsp; \u00c9rezze \u00e1t a k\u00e9tszemes h\u0151kamera haszn\u00e1lat\u00e1t az eg\u00e9szs\u00e9gesebb l\u00e1t\u00e1s\u00e9rt A Pulsar a 2024-es IWA OutdoorClassics rendezv\u00e9nyen mutatta be leg\u00fajabb h\u0151k\u00e9palkot\u00f3 binokul\u00e1rj\u00e1t, a Merger LRF XP35-\u00f6t. Ez a modell a legkompaktabb binokul\u00e1r a Pulsar k\u00edn\u00e1lat\u00e1ban, amely a kateg\u00f3ri\u00e1j\u00e1ban a legsz\u00e9lesebb l\u00e1t\u00f3mez\u0151t \u00e9s rendk\u00edv\u00fcl \u00e9rz\u00e9keny h\u0151szenzort [&hellip;]<\/p>\n","protected":false},"featured_media":6042,"comment_status":"open","ping_status":"closed","template":"","meta":{"_et_pb_use_builder":"","_et_pb_old_content":"","_et_gb_content_width":"","om_disable_all_campaigns":false},"product_brand":[],"product_cat":[21,447,448,453],"product_tag":[528,455,1457,70],"class_list":{"0":"post-6037","1":"product","2":"type-product","3":"status-publish","4":"has-post-thumbnail","6":"product_cat-uj","7":"product_cat-hokamera","8":"product_cat-kereso-hokamera","9":"product_cat-pulsar","10":"product_tag-hokamera","11":"product_tag-pulsar","12":"product_tag-pulsar-merger-lrf-xp35-kompakt-es-eroteljes-ketszemes-hokamera-tavolsagmerovel","13":"product_tag-vadaszat","15":"first","16":"instock","17":"taxable","18":"shipping-taxable","19":"purchasable","20":"product-type-simple"},"_links":{"self":[{"href":"https:\/\/www.vadaszboltcsorna.hu\/index.php\/wp-json\/wp\/v2\/product\/6037","targetHints":{"allow":["GET"]}}],"collection":[{"href":"https:\/\/www.vadaszboltcsorna.hu\/index.php\/wp-json\/wp\/v2\/product"}],"about":[{"href":"https:\/\/www.vadaszboltcsorna.hu\/index.php\/wp-json\/wp\/v2\/types\/product"}],"replies":[{"embeddable":true,"href":"https:\/\/www.vadaszboltcsorna.hu\/index.php\/wp-json\/wp\/v2\/comments?post=6037"}],"wp:featuredmedia":[{"embeddable":true,"href":"https:\/\/www.vadaszboltcsorna.hu\/index.php\/wp-json\/wp\/v2\/media\/6042"}],"wp:attachment":[{"href":"https:\/\/www.vadaszboltcsorna.hu\/index.php\/wp-json\/wp\/v2\/media?parent=6037"}],"wp:term":[{"taxonomy":"product_brand","embeddable":true,"href":"https:\/\/www.vadaszboltcsorna.hu\/index.php\/wp-json\/wp\/v2\/product_brand?post=6037"},{"taxonomy":"product_cat","embeddable":true,"href":"https:\/\/www.vadaszboltcsorna.hu\/index.php\/wp-json\/wp\/v2\/product_cat?post=6037"},{"taxonomy":"product_tag","embeddable":true,"href":"https:\/\/www.vadaszboltcsorna.hu\/index.php\/wp-json\/wp\/v2\/product_tag?post=6037"}],"curies":[{"name":"wp","href":"https:\/\/api.w.org\/{rel}","templated":true}]}}