{"id":6003,"date":"2024-07-17T11:47:21","date_gmt":"2024-07-17T11:47:21","guid":{"rendered":"https:\/\/www.vadaszboltcsorna.hu\/?post_type=product&#038;p=6003"},"modified":"2025-04-08T09:02:18","modified_gmt":"2025-04-08T09:02:18","slug":"ppu-762x54r-sp-bt-117g-180gr","status":"publish","type":"product","link":"https:\/\/www.vadaszboltcsorna.hu\/index.php\/termek\/ppu-762x54r-sp-bt-117g-180gr\/","title":{"rendered":"PPU 7,62x54R SP BT 11,7g\/180gr"},"content":{"rendered":"<h3 class=\"\" data-start=\"250\" data-end=\"292\"><strong data-start=\"254\" data-end=\"292\">PPU 7,62x54R SP BT (11,7g \/ 180gr)<\/strong><\/h3>\n<p class=\"\" data-start=\"294\" data-end=\"305\"><strong data-start=\"294\" data-end=\"305\">Le\u00edr\u00e1s:<\/strong><\/p>\n<p class=\"\" data-start=\"307\" data-end=\"691\">A <em data-start=\"309\" data-end=\"359\">Prvi Partizan (PPU) Soft Point Boat Tail (SP BT)<\/em> l\u0151szereit azoknak a vad\u00e1szoknak fejlesztett\u00e9k, akik fontosnak tartj\u00e1k a <strong data-start=\"432\" data-end=\"499\">jobb ballisztikai teljes\u00edtm\u00e9nyt \u00e9s a nagy t\u00e1vols\u00e1g\u00fa pontoss\u00e1got<\/strong>. A l\u00f6ved\u00e9k h\u00e1ts\u00f3 r\u00e9sze <strong data-start=\"523\" data-end=\"552\">cs\u00f3nakfark\u00fa kialak\u00edt\u00e1ssal<\/strong> (boat tail) cs\u00f6kkenti a l\u00e9gellen\u00e1ll\u00e1st, ez\u00e1ltal <strong data-start=\"601\" data-end=\"681\">laposabb r\u00f6pp\u00e1ly\u00e1t, kisebb sz\u00e9l\u00e9rz\u00e9kenys\u00e9get \u00e9s nagyobb becsap\u00f3d\u00e1si energi\u00e1t<\/strong> biztos\u00edt.<\/p>\n<p class=\"\" data-start=\"693\" data-end=\"871\">A megn\u00f6velt ballisztikai egy\u00fctthat\u00f3 k\u00fcl\u00f6n\u00f6sen hasznos, ha t\u00e1volabbi c\u00e9lpontokra is prec\u00edzen akarsz t\u00fczelni, mik\u00f6zben biztos\u00edtod a <strong data-start=\"823\" data-end=\"870\">kontroll\u00e1lt t\u00e1gul\u00e1st \u00e9s hat\u00e9kony vad\u00e1szatot<\/strong>.<\/p>\n<hr class=\"\" data-start=\"873\" data-end=\"876\" \/>\n<h4 class=\"\" data-start=\"878\" data-end=\"902\"><strong data-start=\"883\" data-end=\"902\">F\u0151bb jellemz\u0151k:<\/strong><\/h4>\n<ul data-start=\"904\" data-end=\"1236\">\n<li class=\"\" data-start=\"904\" data-end=\"939\">\n<p class=\"\" data-start=\"906\" data-end=\"939\"><strong data-start=\"906\" data-end=\"917\">Gy\u00e1rt\u00f3:<\/strong> PPU (Prvi Partizan)<\/p>\n<\/li>\n<li class=\"\" data-start=\"940\" data-end=\"965\">\n<p class=\"\" data-start=\"942\" data-end=\"965\"><strong data-start=\"942\" data-end=\"954\">Kaliber:<\/strong> 7,62x54R<\/p>\n<\/li>\n<li class=\"\" data-start=\"966\" data-end=\"1005\">\n<p class=\"\" data-start=\"968\" data-end=\"1005\"><strong data-start=\"968\" data-end=\"984\">L\u00f6ved\u00e9ks\u00faly:<\/strong> 11,7 g \/ 180 grain<\/p>\n<\/li>\n<li class=\"\" data-start=\"1006\" data-end=\"1056\">\n<p class=\"\" data-start=\"1008\" data-end=\"1056\"><strong data-start=\"1008\" data-end=\"1025\">L\u00f6ved\u00e9kt\u00edpus:<\/strong> Soft Point Boat Tail (SP BT)<\/p>\n<\/li>\n<li class=\"\" data-start=\"1057\" data-end=\"1124\">\n<p class=\"\" data-start=\"1059\" data-end=\"1124\"><strong data-start=\"1059\" data-end=\"1076\">Felhaszn\u00e1l\u00e1s:<\/strong> nagyvad vad\u00e1szat, hosszabb l\u0151t\u00e1vokhoz ide\u00e1lis<\/p>\n<\/li>\n<li class=\"\" data-start=\"1125\" data-end=\"1236\">\n<p class=\"\" data-start=\"1127\" data-end=\"1236\"><strong data-start=\"1127\" data-end=\"1139\">El\u0151ny\u00f6k:<\/strong> kiv\u00e1l\u00f3 aerodinamika, laposabb r\u00f6pp\u00e1lya, jobb energia\u00e1tad\u00e1s, stabilabb c\u00e9lz\u00e1s nagyobb t\u00e1vols\u00e1gb\u00f3l<\/p>\n<\/li>\n<\/ul>\n<hr class=\"\" data-start=\"1238\" data-end=\"1241\" \/>\n<h4 class=\"\" data-start=\"1243\" data-end=\"1272\"><strong data-start=\"1248\" data-end=\"1272\">Tov\u00e1bbi inform\u00e1ci\u00f3k:<\/strong><\/h4>\n<p class=\"\" data-start=\"1274\" data-end=\"1703\">\u2705 A term\u00e9k <strong data-start=\"1285\" data-end=\"1310\">el\u00e9rhet\u0151 \u00fczlet\u00fcnkben.<\/strong><br data-start=\"1310\" data-end=\"1313\" \/>\ud83d\udcac <strong data-start=\"1316\" data-end=\"1408\">Kaliberekr\u0151l, aktu\u00e1lis \u00e1rakr\u00f3l \u00e9s el\u00e9rhet\u0151s\u00e9gr\u0151l \u00e9rdekl\u0151dj\u00f6n szem\u00e9lyesen vagy telefonon!<\/strong><br data-start=\"1408\" data-end=\"1411\" \/>\ud83d\udccd Csak <strong data-start=\"1419\" data-end=\"1443\">szem\u00e9lyes \u00e1tv\u00e9tellel<\/strong>, \u00e9rv\u00e9nyes <strong data-start=\"1454\" data-end=\"1500\">fegyvertart\u00e1si enged\u00e9llyel v\u00e1s\u00e1rolhat\u00f3 meg<\/strong>!<br data-start=\"1501\" data-end=\"1504\" \/>\ud83d\udeab A webshopban megrendelt fegyverek \u00e9s l\u0151szerek <strong data-start=\"1553\" data-end=\"1584\">nem ker\u00fclnek kisz\u00e1ll\u00edt\u00e1sra!<\/strong><br data-start=\"1584\" data-end=\"1587\" \/>\ud83d\udccc Az \u00e1rak <strong data-start=\"1598\" data-end=\"1623\">t\u00e1j\u00e9koztat\u00f3 jelleg\u0171ek<\/strong>, nem min\u0151s\u00fclnek hivatalos aj\u00e1nlatnak.<br data-start=\"1661\" data-end=\"1664\" \/>\ud83d\udd04 Az <strong data-start=\"1670\" data-end=\"1703\">\u00e1rv\u00e1ltoz\u00e1s jog\u00e1t fenntartjuk.<\/strong><\/p>\n<hr class=\"\" data-start=\"1705\" data-end=\"1708\" \/>\n<p class=\"\" data-start=\"1710\" data-end=\"1798\">\ud83d\udcde Tov\u00e1bbi inform\u00e1ci\u00f3\u00e9rt keresd munkat\u00e1rsainkat vagy l\u00e1togass el \u00fczlet\u00fcnkbe szem\u00e9lyesen!<\/p>\n","protected":false},"excerpt":{"rendered":"<p>PPU 7,62x54R SP BT (11,7g \/ 180gr) Le\u00edr\u00e1s: A Prvi Partizan (PPU) Soft Point Boat Tail (SP BT) l\u0151szereit azoknak a vad\u00e1szoknak fejlesztett\u00e9k, akik fontosnak tartj\u00e1k a jobb ballisztikai teljes\u00edtm\u00e9nyt \u00e9s a nagy t\u00e1vols\u00e1g\u00fa pontoss\u00e1got. A l\u00f6ved\u00e9k h\u00e1ts\u00f3 r\u00e9sze cs\u00f3nakfark\u00fa kialak\u00edt\u00e1ssal (boat tail) cs\u00f6kkenti a l\u00e9gellen\u00e1ll\u00e1st, ez\u00e1ltal laposabb r\u00f6pp\u00e1ly\u00e1t, kisebb sz\u00e9l\u00e9rz\u00e9kenys\u00e9get \u00e9s nagyobb becsap\u00f3d\u00e1si energi\u00e1t [&hellip;]<\/p>\n","protected":false},"featured_media":7360,"comment_status":"open","ping_status":"closed","template":"","meta":{"_et_pb_use_builder":"","_et_pb_old_content":"","_et_gb_content_width":"","om_disable_all_campaigns":false},"product_brand":[],"product_cat":[21,249,199,200],"product_tag":[1450,1451],"class_list":{"0":"post-6003","1":"product","2":"type-product","3":"status-publish","4":"has-post-thumbnail","6":"product_cat-uj","7":"product_cat-762x54-r","8":"product_cat-golyos-loszerek","9":"product_cat-kaliber","10":"product_tag-62x54r-sp","11":"product_tag-ppu-7","13":"first","14":"instock","15":"taxable","16":"shipping-taxable","17":"purchasable","18":"product-type-simple"},"_links":{"self":[{"href":"https:\/\/www.vadaszboltcsorna.hu\/index.php\/wp-json\/wp\/v2\/product\/6003","targetHints":{"allow":["GET"]}}],"collection":[{"href":"https:\/\/www.vadaszboltcsorna.hu\/index.php\/wp-json\/wp\/v2\/product"}],"about":[{"href":"https:\/\/www.vadaszboltcsorna.hu\/index.php\/wp-json\/wp\/v2\/types\/product"}],"replies":[{"embeddable":true,"href":"https:\/\/www.vadaszboltcsorna.hu\/index.php\/wp-json\/wp\/v2\/comments?post=6003"}],"wp:featuredmedia":[{"embeddable":true,"href":"https:\/\/www.vadaszboltcsorna.hu\/index.php\/wp-json\/wp\/v2\/media\/7360"}],"wp:attachment":[{"href":"https:\/\/www.vadaszboltcsorna.hu\/index.php\/wp-json\/wp\/v2\/media?parent=6003"}],"wp:term":[{"taxonomy":"product_brand","embeddable":true,"href":"https:\/\/www.vadaszboltcsorna.hu\/index.php\/wp-json\/wp\/v2\/product_brand?post=6003"},{"taxonomy":"product_cat","embeddable":true,"href":"https:\/\/www.vadaszboltcsorna.hu\/index.php\/wp-json\/wp\/v2\/product_cat?post=6003"},{"taxonomy":"product_tag","embeddable":true,"href":"https:\/\/www.vadaszboltcsorna.hu\/index.php\/wp-json\/wp\/v2\/product_tag?post=6003"}],"curies":[{"name":"wp","href":"https:\/\/api.w.org\/{rel}","templated":true}]}}