{"id":60,"date":"2021-04-12T08:57:12","date_gmt":"2021-04-12T08:57:12","guid":{"rendered":"http:\/\/www.vadaszboltcsorna.hu\/?post_type=product&#038;p=60"},"modified":"2026-04-13T05:44:59","modified_gmt":"2026-04-13T05:44:59","slug":"akah-8x56-ga-keresotavcso","status":"publish","type":"product","link":"https:\/\/www.vadaszboltcsorna.hu\/index.php\/termek\/akah-8x56-ga-keresotavcso\/","title":{"rendered":"Akah 8&#215;56 GA Keres\u0151t\u00e1vcs\u0151"},"content":{"rendered":"<h1><strong>Akah 8&#215;56 GA Keres\u0151t\u00e1vcs\u0151<\/strong><\/h1>\n<p><span id=\"result_box\" class=\"\" lang=\"hu\"><span class=\"\">Els\u0151sorban vad\u00e1szati c\u00e9lokra fejlesztett\u00e9k ki ezt az Akah keres\u0151t\u00e1vcs\u00f6vet. A vad\u00e1szok ig\u00e9nyeinek szem el\u0151tt tart\u00e1s\u00e1val a n\u00e9met gy\u00e1rt\u00f3 egy kis s\u00faly\u00fa (1130 g), kompakt (180&#215;150 mm) \u00e9s er\u0151s f\u00e9ny\u0171 t\u00e1vcs\u00f6vet alak\u00edtott ki.<br \/>\nAz Akah 8&#215;56-os t\u00e1vcs\u0151 design tekintet\u00e9ben letisztult, praktikus \u00e9s egyszer\u0171, felesleges d\u00edsz\u00edt\u0151elemekt\u0151l mentes. A gy\u00e1rt\u00f3 f\u0151k\u00e9nt a lencs\u00e9k k\u00e9palkot\u00e1s\u00e1ra figyelt, a k\u00fcls\u0151 dolgokban a legegyszer\u0171bb megold\u00e1sokat v\u00e1lasztotta. A t\u00e1vcs\u0151 teljesen bevont lencs\u00e9i \u00e9s a BAK4 prizm\u00e1k, valamint az objekt\u00edv nagy \u00e1tm\u00e9r\u0151je egy nagyon f\u00e9nyes, tiszta, \u00e9les k\u00e9pet eredm\u00e9nyeznek.<br \/>\nMint minden igaz\u00e1n komoly t\u00e1vcs\u0151, az Akah is v\u00edz\u00e1ll\u00f3 \u00e9s nitrog\u00e9n t\u00f6ltettel rendelkezik. A prec\u00edz mechanik\u00e1t egy kem\u00e9ny termoplaszt-h\u00e1z v\u00e9di. A fekete gumibet\u00e9t v\u00e9d a nedvess\u00e9gt\u0151l \u00e9s lehet\u0151v\u00e9 teszi a term\u00e9k k\u00f6nny\u0171 kezelhet\u0151s\u00e9g\u00e9t, ami keszty\u0171ben is ugyanolyan egyszer\u0171.<br \/>\nKiv\u00e1l\u00f3 sz\u00fcrk\u00fcleti \u00e9rt\u00e9k\u00e9nek (21,16) k\u00f6sz\u00f6nhet\u0151en cs\u00f6kkentett f\u00e9nyviszonyokban sem hagy cserben.<br \/>\nAz alapcsomag tartalmaz egy hordt\u00e1sk\u00e1t \u00e9s egy nyakba akaszthat\u00f3 p\u00e1ntot.<\/span><\/span><\/p>\n<p><span id=\"result_box\" class=\"\" lang=\"hu\"><strong>Term\u00e9kjellemz\u0151k:<\/strong><br \/>\n<\/span><\/p>\n<ul>\n<li>Nagy\u00edt\u00e1s: 8&#215;56<\/li>\n<li>Kil\u00e9p\u00e9s pupill\u00e1b\u00f3l: 7mm<\/li>\n<li>Sz\u00fcrk\u00fcletsz\u00e1m: 21,16<\/li>\n<li>L\u00e1t\u00f3t\u00e1vols\u00e1g 1000m-en: 107m<\/li>\n<li>M\u00e9retek: 167x148mm<\/li>\n<li>S\u00faly:kb. 1,120gr.<\/li>\n<li>Nitrog\u00e9nnel t\u00f6lt\u00f6tt<\/li>\n<li>V\u00edz\u00e1ll\u00f3<\/li>\n<li>Sz\u00edn: z\u00f6ld<\/li>\n<li>Garancia \u00e9rv\u00e9nyess\u00e9ge: 5 \u00e9v.<\/li>\n<\/ul>\n<p>&nbsp;<\/p>\n","protected":false},"excerpt":{"rendered":"<p>Akah 8&#215;56 GA Keres\u0151t\u00e1vcs\u0151 Els\u0151sorban vad\u00e1szati c\u00e9lokra fejlesztett\u00e9k ki ezt az Akah keres\u0151t\u00e1vcs\u00f6vet. A vad\u00e1szok ig\u00e9nyeinek szem el\u0151tt tart\u00e1s\u00e1val a n\u00e9met gy\u00e1rt\u00f3 egy kis s\u00faly\u00fa (1130 g), kompakt (180&#215;150 mm) \u00e9s er\u0151s f\u00e9ny\u0171 t\u00e1vcs\u00f6vet alak\u00edtott ki. Az Akah 8&#215;56-os t\u00e1vcs\u0151 design tekintet\u00e9ben letisztult, praktikus \u00e9s egyszer\u0171, felesleges d\u00edsz\u00edt\u0151elemekt\u0151l mentes. A gy\u00e1rt\u00f3 f\u0151k\u00e9nt a lencs\u00e9k k\u00e9palkot\u00e1s\u00e1ra [&hellip;]<\/p>\n","protected":false},"featured_media":61,"comment_status":"open","ping_status":"closed","template":"","meta":{"_et_pb_use_builder":"","_et_pb_old_content":"","_et_gb_content_width":"","om_disable_all_campaigns":false},"product_brand":[],"product_cat":[66,65,21],"product_tag":[58,69,68,67,71,70],"class_list":{"0":"post-60","1":"product","2":"type-product","3":"status-publish","4":"has-post-thumbnail","6":"product_cat-akah-keresotavcso","7":"product_cat-keresotavcso","8":"product_cat-uj","9":"product_tag-akah","10":"product_tag-akah-8x56ga","11":"product_tag-akah8x56ga","12":"product_tag-keresotavcso","13":"product_tag-tavcso","14":"product_tag-vadaszat","16":"first","17":"instock","18":"sale","19":"taxable","20":"shipping-taxable","21":"purchasable","22":"product-type-simple"},"_links":{"self":[{"href":"https:\/\/www.vadaszboltcsorna.hu\/index.php\/wp-json\/wp\/v2\/product\/60","targetHints":{"allow":["GET"]}}],"collection":[{"href":"https:\/\/www.vadaszboltcsorna.hu\/index.php\/wp-json\/wp\/v2\/product"}],"about":[{"href":"https:\/\/www.vadaszboltcsorna.hu\/index.php\/wp-json\/wp\/v2\/types\/product"}],"replies":[{"embeddable":true,"href":"https:\/\/www.vadaszboltcsorna.hu\/index.php\/wp-json\/wp\/v2\/comments?post=60"}],"wp:featuredmedia":[{"embeddable":true,"href":"https:\/\/www.vadaszboltcsorna.hu\/index.php\/wp-json\/wp\/v2\/media\/61"}],"wp:attachment":[{"href":"https:\/\/www.vadaszboltcsorna.hu\/index.php\/wp-json\/wp\/v2\/media?parent=60"}],"wp:term":[{"taxonomy":"product_brand","embeddable":true,"href":"https:\/\/www.vadaszboltcsorna.hu\/index.php\/wp-json\/wp\/v2\/product_brand?post=60"},{"taxonomy":"product_cat","embeddable":true,"href":"https:\/\/www.vadaszboltcsorna.hu\/index.php\/wp-json\/wp\/v2\/product_cat?post=60"},{"taxonomy":"product_tag","embeddable":true,"href":"https:\/\/www.vadaszboltcsorna.hu\/index.php\/wp-json\/wp\/v2\/product_tag?post=60"}],"curies":[{"name":"wp","href":"https:\/\/api.w.org\/{rel}","templated":true}]}}