{"id":5979,"date":"2024-07-17T09:43:58","date_gmt":"2024-07-17T09:43:58","guid":{"rendered":"https:\/\/www.vadaszboltcsorna.hu\/?post_type=product&#038;p=5979"},"modified":"2025-04-07T13:49:33","modified_gmt":"2025-04-07T13:49:33","slug":"norma-tipstrike-270wsm-91g-140gr","status":"publish","type":"product","link":"https:\/\/www.vadaszboltcsorna.hu\/index.php\/termek\/norma-tipstrike-270wsm-91g-140gr\/","title":{"rendered":"Norma Tipstrike 270WSM 9,1g\/140gr."},"content":{"rendered":"<h2 style=\"text-align: center;\"><strong>Norma Tipstrike 270WSM 9,1g\/140gr.<\/strong><\/h2>\n<p style=\"text-align: center;\">\n<h4 style=\"text-align: center;\"><strong>Le\u00edr\u00e1s:<\/strong>Norma Tipstrike 270WSM 9,1g\/140gr.<\/h4>\n<p>A polimer hegyes TIPSTRIKE l\u0151szer p\u00e1ratlan f\u00e9kez\u0151er\u0151vel \u00e9s el\u00e9g m\u00e9lyen behatol ahhoz, hogy el\u00e9rje \u00e9s katasztrof\u00e1lisan k\u00e1ros\u00edtsa a vad l\u00e9tfontoss\u00e1g\u00fa szerveit. A lapos talp\u00fa polimer v\u00e9g\u0171 l\u00f6ved\u00e9k egyenletes, hat\u00e9kony t\u00e1gul\u00e1st \u00e9s puszt\u00edt\u00f3 l\u00f6k\u00e9shat\u00e1st ad a goly\u00f3k\u00f6peny fel\u00e9p\u00edt\u00e9s\u00e9nek k\u00f6sz\u00f6nhet\u0151en. A nagy s\u00faly megtart\u00e1sa \u00e9rdek\u00e9ben a k\u00f6peny mechanikus z\u00e1rral van meger\u0151s\u00edtve, \u00edgy a TIPSTRIKE kiv\u00e1l\u00f3 goly\u00f3v\u00e1 v\u00e1lik minden vad\u00e1szat sor\u00e1n. Ha az azonnali meg\u00e1ll\u00e1s d\u00f6nt\u0151, a TIPSTRIKE-ra lesz minden, amire sz\u00fcks\u00e9ge lesz.<\/p>\n<p>L\u00f6ved\u00e9k t\u00edpusa: m\u0171anyag hegy\u0171 mag<br \/>\nL\u00f6ved\u00e9k t\u00f6mege: 140 gr\/ 9,1 g<br \/>\nB.C.(ballisztikai egy\u00fctthat\u00f3): .480<br \/>\nCs\u0151torkolati sebess\u00e9g: 950 m\/s<br \/>\nCs\u0151torkolati energia: 4106 J<br \/>\nKaliber: 270 WSM<br \/>\nKiszerel\u00e9s: 20<\/p>\n<p><iframe loading=\"lazy\" title=\"Norma TIPSTRIKE\u2122 promotion video\" width=\"1080\" height=\"608\" src=\"https:\/\/www.youtube.com\/embed\/ff4kWzTQ2LU?feature=oembed\"  allow=\"accelerometer; autoplay; clipboard-write; encrypted-media; gyroscope; picture-in-picture; web-share\" referrerpolicy=\"strict-origin-when-cross-origin\" allowfullscreen><\/iframe><\/p>\n<h4 style=\"text-align: center;\"><em><strong>Felh\u00edvn\u00e1nk figyelm\u00e9t, hogy a term\u00e9kn\u00e9l interneten csak v\u00e1s\u00e1rl\u00e1si sz\u00e1nd\u00e9k\u00e1t jelezheti, v\u00e1s\u00e1rl\u00e1sa csak szem\u00e9lyes \u00e1tv\u00e9tellel lehets\u00e9ges!<\/strong><\/em><\/h4>\n<h4 style=\"text-align: center;\"><em><strong>Az \u00e1rak \u00e9s k\u00e9szlet inform\u00e1ci\u00f3k t\u00e1j\u00e9koztat\u00f3 jelleg\u0171ek, nyilv\u00e1nos aj\u00e1nlatt\u00e9telnek nem min\u0151s\u00fclnek!<\/strong><\/em><br \/>\n<em><strong>Az \u00e1rv\u00e1ltoz\u00e1s jog\u00e1t fenntartjuk!<\/strong><\/em><\/h4>\n","protected":false},"excerpt":{"rendered":"<p>Norma Tipstrike 270WSM 9,1g\/140gr. Le\u00edr\u00e1s:Norma Tipstrike 270WSM 9,1g\/140gr. A polimer hegyes TIPSTRIKE l\u0151szer p\u00e1ratlan f\u00e9kez\u0151er\u0151vel \u00e9s el\u00e9g m\u00e9lyen behatol ahhoz, hogy el\u00e9rje \u00e9s katasztrof\u00e1lisan k\u00e1ros\u00edtsa a vad l\u00e9tfontoss\u00e1g\u00fa szerveit. A lapos talp\u00fa polimer v\u00e9g\u0171 l\u00f6ved\u00e9k egyenletes, hat\u00e9kony t\u00e1gul\u00e1st \u00e9s puszt\u00edt\u00f3 l\u00f6k\u00e9shat\u00e1st ad a goly\u00f3k\u00f6peny fel\u00e9p\u00edt\u00e9s\u00e9nek k\u00f6sz\u00f6nhet\u0151en. A nagy s\u00faly megtart\u00e1sa \u00e9rdek\u00e9ben a k\u00f6peny mechanikus z\u00e1rral [&hellip;]<\/p>\n","protected":false},"featured_media":7216,"comment_status":"open","ping_status":"closed","template":"","meta":{"_et_pb_use_builder":"","_et_pb_old_content":"","_et_gb_content_width":"","om_disable_all_campaigns":false},"product_brand":[],"product_cat":[21,241,199,200],"product_tag":[205,1443],"class_list":{"0":"post-5979","1":"product","2":"type-product","3":"status-publish","4":"has-post-thumbnail","6":"product_cat-uj","7":"product_cat-270wsm","8":"product_cat-golyos-loszerek","9":"product_cat-kaliber","10":"product_tag-golyos-loszer","11":"product_tag-norma-tipstrike-270wsm","13":"first","14":"instock","15":"taxable","16":"shipping-taxable","17":"purchasable","18":"product-type-simple"},"_links":{"self":[{"href":"https:\/\/www.vadaszboltcsorna.hu\/index.php\/wp-json\/wp\/v2\/product\/5979","targetHints":{"allow":["GET"]}}],"collection":[{"href":"https:\/\/www.vadaszboltcsorna.hu\/index.php\/wp-json\/wp\/v2\/product"}],"about":[{"href":"https:\/\/www.vadaszboltcsorna.hu\/index.php\/wp-json\/wp\/v2\/types\/product"}],"replies":[{"embeddable":true,"href":"https:\/\/www.vadaszboltcsorna.hu\/index.php\/wp-json\/wp\/v2\/comments?post=5979"}],"wp:featuredmedia":[{"embeddable":true,"href":"https:\/\/www.vadaszboltcsorna.hu\/index.php\/wp-json\/wp\/v2\/media\/7216"}],"wp:attachment":[{"href":"https:\/\/www.vadaszboltcsorna.hu\/index.php\/wp-json\/wp\/v2\/media?parent=5979"}],"wp:term":[{"taxonomy":"product_brand","embeddable":true,"href":"https:\/\/www.vadaszboltcsorna.hu\/index.php\/wp-json\/wp\/v2\/product_brand?post=5979"},{"taxonomy":"product_cat","embeddable":true,"href":"https:\/\/www.vadaszboltcsorna.hu\/index.php\/wp-json\/wp\/v2\/product_cat?post=5979"},{"taxonomy":"product_tag","embeddable":true,"href":"https:\/\/www.vadaszboltcsorna.hu\/index.php\/wp-json\/wp\/v2\/product_tag?post=5979"}],"curies":[{"name":"wp","href":"https:\/\/api.w.org\/{rel}","templated":true}]}}