{"id":5974,"date":"2024-07-17T09:30:05","date_gmt":"2024-07-17T09:30:05","guid":{"rendered":"https:\/\/www.vadaszboltcsorna.hu\/?post_type=product&#038;p=5974"},"modified":"2025-04-07T13:45:14","modified_gmt":"2025-04-07T13:45:14","slug":"norma-bondstrike-extreme-300-wsm-117g-180gr","status":"publish","type":"product","link":"https:\/\/www.vadaszboltcsorna.hu\/index.php\/termek\/norma-bondstrike-extreme-300-wsm-117g-180gr\/","title":{"rendered":"Norma Bondstrike Extreme 300 WSM 11,7g\/180gr"},"content":{"rendered":"<h2 style=\"text-align: center;\"><strong>Norma Bondstrike Extreme 300 WSM 11,7g\/180gr<\/strong><\/h2>\n<p>&nbsp;<\/p>\n<h3 class=\"\" data-start=\"273\" data-end=\"344\">\ud83c\udfaf Norma Bondstrike Extreme .300 WSM 180gr \u2013 A t\u00e1vols\u00e1g nem akad\u00e1ly<\/h3>\n<p class=\"\" data-start=\"346\" data-end=\"718\"><strong data-start=\"346\" data-end=\"390\">Cs\u00facsteljes\u00edtm\u00e9ny ak\u00e1r 1000 m\u00e9terr\u0151l is.<\/strong><br data-start=\"390\" data-end=\"393\" \/>A <em data-start=\"395\" data-end=\"421\">Norma Bondstrike Extreme<\/em> l\u0151szer a <strong data-start=\"431\" data-end=\"460\">prec\u00edzi\u00f3s vad\u00e1szat cs\u00facsa<\/strong>, kifejezetten hossz\u00fa t\u00e1v\u00fa l\u00f6v\u00e9sekhez tervezve. A <strong data-start=\"510\" data-end=\"537\">vil\u00e1gosk\u00e9k polimer hegy<\/strong> \u00e9s a <strong data-start=\"543\" data-end=\"567\">Boat-Tail h\u00e1ts\u00f3 r\u00e9sz<\/strong> egy\u00fcttesen garant\u00e1lj\u00e1k a kiv\u00e9teles pontoss\u00e1got \u00e9s a lapos r\u00f6pp\u00e1ly\u00e1t, m\u00edg a v\u00e9kony k\u00f6peny \u00e9s bels\u0151 szerkezet hat\u00e9kony, ir\u00e1ny\u00edtott gomb\u00e1sod\u00e1st biztos\u00edt.<\/p>\n<p class=\"\" data-start=\"720\" data-end=\"920\">A <strong data-start=\"722\" data-end=\"757\">.615-\u00f6s ballisztikai egy\u00fctthat\u00f3<\/strong> kateg\u00f3ri\u00e1j\u00e1ban a vil\u00e1g egyik legjobbja \u2013 ez\u00e1ltal a Bondstrike Extreme t\u00f6k\u00e9letes v\u00e1laszt\u00e1s a <strong data-start=\"850\" data-end=\"919\">nagy t\u00e1vols\u00e1gb\u00f3l t\u00f6rt\u00e9n\u0151, biztos leter\u00edt\u00e9st ig\u00e9nyl\u0151 vad\u00e1szatokhoz<\/strong>.<\/p>\n<h4 class=\"\" data-start=\"922\" data-end=\"945\">\ud83d\udd0d F\u0151bb jellemz\u0151k:<\/h4>\n<ul data-start=\"947\" data-end=\"1274\">\n<li class=\"\" data-start=\"947\" data-end=\"998\">\n<p class=\"\" data-start=\"949\" data-end=\"998\"><strong data-start=\"949\" data-end=\"960\">Kaliber<\/strong>: .300 WSM (Winchester Short Magnum)<\/p>\n<\/li>\n<li class=\"\" data-start=\"999\" data-end=\"1059\">\n<p class=\"\" data-start=\"1001\" data-end=\"1059\"><strong data-start=\"1001\" data-end=\"1017\">L\u00f6ved\u00e9kt\u00edpus<\/strong>: Polimer hegy\u0171, Boat-Tail kialak\u00edt\u00e1ssal<\/p>\n<\/li>\n<li class=\"\" data-start=\"1060\" data-end=\"1097\">\n<p class=\"\" data-start=\"1062\" data-end=\"1097\"><strong data-start=\"1062\" data-end=\"1071\">T\u00f6meg<\/strong>: 180 grain \/ 11,7 gramm<\/p>\n<\/li>\n<li class=\"\" data-start=\"1098\" data-end=\"1166\">\n<p class=\"\" data-start=\"1100\" data-end=\"1166\"><strong data-start=\"1100\" data-end=\"1132\">Ballisztikai egy\u00fctthat\u00f3 (BC)<\/strong>: 0,615 \u2013 kiv\u00e1l\u00f3 hossz\u00fa t\u00e1von is<\/p>\n<\/li>\n<li class=\"\" data-start=\"1167\" data-end=\"1205\">\n<p class=\"\" data-start=\"1169\" data-end=\"1205\"><strong data-start=\"1169\" data-end=\"1194\">Cs\u0151torkolati sebess\u00e9g<\/strong>: 940 m\/s<\/p>\n<\/li>\n<li class=\"\" data-start=\"1206\" data-end=\"1242\">\n<p class=\"\" data-start=\"1208\" data-end=\"1242\"><strong data-start=\"1208\" data-end=\"1232\">Cs\u0151torkolati energia<\/strong>: 5171 J<\/p>\n<\/li>\n<li class=\"\" data-start=\"1243\" data-end=\"1274\">\n<p class=\"\" data-start=\"1245\" data-end=\"1274\"><strong data-start=\"1245\" data-end=\"1259\">Kiszerel\u00e9s<\/strong>: 20 db\/doboz<\/p>\n<\/li>\n<\/ul>\n<h4 class=\"\" data-start=\"1276\" data-end=\"1292\">\ud83d\ude80 El\u0151ny\u00f6k:<\/h4>\n<ul data-start=\"1294\" data-end=\"1561\">\n<li class=\"\" data-start=\"1294\" data-end=\"1352\">\n<p class=\"\" data-start=\"1296\" data-end=\"1352\"><strong data-start=\"1296\" data-end=\"1316\">Rendk\u00edv\u00fcl prec\u00edz<\/strong>: 50\u20131000 m\u00e9terig megb\u00edzhat\u00f3 l\u00f6v\u00e9s<\/p>\n<\/li>\n<li class=\"\" data-start=\"1353\" data-end=\"1414\">\n<p class=\"\" data-start=\"1355\" data-end=\"1414\"><strong data-start=\"1355\" data-end=\"1390\">Gyors \u00e9s kontroll\u00e1lt gomb\u00e1sod\u00e1s<\/strong> \u2013 \u00e1lland\u00f3 sebcsatorna<\/p>\n<\/li>\n<li class=\"\" data-start=\"1415\" data-end=\"1477\">\n<p class=\"\" data-start=\"1417\" data-end=\"1477\"><strong data-start=\"1417\" data-end=\"1439\">Magas marad\u00e9kt\u00f6meg<\/strong>, m\u00e9ly behatol\u00e1s minden l\u0151t\u00e1vols\u00e1gon<\/p>\n<\/li>\n<li class=\"\" data-start=\"1478\" data-end=\"1561\">\n<p class=\"\" data-start=\"1480\" data-end=\"1561\"><strong data-start=\"1480\" data-end=\"1504\">Kiemelked\u0151 stophat\u00e1s<\/strong>: m\u00e9g egy <strong data-start=\"1514\" data-end=\"1561\">nagy j\u00e1vorszarvast is meg\u00e1ll\u00edt egy l\u00f6v\u00e9sb\u0151l<\/strong><\/p>\n<\/li>\n<\/ul>\n<p class=\"\" data-start=\"1563\" data-end=\"1715\">\u2705 Ide\u00e1lis <strong data-start=\"1573\" data-end=\"1600\">k\u00f6zepes \u00e9s nagyvadakhoz<\/strong>: \u0151z, szarvas, d\u00e1m, j\u00e1vorszarvas<br data-start=\"1632\" data-end=\"1635\" \/>\u2705 Aj\u00e1nlott <strong data-start=\"1646\" data-end=\"1686\">prec\u00edzi\u00f3s vad\u00e1szoknak, sportl\u00f6v\u0151knek<\/strong> \u00e9s hossz\u00fat\u00e1v-specialist\u00e1knak<\/p>\n<hr class=\"\" data-start=\"1717\" data-end=\"1720\" \/>\n<h3 class=\"\" data-start=\"1722\" data-end=\"1750\">\u26a0\ufe0f V\u00e1s\u00e1rl\u00e1si tudnival\u00f3k:<\/h3>\n<blockquote data-start=\"1752\" data-end=\"2171\">\n<p class=\"\" data-start=\"1754\" data-end=\"2171\">\ud83d\udccd A term\u00e9k <strong data-start=\"1766\" data-end=\"1804\">online nem v\u00e1s\u00e1rolhat\u00f3 k\u00f6zvetlen\u00fcl<\/strong>, csak <strong data-start=\"1811\" data-end=\"1826\">szem\u00e9lyesen<\/strong>, \u00e9rv\u00e9nyes <strong data-start=\"1837\" data-end=\"1867\">fegyvertart\u00e1si enged\u00e9llyel<\/strong>.<br data-start=\"1868\" data-end=\"1871\" \/>\ud83d\udcde <strong data-start=\"1876\" data-end=\"1906\">\u00c1rak, k\u00e9szlet \u00e9s r\u00e9szletek<\/strong> miatt \u00e9rdekl\u0151dj \u00fczlet\u00fcnkben vagy telefonon!<br data-start=\"1950\" data-end=\"1953\" \/>\ud83d\ude9a A webshopban megrendelt fegyverek \u00e9s l\u0151szerek <strong data-start=\"2004\" data-end=\"2035\">nem ker\u00fclnek kisz\u00e1ll\u00edt\u00e1sra!<\/strong><br data-start=\"2035\" data-end=\"2038\" \/>\ud83d\udcac Az \u00e1rak <strong data-start=\"2051\" data-end=\"2076\">t\u00e1j\u00e9koztat\u00f3 jelleg\u0171ek<\/strong>, <strong data-start=\"2078\" data-end=\"2122\">nem min\u0151s\u00fclnek nyilv\u00e1nos aj\u00e1nlatt\u00e9telnek<\/strong>.<br data-start=\"2123\" data-end=\"2126\" \/>\ud83d\udee1\ufe0f Az <strong data-start=\"2135\" data-end=\"2171\">\u00e1rv\u00e1ltoztat\u00e1s jog\u00e1t fenntartjuk.<\/strong><\/p>\n<\/blockquote>\n","protected":false},"excerpt":{"rendered":"<p>Norma Bondstrike Extreme 300 WSM 11,7g\/180gr &nbsp; \ud83c\udfaf Norma Bondstrike Extreme .300 WSM 180gr \u2013 A t\u00e1vols\u00e1g nem akad\u00e1ly Cs\u00facsteljes\u00edtm\u00e9ny ak\u00e1r 1000 m\u00e9terr\u0151l is.A Norma Bondstrike Extreme l\u0151szer a prec\u00edzi\u00f3s vad\u00e1szat cs\u00facsa, kifejezetten hossz\u00fa t\u00e1v\u00fa l\u00f6v\u00e9sekhez tervezve. A vil\u00e1gosk\u00e9k polimer hegy \u00e9s a Boat-Tail h\u00e1ts\u00f3 r\u00e9sz egy\u00fcttesen garant\u00e1lj\u00e1k a kiv\u00e9teles pontoss\u00e1got \u00e9s a lapos r\u00f6pp\u00e1ly\u00e1t, [&hellip;]<\/p>\n","protected":false},"featured_media":7221,"comment_status":"open","ping_status":"closed","template":"","meta":{"_et_pb_use_builder":"","_et_pb_old_content":"","_et_gb_content_width":"","om_disable_all_campaigns":false},"product_brand":[],"product_cat":[21,237,199,200],"product_tag":[205,1442],"class_list":{"0":"post-5974","1":"product","2":"type-product","3":"status-publish","4":"has-post-thumbnail","6":"product_cat-uj","7":"product_cat-300-wsm","8":"product_cat-golyos-loszerek","9":"product_cat-kaliber","10":"product_tag-golyos-loszer","11":"product_tag-norma-bondstrike-extreme-300-wsm","13":"first","14":"instock","15":"taxable","16":"shipping-taxable","17":"purchasable","18":"product-type-simple"},"_links":{"self":[{"href":"https:\/\/www.vadaszboltcsorna.hu\/index.php\/wp-json\/wp\/v2\/product\/5974","targetHints":{"allow":["GET"]}}],"collection":[{"href":"https:\/\/www.vadaszboltcsorna.hu\/index.php\/wp-json\/wp\/v2\/product"}],"about":[{"href":"https:\/\/www.vadaszboltcsorna.hu\/index.php\/wp-json\/wp\/v2\/types\/product"}],"replies":[{"embeddable":true,"href":"https:\/\/www.vadaszboltcsorna.hu\/index.php\/wp-json\/wp\/v2\/comments?post=5974"}],"wp:featuredmedia":[{"embeddable":true,"href":"https:\/\/www.vadaszboltcsorna.hu\/index.php\/wp-json\/wp\/v2\/media\/7221"}],"wp:attachment":[{"href":"https:\/\/www.vadaszboltcsorna.hu\/index.php\/wp-json\/wp\/v2\/media?parent=5974"}],"wp:term":[{"taxonomy":"product_brand","embeddable":true,"href":"https:\/\/www.vadaszboltcsorna.hu\/index.php\/wp-json\/wp\/v2\/product_brand?post=5974"},{"taxonomy":"product_cat","embeddable":true,"href":"https:\/\/www.vadaszboltcsorna.hu\/index.php\/wp-json\/wp\/v2\/product_cat?post=5974"},{"taxonomy":"product_tag","embeddable":true,"href":"https:\/\/www.vadaszboltcsorna.hu\/index.php\/wp-json\/wp\/v2\/product_tag?post=5974"}],"curies":[{"name":"wp","href":"https:\/\/api.w.org\/{rel}","templated":true}]}}