{"id":5968,"date":"2024-07-17T09:10:31","date_gmt":"2024-07-17T09:10:31","guid":{"rendered":"https:\/\/www.vadaszboltcsorna.hu\/?post_type=product&#038;p=5968"},"modified":"2025-04-07T13:35:36","modified_gmt":"2025-04-07T13:35:36","slug":"norma-tipstrike-300-wsm-110g-170gr","status":"publish","type":"product","link":"https:\/\/www.vadaszboltcsorna.hu\/index.php\/termek\/norma-tipstrike-300-wsm-110g-170gr\/","title":{"rendered":"Norma Tipstrike 300 WSM 11,0g\/170gr"},"content":{"rendered":"<h2 style=\"text-align: center;\"><strong>Norma Tipstrike 300 WSM 11,0g\/170gr<\/strong><\/h2>\n<p>&nbsp;<\/p>\n<h3 style=\"text-align: center;\"><strong>Le\u00edr\u00e1s:<\/strong>Norma Tipstrike 300 WSM 11,0g\/170gr<\/h3>\n<h4>Term\u00e9k le\u00edr\u00e1s<br \/>\nA Norma Tipstrike kifejezetten a magas stop hat\u00e1s el\u00e9r\u00e9s\u00e9re tervezett l\u00f6ved\u00e9k, mely nagy \u00e1t\u00fct\u0151 er\u0151vel p\u00e1rosul. A polimer tipp-nek k\u00f6sz\u00f6nhet\u0151en magas expand\u00e1ci\u00f3 jellemz\u0151, mely folyam\u00e1n a l\u00f6ved\u00e9k burok szerkezet v\u00e1ltoz\u00e1sa kimagasl\u00f3 sokkhat\u00e1st eredm\u00e9nyez. A magas t\u00f6megmegmarad\u00e1s \u00e9rdek\u00e9ben a burkot egy mechanikus z\u00e1rral er\u0151s\u00edtik meg. A Tipstrike\u2122 kiv\u00e1l\u00f3 v\u00e1laszt\u00e1s hajt\u00e1sokra, valamint olyan vad\u00e1szati form\u00e1khoz, ahol a magas stophat\u00e1s kritikus fontoss\u00e1g\u00fa, \u00edgy kiv\u00e1l\u00f3 v\u00e1laszt\u00e1s k\u00f6zepes \u00e9s nagyvadra.<\/h4>\n<h4>Jellemz\u0151k:<br \/>\n&#8211; Polimer tipp a jav\u00edtott ballisztika \u00e9rdek\u00e9ben.<br \/>\n&#8211; A tipp besz\u00far\u00e1sa enyhe k\u00e9sleltet\u00e9st eredm\u00e9nyez az expand\u00e1ci\u00f3ban, jav\u00edtva ezzel az \u00e1thatol\u00e1st.<br \/>\n&#8211; Puszt\u00edt\u00f3 sokkhat\u00e1s<br \/>\n&#8211; Az \u00e1thatol\u00e1st egy er\u0151s \u00e9s egyenes h\u00e1ts\u00f3 r\u00e9sz biztos\u00edtja a l\u00f6ved\u00e9kburkon k\u00edv\u00fcl egy bels\u0151 mechanikus \u00f3lomz\u00e1rral kombin\u00e1lva.<\/h4>\n<h4>L\u00f6ved\u00e9k t\u00edpusa: m\u0171anyag hegy\u0171 mag<br \/>\nL\u00f6ved\u00e9k t\u00f6mege: 170 gr\/ 11,0 g<br \/>\nB.C.(ballisztikai egy\u00fctthat\u00f3): .454<br \/>\nCs\u0151torkolati sebess\u00e9g: 975 m\/s<br \/>\nCs\u0151torkolati energia: 5228 J<br \/>\nKaliber: 300 WSM<br \/>\nKiszerel\u00e9s: 20<\/h4>\n<h4 style=\"text-align: center;\"><em><strong>Felh\u00edvn\u00e1nk figyelm\u00e9t, hogy a term\u00e9kn\u00e9l interneten csak v\u00e1s\u00e1rl\u00e1si sz\u00e1nd\u00e9k\u00e1t jelezheti, v\u00e1s\u00e1rl\u00e1sa csak szem\u00e9lyes \u00e1tv\u00e9tellel lehets\u00e9ges!<\/strong><\/em><\/h4>\n<h4 style=\"text-align: center;\"><em><strong>Az \u00e1rak \u00e9s k\u00e9szlet inform\u00e1ci\u00f3k t\u00e1j\u00e9koztat\u00f3 jelleg\u0171ek, nyilv\u00e1nos aj\u00e1nlatt\u00e9telnek nem min\u0151s\u00fclnek!<\/strong><\/em><br \/>\n<em><strong>Az \u00e1rv\u00e1ltoz\u00e1s jog\u00e1t fenntartjuk!<\/strong><\/em><\/h4>\n","protected":false},"excerpt":{"rendered":"<p>Norma Tipstrike 300 WSM 11,0g\/170gr &nbsp; Le\u00edr\u00e1s:Norma Tipstrike 300 WSM 11,0g\/170gr Term\u00e9k le\u00edr\u00e1s A Norma Tipstrike kifejezetten a magas stop hat\u00e1s el\u00e9r\u00e9s\u00e9re tervezett l\u00f6ved\u00e9k, mely nagy \u00e1t\u00fct\u0151 er\u0151vel p\u00e1rosul. A polimer tipp-nek k\u00f6sz\u00f6nhet\u0151en magas expand\u00e1ci\u00f3 jellemz\u0151, mely folyam\u00e1n a l\u00f6ved\u00e9k burok szerkezet v\u00e1ltoz\u00e1sa kimagasl\u00f3 sokkhat\u00e1st eredm\u00e9nyez. A magas t\u00f6megmegmarad\u00e1s \u00e9rdek\u00e9ben a burkot egy mechanikus z\u00e1rral [&hellip;]<\/p>\n","protected":false},"featured_media":7216,"comment_status":"open","ping_status":"closed","template":"","meta":{"_et_pb_use_builder":"","_et_pb_old_content":"","_et_gb_content_width":"","om_disable_all_campaigns":false},"product_brand":[],"product_cat":[21,237,199,200],"product_tag":[205,1440,70],"class_list":{"0":"post-5968","1":"product","2":"type-product","3":"status-publish","4":"has-post-thumbnail","6":"product_cat-uj","7":"product_cat-300-wsm","8":"product_cat-golyos-loszerek","9":"product_cat-kaliber","10":"product_tag-golyos-loszer","11":"product_tag-norma-tipstrike-300-wsm","12":"product_tag-vadaszat","14":"first","15":"instock","16":"taxable","17":"shipping-taxable","18":"purchasable","19":"product-type-simple"},"_links":{"self":[{"href":"https:\/\/www.vadaszboltcsorna.hu\/index.php\/wp-json\/wp\/v2\/product\/5968","targetHints":{"allow":["GET"]}}],"collection":[{"href":"https:\/\/www.vadaszboltcsorna.hu\/index.php\/wp-json\/wp\/v2\/product"}],"about":[{"href":"https:\/\/www.vadaszboltcsorna.hu\/index.php\/wp-json\/wp\/v2\/types\/product"}],"replies":[{"embeddable":true,"href":"https:\/\/www.vadaszboltcsorna.hu\/index.php\/wp-json\/wp\/v2\/comments?post=5968"}],"wp:featuredmedia":[{"embeddable":true,"href":"https:\/\/www.vadaszboltcsorna.hu\/index.php\/wp-json\/wp\/v2\/media\/7216"}],"wp:attachment":[{"href":"https:\/\/www.vadaszboltcsorna.hu\/index.php\/wp-json\/wp\/v2\/media?parent=5968"}],"wp:term":[{"taxonomy":"product_brand","embeddable":true,"href":"https:\/\/www.vadaszboltcsorna.hu\/index.php\/wp-json\/wp\/v2\/product_brand?post=5968"},{"taxonomy":"product_cat","embeddable":true,"href":"https:\/\/www.vadaszboltcsorna.hu\/index.php\/wp-json\/wp\/v2\/product_cat?post=5968"},{"taxonomy":"product_tag","embeddable":true,"href":"https:\/\/www.vadaszboltcsorna.hu\/index.php\/wp-json\/wp\/v2\/product_tag?post=5968"}],"curies":[{"name":"wp","href":"https:\/\/api.w.org\/{rel}","templated":true}]}}