{"id":5957,"date":"2024-07-16T08:51:42","date_gmt":"2024-07-16T08:51:42","guid":{"rendered":"https:\/\/www.vadaszboltcsorna.hu\/?post_type=product&#038;p=5957"},"modified":"2025-04-07T13:12:54","modified_gmt":"2025-04-07T13:12:54","slug":"norma-oryx-85x55-blaser-149g-230gr","status":"publish","type":"product","link":"https:\/\/www.vadaszboltcsorna.hu\/index.php\/termek\/norma-oryx-85x55-blaser-149g-230gr\/","title":{"rendered":"Norma Oryx 8,5&#215;55 Blaser 14,9g\/230gr"},"content":{"rendered":"<h2 style=\"text-align: center;\"><strong>Norma Oryx 8,5&#215;55 Blaser 14,9g\/230gr<\/strong><\/h2>\n<p>&nbsp;<\/p>\n<h3 style=\"text-align: center;\"><strong>Le\u00edr\u00e1s:<\/strong>Norma Oryx 8,5&#215;55 Blaser 14,9g\/230gr<\/h3>\n<h3 style=\"text-align: center;\">Term\u00e9k le\u00edr\u00e1s<br \/>\nA Norma Oryx egy \u00f3lommaghoz k\u00f6t\u00f6tt k\u00f6penyes Soft Point l\u00f6ved\u00e9k. Az Oryx egy kiss\u00e9 csapott hegy\u0171, \u00f3lomv\u00e9g\u0171 l\u00f6ved\u00e9k, ahol az \u00f3lommag k\u00e9miai elj\u00e1r\u00e1ssal k\u00f6t\u00f6tt a tombak burkolathoz. Pontoss\u00e1ga kiv\u00e1l\u00f3, becsap\u00f3d\u00e1skor ide\u00e1lisan gomb\u00e1sodik, teljes t\u00f6meg\u00e9b\u0151l t\u00f6bb mint 90%-ot meg\u0151riz, m\u00e9lyre hatol.<\/h3>\n<h3 style=\"text-align: center;\">L\u00f6ved\u00e9k t\u00edpusa: \u00f3lom hegy\u0171 mag<br \/>\nL\u00f6ved\u00e9k t\u00f6mege: 230 gr\/ 14,9 g<br \/>\nCs\u0151torkolati sebess\u00e9g: 820 m\/s<br \/>\nCs\u0151torkolati energia: 5009 J<br \/>\nKaliber: 8&#215;55 Blaser<br \/>\nKiszerel\u00e9s: 20<\/h3>\n<h3 style=\"text-align: center;\">A le\u00edr\u00e1sban szerepl\u0151 adatok t\u00e1j\u00e9koztat\u00f3 jelleg\u0171ek, t\u00edpusonk\u00e9nt v\u00e1ltozhat!<br \/>\nKaliberekr\u0151l aktu\u00e1lis \u00e1rakr\u00f3l \u00e9s egy\u00e9b inform\u00e1ci\u00f3kr\u00f3l k\u00e9rj\u00fck<br \/>\n\u00e9rdekl\u0151dj\u00f6n!<br \/>\nA fegyvert\u00f6rv\u00e9ny \u00e9rtelm\u00e9ben, fegyvert, l\u0151szert kiz\u00e1r\u00f3lag szem\u00e9lyesen,az \u00fczletben fegyvertart\u00e1si enged\u00e9ly birtok\u00e1ban lehet v\u00e1s\u00e1rolni!<br \/>\nA webshopban megrendelt fegyverek \u00e9s l\u0151szerek NEM ker\u00fclnek kisz\u00e1ll\u00edt\u00e1sra! Tov\u00e1bbi inform\u00e1ci\u00f3\u00e9rt l\u00e1togasson el boltunkba!<br \/>\nAz \u00e1rak t\u00e1j\u00e9koztat\u00f3<br \/>\njelleg\u0171ek nem min\u0151s\u00fcl hivatalos aj\u00e1nlat t\u00e9telnek!<br \/>\nAz \u00e1rv\u00e1ltoz\u00e1s jog\u00e1t fenntartjuk!<\/h3>\n","protected":false},"excerpt":{"rendered":"<p>Norma Oryx 8,5&#215;55 Blaser 14,9g\/230gr &nbsp; Le\u00edr\u00e1s:Norma Oryx 8,5&#215;55 Blaser 14,9g\/230gr Term\u00e9k le\u00edr\u00e1s A Norma Oryx egy \u00f3lommaghoz k\u00f6t\u00f6tt k\u00f6penyes Soft Point l\u00f6ved\u00e9k. Az Oryx egy kiss\u00e9 csapott hegy\u0171, \u00f3lomv\u00e9g\u0171 l\u00f6ved\u00e9k, ahol az \u00f3lommag k\u00e9miai elj\u00e1r\u00e1ssal k\u00f6t\u00f6tt a tombak burkolathoz. Pontoss\u00e1ga kiv\u00e1l\u00f3, becsap\u00f3d\u00e1skor ide\u00e1lisan gomb\u00e1sodik, teljes t\u00f6meg\u00e9b\u0151l t\u00f6bb mint 90%-ot meg\u0151riz, m\u00e9lyre hatol. L\u00f6ved\u00e9k t\u00edpusa: [&hellip;]<\/p>\n","protected":false},"featured_media":7198,"comment_status":"open","ping_status":"closed","template":"","meta":{"_et_pb_use_builder":"","_et_pb_old_content":"","_et_gb_content_width":"","om_disable_all_campaigns":false},"product_brand":[],"product_cat":[199,200,21],"product_tag":[1436,1435],"class_list":{"0":"post-5957","1":"product","2":"type-product","3":"status-publish","4":"has-post-thumbnail","6":"product_cat-golyos-loszerek","7":"product_cat-kaliber","8":"product_cat-uj","9":"product_tag-5x55-blaser","10":"product_tag-norma-oryx-8","12":"first","13":"instock","14":"taxable","15":"shipping-taxable","16":"purchasable","17":"product-type-simple"},"_links":{"self":[{"href":"https:\/\/www.vadaszboltcsorna.hu\/index.php\/wp-json\/wp\/v2\/product\/5957","targetHints":{"allow":["GET"]}}],"collection":[{"href":"https:\/\/www.vadaszboltcsorna.hu\/index.php\/wp-json\/wp\/v2\/product"}],"about":[{"href":"https:\/\/www.vadaszboltcsorna.hu\/index.php\/wp-json\/wp\/v2\/types\/product"}],"replies":[{"embeddable":true,"href":"https:\/\/www.vadaszboltcsorna.hu\/index.php\/wp-json\/wp\/v2\/comments?post=5957"}],"wp:featuredmedia":[{"embeddable":true,"href":"https:\/\/www.vadaszboltcsorna.hu\/index.php\/wp-json\/wp\/v2\/media\/7198"}],"wp:attachment":[{"href":"https:\/\/www.vadaszboltcsorna.hu\/index.php\/wp-json\/wp\/v2\/media?parent=5957"}],"wp:term":[{"taxonomy":"product_brand","embeddable":true,"href":"https:\/\/www.vadaszboltcsorna.hu\/index.php\/wp-json\/wp\/v2\/product_brand?post=5957"},{"taxonomy":"product_cat","embeddable":true,"href":"https:\/\/www.vadaszboltcsorna.hu\/index.php\/wp-json\/wp\/v2\/product_cat?post=5957"},{"taxonomy":"product_tag","embeddable":true,"href":"https:\/\/www.vadaszboltcsorna.hu\/index.php\/wp-json\/wp\/v2\/product_tag?post=5957"}],"curies":[{"name":"wp","href":"https:\/\/api.w.org\/{rel}","templated":true}]}}