{"id":5955,"date":"2024-07-16T08:39:46","date_gmt":"2024-07-16T08:39:46","guid":{"rendered":"https:\/\/www.vadaszboltcsorna.hu\/?post_type=product&#038;p=5955"},"modified":"2025-04-07T12:39:06","modified_gmt":"2025-04-07T12:39:06","slug":"norma-300-weatherby-mag-oryx-117g-180gr","status":"publish","type":"product","link":"https:\/\/www.vadaszboltcsorna.hu\/index.php\/termek\/norma-300-weatherby-mag-oryx-117g-180gr\/","title":{"rendered":"NORMA .300 Weatherby Mag. Oryx 11,7g\/180gr"},"content":{"rendered":"<h2 style=\"text-align: center;\"><\/h2>\n<h2 style=\"text-align: center;\" data-start=\"240\" data-end=\"317\"><strong>\ud83e\udd8c Norma Oryx .300 Wby. Mag. 180gr \u2013 Pr\u00e9mium vad\u00e1szl\u0151szer nagytest\u0171 vadra<\/strong><\/h2>\n<p>&nbsp;<\/p>\n<p class=\"\" data-start=\"319\" data-end=\"606\"><strong data-start=\"319\" data-end=\"416\">Er\u0151teljes, pontos \u00e9s megb\u00edzhat\u00f3 \u2013 a Norma Oryx a nagyvad vad\u00e1szatok egyik legjobb v\u00e1laszt\u00e1sa.<\/strong><br data-start=\"416\" data-end=\"419\" \/>Ez a klasszikus Soft Point l\u00f6ved\u00e9k kiv\u00e1l\u00f3 <strong data-start=\"461\" data-end=\"482\">t\u00f6megmegtart\u00e1ssal<\/strong> \u00e9s <strong data-start=\"486\" data-end=\"507\">m\u00e9ly behatol\u00e1ssal<\/strong> dolgozik, \u00edgy biztos\u00edtva a hat\u00e9kony energiak\u00f6zl\u00e9st \u00e9s tiszta kil\u00e9p\u00e9si sebet m\u00e9g extr\u00e9m t\u00e1vokon is.<\/p>\n<p class=\"\" data-start=\"608\" data-end=\"816\">A <strong data-start=\"610\" data-end=\"635\">.300 Weatherby Magnum<\/strong> kaliber kombin\u00e1lva a Norma Oryx technol\u00f3gi\u00e1j\u00e1val <strong data-start=\"685\" data-end=\"725\">nagy sebess\u00e9get \u00e9s puszt\u00edt\u00f3 energi\u00e1t<\/strong> k\u00edn\u00e1l \u2013 ide\u00e1lis v\u00e1laszt\u00e1s szarvasra, vaddiszn\u00f3ra, d\u00e1mszarvasra vagy ak\u00e1r afrikai vadra is.<\/p>\n<h4 class=\"\" data-start=\"818\" data-end=\"841\">\ud83d\udd0d F\u0151bb jellemz\u0151k:<\/h4>\n<ul data-start=\"843\" data-end=\"1320\">\n<li class=\"\" data-start=\"843\" data-end=\"881\">\n<p class=\"\" data-start=\"845\" data-end=\"881\"><strong data-start=\"845\" data-end=\"856\">Kaliber<\/strong>: .300 Weatherby Magnum<\/p>\n<\/li>\n<li class=\"\" data-start=\"882\" data-end=\"943\">\n<p class=\"\" data-start=\"884\" data-end=\"943\"><strong data-start=\"884\" data-end=\"902\">L\u00f6ved\u00e9k t\u00edpusa<\/strong>: Soft Point \u2013 \u00f3lommag tombak k\u00f6penyben<\/p>\n<\/li>\n<li class=\"\" data-start=\"944\" data-end=\"981\">\n<p class=\"\" data-start=\"946\" data-end=\"981\"><strong data-start=\"946\" data-end=\"955\">T\u00f6meg<\/strong>: 180 grain \/ 11,7 gramm<\/p>\n<\/li>\n<li class=\"\" data-start=\"982\" data-end=\"1058\">\n<p class=\"\" data-start=\"984\" data-end=\"1058\"><strong data-start=\"984\" data-end=\"1016\">BC (ballisztikai egy\u00fctthat\u00f3)<\/strong>: 0,354 \u2013 lapos r\u00f6pp\u00e1lya, j\u00f3 sz\u00e9l\u00e1ll\u00f3s\u00e1g<\/p>\n<\/li>\n<li class=\"\" data-start=\"1059\" data-end=\"1097\">\n<p class=\"\" data-start=\"1061\" data-end=\"1097\"><strong data-start=\"1061\" data-end=\"1086\">Cs\u0151torkolati sebess\u00e9g<\/strong>: 990 m\/s<\/p>\n<\/li>\n<li class=\"\" data-start=\"1098\" data-end=\"1134\">\n<p class=\"\" data-start=\"1100\" data-end=\"1134\"><strong data-start=\"1100\" data-end=\"1124\">Cs\u0151torkolati energia<\/strong>: 5734 J<\/p>\n<\/li>\n<li class=\"\" data-start=\"1135\" data-end=\"1166\">\n<p class=\"\" data-start=\"1137\" data-end=\"1166\"><strong data-start=\"1137\" data-end=\"1151\">Kiszerel\u00e9s<\/strong>: 20 db\/doboz<\/p>\n<\/li>\n<li class=\"\" data-start=\"1167\" data-end=\"1240\">\n<p class=\"\" data-start=\"1169\" data-end=\"1240\"><strong data-start=\"1169\" data-end=\"1193\">&gt;90%-os marad\u00e9kt\u00f6meg<\/strong> \u2013 m\u00e9ly behatol\u00e1s, m\u00e9g csontokon kereszt\u00fcl is<\/p>\n<\/li>\n<li class=\"\" data-start=\"1241\" data-end=\"1320\">\n<p class=\"\" data-start=\"1243\" data-end=\"1320\"><strong data-start=\"1243\" data-end=\"1284\">K\u00e9miai k\u00f6t\u00e9s a mag \u00e9s a k\u00f6peny k\u00f6z\u00f6tt<\/strong> \u2013 garant\u00e1lt struktur\u00e1lis integrit\u00e1s<\/p>\n<\/li>\n<\/ul>\n<hr class=\"\" data-start=\"1322\" data-end=\"1325\" \/>\n<h3 class=\"\" data-start=\"1327\" data-end=\"1348\">\u2705 Kinek aj\u00e1nljuk?<\/h3>\n<ul data-start=\"1350\" data-end=\"1599\">\n<li class=\"\" data-start=\"1350\" data-end=\"1453\">\n<p class=\"\" data-start=\"1352\" data-end=\"1453\"><strong data-start=\"1352\" data-end=\"1375\">Nagyvad vad\u00e1szoknak<\/strong>, akik biztos eredm\u00e9nyt v\u00e1rnak (g\u00edm, d\u00e1m, vaddiszn\u00f3, afrikai antilopok stb.)<\/p>\n<\/li>\n<li class=\"\" data-start=\"1454\" data-end=\"1527\">\n<p class=\"\" data-start=\"1456\" data-end=\"1527\"><strong data-start=\"1456\" data-end=\"1482\">Hossz\u00fa t\u00e1v\u00fa l\u00f6v\u00e9sekhez<\/strong>, ahol fontos a precizit\u00e1s \u00e9s a v\u00e9gs\u0151 hat\u00e1s<\/p>\n<\/li>\n<li class=\"\" data-start=\"1528\" data-end=\"1599\">\n<p class=\"\" data-start=\"1530\" data-end=\"1599\">Vad\u00e1szatokra, ahol fontos a <strong data-start=\"1558\" data-end=\"1599\">m\u00e9ly behatol\u00e1s \u00e9s kontroll\u00e1lt t\u00e1gul\u00e1s<\/strong><\/p>\n<\/li>\n<\/ul>\n<hr class=\"\" data-start=\"1601\" data-end=\"1604\" \/>\n<h3 class=\"\" data-start=\"1606\" data-end=\"1634\">\u26a0\ufe0f V\u00e1s\u00e1rl\u00e1si tudnival\u00f3k:<\/h3>\n<blockquote data-start=\"1636\" data-end=\"2108\">\n<p class=\"\" data-start=\"1638\" data-end=\"2108\">\ud83d\udccd A le\u00edr\u00e1s <strong data-start=\"1650\" data-end=\"1673\">t\u00e1j\u00e9koztat\u00f3 jelleg\u0171<\/strong>, egyes param\u00e9terek elt\u00e9rhetnek t\u00edpusonk\u00e9nt.<br data-start=\"1717\" data-end=\"1720\" \/>\ud83d\udcde <strong data-start=\"1725\" data-end=\"1759\">\u00c1rak, el\u00e9rhet\u0151s\u00e9g \u00e9s kaliberek<\/strong> \u00fcgy\u00e9ben k\u00e9rj\u00fck, \u00e9rdekl\u0151dj \u00fczlet\u00fcnkben vagy telefonon.<br data-start=\"1813\" data-end=\"1816\" \/>\ud83d\uded1 <strong data-start=\"1821\" data-end=\"1903\">Fegyvert \u00e9s l\u0151szert kiz\u00e1r\u00f3lag szem\u00e9lyesen, \u00e9rv\u00e9nyes fegyvertart\u00e1si enged\u00e9llyel<\/strong> lehet megv\u00e1s\u00e1rolni.<br data-start=\"1923\" data-end=\"1926\" \/>\ud83d\ude9a A webshopon megrendelt fegyverek \u00e9s l\u0151szerek <strong data-start=\"1976\" data-end=\"2007\">nem ker\u00fclnek kisz\u00e1ll\u00edt\u00e1sra!<\/strong><br data-start=\"2007\" data-end=\"2010\" \/>\ud83d\udcac Az \u00e1rak <strong data-start=\"2023\" data-end=\"2067\">nem min\u0151s\u00fclnek hivatalos aj\u00e1nlatt\u00e9telnek<\/strong>, az <strong data-start=\"2072\" data-end=\"2108\">\u00e1rv\u00e1ltoztat\u00e1s jog\u00e1t fenntartjuk.<\/strong><\/p>\n<\/blockquote>\n","protected":false},"excerpt":{"rendered":"<p>\ud83e\udd8c Norma Oryx .300 Wby. Mag. 180gr \u2013 Pr\u00e9mium vad\u00e1szl\u0151szer nagytest\u0171 vadra &nbsp; Er\u0151teljes, pontos \u00e9s megb\u00edzhat\u00f3 \u2013 a Norma Oryx a nagyvad vad\u00e1szatok egyik legjobb v\u00e1laszt\u00e1sa.Ez a klasszikus Soft Point l\u00f6ved\u00e9k kiv\u00e1l\u00f3 t\u00f6megmegtart\u00e1ssal \u00e9s m\u00e9ly behatol\u00e1ssal dolgozik, \u00edgy biztos\u00edtva a hat\u00e9kony energiak\u00f6zl\u00e9st \u00e9s tiszta kil\u00e9p\u00e9si sebet m\u00e9g extr\u00e9m t\u00e1vokon is. A .300 Weatherby Magnum [&hellip;]<\/p>\n","protected":false},"featured_media":7198,"comment_status":"open","ping_status":"closed","template":"","meta":{"_et_pb_use_builder":"","_et_pb_old_content":"","_et_gb_content_width":"","om_disable_all_campaigns":false},"product_brand":[],"product_cat":[21,199,200],"product_tag":[1432],"class_list":{"0":"post-5955","1":"product","2":"type-product","3":"status-publish","4":"has-post-thumbnail","6":"product_cat-uj","7":"product_cat-golyos-loszerek","8":"product_cat-kaliber","9":"product_tag-norma-300-weatherby-mag-oryx","11":"first","12":"instock","13":"taxable","14":"shipping-taxable","15":"purchasable","16":"product-type-simple"},"_links":{"self":[{"href":"https:\/\/www.vadaszboltcsorna.hu\/index.php\/wp-json\/wp\/v2\/product\/5955","targetHints":{"allow":["GET"]}}],"collection":[{"href":"https:\/\/www.vadaszboltcsorna.hu\/index.php\/wp-json\/wp\/v2\/product"}],"about":[{"href":"https:\/\/www.vadaszboltcsorna.hu\/index.php\/wp-json\/wp\/v2\/types\/product"}],"replies":[{"embeddable":true,"href":"https:\/\/www.vadaszboltcsorna.hu\/index.php\/wp-json\/wp\/v2\/comments?post=5955"}],"wp:featuredmedia":[{"embeddable":true,"href":"https:\/\/www.vadaszboltcsorna.hu\/index.php\/wp-json\/wp\/v2\/media\/7198"}],"wp:attachment":[{"href":"https:\/\/www.vadaszboltcsorna.hu\/index.php\/wp-json\/wp\/v2\/media?parent=5955"}],"wp:term":[{"taxonomy":"product_brand","embeddable":true,"href":"https:\/\/www.vadaszboltcsorna.hu\/index.php\/wp-json\/wp\/v2\/product_brand?post=5955"},{"taxonomy":"product_cat","embeddable":true,"href":"https:\/\/www.vadaszboltcsorna.hu\/index.php\/wp-json\/wp\/v2\/product_cat?post=5955"},{"taxonomy":"product_tag","embeddable":true,"href":"https:\/\/www.vadaszboltcsorna.hu\/index.php\/wp-json\/wp\/v2\/product_tag?post=5955"}],"curies":[{"name":"wp","href":"https:\/\/api.w.org\/{rel}","templated":true}]}}