{"id":5951,"date":"2024-07-16T06:36:23","date_gmt":"2024-07-16T06:36:23","guid":{"rendered":"https:\/\/www.vadaszboltcsorna.hu\/?post_type=product&#038;p=5951"},"modified":"2026-01-14T13:07:43","modified_gmt":"2026-01-14T13:07:43","slug":"primos-trigger-3-generacios-3-labu-lobot-szurke","status":"publish","type":"product","link":"https:\/\/www.vadaszboltcsorna.hu\/index.php\/termek\/primos-trigger-3-generacios-3-labu-lobot-szurke\/","title":{"rendered":"Primos l\u0151bot Jim Shockey Gen3 Onyx Black trigger stick tripod"},"content":{"rendered":"<h1 style=\"text-align: center;\"><strong>Primos l\u0151bot Jim Shockey Gen3 Onyx Black trigger stick tripod<\/strong><\/h1>\n<p>&nbsp;<\/p>\n<h3><b>Term\u00e9k le\u00edr\u00e1s<\/b><\/h3>\n<div class=\"termek-leiras\">\n<h3><\/h3>\n<h3>Primos l\u0151bot Jim Shockey Gen3 trigger stick tripod &#8211; A nagy sikert aratott Jim Shockey l\u0151botok harmadik gener\u00e1ci\u00f3ja onyx fekete sz\u00ednben is meg\u00e9rkezett. Haszn\u00e1lata egyszer\u0171, k\u00e9nyelmes \u00e9s gyors. A kiold\u00f3 gomb seg\u00edts\u00e9g\u00e9vel egy k\u00e9zzel tudjuk be\u00e1ll\u00edtani a sz\u00e1munkra ide\u00e1lis magass\u00e1got, ak\u00e1r egyenletlen talajviszonyokn\u00e1l is . A villa hely\u00e9re r\u00f6gz\u00edthet\u00fcnk t\u00e1vols\u00e1gm\u00e9r\u0151t, spekt\u00edvet, kamer\u00e1t vagy f\u00e9nyk\u00e9pez\u0151g\u00e9pet is.<\/h3>\n<h3>&#8211; Onyx fekete sz\u00edn<br \/>\n&#8211; M\u00e9ret: 61-157 cm<br \/>\n&#8211; S\u00faly: 1,38 kg<br \/>\n&#8211; El\u00e9rhet\u0151 mono-bi-tripod form\u00e1j\u00e1ban<br \/>\n&#8211; 360\u00b0-os forg\u00e1s, leszedhet\u0151 villa<br \/>\n&#8211; Magass\u00e1g \u00e1ll\u00edt\u00f3 billenty\u0171<br \/>\n&#8211; Extr\u00e9m sz\u00f6gekben is \u00e1ll\u00edthat\u00f3, \u00edgy \u00fclve, t\u00e9rdelve illetve \u00e1llva is haszn\u00e1lhat\u00f3<br \/>\n&#8211; Gyorsan levehet\u0151 villa, integr\u00e1lt z\u00e1rszerkezettel<br \/>\n&#8211; Kont\u00farozott markolat, cs\u00fasz\u00e1smentes bevonattal<br \/>\n&#8211; Meger\u0151s\u00edtett forg\u00f3 csatlakoz\u00f3, a stabilabb, csendes mozg\u00e1s \u00e9rdek\u00e9ben<br \/>\n&#8211; L\u00e1b\u00e1ll\u00e1s z\u00e1r\u00f3 szerkezet, a stabilit\u00e1s \u00e9rdek\u00e9ben<\/h3>\n<\/div>\n","protected":false},"excerpt":{"rendered":"<p>Primos l\u0151bot Jim Shockey Gen3 Onyx Black trigger stick tripod &nbsp; Term\u00e9k le\u00edr\u00e1s Primos l\u0151bot Jim Shockey Gen3 trigger stick tripod &#8211; A nagy sikert aratott Jim Shockey l\u0151botok harmadik gener\u00e1ci\u00f3ja onyx fekete sz\u00ednben is meg\u00e9rkezett. Haszn\u00e1lata egyszer\u0171, k\u00e9nyelmes \u00e9s gyors. A kiold\u00f3 gomb seg\u00edts\u00e9g\u00e9vel egy k\u00e9zzel tudjuk be\u00e1ll\u00edtani a sz\u00e1munkra ide\u00e1lis magass\u00e1got, ak\u00e1r egyenletlen [&hellip;]<\/p>\n","protected":false},"featured_media":5952,"comment_status":"open","ping_status":"closed","template":"","meta":{"_et_pb_use_builder":"","_et_pb_old_content":"","_et_gb_content_width":"","om_disable_all_campaigns":false},"product_brand":[],"product_cat":[21,724,722],"product_tag":[1923,1431],"class_list":{"0":"post-5951","1":"product","2":"type-product","3":"status-publish","4":"has-post-thumbnail","6":"product_cat-uj","7":"product_cat-lobot-vadasz-felszereles","8":"product_cat-vadasz-felszereles","9":"product_tag-primos-lobot-jim-shockey-gen3-onyx-black-trigger-stick-tripod","10":"product_tag-primos-trigger-3-generacios-3-labu-lobot-szurke","12":"first","13":"outofstock","14":"sale","15":"taxable","16":"shipping-taxable","17":"purchasable","18":"product-type-simple"},"_links":{"self":[{"href":"https:\/\/www.vadaszboltcsorna.hu\/index.php\/wp-json\/wp\/v2\/product\/5951","targetHints":{"allow":["GET"]}}],"collection":[{"href":"https:\/\/www.vadaszboltcsorna.hu\/index.php\/wp-json\/wp\/v2\/product"}],"about":[{"href":"https:\/\/www.vadaszboltcsorna.hu\/index.php\/wp-json\/wp\/v2\/types\/product"}],"replies":[{"embeddable":true,"href":"https:\/\/www.vadaszboltcsorna.hu\/index.php\/wp-json\/wp\/v2\/comments?post=5951"}],"wp:featuredmedia":[{"embeddable":true,"href":"https:\/\/www.vadaszboltcsorna.hu\/index.php\/wp-json\/wp\/v2\/media\/5952"}],"wp:attachment":[{"href":"https:\/\/www.vadaszboltcsorna.hu\/index.php\/wp-json\/wp\/v2\/media?parent=5951"}],"wp:term":[{"taxonomy":"product_brand","embeddable":true,"href":"https:\/\/www.vadaszboltcsorna.hu\/index.php\/wp-json\/wp\/v2\/product_brand?post=5951"},{"taxonomy":"product_cat","embeddable":true,"href":"https:\/\/www.vadaszboltcsorna.hu\/index.php\/wp-json\/wp\/v2\/product_cat?post=5951"},{"taxonomy":"product_tag","embeddable":true,"href":"https:\/\/www.vadaszboltcsorna.hu\/index.php\/wp-json\/wp\/v2\/product_tag?post=5951"}],"curies":[{"name":"wp","href":"https:\/\/api.w.org\/{rel}","templated":true}]}}