{"id":5948,"date":"2024-07-15T08:24:53","date_gmt":"2024-07-15T08:24:53","guid":{"rendered":"https:\/\/www.vadaszboltcsorna.hu\/?post_type=product&#038;p=5948"},"modified":"2025-04-07T12:28:40","modified_gmt":"2025-04-07T12:28:40","slug":"brenneke-8x57-js-tog-117g","status":"publish","type":"product","link":"https:\/\/www.vadaszboltcsorna.hu\/index.php\/termek\/brenneke-8x57-js-tog-117g\/","title":{"rendered":"BRENNEKE 8X57 JS TOG 11,7G"},"content":{"rendered":"<h2 style=\"text-align: center;\"><strong>BRENNEKE 8X57 JS TOG 11,7G<\/strong><\/h2>\n<h3><\/h3>\n<h3 class=\"\" data-start=\"250\" data-end=\"334\">\ud83e\udd8c BRENNEKE TOG\u00ae 8&#215;57 JS 11,7g \/ 181gr \u2013 Torpedo Optimal Bullet: ha komoly a c\u00e9l<\/h3>\n<p class=\"\" data-start=\"336\" data-end=\"696\"><strong data-start=\"336\" data-end=\"402\">Er\u0151, precizit\u00e1s \u00e9s megb\u00edzhat\u00f3s\u00e1g \u2013 ak\u00e1r a legnagyobb vadra is.<\/strong><br data-start=\"402\" data-end=\"405\" \/>A <em data-start=\"407\" data-end=\"447\">BRENNEKE TOG\u00ae (Torpedo Optimal Bullet)<\/em> a <strong data-start=\"450\" data-end=\"493\">kontroll\u00e1lt expanzi\u00f3j\u00fa l\u00f6ved\u00e9kek cs\u00facsa<\/strong>, amelyet kifejezetten a <strong data-start=\"518\" data-end=\"548\">nagytest\u0171 vadak elejt\u00e9s\u00e9re<\/strong> fejlesztettek. A vastag, er\u0151s k\u00f6peny garant\u00e1lja a m\u00e9ly behatol\u00e1st \u00e9s az egyenletes gomb\u00e1sod\u00e1st \u2013 minim\u00e1lis t\u00f6megvesztes\u00e9ggel, maxim\u00e1lis energi\u00e1val.<\/p>\n<h4 class=\"\" data-start=\"698\" data-end=\"721\">\ud83d\udd0d F\u0151bb jellemz\u0151k:<\/h4>\n<ul data-start=\"723\" data-end=\"1176\">\n<li class=\"\" data-start=\"723\" data-end=\"747\">\n<p class=\"\" data-start=\"725\" data-end=\"747\"><strong data-start=\"725\" data-end=\"736\">Kaliber<\/strong>: 8&#215;57 JS<\/p>\n<\/li>\n<li class=\"\" data-start=\"748\" data-end=\"790\">\n<p class=\"\" data-start=\"750\" data-end=\"790\"><strong data-start=\"750\" data-end=\"768\">L\u00f6ved\u00e9k t\u00f6mege<\/strong>: 11,7 g \/ 181 grain<\/p>\n<\/li>\n<li class=\"\" data-start=\"791\" data-end=\"903\">\n<p class=\"\" data-start=\"793\" data-end=\"903\"><strong data-start=\"793\" data-end=\"808\">Technol\u00f3gia<\/strong>: kontroll\u00e1lt t\u00e1gul\u00e1s (controlled expansion) \u2013 nem vesz\u00edt t\u00f6meget, m\u00e9gis ide\u00e1lisan gomb\u00e1sodik<\/p>\n<\/li>\n<li class=\"\" data-start=\"904\" data-end=\"982\">\n<p class=\"\" data-start=\"906\" data-end=\"982\"><strong data-start=\"906\" data-end=\"937\">K\u00f6peny \u00e9s mag k\u00e9miai k\u00f6t\u00e9se<\/strong> \u2013 garant\u00e1lt marad\u00e9kt\u00f6meg \u00e9s m\u00e9ly behatol\u00e1s<\/p>\n<\/li>\n<li class=\"\" data-start=\"983\" data-end=\"1060\">\n<p class=\"\" data-start=\"985\" data-end=\"1060\"><strong data-start=\"985\" data-end=\"1015\">\u00dcreges hegy (hollow point)<\/strong> \u2013 gyors t\u00e1gul\u00e1s \u00e9s maxim\u00e1lis energiak\u00f6zl\u00e9s<\/p>\n<\/li>\n<li class=\"\" data-start=\"1061\" data-end=\"1118\">\n<p class=\"\" data-start=\"1063\" data-end=\"1118\"><strong data-start=\"1063\" data-end=\"1073\">V\u00e1g\u00f3\u00e9l<\/strong> \u2013 tiszta bemeneti seb, jobb v\u00e9rnyomk\u00f6vet\u00e9s<\/p>\n<\/li>\n<li class=\"\" data-start=\"1119\" data-end=\"1176\">\n<p class=\"\" data-start=\"1121\" data-end=\"1176\"><strong data-start=\"1121\" data-end=\"1154\">Prec\u00edz hossz\u00fat\u00e1v\u00fa l\u00f6v\u00e9szethez<\/strong> \u2013 kimagasl\u00f3 pontoss\u00e1g<\/p>\n<\/li>\n<\/ul>\n<hr class=\"\" data-start=\"1178\" data-end=\"1181\" \/>\n<h3 class=\"\" data-start=\"1183\" data-end=\"1227\">\ud83d\udcca Ballisztikai adatok (8&#215;57 JS, 11,7g):<\/h3>\n<div class=\"overflow-x-auto contain-inline-size\">\n<table data-start=\"1229\" data-end=\"1867\">\n<thead data-start=\"1229\" data-end=\"1307\">\n<tr data-start=\"1229\" data-end=\"1307\">\n<th data-start=\"1229\" data-end=\"1244\">T\u00e1vols\u00e1g (m)<\/th>\n<th data-start=\"1244\" data-end=\"1258\">Energia (J)<\/th>\n<th data-start=\"1258\" data-end=\"1275\">Sebess\u00e9g (m\/s)<\/th>\n<th data-start=\"1275\" data-end=\"1307\">R\u00f6pp\u00e1lya (cm, 100m null\u00e1z\u00e1s)<\/th>\n<\/tr>\n<\/thead>\n<tbody data-start=\"1388\" data-end=\"1867\">\n<tr data-start=\"1388\" data-end=\"1467\">\n<td>0<\/td>\n<td>3848<\/td>\n<td>810<\/td>\n<td>-5,0<\/td>\n<\/tr>\n<tr data-start=\"1468\" data-end=\"1547\">\n<td>50<\/td>\n<td>2949<\/td>\n<td>709<\/td>\n<td>-0,6<\/td>\n<\/tr>\n<tr data-start=\"1548\" data-end=\"1627\">\n<td>100<\/td>\n<td>2566<\/td>\n<td>661<\/td>\n<td>0,0<\/td>\n<\/tr>\n<tr data-start=\"1628\" data-end=\"1707\">\n<td>150<\/td>\n<td>2223<\/td>\n<td>616<\/td>\n<td>-4,5<\/td>\n<\/tr>\n<tr data-start=\"1708\" data-end=\"1787\">\n<td>200<\/td>\n<td>1647<\/td>\n<td>530<\/td>\n<td>-14,6<\/td>\n<\/tr>\n<tr data-start=\"1788\" data-end=\"1867\">\n<td>300<\/td>\n<td>\u2014<\/td>\n<td>\u2014<\/td>\n<td>-55,4<\/td>\n<\/tr>\n<\/tbody>\n<\/table>\n<\/div>\n<p class=\"\" data-start=\"1869\" data-end=\"1906\">\ud83d\udd0d <strong data-start=\"1872\" data-end=\"1900\">GEE (z\u00e9r\u00f3z\u00e1si t\u00e1vols\u00e1g):<\/strong> 163 m<\/p>\n<hr class=\"\" data-start=\"1908\" data-end=\"1911\" \/>\n<h3 class=\"\" data-start=\"1913\" data-end=\"1934\">\u2705 Kinek aj\u00e1nljuk?<\/h3>\n<ul data-start=\"1936\" data-end=\"2165\">\n<li class=\"\" data-start=\"1936\" data-end=\"2010\">\n<p class=\"\" data-start=\"1938\" data-end=\"2010\"><strong data-start=\"1938\" data-end=\"1961\">Nagyvad vad\u00e1szoknak<\/strong> (g\u00edmszarvas, vaddiszn\u00f3, d\u00e1mszarvas, b\u00f6l\u00e9ny stb.)<\/p>\n<\/li>\n<li class=\"\" data-start=\"2011\" data-end=\"2048\">\n<p class=\"\" data-start=\"2013\" data-end=\"2048\">Hajt\u00e1sos \u00e9s lesvad\u00e1szathoz egyar\u00e1nt<\/p>\n<\/li>\n<li class=\"\" data-start=\"2049\" data-end=\"2119\">\n<p class=\"\" data-start=\"2051\" data-end=\"2119\">Akik <strong data-start=\"2056\" data-end=\"2097\">m\u00e9ly behatol\u00e1sra, tiszta kil\u00e9p\u00e9si seb<\/strong> kialakul\u00e1s\u00e1ra v\u00e1gynak<\/p>\n<\/li>\n<li class=\"\" data-start=\"2120\" data-end=\"2165\">\n<p class=\"\" data-start=\"2122\" data-end=\"2165\">Akik nem engednek a <strong data-start=\"2142\" data-end=\"2165\">BRENNEKE min\u0151s\u00e9gb\u0151l<\/strong><\/p>\n<\/li>\n<\/ul>\n<hr class=\"\" data-start=\"2167\" data-end=\"2170\" \/>\n<h3 class=\"\" data-start=\"2172\" data-end=\"2201\">\u26a0\ufe0f V\u00e1s\u00e1rl\u00e1si inform\u00e1ci\u00f3k:<\/h3>\n<blockquote data-start=\"2203\" data-end=\"2673\">\n<p class=\"\" data-start=\"2205\" data-end=\"2673\">\ud83d\udccd A fenti adatok <strong data-start=\"2223\" data-end=\"2248\">t\u00e1j\u00e9koztat\u00f3 jelleg\u0171ek<\/strong>, t\u00edpusonk\u00e9nt elt\u00e9rhetnek.<br data-start=\"2274\" data-end=\"2277\" \/>\ud83d\udcde <strong data-start=\"2282\" data-end=\"2342\">\u00c1rakkal, k\u00e9szlettel \u00e9s egy\u00e9b inform\u00e1ci\u00f3kkal kapcsolatban<\/strong> \u00e9rdekl\u0151dj \u00fczlet\u00fcnkben vagy telefonon!<br data-start=\"2380\" data-end=\"2383\" \/>\ud83d\uded1 <strong data-start=\"2388\" data-end=\"2470\">Fegyvert \u00e9s l\u0151szert kiz\u00e1r\u00f3lag szem\u00e9lyesen, \u00e9rv\u00e9nyes fegyvertart\u00e1si enged\u00e9llyel<\/strong> lehet v\u00e1s\u00e1rolni.<br data-start=\"2487\" data-end=\"2490\" \/>\ud83d\ude9a A webshopban megrendelt fegyverek \u00e9s l\u0151szerek <strong data-start=\"2541\" data-end=\"2572\">nem ker\u00fclnek kisz\u00e1ll\u00edt\u00e1sra!<\/strong><br data-start=\"2572\" data-end=\"2575\" \/>\ud83d\udcac Az \u00e1rak <strong data-start=\"2588\" data-end=\"2632\">nem min\u0151s\u00fclnek hivatalos aj\u00e1nlatt\u00e9telnek<\/strong>, az <strong data-start=\"2637\" data-end=\"2673\">\u00e1rv\u00e1ltoztat\u00e1s jog\u00e1t fenntartjuk.<\/strong><\/p>\n<\/blockquote>\n","protected":false},"excerpt":{"rendered":"<p>BRENNEKE 8X57 JS TOG 11,7G \ud83e\udd8c BRENNEKE TOG\u00ae 8&#215;57 JS 11,7g \/ 181gr \u2013 Torpedo Optimal Bullet: ha komoly a c\u00e9l Er\u0151, precizit\u00e1s \u00e9s megb\u00edzhat\u00f3s\u00e1g \u2013 ak\u00e1r a legnagyobb vadra is.A BRENNEKE TOG\u00ae (Torpedo Optimal Bullet) a kontroll\u00e1lt expanzi\u00f3j\u00fa l\u00f6ved\u00e9kek cs\u00facsa, amelyet kifejezetten a nagytest\u0171 vadak elejt\u00e9s\u00e9re fejlesztettek. A vastag, er\u0151s k\u00f6peny garant\u00e1lja a m\u00e9ly [&hellip;]<\/p>\n","protected":false},"featured_media":7346,"comment_status":"open","ping_status":"closed","template":"","meta":{"_et_pb_use_builder":"","_et_pb_old_content":"","_et_gb_content_width":"","om_disable_all_campaigns":false},"product_brand":[],"product_cat":[21,243,199,200],"product_tag":[1430],"class_list":{"0":"post-5948","1":"product","2":"type-product","3":"status-publish","4":"has-post-thumbnail","6":"product_cat-uj","7":"product_cat-8x57-is","8":"product_cat-golyos-loszerek","9":"product_cat-kaliber","10":"product_tag-brenneke-8x57-js-tog","12":"first","13":"instock","14":"taxable","15":"shipping-taxable","16":"purchasable","17":"product-type-simple"},"_links":{"self":[{"href":"https:\/\/www.vadaszboltcsorna.hu\/index.php\/wp-json\/wp\/v2\/product\/5948","targetHints":{"allow":["GET"]}}],"collection":[{"href":"https:\/\/www.vadaszboltcsorna.hu\/index.php\/wp-json\/wp\/v2\/product"}],"about":[{"href":"https:\/\/www.vadaszboltcsorna.hu\/index.php\/wp-json\/wp\/v2\/types\/product"}],"replies":[{"embeddable":true,"href":"https:\/\/www.vadaszboltcsorna.hu\/index.php\/wp-json\/wp\/v2\/comments?post=5948"}],"wp:featuredmedia":[{"embeddable":true,"href":"https:\/\/www.vadaszboltcsorna.hu\/index.php\/wp-json\/wp\/v2\/media\/7346"}],"wp:attachment":[{"href":"https:\/\/www.vadaszboltcsorna.hu\/index.php\/wp-json\/wp\/v2\/media?parent=5948"}],"wp:term":[{"taxonomy":"product_brand","embeddable":true,"href":"https:\/\/www.vadaszboltcsorna.hu\/index.php\/wp-json\/wp\/v2\/product_brand?post=5948"},{"taxonomy":"product_cat","embeddable":true,"href":"https:\/\/www.vadaszboltcsorna.hu\/index.php\/wp-json\/wp\/v2\/product_cat?post=5948"},{"taxonomy":"product_tag","embeddable":true,"href":"https:\/\/www.vadaszboltcsorna.hu\/index.php\/wp-json\/wp\/v2\/product_tag?post=5948"}],"curies":[{"name":"wp","href":"https:\/\/api.w.org\/{rel}","templated":true}]}}